{"id":1432,"date":"2023-11-13T21:01:21","date_gmt":"2023-11-14T00:01:21","guid":{"rendered":"https:\/\/www.ufsm.br\/cursos\/pos-graduacao\/santa-maria\/ppgop\/?page_id=1432"},"modified":"2023-11-13T21:21:19","modified_gmt":"2023-11-14T00:21:19","slug":"inclusao-digital-para-a-terceira-idade","status":"publish","type":"page","link":"https:\/\/www.ufsm.br\/cursos\/pos-graduacao\/santa-maria\/ppgop\/inclusao-digital-para-a-terceira-idade","title":{"rendered":"Inclus\u00e3o Digital para a Terceira Idade"},"content":{"rendered":"\t\t<div data-elementor-type=\"wp-page\" data-elementor-id=\"1432\" class=\"elementor elementor-1432\">\n\t\t\t\t\t\t<section class=\"elementor-section elementor-top-section elementor-element elementor-element-5cd96d82 elementor-section-boxed elementor-section-height-default elementor-section-height-default\" data-id=\"5cd96d82\" data-element_type=\"section\">\n\t\t\t\t\t\t<div class=\"elementor-container elementor-column-gap-default\">\n\t\t\t\t\t<div class=\"elementor-column elementor-col-100 elementor-top-column elementor-element elementor-element-3fba70e\" data-id=\"3fba70e\" data-element_type=\"column\">\n\t\t\t<div class=\"elementor-widget-wrap elementor-element-populated\">\n\t\t\t\t\t\t<div class=\"elementor-element elementor-element-613ea0bd elementor-widget elementor-widget-text-editor\" data-id=\"613ea0bd\" data-element_type=\"widget\" data-widget_type=\"text-editor.default\">\n\t\t\t\t<div class=\"elementor-widget-container\">\n\t\t\t\t\t\t\t<p><!-- wp:tadv\/classic-paragraph --><\/p>\n<p><span style=\"color: #344846;font-family: Arial;font-size: 13px\">Oficina pr\u00e1tica para utiliza\u00e7\u00e3o de recursos do smartphone, internet, redes sociais, realizada durante a Feira do Livro 2023 do munic\u00edpio de Alegrete\/RS.<\/span><\/p>\n<p><span style=\"color: #344846;font-family: Arial;font-size: 13px\">Discente: <\/span><span style=\"color: #1f1f1f;font-family: 'Google Sans', Roboto, sans-serif;font-size: 12px;font-weight: var( --e-global-typography-text-font-weight );text-align: var(--bs-body-text-align)\">Josef de Aquino Peruck<\/span><\/p>\n<p><!-- \/wp:tadv\/classic-paragraph --><\/p>\t\t\t\t\t\t<\/div>\n\t\t\t\t<\/div>\n\t\t\t\t\t<\/div>\n\t\t<\/div>\n\t\t\t\t\t<\/div>\n\t\t<\/section>\n\t\t\t\t<section class=\"elementor-section elementor-top-section elementor-element elementor-element-175e95c elementor-section-boxed elementor-section-height-default elementor-section-height-default\" data-id=\"175e95c\" data-element_type=\"section\">\n\t\t\t\t\t\t<div class=\"elementor-container elementor-column-gap-default\">\n\t\t\t\t\t<div class=\"elementor-column elementor-col-100 elementor-top-column elementor-element elementor-element-f2b0404\" data-id=\"f2b0404\" data-element_type=\"column\">\n\t\t\t<div class=\"elementor-widget-wrap elementor-element-populated\">\n\t\t\t\t\t\t<div class=\"elementor-element elementor-element-4e18075 elementor-widget elementor-widget-image\" data-id=\"4e18075\" data-element_type=\"widget\" data-widget_type=\"image.default\">\n\t\t\t\t<div class=\"elementor-widget-container\">\n\t\t\t\t\t\t\t\t\t\t\t\t\t\t<a href=\"https:\/\/www.ufsm.br\/app\/uploads\/sites\/539\/2023\/11\/Oficina-Inclusao-Digital-para-Terceira-Idade-1.pdf\" target=\"_blank\">\n\t\t\t\t\t\t\t<img fetchpriority=\"high\" decoding=\"async\" width=\"768\" height=\"430\" src=\"https:\/\/www.ufsm.br\/app\/uploads\/sites\/539\/2023\/11\/Inclusao_Terceira_Idade-768x430.jpg\" class=\"attachment-medium_large size-medium_large wp-image-1433\" alt=\"\" srcset=\"https:\/\/www.ufsm.br\/app\/uploads\/sites\/539\/2023\/11\/Inclusao_Terceira_Idade-768x430.jpg 768w, https:\/\/www.ufsm.br\/app\/uploads\/sites\/539\/2023\/11\/Inclusao_Terceira_Idade-300x168.jpg 300w, https:\/\/www.ufsm.br\/app\/uploads\/sites\/539\/2023\/11\/Inclusao_Terceira_Idade.jpg 1021w\" sizes=\"(max-width: 768px) 100vw, 768px\" \/>\t\t\t\t\t\t\t\t<\/a>\n\t\t\t\t\t\t\t\t\t\t\t\t\t<\/div>\n\t\t\t\t<\/div>\n\t\t\t\t\t<\/div>\n\t\t<\/div>\n\t\t\t\t\t<\/div>\n\t\t<\/section>\n\t\t\t\t<\/div>\n\t\t","protected":false},"excerpt":{"rendered":"<p>Oficina pr\u00e1tica para utiliza\u00e7\u00e3o de recursos do smartphone, internet, redes sociais, realizada durante a Feira do Livro 2023 do munic\u00edpio de Alegrete\/RS. Discente: Josef de Aquino Peruck<\/p>\n","protected":false},"author":606,"featured_media":0,"parent":0,"menu_order":0,"comment_status":"closed","ping_status":"closed","template":"","meta":{"footnotes":""},"categories":[],"tags":[],"class_list":["post-1432","page","type-page","status-publish","hentry"],"acf":[],"_links":{"self":[{"href":"https:\/\/www.ufsm.br\/cursos\/pos-graduacao\/santa-maria\/ppgop\/wp-json\/wp\/v2\/pages\/1432","targetHints":{"allow":["GET"]}}],"collection":[{"href":"https:\/\/www.ufsm.br\/cursos\/pos-graduacao\/santa-maria\/ppgop\/wp-json\/wp\/v2\/pages"}],"about":[{"href":"https:\/\/www.ufsm.br\/cursos\/pos-graduacao\/santa-maria\/ppgop\/wp-json\/wp\/v2\/types\/page"}],"author":[{"embeddable":true,"href":"https:\/\/www.ufsm.br\/cursos\/pos-graduacao\/santa-maria\/ppgop\/wp-json\/wp\/v2\/users\/606"}],"replies":[{"embeddable":true,"href":"https:\/\/www.ufsm.br\/cursos\/pos-graduacao\/santa-maria\/ppgop\/wp-json\/wp\/v2\/comments?post=1432"}],"version-history":[{"count":0,"href":"https:\/\/www.ufsm.br\/cursos\/pos-graduacao\/santa-maria\/ppgop\/wp-json\/wp\/v2\/pages\/1432\/revisions"}],"wp:attachment":[{"href":"https:\/\/www.ufsm.br\/cursos\/pos-graduacao\/santa-maria\/ppgop\/wp-json\/wp\/v2\/media?parent=1432"}],"wp:term":[{"taxonomy":"category","embeddable":true,"href":"https:\/\/www.ufsm.br\/cursos\/pos-graduacao\/santa-maria\/ppgop\/wp-json\/wp\/v2\/categories?post=1432"},{"taxonomy":"post_tag","embeddable":true,"href":"https:\/\/www.ufsm.br\/cursos\/pos-graduacao\/santa-maria\/ppgop\/wp-json\/wp\/v2\/tags?post=1432"}],"curies":[{"name":"wp","href":"https:\/\/api.w.org\/{rel}","templated":true}]}}