{"id":1437,"date":"2023-11-13T21:14:11","date_gmt":"2023-11-14T00:14:11","guid":{"rendered":"https:\/\/www.ufsm.br\/cursos\/pos-graduacao\/santa-maria\/ppgop\/?page_id=1437"},"modified":"2023-11-13T21:21:45","modified_gmt":"2023-11-14T00:21:45","slug":"oficina-de-elaboracao-de-curriculo","status":"publish","type":"page","link":"https:\/\/www.ufsm.br\/cursos\/pos-graduacao\/santa-maria\/ppgop\/oficina-de-elaboracao-de-curriculo","title":{"rendered":"Oficina de Elabora\u00e7\u00e3o de Curr\u00edculo"},"content":{"rendered":"\t\t<div data-elementor-type=\"wp-page\" data-elementor-id=\"1437\" class=\"elementor elementor-1437\">\n\t\t\t\t\t\t<section class=\"elementor-section elementor-top-section elementor-element elementor-element-67f7d0b elementor-section-boxed elementor-section-height-default elementor-section-height-default\" data-id=\"67f7d0b\" data-element_type=\"section\">\n\t\t\t\t\t\t<div class=\"elementor-container elementor-column-gap-default\">\n\t\t\t\t\t<div class=\"elementor-column elementor-col-100 elementor-top-column elementor-element elementor-element-4a14892\" data-id=\"4a14892\" data-element_type=\"column\">\n\t\t\t<div class=\"elementor-widget-wrap elementor-element-populated\">\n\t\t\t\t\t\t<div class=\"elementor-element elementor-element-e2abbd9 elementor-widget elementor-widget-text-editor\" data-id=\"e2abbd9\" data-element_type=\"widget\" data-widget_type=\"text-editor.default\">\n\t\t\t\t<div class=\"elementor-widget-container\">\n\t\t\t\t\t\t\t<p><!-- wp:tadv\/classic-paragraph --><\/p>\n<p><span style=\"color: #344846;font-family: Arial;font-size: 13px\">Oficina de elabora\u00e7\u00e3o de curr\u00edculo<\/span><span style=\"font-size: 16px;font-weight: var( --e-global-typography-text-font-weight );text-align: var(--bs-body-text-align)\">, realizada durante a Feira do Livro 2023 do munic\u00edpio de Alegrete\/RS.<\/span><\/p>\n<p><span style=\"color: #344846;font-family: Arial;font-size: 13px\">Discente: <\/span><span style=\"color: #1f1f1f;font-family: 'Google Sans', Roboto, sans-serif;font-size: 12px;font-weight: var( --e-global-typography-text-font-weight );text-align: var(--bs-body-text-align)\">Josef de Aquino Peruck<\/span><\/p>\n<p><!-- \/wp:tadv\/classic-paragraph --><\/p>\t\t\t\t\t\t<\/div>\n\t\t\t\t<\/div>\n\t\t\t\t\t<\/div>\n\t\t<\/div>\n\t\t\t\t\t<\/div>\n\t\t<\/section>\n\t\t\t\t<section class=\"elementor-section elementor-top-section elementor-element elementor-element-496f49d elementor-section-boxed elementor-section-height-default elementor-section-height-default\" data-id=\"496f49d\" data-element_type=\"section\">\n\t\t\t\t\t\t<div class=\"elementor-container elementor-column-gap-default\">\n\t\t\t\t\t<div class=\"elementor-column elementor-col-100 elementor-top-column elementor-element elementor-element-5b5c3ca\" data-id=\"5b5c3ca\" data-element_type=\"column\">\n\t\t\t<div class=\"elementor-widget-wrap elementor-element-populated\">\n\t\t\t\t\t\t<div class=\"elementor-element elementor-element-195a301 elementor-widget elementor-widget-image\" data-id=\"195a301\" data-element_type=\"widget\" data-widget_type=\"image.default\">\n\t\t\t\t<div class=\"elementor-widget-container\">\n\t\t\t\t\t\t\t\t\t\t\t\t\t\t<a href=\"https:\/\/www.ufsm.br\/app\/uploads\/sites\/539\/2023\/11\/Oficina-Elaboracao-de-curriculo.pdf\" target=\"_blank\">\n\t\t\t\t\t\t\t<img fetchpriority=\"high\" decoding=\"async\" width=\"563\" height=\"282\" src=\"https:\/\/www.ufsm.br\/app\/uploads\/sites\/539\/2023\/11\/Of_curriculo.jpg\" class=\"attachment-large size-large wp-image-1438\" alt=\"\" srcset=\"https:\/\/www.ufsm.br\/app\/uploads\/sites\/539\/2023\/11\/Of_curriculo.jpg 563w, https:\/\/www.ufsm.br\/app\/uploads\/sites\/539\/2023\/11\/Of_curriculo-300x150.jpg 300w\" sizes=\"(max-width: 563px) 100vw, 563px\" \/>\t\t\t\t\t\t\t\t<\/a>\n\t\t\t\t\t\t\t\t\t\t\t\t\t<\/div>\n\t\t\t\t<\/div>\n\t\t\t\t\t<\/div>\n\t\t<\/div>\n\t\t\t\t\t<\/div>\n\t\t<\/section>\n\t\t\t\t<\/div>\n\t\t","protected":false},"excerpt":{"rendered":"<p>Oficina de elabora\u00e7\u00e3o de curr\u00edculo, realizada durante a Feira do Livro 2023 do munic\u00edpio de Alegrete\/RS. Discente: Josef de Aquino Peruck<\/p>\n","protected":false},"author":606,"featured_media":0,"parent":0,"menu_order":0,"comment_status":"closed","ping_status":"closed","template":"","meta":{"footnotes":""},"categories":[],"tags":[],"class_list":["post-1437","page","type-page","status-publish","hentry"],"acf":[],"_links":{"self":[{"href":"https:\/\/www.ufsm.br\/cursos\/pos-graduacao\/santa-maria\/ppgop\/wp-json\/wp\/v2\/pages\/1437","targetHints":{"allow":["GET"]}}],"collection":[{"href":"https:\/\/www.ufsm.br\/cursos\/pos-graduacao\/santa-maria\/ppgop\/wp-json\/wp\/v2\/pages"}],"about":[{"href":"https:\/\/www.ufsm.br\/cursos\/pos-graduacao\/santa-maria\/ppgop\/wp-json\/wp\/v2\/types\/page"}],"author":[{"embeddable":true,"href":"https:\/\/www.ufsm.br\/cursos\/pos-graduacao\/santa-maria\/ppgop\/wp-json\/wp\/v2\/users\/606"}],"replies":[{"embeddable":true,"href":"https:\/\/www.ufsm.br\/cursos\/pos-graduacao\/santa-maria\/ppgop\/wp-json\/wp\/v2\/comments?post=1437"}],"version-history":[{"count":0,"href":"https:\/\/www.ufsm.br\/cursos\/pos-graduacao\/santa-maria\/ppgop\/wp-json\/wp\/v2\/pages\/1437\/revisions"}],"wp:attachment":[{"href":"https:\/\/www.ufsm.br\/cursos\/pos-graduacao\/santa-maria\/ppgop\/wp-json\/wp\/v2\/media?parent=1437"}],"wp:term":[{"taxonomy":"category","embeddable":true,"href":"https:\/\/www.ufsm.br\/cursos\/pos-graduacao\/santa-maria\/ppgop\/wp-json\/wp\/v2\/categories?post=1437"},{"taxonomy":"post_tag","embeddable":true,"href":"https:\/\/www.ufsm.br\/cursos\/pos-graduacao\/santa-maria\/ppgop\/wp-json\/wp\/v2\/tags?post=1437"}],"curies":[{"name":"wp","href":"https:\/\/api.w.org\/{rel}","templated":true}]}}