{"id":1740,"date":"2024-07-30T12:04:44","date_gmt":"2024-07-30T15:04:44","guid":{"rendered":"https:\/\/www.ufsm.br\/cursos\/pos-graduacao\/santa-maria\/ppgop\/?page_id=1740"},"modified":"2024-09-02T07:49:33","modified_gmt":"2024-09-02T10:49:33","slug":"internacionalizacao-2","status":"publish","type":"page","link":"https:\/\/www.ufsm.br\/cursos\/pos-graduacao\/santa-maria\/ppgop\/internacionalizacao-2","title":{"rendered":"Internacionaliza\u00e7\u00e3o"},"content":{"rendered":"\n<p>Em edi\u00e7\u00e3o<\/p>\n<table style=\"height: 338px;width: 98.98%;border-collapse: collapse;border-color: #290505;border-style: solid\">\n<tbody>\n<tr style=\"height: 154px\">\n<td style=\"width: 31.8613%;height: 154px;border-style: solid;border-color: #0f0202;background-color: #e4ecf5\" colspan=\"2\">\n<h1 style=\"text-align: center\"><img decoding=\"async\" class=\"alignleft wp-image-1770\" src=\"https:\/\/www.ufsm.br\/app\/uploads\/sites\/539\/2024\/08\/PPGOP-Fundo-Transparente-150x150.png\" alt=\"\" width=\"150\" height=\"150\" srcset=\"https:\/\/www.ufsm.br\/app\/uploads\/sites\/539\/2024\/08\/PPGOP-Fundo-Transparente-150x150.png 150w, https:\/\/www.ufsm.br\/app\/uploads\/sites\/539\/2024\/08\/PPGOP-Fundo-Transparente-300x300.png 300w, https:\/\/www.ufsm.br\/app\/uploads\/sites\/539\/2024\/08\/PPGOP-Fundo-Transparente.png 500w\" sizes=\"(max-width: 150px) 100vw, 150px\" \/><\/h1>\n<h1 style=\"text-align: center\">Internacionaliza\u00e7\u00e3o &#8211; PPGOP\/UFSM<\/h1>\n<\/td>\n<\/tr>\n<tr style=\"height: 46px\">\n<td style=\"width: 100%;height: 46px;border-style: solid;border-color: #0f0202;text-align: justify\" colspan=\"2\">\u00a0 \u00a0 \u00a0 \u00a0O Programa de P\u00f3s-Gradua\u00e7\u00e3o em Gest\u00e3o de Organiza\u00e7\u00f5es P\u00fablicas da UFSM mant\u00e9m atividades voltadas \u00e0 <strong>internacionaliza\u00e7\u00e3o<\/strong>, por meio de conv\u00eanios, parcerias e de pesquisas em conjunto com pesquisadores de outros pa\u00edses, produ\u00e7\u00e3o bibliogr\u00e1fica, interc\u00e2mbio docente, palestras e congressos. O PPGOP \u2013 UFSM tem desenvolvido a\u00e7\u00f5es de internacionaliza\u00e7\u00e3o junto a programas e institui\u00e7\u00f5es de de ensino de v\u00e1rios pa\u00edses.<\/td>\n<\/tr>\n<tr style=\"height: 23px\">\n<td style=\"width: 100%;height: 23px;border-style: solid;border-color: #0f0202;background-color: #6bbbed\" colspan=\"2\">\n<h2 style=\"text-align: center\"><strong>Parcerias e conv\u00eanios do PPGOP com as seguintes institui\u00e7\u00f5es Internacionais\u00a0<\/strong><\/h2>\n<\/td>\n<\/tr>\n<tr style=\"height: 23px\">\n<td style=\"width: 31.8613%;height: 23px;border-style: solid;border-color: #0f0202;text-align: center\">\n<h2>Universidade do Minho-Portugal<\/h2>\n<\/td>\n<td style=\"width: 68.1387%;height: 23px;border-style: solid;border-color: #0f0202;text-align: justify\">O prof. Leander Klein tem realizado pesquisas em conjunto com as professoras Anabela Carvalho Alves e Maria Florentina Abreu, ambas da Universidade do Minho-Portugal. Como fruto dessa parceria est\u00e3o sendo produzidos diversos artigos, alguns ainda em avalia\u00e7\u00e3o e um j\u00e1 publicado:\u00a0KLEIN, L. L.; ALVES, A. C.; ABREU, M. F.; FELTRIN, T. S. Lean management and sustainable practices in Higher Education Institutions of Brazil and Portugal: A cross country perspective. Journal of Cleaner Production, v.342, 130868, 2022.<\/td>\n<\/tr>\n<tr style=\"height: 23px\">\n<td style=\"width: 31.8613%;height: 23px;border-style: solid;border-color: #0f0202;background-color: #82acf5;text-align: center\">\n<h2>University of Rome LUMSA, It\u00e1lia<\/h2>\n<\/td>\n<td style=\"width: 68.1387%;height: 23px;border-style: solid;border-color: #0f0202;text-align: justify;background-color: #ebf2f7\">O professor Leander Klein tem realizado pesquisas em conjunto com a professora Anna Min\u00e0 da University of Rome LUMSA, campus de Palermo, It\u00e1lia. Como um dos resultados dessa parceria j\u00e1 foi publicado o artigo: KLEIN, L., BORTOLASO, I. V., &amp; MIN\u00c0, A. The impact of social features underlying inter- organizational networks on learning: insights from Brazilian evidence. Journal of Business &amp; Industrial Marketing, 2020.<\/td>\n<\/tr>\n<tr style=\"height: 23px\">\n<td style=\"width: 31.8613%;height: 23px;border-style: solid;border-color: #0f0202;text-align: center\">\n<h2>\u00c9cole de Technologie Sup\u00e9rieure-Canad\u00e1<\/h2>\n<\/td>\n<td style=\"width: 68.1387%;height: 23px;border-style: solid;border-color: #0f0202;text-align: justify\">O professor Eric Dorion possui uma parceria com a universidade Canadense, e em especial com o professor Francois Coallier. A \u00faltima produ\u00e7\u00e3o publicada dessa parceria \u00e9:\u00a0PANIZZON, M.; MILAN, G. S.; DORION, E. C. H.; COALLIER, F. The main determinants of\u00a0new product development ability for international markets: An empirical study on brazilian manufacturing export companies. Journal of Engineering and Technology Management, v.57, p.101569., 2020.<\/td>\n<\/tr>\n<tr style=\"height: 23px\">\n<td style=\"width: 31.8613%;height: 23px;border-style: solid;border-color: #0f0202;background-color: #55b0ed;text-align: center\">\n<h2>Universidade de Lisboa<\/h2>\n<\/td>\n<td style=\"width: 68.1387%;height: 23px;border-style: solid;border-color: #0f0202;text-align: justify;background-color: #bfe5f5\">O PPGOP possui tamb\u00e9m um acordo de coopera\u00e7\u00e3o com a Universidade de Lisboa, por interm\u00e9dio do Observat\u00f3rio Socioecon\u00f4mico da COVID-19 e o Instituto de Ci\u00eancias Sociais da Universidade de Lisboa- coordenado pelo Daniel Coronel e com financiamento da E a professora Vania Estivalete participa do Centro de Investiga\u00e7\u00e3o em Sociologia Socioecon\u00f4mica e das Organiza\u00e7\u00f5es coordenado pelo professor Jos\u00e9 M. C. Ferreira da Universidade de Lisboa.<\/td>\n<\/tr>\n<tr style=\"height: 23px\">\n<td style=\"width: 31.8613%;height: 23px;border-style: solid;border-color: #0f0202;text-align: center\">\n<h2>K R Mangalam University, India<\/h2>\n<\/td>\n<td style=\"width: 68.1387%;height: 23px;border-style: solid;border-color: #0f0202;text-align: justify\">Os professores Leander Klein, Kelmara Vieira e Eric Dorion iniciaram em 2021 uma parceria com o professor Rajat Gera da K R\u00a0Mangalam University. Desta parceria j\u00e1 foi publicado o artigo Business process management effectiveness and maturity through lean management practices: the Brazilian federal police experience. International Journal Of Lean Six Sigma, v. Ahead, p. 1, 2022 e outros trabalhos est\u00e3o em elabora\u00e7\u00e3o.<\/td>\n<\/tr>\n<\/tbody>\n<\/table>\n<p>\u00a0<\/p>\n\n\n","protected":false},"excerpt":{"rendered":"<p>Em edi\u00e7\u00e3o Internacionaliza\u00e7\u00e3o &#8211; PPGOP\/UFSM \u00a0 \u00a0 \u00a0 \u00a0O Programa de P\u00f3s-Gradua\u00e7\u00e3o em Gest\u00e3o de Organiza\u00e7\u00f5es P\u00fablicas da UFSM mant\u00e9m atividades voltadas \u00e0 internacionaliza\u00e7\u00e3o, por meio de conv\u00eanios, parcerias e de pesquisas em conjunto com pesquisadores de outros pa\u00edses, produ\u00e7\u00e3o bibliogr\u00e1fica, interc\u00e2mbio docente, palestras e congressos. O PPGOP \u2013 UFSM tem desenvolvido a\u00e7\u00f5es de internacionaliza\u00e7\u00e3o [&hellip;]<\/p>\n","protected":false},"author":905,"featured_media":0,"parent":0,"menu_order":0,"comment_status":"closed","ping_status":"closed","template":"","meta":{"footnotes":""},"categories":[],"tags":[],"class_list":["post-1740","page","type-page","status-publish","hentry"],"acf":[],"_links":{"self":[{"href":"https:\/\/www.ufsm.br\/cursos\/pos-graduacao\/santa-maria\/ppgop\/wp-json\/wp\/v2\/pages\/1740","targetHints":{"allow":["GET"]}}],"collection":[{"href":"https:\/\/www.ufsm.br\/cursos\/pos-graduacao\/santa-maria\/ppgop\/wp-json\/wp\/v2\/pages"}],"about":[{"href":"https:\/\/www.ufsm.br\/cursos\/pos-graduacao\/santa-maria\/ppgop\/wp-json\/wp\/v2\/types\/page"}],"author":[{"embeddable":true,"href":"https:\/\/www.ufsm.br\/cursos\/pos-graduacao\/santa-maria\/ppgop\/wp-json\/wp\/v2\/users\/905"}],"replies":[{"embeddable":true,"href":"https:\/\/www.ufsm.br\/cursos\/pos-graduacao\/santa-maria\/ppgop\/wp-json\/wp\/v2\/comments?post=1740"}],"version-history":[{"count":0,"href":"https:\/\/www.ufsm.br\/cursos\/pos-graduacao\/santa-maria\/ppgop\/wp-json\/wp\/v2\/pages\/1740\/revisions"}],"wp:attachment":[{"href":"https:\/\/www.ufsm.br\/cursos\/pos-graduacao\/santa-maria\/ppgop\/wp-json\/wp\/v2\/media?parent=1740"}],"wp:term":[{"taxonomy":"category","embeddable":true,"href":"https:\/\/www.ufsm.br\/cursos\/pos-graduacao\/santa-maria\/ppgop\/wp-json\/wp\/v2\/categories?post=1740"},{"taxonomy":"post_tag","embeddable":true,"href":"https:\/\/www.ufsm.br\/cursos\/pos-graduacao\/santa-maria\/ppgop\/wp-json\/wp\/v2\/tags?post=1740"}],"curies":[{"name":"wp","href":"https:\/\/api.w.org\/{rel}","templated":true}]}}