{"id":1742,"date":"2024-07-30T12:05:51","date_gmt":"2024-07-30T15:05:51","guid":{"rendered":"https:\/\/www.ufsm.br\/cursos\/pos-graduacao\/santa-maria\/ppgop\/?page_id=1742"},"modified":"2024-09-26T08:49:54","modified_gmt":"2024-09-26T11:49:54","slug":"visibilidade-do-programa","status":"publish","type":"page","link":"https:\/\/www.ufsm.br\/cursos\/pos-graduacao\/santa-maria\/ppgop\/visibilidade-do-programa","title":{"rendered":"Visibilidade do Programa"},"content":{"rendered":"\n<table style=\"width: 100%;border-collapse: collapse;border-style: solid;border-color: #120101;height: 1954px\">\n<tbody>\n<tr style=\"height: 167px\">\n<td style=\"width: 100%;border-style: solid;border-color: #120101;background-color: #bcdef7;height: 167px\" colspan=\"2\"><img decoding=\"async\" class=\"wp-image-1770 size-thumbnail alignleft\" src=\"https:\/\/www.ufsm.br\/app\/uploads\/sites\/539\/2024\/08\/PPGOP-Fundo-Transparente-150x150.png\" alt=\"\" width=\"150\" height=\"150\" srcset=\"https:\/\/www.ufsm.br\/app\/uploads\/sites\/539\/2024\/08\/PPGOP-Fundo-Transparente-150x150.png 150w, https:\/\/www.ufsm.br\/app\/uploads\/sites\/539\/2024\/08\/PPGOP-Fundo-Transparente-300x300.png 300w, https:\/\/www.ufsm.br\/app\/uploads\/sites\/539\/2024\/08\/PPGOP-Fundo-Transparente.png 500w\" sizes=\"(max-width: 150px) 100vw, 150px\" \/><br \/>\n<h1 style=\"text-align: center\">\u00a0 Visibilidade do Programa<\/h1>\n<\/td>\n<\/tr>\n<tr style=\"height: 46px\">\n<td style=\"width: 100%;border-style: solid;border-color: #120101;height: 46px;text-align: justify\" colspan=\"2\">\n<p>\u00a0 \u00a0 \u00a0 \u00a0 \u00a0O PPGOP tem investido na diversifica\u00e7\u00e3o dos meios e dos conte\u00fados utilizados para alcan\u00e7ar visibilidade entre a comunidade interna e externa, destacando-se o site oficial, duas p\u00e1ginas em rede social (Instagram e Facebook) e a cria\u00e7\u00e3o do Laborat\u00f3rio de Cidadania do Programa.<\/p>\n<\/td>\n<\/tr>\n<tr style=\"height: 1065px\">\n<td style=\"width: 13.8323%;border-style: solid;border-color: #120101;height: 1065px;background-color: #60b6f0\">\n<h2 style=\"text-align: center\">Site do Programa<\/h2>\n<\/td>\n<td style=\"width: 86.1677%;border-style: solid;border-color: #120101;height: 1065px;background-color: #dfecf5\">\n<p style=\"text-align: justify\">\u00a0 \u00a0 O site institucional <strong><a href=\"https:\/\/www.ufsm.br\/cursos\/pos-graduacao\/santa-maria\/ppgop\">(https:\/\/www.ufsm.br\/cursos\/pos-graduacao\/santa-maria\/ppgop<\/a><\/strong>) \u00e9 um dos principais suportes usados para tornar p\u00fablicos os eventos organizados pelo Programa, assim como a produ\u00e7\u00e3o intelectual dos pesquisadores e a participa\u00e7\u00e3o de docentes e discentes em eventos cient\u00edficos. Por meio do site, tamb\u00e9m se d\u00e1 visibilidade ao hist\u00f3rico do Programa, \u00e0s linhas de pesquisa e \u00e0 atua\u00e7\u00e3o de cada pesquisador, bem como aos projetos desenvolvidos. Desde suas primeiras vers\u00f5es parte de seu conte\u00fado foi traduzido para outros quatro idiomas, ingl\u00eas, espanhol, franc\u00eas e italiano, conforme as diretrizes da CAPES, e atualmente, vislumbrando uma maior internacionaliza\u00e7\u00e3o do Programa, o objetivo \u00e9 que todo o site seja traduzido.<\/p>\n<p style=\"text-align: justify\">\u00a0 \u00a0 O site \u00e9 atualizado permanentemente. Entende-se que o site \u00e9 a principal fonte para todos os interessados nas atividades do Programa, especialmente futuros candidatos e comunidade acad\u00eamica em geral.\u00a0 \u00c9 instrumento de uso cotidiano por parte dos docentes e discentes, visto que congrega todas as informa\u00e7\u00f5es atualizadas que envolvem tanto os eventos como os documentos do Programa, em vigor. O site oferece como principais links:<\/p>\n<ul style=\"text-align: justify\">\n<li>a) Informa\u00e7\u00f5es sobre \u00e1rea de concentra\u00e7\u00e3o, hist\u00f3rico e indicadores do programa.<\/li>\n<li>b) Linhas de Pesquisa com informa\u00e7\u00f5es sobre as linhas e as disciplinas da grade curricular, com ementas e sequ\u00eancia aconselhada.<\/li>\n<li>c) Corpo docente com informa\u00e7\u00f5es sobre os docentes, sua \u00e1rea de atua\u00e7\u00e3o, Lattes e grupos de pesquisa.<\/li>\n<li>d) Corpo discente com informa\u00e7\u00f5es sobre o destino dos egressos e disserta\u00e7\u00f5es e teses por ano e linhas, tanto as j\u00e1 defendidas como em andamento.<\/li>\n<li>e) Publica\u00e7\u00f5es \u2013 traz os \u00faltimos trabalhos dos docentes por linha;<\/li>\n<li>f) Projetos de Pesquisa \u2013 breve resumo dos projetos por linha e por docente<\/li>\n<li>g) Sele\u00e7\u00e3o \u2013 apresenta o regulamento do processo seletivo do Programa contendo todas as informa\u00e7\u00f5es necess\u00e1rias como etapas do processo de sele\u00e7\u00e3o, leituras indicadas, modelo de projeto, edital e resultados.<\/li>\n<li>h) Documentos \u2013 disponibiliza o regulamento do programa, normas para constitui\u00e7\u00e3o das bancas, editais de sele\u00e7\u00e3o e Planos de Estudos.<\/li>\n<li>i) Disserta\u00e7\u00f5es\/teses \u2013 apresenta as disserta\u00e7\u00f5es e teses defendidas, as quais est\u00e3o dispon\u00edveis no reposit\u00f3rio Manancial, da UFSM. Os trabalhos s\u00e3o disponibilizados automaticamente no site do PPGPOP assim que atualizados pelo setor competente da Universidade.<\/li>\n<\/ul>\n<p style=\"text-align: justify\">\u00a0 \u00a0 \u00a0\u00a0 \u00a0Sendo importante ressaltar que os sites dos cursos de gradua\u00e7\u00e3o e p\u00f3s-gradua\u00e7\u00e3o da UFSM atuam de forma integrada com o site principal, com identidade visual e organiza\u00e7\u00e3o das informa\u00e7\u00f5es de forma padronizada. O atual s\u00edtio principal da UFSM foi disponibilizado ao p\u00fablico em agosto de 2018. \u00c9 o s\u00e9timo desde que a Universidade deu in\u00edcio a sua presen\u00e7a digital em 1997. A proposta atual foi constru\u00edda coletivamente a partir de diretrizes definidas pelo Grupo de Trabalho em M\u00eddias Digitais, integrado por t\u00e9cnicos e professores das \u00e1reas de Tecnologia da Informa\u00e7\u00e3o, Comunica\u00e7\u00e3o Social, Arquivologia e Acessibilidade.<\/p>\n<p style=\"text-align: justify\">\u00a0 \u00a0 \u00a0 \u00a0 \u00a0Em 2019, as principais altera\u00e7\u00f5es, implantadas pelo Centro de Processamento de Dados, tiveram como finalidade ampliar a acessibilidade dos usu\u00e1rios, com a mudan\u00e7a do menu principal, e apresentar de melhor maneira as informa\u00e7\u00f5es relacionadas aos cursos de gradua\u00e7\u00e3o e p\u00f3s-gradua\u00e7\u00e3o. Na estrutura atual, o menu est\u00e1 mais compacto, apresentado em barra as informa\u00e7\u00f5es que estavam anteriormente na lateral esquerda. Para quem acessa o s\u00edtio pelo desktop, notar\u00e1 uma p\u00e1gina mais leve. No celular, a experi\u00eancia do usu\u00e1rio tamb\u00e9m melhorou, pois os dois menus (lateral e horizontal) est\u00e3o unificados, o que permite telas iniciais com menos informa\u00e7\u00f5es visuais.<\/p>\n<p style=\"text-align: justify\">\u00a0 \u00a0 \u00a0 \u00a0A altera\u00e7\u00e3o do menu tamb\u00e9m foi pensada para facilitar o acesso de internautas cegos ou com baixa vis\u00e3o. Os leitores de tela, como NVDA (Non Visual Desktop Access), n\u00e3o ler\u00e3o mais todo o menu horizontal a cada novo acesso \u00e0 p\u00e1gina inicial. Todos os sites da UFSM, incluindo o do PPGOP, s\u00e3o acess\u00edveis em LIBRAS.<\/p>\n<\/td>\n<\/tr>\n<tr style=\"height: 215px\">\n<td style=\"width: 13.8323%;border-style: solid;border-color: #120101;height: 215px;background-color: #7fa8f0\">\n<h2 style=\"text-align: center\">Facebook\u00a0<\/h2>\n<\/td>\n<td style=\"width: 86.1677%;border-style: solid;border-color: #120101;height: 215px;background-color: #e1e5f5\">\n<p style=\"text-align: justify\">\u00a0 \u00a0 \u00a0 \u00a0 \u00a0 \u00a0 Com o objetivo de potencializar o acesso \u00e0s informa\u00e7\u00f5es divulgadas no site, buscou-se ampliar a divulga\u00e7\u00e3o do Programa tamb\u00e9m nas redes sociais. Em 2016 foi criada a fanpage do PPGOP\/UFSM no Facebook com o objetivo de ampliar a divulga\u00e7\u00e3o das informa\u00e7\u00f5es oficiais que s\u00e3o publicadas no site do Programa, al\u00e9m de garantir outra forma de contato com alunos, professores e comunidade em geral. Al\u00e9m de textos, s\u00e3o compartilhadas fotos de atividades promovidas, chamadas de eventos e demais informa\u00e7\u00f5es de interesse da comunidade acad\u00eamica.\u00a0<\/p>\n<p>\u00a0 \u00a0 \u00a0 \u00a0 \u00a0 \u00a0 \u00a0Acesso <a href=\"https:\/\/www.facebook.com\/ppgop\/\"><strong>Facebook PPGOP<\/strong><\/a>.<\/p>\n<\/td>\n<\/tr>\n<tr style=\"height: 79px\">\n<td style=\"width: 13.8323%;border-style: solid;border-color: #120101;height: 79px;background-color: #6cd0f5\">\n<h2 style=\"text-align: center\">Instagram<\/h2>\n<\/td>\n<td style=\"width: 86.1677%;border-style: solid;border-color: #120101;height: 79px;text-align: justify;background-color: #e1f4fa\">\n<p>\u00a0 \u00a0 Em agosto de 2021 foi criada uma conta na rede social online Instagram (http:\/\/www.instagram.com\/ppgopufsm). As imagens, v\u00eddeos e pequenos textos caracter\u00edsticos da ferramenta deram \u00eanfase, especialmente, \u00e0 divulga\u00e7\u00e3o da participa\u00e7\u00e3o de docentes e discentes em eventos cient\u00edficos e \u00e0s defesas de disserta\u00e7\u00f5es\/ teses do Programa. As atividades do Programa ainda foram divulgadas nesta rede social.<\/p>\n<p>\u00a0 \u00a0 \u00a0 \u00a0 Acesso ao <strong><a href=\"https:\/\/www.instagram.com\/ppgopufsm\/\">Instagram PPGOP<\/a>.\u00a0<\/strong><\/p>\n<\/td>\n<\/tr>\n<tr style=\"height: 114px\">\n<td style=\"width: 13.8323%;border-style: solid;border-color: #120101;height: 114px;background-color: #7594fa\">\n<h2 class=\"entry-title\" style=\"text-align: center\">Produtos Tecnol\u00f3gicos<\/h2>\n<\/td>\n<td style=\"width: 86.1677%;border-style: solid;border-color: #120101;height: 114px;background-color: #dfe5f5\">\n<p style=\"text-align: justify\"><b>\u00a0 \u00a0 \u00a0 \u00a0Produto tecnol\u00f3gico <\/b>\u00e9 um \u201cobjeto tang\u00edvel\u201d com elevado grau de novidade, fruto da aplica\u00e7\u00e3o de novos conhecimentos cient\u00edficos, t\u00e9cnicas e expertises desenvolvidas no \u00e2mbito da pesquisa no PPGOP, usados diretamente na solu\u00e7\u00e3o de problemas de organiza\u00e7\u00f5es p\u00fablicas ou na presta\u00e7\u00e3o de servi\u00e7os \u00e0 popula\u00e7\u00e3o, visando o bem-estar social.<\/p>\n<p>\u00a0 \u00a0 \u00a0 \u00a0Acesso <strong style=\"color: revert;font-size: revert;font-family: inherit\"><a href=\"https:\/\/www.ufsm.br\/cursos\/pos-graduacao\/santa-maria\/ppgop\/produtos-tecnologicos\">Aqui<\/a>.<\/strong><\/p>\n<\/td>\n<\/tr>\n<tr style=\"height: 141px\">\n<td style=\"width: 13.8323%;border-style: solid;border-color: #120101;height: 141px;background-color: #5ac4f2\">\n<h2 class=\"entry-title text-start text-primary\" style=\"text-align: center\">Podcast Extempor\u00e2neo<\/h2>\n<\/td>\n<td style=\"width: 86.1677%;border-style: solid;border-color: #120101;height: 141px;background-color: #d5f4f7\">\n<p class=\"entry-title text-start text-primary\" style=\"text-align: justify\">\u00a0 \u00a0 \u00a0 O Podcast Extempor\u00e2neo criado em 2020 durante a pandemia \u00a0para debater com a comunidade acad\u00eamica do PPGOP sobre a percep\u00e7\u00e3o do tempo em 2020, fazendo uma reflex\u00e3o das nossas experi\u00eancias em sociedade no ano que marcou o s\u00e9culo. Para isso, refletimos sobre as quest\u00f5es emocionais e como nossa vida \u00e9 atravessada pelo tempo, economia, etc, contando com a participa\u00e7\u00e3o da Psic\u00f3loga Ivanete Schneider e a M\u00e9dica Juliana Oliveira, do o Economista e Professor Daniel Coronel e o Administrador Michael Waller dentre outras participa\u00e7\u00f5es. Acesso <a href=\"https:\/\/www.ufsm.br\/cursos\/pos-graduacao\/santa-maria\/ppgop\/2021\/11\/04\/podcast-extemporaneo\"><strong>Aqui<\/strong>.<\/a>\u00a0<\/p>\n<\/td>\n<\/tr>\n<tr style=\"height: 23px\">\n<td style=\"width: 13.8323%;border-style: solid;border-color: #120101;height: 127px;background-color: #4b97fa\">\n<h2 style=\"text-align: center\">\u00a0Laborat\u00f3rio de Cidadania<\/h2>\n<\/td>\n<td style=\"width: 86.1677%;border-style: solid;border-color: #120101;height: 127px;background-color: #deeffc\">\n<p style=\"text-align: justify\">\u00a0 \u00a0 \u00a0 O Laborat\u00f3rio de Cidadania do Programa de P\u00f3s-Gradua\u00e7\u00e3o em Gest\u00e3o de Organiza\u00e7\u00f5es P\u00fablicas (PPGOP\/CCSH\/UFSM) tem como objetivo possibilitar a constru\u00e7\u00e3o e implanta\u00e7\u00e3o de tecnologias sociais que permitam aos discentes e docentes do PPGOP intervir em a\u00e7\u00f5es proativas levando informa\u00e7\u00e3o, servi\u00e7os, assist\u00eancias sociais, cultura e renda a setores espec\u00edficos da sociedade, impactando significativamente as comunidades beneficiadas.<\/p>\n<p style=\"text-align: justify\">\u00a0 \u00a0 \u00a0 \u00a0 \u00a0 As tecnologias sociais desenvolvidas visam conseguir melhorar o impacto das pol\u00edticas p\u00fablicas desenvolvidas, buscando propostas alternativas para alcan\u00e7ar a popula\u00e7\u00e3o mais desprovida de informa\u00e7\u00e3o, recursos e tecnologias da sociedade brasileira. Dessa forma, o projeto pode ser caracterizado como de ensino, pesquisa e extens\u00e3o. Ensino no sentido de discutir e aprender em sala de aula f\u00f3rmulas e m\u00e9todos que poderiam ser aplicados para a constru\u00e7\u00e3o de ferramentas de tecnologia social. Pesquisa, como fonte primaria de dados, alinhando a tecnologia social desenvolvida a realidade a ser implementada, e por fim, tem o car\u00e1ter extensionista pois, busca aplicar as tecnologias sociais para diferentes p\u00fablicos da sociedade brasileira. Acesso <strong><a href=\"https:\/\/www.ufsm.br\/cursos\/pos-graduacao\/santa-maria\/ppgop\/laboratorio-de-cidadania\">Aqui<\/a>.<\/strong><\/p>\n<\/td>\n<\/tr>\n<\/tbody>\n<\/table>\n<p>\u00a0<\/p>\n<p>\u00a0<\/p>\n","protected":false},"excerpt":{"rendered":"<p>\u00a0 Visibilidade do Programa \u00a0 \u00a0 \u00a0 \u00a0 \u00a0O PPGOP tem investido na diversifica\u00e7\u00e3o dos meios e dos conte\u00fados utilizados para alcan\u00e7ar visibilidade entre a comunidade interna e externa, destacando-se o site oficial, duas p\u00e1ginas em rede social (Instagram e Facebook) e a cria\u00e7\u00e3o do Laborat\u00f3rio de Cidadania do Programa. Site do Programa \u00a0 \u00a0 [&hellip;]<\/p>\n","protected":false},"author":905,"featured_media":0,"parent":0,"menu_order":0,"comment_status":"closed","ping_status":"closed","template":"","meta":{"footnotes":""},"categories":[],"tags":[],"class_list":["post-1742","page","type-page","status-publish","hentry"],"acf":[],"_links":{"self":[{"href":"https:\/\/www.ufsm.br\/cursos\/pos-graduacao\/santa-maria\/ppgop\/wp-json\/wp\/v2\/pages\/1742","targetHints":{"allow":["GET"]}}],"collection":[{"href":"https:\/\/www.ufsm.br\/cursos\/pos-graduacao\/santa-maria\/ppgop\/wp-json\/wp\/v2\/pages"}],"about":[{"href":"https:\/\/www.ufsm.br\/cursos\/pos-graduacao\/santa-maria\/ppgop\/wp-json\/wp\/v2\/types\/page"}],"author":[{"embeddable":true,"href":"https:\/\/www.ufsm.br\/cursos\/pos-graduacao\/santa-maria\/ppgop\/wp-json\/wp\/v2\/users\/905"}],"replies":[{"embeddable":true,"href":"https:\/\/www.ufsm.br\/cursos\/pos-graduacao\/santa-maria\/ppgop\/wp-json\/wp\/v2\/comments?post=1742"}],"version-history":[{"count":0,"href":"https:\/\/www.ufsm.br\/cursos\/pos-graduacao\/santa-maria\/ppgop\/wp-json\/wp\/v2\/pages\/1742\/revisions"}],"wp:attachment":[{"href":"https:\/\/www.ufsm.br\/cursos\/pos-graduacao\/santa-maria\/ppgop\/wp-json\/wp\/v2\/media?parent=1742"}],"wp:term":[{"taxonomy":"category","embeddable":true,"href":"https:\/\/www.ufsm.br\/cursos\/pos-graduacao\/santa-maria\/ppgop\/wp-json\/wp\/v2\/categories?post=1742"},{"taxonomy":"post_tag","embeddable":true,"href":"https:\/\/www.ufsm.br\/cursos\/pos-graduacao\/santa-maria\/ppgop\/wp-json\/wp\/v2\/tags?post=1742"}],"curies":[{"name":"wp","href":"https:\/\/api.w.org\/{rel}","templated":true}]}}