{"id":1744,"date":"2024-07-30T12:08:10","date_gmt":"2024-07-30T15:08:10","guid":{"rendered":"https:\/\/www.ufsm.br\/cursos\/pos-graduacao\/santa-maria\/ppgop\/?page_id=1744"},"modified":"2025-05-09T10:23:58","modified_gmt":"2025-05-09T13:23:58","slug":"politica-de-avaliacao-do-programa","status":"publish","type":"page","link":"https:\/\/www.ufsm.br\/cursos\/pos-graduacao\/santa-maria\/ppgop\/politica-de-avaliacao-do-programa","title":{"rendered":"Pol\u00edtica de Avalia\u00e7\u00e3o do Programa"},"content":{"rendered":"\n<p>\u00a0<\/p>\n<table style=\"width: 97.2938%;border-collapse: collapse;border-style: solid;border-color: #080101;height: 408px\">\n<tbody>\n<tr style=\"height: 167px\">\n<td style=\"width: 0.551268%;border-style: solid;border-color: #0a0101;height: 167px;background-color: #f0ab2b\" colspan=\"2\"><img decoding=\"async\" class=\"wp-image-1770 size-thumbnail alignleft\" src=\"https:\/\/www.ufsm.br\/app\/uploads\/sites\/539\/2024\/08\/PPGOP-Fundo-Transparente-150x150.png\" alt=\"\" width=\"150\" height=\"150\" srcset=\"https:\/\/www.ufsm.br\/app\/uploads\/sites\/539\/2024\/08\/PPGOP-Fundo-Transparente-150x150.png 150w, https:\/\/www.ufsm.br\/app\/uploads\/sites\/539\/2024\/08\/PPGOP-Fundo-Transparente-300x300.png 300w, https:\/\/www.ufsm.br\/app\/uploads\/sites\/539\/2024\/08\/PPGOP-Fundo-Transparente.png 500w\" sizes=\"(max-width: 150px) 100vw, 150px\" \/><br \/>\n<h1 style=\"text-align: center\">Pol\u00edtica de Avalia\u00e7\u00e3o do Programa<\/h1>\n<\/td>\n<\/tr>\n<tr>\n<td style=\"width: 0.551268%;border-style: solid;border-color: #0a0101;background-color: #ffffff\" colspan=\"2\">\n<p style=\"text-align: justify\">\u00a0 \u00a0 \u00a0 \u00a0 \u00a0 \u00a0 \u00a0 \u00a0 \u00a0 A pol\u00edtica de autoavalia\u00e7\u00e3o do PPPOP tem como objetivo criar uma numa vis\u00e3o diagn\u00f3stica e de proje\u00e7\u00e3o\/planejamento para o programa e seus cursos. PPGOP entende que a autoavalia\u00e7\u00e3o representa um meio para a aprendizagem com vistas a atingir os objetivos institucionais com efici\u00eancia, efic\u00e1cia e efetividade, como tamb\u00e9m a oportunidade para propor uma metodologia particular de avalia\u00e7\u00e3o institucional, de forma a incorporar na an\u00e1lise indicadores e m\u00e9tricas que tenham rela\u00e7\u00e3o direta com o perfil de atividades desempenhadas pelo PPGOP e pela \u00e1rea do conhecimento das Ci\u00eancias Sociais e Humanas. Assim sendo, o empenho no desenvolvimento da autoavalia\u00e7\u00e3o incorpora o esfor\u00e7o em representa\u00e7\u00e3o das especificidades t\u00e9cnico-cient\u00edficas da \u00e1rea de Administra\u00e7\u00e3o P\u00fablica e \u00e1reas afins, al\u00e9m de atender \u00e0s exig\u00eancias da \u00c1rea 27 da Capes. O processo de autoavalia\u00e7\u00e3o, bem como a produ\u00e7\u00e3o de dados est\u00e3o condicionados pela\/o:<\/p>\n<ul style=\"text-align: justify\">\n<li>Participa\u00e7\u00e3o da comunidade do PPPOP (docentes, estudantes, T\u00e9cnicos administrativos em educa\u00e7\u00e3o, egressos e organiza\u00e7\u00f5es),<\/li>\n<li>Escuta da comunidade,<\/li>\n<li>Di\u00e1logo com a comunidade externa (sistemas e redes com a sociedade, estruturas e unidades pol\u00edticas, jur\u00eddicas, institucionais, sindicatos e movimentos sociais envolvidos com as pol\u00edticas p\u00fablicas e gest\u00e3o p\u00fablica).<\/li>\n<\/ul>\n<p style=\"text-align: justify\">\u00a0 \u00a0 \u00a0 \u00a0 \u00a0 \u00a0 Dimens\u00f5es da autoavalia\u00e7\u00e3o no PPPOP: did\u00e1tico-metodol\u00f3gicas, pol\u00edtico-pedag\u00f3gica, de pesquisa e produ\u00e7\u00e3o de conhecimento cient\u00edfico e de produtos tecnol\u00f3gicos, de infraestrutura, de apoio financeiro, de gest\u00e3o administrativa e de pessoal, de produ\u00e7\u00e3o docente e discente, de impacto da forma\u00e7\u00e3o e produ\u00e7\u00e3o vis egressos, projetos e impacto do programa e coopera\u00e7\u00e3o local regional nacional e internacional.\u00a0<\/p>\n<p style=\"text-align: justify\">\u00a0 \u00a0 \u00a0 \u00a0 \u00a0 \u00a0 \u00a0 Todo o processo de autoavalia\u00e7\u00e3o est\u00e1 intimamente ligado ao Planejamento do programa. Eles se auto alimentam constantemente. A Figura 1 exemplifica como se constr\u00f3i todo o processo.<\/p>\n<p style=\"text-align: center\"><strong>Figura 1: Ciclo de Planejamento e Autoavalia\u00e7\u00e3o Implementado no PPGOP\/UFSM<\/strong><\/p>\n<p style=\"text-align: justify\"><img fetchpriority=\"high\" decoding=\"async\" class=\"aligncenter size-full wp-image-2182\" src=\"https:\/\/www.ufsm.br\/app\/uploads\/sites\/539\/2025\/04\/Figura-1.png\" alt=\"\" width=\"484\" height=\"329\" srcset=\"https:\/\/www.ufsm.br\/app\/uploads\/sites\/539\/2025\/04\/Figura-1.png 484w, https:\/\/www.ufsm.br\/app\/uploads\/sites\/539\/2025\/04\/Figura-1-300x204.png 300w\" sizes=\"(max-width: 484px) 100vw, 484px\" \/><\/p>\n<p style=\"text-align: justify\">\u00a0<\/p>\n<p style=\"text-align: justify\">\u00a0 \u00a0 \u00a0 \u00a0 \u00a0 \u00a0 \u00a0Tomando como ponto de partida a estrutura prevista na Figura 1 e as especificidades que o caracterizam, o PPGOP organizou sua Autoavalia\u00e7\u00e3o em cinco etapas:<\/p>\n<p style=\"text-align: justify\">\u00a0<\/p>\n<p style=\"text-align: justify\">\u00a0 \u00a0 \u00a0 \u00a0 \u00a0 \u00a0 \u00a0Prepara\u00e7\u00e3o: Cria\u00e7\u00e3o da comiss\u00e3o de Autoavalia\u00e7\u00e3o<\/p>\n<ol>\n<li>\u00a0 \u00a0 \u00a0Portaria de nomea\u00e7\u00e3o da Comiss\u00e3o de Autoavalia\u00e7\u00e3o \u2013 <a href=\"https:\/\/www.ufsm.br\/app\/uploads\/sites\/539\/2025\/03\/Comissao-de-Autoavaliacao-PPGOP-Ordem-de-servico.pdf\"><u><strong>Link<\/strong><\/u><\/a><\/li>\n<li>\u00a0 \u00a0 \u00a0Pol\u00edtica de Autoavalia\u00e7\u00e3o do PPGOP \u2013 <a href=\"https:\/\/www.ufsm.br\/app\/uploads\/sites\/539\/2025\/03\/Politicas-de-Autoavaliacao-e-Acompanhamento-de-Egressos.pdf\"><u><strong>Link<\/strong><\/u><\/a><strong>\u00a0<\/strong><\/li>\n<\/ol>\n<p style=\"text-align: justify\">\u00a0<\/p>\n<p style=\"text-align: justify\">\u00a0 \u00a0 \u00a0 \u00a0 \u00a0 \u00a0 \u00a0 \u00a0 Na Figura 2 s\u00e3o apresentados os mecanismos de escuta existentes no programa. A seguir seguem os links para o acesso a cada mecanismo de escuta.<\/p>\n<p style=\"text-align: justify\">\u00a0<\/p>\n<p style=\"text-align: center\"><strong>Figura 2. Mecanismos de Escuta dentro da Pol\u00edtica de Autoavalia\u00e7\u00e3o do PPGOP<\/strong><\/p>\n<p style=\"text-align: justify\"><img decoding=\"async\" class=\"aligncenter size-full wp-image-2183\" src=\"https:\/\/www.ufsm.br\/app\/uploads\/sites\/539\/2025\/04\/Figura-2.png\" alt=\"\" width=\"575\" height=\"377\" srcset=\"https:\/\/www.ufsm.br\/app\/uploads\/sites\/539\/2025\/04\/Figura-2.png 575w, https:\/\/www.ufsm.br\/app\/uploads\/sites\/539\/2025\/04\/Figura-2-300x197.png 300w\" sizes=\"(max-width: 575px) 100vw, 575px\" \/><\/p>\n<p style=\"text-align: justify\">\u00a0 \u00a0 \u00a0 <strong>Mecanismos de Escuta Anuais<\/strong><\/p>\n<ol style=\"text-align: justify\">\n<li>Assembleia Geral com os (as) Docentes e T\u00e9cnico-Administrativos \u2013<strong> <a href=\"https:\/\/www.ufsm.br\/app\/uploads\/sites\/539\/2025\/04\/Relatorio-Sucupira-2021-2024-PPGOP.pptx\">Relat\u00f3rio Sucupira 2021-2024 PPGOP<\/a><\/strong><\/li>\n<li>Assembleia Geral com os (as) Discentes \u2013 <strong><a href=\"https:\/\/www.ufsm.br\/app\/uploads\/sites\/539\/2025\/04\/Apresentacao-dos-Alunos-2025.pptx\">Apresenta\u00e7\u00e3o dos alunos 2025<\/a><\/strong><\/li>\n<li>Semin\u00e1rio Estrat\u00e9gicos &#8211; <strong><a href=\"https:\/\/coplin-ufsm.github.io\/prpgp\/\">Link<\/a><\/strong><\/li>\n<li>Cartografia dos (as) egressos &#8211;<strong> <a href=\"https:\/\/www.ufsm.br\/reitoria\/avaliacao\/egressos\">Link<\/a><\/strong><\/li>\n<\/ol>\n<p style=\"text-align: justify\">\u00a0<\/p>\n<p style=\"text-align: justify\">\u00a0 \u00a0 \u00a0 <strong>Mecanismos de Escuta Semestrais<\/strong><\/p>\n<ol style=\"text-align: justify\">\n<li>Question\u00e1rio de avalia\u00e7\u00e3o de disciplina: Avalia\u00e7\u00e3o Processo Ensino Aprendizagem &#8211; <strong><a href=\"https:\/\/www.ufsm.br\/reitoria\/avaliacao\/avaliacao-geral-ufsm\">Link<\/a><\/strong><\/li>\n<li>Question\u00e1rio de avalia\u00e7\u00e3o de turma: Avalia\u00e7\u00e3o Geral &#8211;\u00a0 <strong><a href=\"https:\/\/app.powerbi.com\/view?r=eyJrIjoiMThkNmExOWEtNjkwOC00MDE4LWJmM%202ItZjRmN2M2MDRjNTBiIiwidCI6Ijk3OTAyMGQ1LTQ5NTAtNGY0My1hOTk0LT%20g4ZDY4M2VhYjQ3MyJ9\">Link<\/a><\/strong><\/li>\n<li>Question\u00e1rio de avalia\u00e7\u00e3o do PPGOP \u2013 <strong><a href=\"https:\/\/www.ufsm.br\/app\/uploads\/sites\/539\/2025\/03\/Autoavaliacao-do-PPGOP-Sucupira-2025.pdf\">Link<\/a><\/strong><\/li>\n<li>Cartografia de egressos: Banco de dados &#8211; <strong><a href=\"https:\/\/www.ufsm.br\/cursos\/pos-graduacao\/santa-maria\/ppgop\/egressos\">Link<\/a><\/strong><\/li>\n<li>Cartografia de egressos: Entrevistas \u2013\u00a0<a href=\"https:\/\/www.ufsm.br\/app\/uploads\/sites\/539\/2025\/04\/Egressos-Entrevistas.pdf\"><strong> Link<\/strong><\/a><\/li>\n<li>Formul\u00e1rio de acompanhamento: Palestras e eventos com egressos \u2013 <strong><a href=\"https:\/\/www.ufsm.br\/app\/uploads\/sites\/539\/2025\/05\/Participacao-de-discentes-em-eventos-Maio-2025.xlsx\">Link<\/a><\/strong><\/li>\n<li>Cartografia de egressos: Pesquisa de palavras-chave \u2013 <strong><a href=\"https:\/\/www.ufsm.br\/app\/uploads\/sites\/539\/2025\/04\/Nuvem-de-palavras.pdf\">Link<\/a><\/strong><\/li>\n<\/ol>\n<p style=\"text-align: justify\">\u00a0<\/p>\n<p style=\"text-align: justify\">\u00a0 \u00a0 \u00a0 <strong>Dos mecanismos aplicados ao fim de cada quadri\u00eanio:<\/strong><\/p>\n<ol style=\"text-align: justify\">\n<li>Cartografia de egressos: todas as categorias \u2013 <a href=\"https:\/\/www.ufsm.br\/cursos\/pos-graduacao\/santa-maria\/ppgop\/egressos\"><strong>Link<\/strong><\/a><\/li>\n<li>Cartografia de egressos: Portal da Transpar\u00eancia \u2013 <a href=\"https:\/\/www.ufsm.br\/reitoria\/avaliacao\/egressos\"><strong>Link<\/strong><\/a><\/li>\n<\/ol>\n<p style=\"text-align: justify\">\u00a0<\/p>\n<p style=\"text-align: justify\">\u00a0 \u00a0 \u00a0 <strong>Ferramentas \u00fateis da UFSM<\/strong><\/p>\n<ol style=\"text-align: justify\">\n<li>Ferramentas de planejamento da P\u00f3s-Gradua\u00e7\u00e3o\u00a0<a href=\"https:\/\/www.ufsm.br\/pro-reitorias\/proplan?page_id=5582\"><u><strong>Link<\/strong><\/u><\/a><\/li>\n<li>Pol\u00edtica de P\u00f3s-Gradua\u00e7\u00e3o\u00a0 \u2013\u00a0<a href=\"https:\/\/www.ufsm.br\/pro-reitorias\/proplan\/resolucao-ufsm-n-068-2021\"><u><strong>Link<\/strong><\/u><\/a><strong>\u00a0<\/strong><\/li>\n<li>Pol\u00edtica de a\u00e7\u00f5es afirmativas\u00a0<a href=\"https:\/\/www.ufsm.br\/pro-reitorias\/proplan\/resolucao-ufsm-n-068-2021\"><u><strong>Link<\/strong><\/u><\/a><\/li>\n<li>Pol\u00edtica de igualdade de g\u00eanero\u00a0 \u2013\u00a0<a href=\"https:\/\/www.ufsm.br\/pro-reitorias\/proplan\/resolucao-ufsm-n-068-2021\"><u><strong>Link<\/strong><\/u><\/a><\/li>\n<li>Painel para preenchimento da ficha de avalia\u00e7\u00e3o da Capes \u2013\u00a0<a href=\"https:\/\/coplin-ufsm.github.io\/prpgp\/\"><u><strong>Link<\/strong><\/u><\/a><\/li>\n<\/ol>\n<\/td>\n<\/tr>\n<\/tbody>\n<\/table>\n<p>\u00a0<\/p>\n<p>\u00a0<\/p>\n<p>\u00a0<\/p>\n<p>\u00a0<\/p>\n","protected":false},"excerpt":{"rendered":"<p>\u00a0 Pol\u00edtica de Avalia\u00e7\u00e3o do Programa \u00a0 \u00a0 \u00a0 \u00a0 \u00a0 \u00a0 \u00a0 \u00a0 \u00a0 A pol\u00edtica de autoavalia\u00e7\u00e3o do PPPOP tem como objetivo criar uma numa vis\u00e3o diagn\u00f3stica e de proje\u00e7\u00e3o\/planejamento para o programa e seus cursos. PPGOP entende que a autoavalia\u00e7\u00e3o representa um meio para a aprendizagem com vistas a atingir os objetivos [&hellip;]<\/p>\n","protected":false},"author":905,"featured_media":0,"parent":0,"menu_order":0,"comment_status":"closed","ping_status":"closed","template":"","meta":{"footnotes":""},"categories":[],"tags":[],"class_list":["post-1744","page","type-page","status-publish","hentry"],"acf":[],"_links":{"self":[{"href":"https:\/\/www.ufsm.br\/cursos\/pos-graduacao\/santa-maria\/ppgop\/wp-json\/wp\/v2\/pages\/1744","targetHints":{"allow":["GET"]}}],"collection":[{"href":"https:\/\/www.ufsm.br\/cursos\/pos-graduacao\/santa-maria\/ppgop\/wp-json\/wp\/v2\/pages"}],"about":[{"href":"https:\/\/www.ufsm.br\/cursos\/pos-graduacao\/santa-maria\/ppgop\/wp-json\/wp\/v2\/types\/page"}],"author":[{"embeddable":true,"href":"https:\/\/www.ufsm.br\/cursos\/pos-graduacao\/santa-maria\/ppgop\/wp-json\/wp\/v2\/users\/905"}],"replies":[{"embeddable":true,"href":"https:\/\/www.ufsm.br\/cursos\/pos-graduacao\/santa-maria\/ppgop\/wp-json\/wp\/v2\/comments?post=1744"}],"version-history":[{"count":0,"href":"https:\/\/www.ufsm.br\/cursos\/pos-graduacao\/santa-maria\/ppgop\/wp-json\/wp\/v2\/pages\/1744\/revisions"}],"wp:attachment":[{"href":"https:\/\/www.ufsm.br\/cursos\/pos-graduacao\/santa-maria\/ppgop\/wp-json\/wp\/v2\/media?parent=1744"}],"wp:term":[{"taxonomy":"category","embeddable":true,"href":"https:\/\/www.ufsm.br\/cursos\/pos-graduacao\/santa-maria\/ppgop\/wp-json\/wp\/v2\/categories?post=1744"},{"taxonomy":"post_tag","embeddable":true,"href":"https:\/\/www.ufsm.br\/cursos\/pos-graduacao\/santa-maria\/ppgop\/wp-json\/wp\/v2\/tags?post=1744"}],"curies":[{"name":"wp","href":"https:\/\/api.w.org\/{rel}","templated":true}]}}