{"id":1858,"date":"2024-10-01T11:14:18","date_gmt":"2024-10-01T14:14:18","guid":{"rendered":"https:\/\/www.ufsm.br\/cursos\/pos-graduacao\/santa-maria\/ppgop\/?page_id=1858"},"modified":"2024-10-02T14:46:19","modified_gmt":"2024-10-02T17:46:19","slug":"regulamentos-e-normas-ppgop-ufsm","status":"publish","type":"page","link":"https:\/\/www.ufsm.br\/cursos\/pos-graduacao\/santa-maria\/ppgop\/regulamentos-e-normas-ppgop-ufsm","title":{"rendered":"Regulamentos e Normas PPGOP\/UFSM"},"content":{"rendered":"\t\t<div data-elementor-type=\"wp-page\" data-elementor-id=\"1858\" class=\"elementor elementor-1858\">\n\t\t\t\t\t\t<section class=\"elementor-section elementor-top-section elementor-element elementor-element-7d4b3ab elementor-section-boxed elementor-section-height-default elementor-section-height-default\" data-id=\"7d4b3ab\" data-element_type=\"section\">\n\t\t\t\t\t\t<div class=\"elementor-container elementor-column-gap-default\">\n\t\t\t\t\t<div class=\"elementor-column elementor-col-100 elementor-top-column elementor-element elementor-element-bf9ec72\" data-id=\"bf9ec72\" data-element_type=\"column\">\n\t\t\t<div class=\"elementor-widget-wrap elementor-element-populated\">\n\t\t\t\t\t\t<div class=\"elementor-element elementor-element-395b450e elementor-widget elementor-widget-text-editor\" data-id=\"395b450e\" data-element_type=\"widget\" data-widget_type=\"text-editor.default\">\n\t\t\t\t<div class=\"elementor-widget-container\">\n\t\t\t\t\t\t\t<!-- wp:tadv\/classic-paragraph -->\n<p>\u00a0<strong> Regulamentos e Normas Vigentes<\/strong><\/p>\n<p>\u00a0<\/p>\n<ul class=\"my-3\">\n<li><a href=\"https:\/\/www.ufsm.br\/app\/uploads\/sites\/345\/2023\/10\/RES_UFSM_2023_139_ANEXO_I_Regulamento-Geral-PG-Stricto-Sensu-UFSM-2023.pdf\">Regulamento Geral da P\u00f3s-Gradua\u00e7\u00e3o Stricto Sensu da UFSM<\/a><\/li>\n<\/ul>\n<ul class=\"my-3\">\n<li><a href=\"https:\/\/www.ufsm.br\/app\/uploads\/sites\/539\/2019\/02\/Parecer-do-CEPE.jpg\" target=\"_blank\" rel=\"noopener\">Parecer do CEPE (arquivo jpeg, 393 KB)<\/a><\/li>\n<\/ul>\n<ul class=\"my-3\">\n<li><a href=\"https:\/\/portal.ufsm.br\/documentos\/publico\/documento.html?id=15141721\" target=\"_blank\" rel=\"noopener\">Regulamento do PPGOP (arquivo pdf, 1 MB)<\/a><\/li>\n<\/ul>\n<ul class=\"my-3\">\n<li><a href=\"https:\/\/www.ufsm.br\/app\/uploads\/sites\/539\/2021\/07\/Politica-de-Internacionalizacao-PPGOP.pdf\" target=\"_blank\" rel=\"noopener\">Pol\u00edtica de Internacionaliza\u00e7\u00e3o do PPGOP (arquivo pdf, 807 KB)<\/a><\/li>\n<li><a href=\"https:\/\/www.ufsm.br\/app\/uploads\/sites\/513\/2024\/10\/RESOLUCAO-UFSM-175-de-2024-altera-prazos-licencas-discentes-1.pdf\">Licen\u00e7a Discentes &#8211; Prazos<\/a><\/li>\n<\/ul>\n<p>\u00a0<\/p>\n<p>Regulamentos Anteriores:<\/p>\n<p>\u00a0<\/p>\n<ul class=\"my-3\">\n<li><a href=\"https:\/\/www.ufsm.br\/app\/uploads\/sites\/539\/2019\/02\/015-2014-Regimento-da-Ps-Graduao-5.pdf\" target=\"_blank\" rel=\"noopener\">\u00a0Regimento Geral da P\u00f3s-Gradua\u00e7\u00e3o (arquivo pdf, 366 KB)<\/a> 2014<\/li>\n<li><a href=\"https:\/\/www.ufsm.br\/app\/uploads\/sites\/539\/2024\/08\/Processo-Regulamento-do-PPGOP.pdf\" target=\"_blank\" rel=\"noopener\">\u00a0Regulamento do PPGOP (arquivo pdf, 1 MB)<\/a><\/li>\n<\/ul>\n<!-- \/wp:tadv\/classic-paragraph --><!-- wp:tadv\/classic-paragraph \/--><!-- wp:tadv\/classic-paragraph \/--><!-- wp:tadv\/classic-paragraph \/-->\t\t\t\t\t\t<\/div>\n\t\t\t\t<\/div>\n\t\t\t\t\t<\/div>\n\t\t<\/div>\n\t\t\t\t\t<\/div>\n\t\t<\/section>\n\t\t\t\t<\/div>\n\t\t","protected":false},"excerpt":{"rendered":"<p>\u00a0 Regulamentos e Normas Vigentes \u00a0 Regulamento Geral da P\u00f3s-Gradua\u00e7\u00e3o Stricto Sensu da UFSM Parecer do CEPE (arquivo jpeg, 393 KB) Regulamento do PPGOP (arquivo pdf, 1 MB) Pol\u00edtica de Internacionaliza\u00e7\u00e3o do PPGOP (arquivo pdf, 807 KB) Licen\u00e7a Discentes &#8211; Prazos \u00a0 Regulamentos Anteriores: \u00a0 \u00a0Regimento Geral da P\u00f3s-Gradua\u00e7\u00e3o (arquivo pdf, 366 KB) 2014 \u00a0Regulamento [&hellip;]<\/p>\n","protected":false},"author":905,"featured_media":0,"parent":0,"menu_order":0,"comment_status":"closed","ping_status":"closed","template":"","meta":{"footnotes":""},"categories":[],"tags":[],"class_list":["post-1858","page","type-page","status-publish","hentry"],"acf":[],"_links":{"self":[{"href":"https:\/\/www.ufsm.br\/cursos\/pos-graduacao\/santa-maria\/ppgop\/wp-json\/wp\/v2\/pages\/1858","targetHints":{"allow":["GET"]}}],"collection":[{"href":"https:\/\/www.ufsm.br\/cursos\/pos-graduacao\/santa-maria\/ppgop\/wp-json\/wp\/v2\/pages"}],"about":[{"href":"https:\/\/www.ufsm.br\/cursos\/pos-graduacao\/santa-maria\/ppgop\/wp-json\/wp\/v2\/types\/page"}],"author":[{"embeddable":true,"href":"https:\/\/www.ufsm.br\/cursos\/pos-graduacao\/santa-maria\/ppgop\/wp-json\/wp\/v2\/users\/905"}],"replies":[{"embeddable":true,"href":"https:\/\/www.ufsm.br\/cursos\/pos-graduacao\/santa-maria\/ppgop\/wp-json\/wp\/v2\/comments?post=1858"}],"version-history":[{"count":0,"href":"https:\/\/www.ufsm.br\/cursos\/pos-graduacao\/santa-maria\/ppgop\/wp-json\/wp\/v2\/pages\/1858\/revisions"}],"wp:attachment":[{"href":"https:\/\/www.ufsm.br\/cursos\/pos-graduacao\/santa-maria\/ppgop\/wp-json\/wp\/v2\/media?parent=1858"}],"wp:term":[{"taxonomy":"category","embeddable":true,"href":"https:\/\/www.ufsm.br\/cursos\/pos-graduacao\/santa-maria\/ppgop\/wp-json\/wp\/v2\/categories?post=1858"},{"taxonomy":"post_tag","embeddable":true,"href":"https:\/\/www.ufsm.br\/cursos\/pos-graduacao\/santa-maria\/ppgop\/wp-json\/wp\/v2\/tags?post=1858"}],"curies":[{"name":"wp","href":"https:\/\/api.w.org\/{rel}","templated":true}]}}