{"id":213,"date":"2019-02-26T09:25:31","date_gmt":"2019-02-26T12:25:31","guid":{"rendered":"https:\/\/www.ufsm.br\/cursos\/pos-graduacao\/santa-maria\/ppgop\/?page_id=213"},"modified":"2025-09-26T14:37:08","modified_gmt":"2025-09-26T17:37:08","slug":"linhas-de-pesquisa","status":"publish","type":"page","link":"https:\/\/www.ufsm.br\/cursos\/pos-graduacao\/santa-maria\/ppgop\/linhas-de-pesquisa","title":{"rendered":"Linhas de Pesquisa"},"content":{"rendered":"\t\t<div data-elementor-type=\"wp-page\" data-elementor-id=\"213\" class=\"elementor elementor-213\">\n\t\t\t\t\t\t<section class=\"elementor-section elementor-top-section elementor-element elementor-element-1e61f08e elementor-section-boxed elementor-section-height-default elementor-section-height-default\" data-id=\"1e61f08e\" data-element_type=\"section\">\n\t\t\t\t\t\t<div class=\"elementor-container elementor-column-gap-default\">\n\t\t\t\t\t<div class=\"elementor-column elementor-col-100 elementor-top-column elementor-element elementor-element-374365d1\" data-id=\"374365d1\" data-element_type=\"column\">\n\t\t\t<div class=\"elementor-widget-wrap elementor-element-populated\">\n\t\t\t\t\t\t<div class=\"elementor-element elementor-element-55710e33 elementor-widget elementor-widget-text-editor\" data-id=\"55710e33\" data-element_type=\"widget\" data-widget_type=\"text-editor.default\">\n\t\t\t\t<div class=\"elementor-widget-container\">\n\t\t\t\t\t\t\t<p style=\"text-align: justify\"><strong>FERRAMENTAS DE AVALIA\u00c7\u00c3O E CONTROLE DA GEST\u00c3O P\u00daBLICA<\/strong><\/p><p style=\"text-align: justify\">Esta linha de pesquisa tem por objetivo central construir, aprimorar e\/ou aplicar ferramentas para avalia\u00e7\u00e3o e controle da gest\u00e3o p\u00fablica sob diferentes dimens\u00f5es de an\u00e1lise. Na \u00f3tica das organiza\u00e7\u00f5es p\u00fablicas busca-se desenvolver indicadores, modelos de avalia\u00e7\u00e3o e ferramentas de controle interno e avalia\u00e7\u00e3o da efici\u00eancia, efic\u00e1cia, efetividade e transpar\u00eancia da gest\u00e3o p\u00fablica. A partir da dimens\u00e3o econ\u00f4mica, busca-se avaliar as diversas pol\u00edticas p\u00fablicas e estrat\u00e9gias governamentais, nos indicadores econ\u00f4micos e sociais.\u00a0<\/p><p>\u00a0Professores Participantes:<\/p><table style=\"height: 80px;width: 90.3932%\" border=\"1\"><tbody><tr style=\"height: 7px\"><td style=\"height: 10px;text-align: center;width: 51.6456%\"><p><strong>Nome<\/strong><\/p><\/td><td style=\"height: 10px;text-align: center;width: 39.064%\"><p><strong>e-mail<\/strong><\/p><\/td><\/tr><tr style=\"height: 7px\"><td style=\"height: 10px;width: 51.6456%\"><p><a href=\"http:\/\/lattes.cnpq.br\/9265604274170933\" target=\"_blank\" rel=\"noopener\">Daniel Arruda Coronel<\/a><\/p><\/td><td style=\"height: 10px;width: 39.064%\"><p><span id=\"cloak5a8fb3f6895aa914d282c10b5fb8256e\"><span id=\"cloak2477f312aee1bc4ba2fa2417a94ce7fd\"><a href=\"mailto:daniel.coronel@uol.com.br\">daniel.coronel@uol.com.br<\/a><\/span><\/span><\/p><\/td><\/tr><tr style=\"height: 7px\"><td style=\"height: 10px;width: 51.6456%\"><p><a href=\"http:\/\/lattes.cnpq.br\/5931551158048124\" target=\"_blank\" rel=\"noopener\">Camila de Moura Vogt<\/a><\/p><\/td><td style=\"height: 10px;width: 39.064%\"><a href=\"mailto:vogt.camila@ufsm.br\">vogt.camila@ufsm.br<\/a><\/td><\/tr><tr style=\"height: 7px\"><td style=\"height: 10px;width: 51.6456%\"><p><a href=\"http:\/\/lattes.cnpq.br\/4721687411214673\" target=\"_blank\" rel=\"noopener\">Jose Alexandre Magrini Pigatto<\/a><\/p><\/td><td style=\"height: 10px;width: 39.064%\"><p><span id=\"cloak60c0ff59bd8101ea1364a4749669f7c6\"><span id=\"cloak5ecfc9eb225e3a3f26037057b6b8239f\"><a href=\"mailto:pigatto71@gmail.com\">pigatto71@gmail.com<\/a><\/span><\/span><\/p><\/td><\/tr><tr style=\"height: 7px\"><td style=\"height: 10px;width: 51.6456%\"><p><a href=\"http:\/\/lattes.cnpq.br\/9082069520269585\" target=\"_blank\" rel=\"noopener\">Kalinca L\u00e9ia Becker<\/a><\/p><\/td><td style=\"height: 10px;width: 39.064%\"><p><span id=\"cloak9eb54223e41156f14052ed22df2ef97c\"><span id=\"cloak2feceada719149abc78474f26644c2d5\"><a href=\"mailto:kalincabecker@gmail.com\">kalincabecker@gmail.com<\/a><\/span><\/span><\/p><\/td><\/tr><tr style=\"height: 7px\"><td style=\"height: 10px;width: 51.6456%\"><p><a href=\"http:\/\/lattes.cnpq.br\/4786960732238120\" target=\"_blank\" rel=\"noopener\">Kelmara Mendes Vieira<\/a><\/p><\/td><td style=\"height: 10px;width: 39.064%\"><p><span id=\"cloak0d7d7a649907b091d22a09861d674b92\"><span id=\"cloak2e89408f7ccf90332790db94c92ac75b\"><a href=\"mailto:kelmara@terra.com.br\">kelmara@terra.com.br<\/a><\/span><\/span><\/p><\/td><\/tr><tr style=\"height: 7px\"><td style=\"height: 10px;width: 51.6456%\"><p><a href=\"http:\/\/lattes.cnpq.br\/9794436610539367\" target=\"_blank\" rel=\"noopener\">Reisoli Bender Filho<\/a><\/p><\/td><td style=\"height: 10px;width: 39.064%\"><p><span id=\"cloak490db6ff541c29a941041d60f21c0449\"><span id=\"cloak94ee18c2e2d4dc4f2623dcc48384a47e\"><a href=\"mailto:reisolibender@yahoo.com.br\">reisolibender@yahoo.com.br<\/a><\/span><\/span><\/p><\/td><\/tr><tr><td style=\"width: 51.6456%\"><a href=\"http:\/\/lattes.cnpq.br\/1916486402947867\">Vin\u00edcius Costa da Silva Zonatto<\/a><\/td><td style=\"width: 39.064%\"><p><span id=\"cloak490db6ff541c29a941041d60f21c0449\"><span id=\"cloak94ee18c2e2d4dc4f2623dcc48384a47e\"> <a href=\"mailto:viniciuszonatto@gmail.com\" target=\"_blank\" rel=\"noopener\">viniciuszonatto@gmail.com<\/a><\/span><\/span><\/p><\/td><\/tr><\/tbody><\/table><p><strong>\u00a0<\/strong><\/p><p style=\"text-align: justify\"><strong>INOVA\u00c7\u00c3O E MODERNIZA\u00c7\u00c3O DE SISTEMAS E PROCESSOS ADMINISTRATIVOS<\/strong><\/p><p style=\"text-align: justify\">Esta linha de pesquisa tem o objetivo de desenvolver abordagens inovadoras como as metodologias de planejamento, os ganhos de efici\u00eancia e a moderniza\u00e7\u00e3o de sistemas administrativos, centradas em princ\u00edpios de enfoque do cidad\u00e3o. Dessa forma, a linha de pesquisa busca compreender e alicer\u00e7ar propostas de processos e sistemas administrativos inovadores que resultem em ganhos de efici\u00eancia garantindo a melhoria cont\u00ednua da m\u00e1quina p\u00fablica. Busca-se tamb\u00e9m avaliar os impactos desses novos sistemas e processos na vida das pessoas\/servidores sejam no \u00e2mbito munic\u00edpio, estadual ou nacional.<\/p><p>Professores Participantes:<\/p><table style=\"width: 100.213%;height: 248px\" border=\"1\"><tbody><tr style=\"height: 7px\"><td style=\"height: 10px;width: 47.8365%;text-align: center\"><p><strong>Nome<\/strong><\/p><\/td><td style=\"height: 10px;width: 51.2019%;text-align: center\"><p><strong>e-mail<\/strong><\/p><\/td><\/tr><tr style=\"height: 7px\"><td style=\"height: 10px;width: 47.8365%\"><p><a href=\"http:\/\/lattes.cnpq.br\/8919338859562451\" target=\"_blank\" rel=\"noopener\">Breno Augusto Diniz Pereira<\/a><\/p><\/td><td style=\"height: 10px;width: 51.2019%\"><p><span id=\"cloakc72fd7d07c62f494ba7403519a18706e\"><span id=\"cloake40f6b32fa7f6290caf18bab8bbb260c\"><a href=\"mailto:brenodpereira@gmail.com\">brenodpereira@gmail.com<\/a><\/span><\/span><\/p><\/td><\/tr><tr style=\"height: 7px\"><td style=\"height: 10px;width: 47.8365%\"><p><a href=\"http:\/\/lattes.cnpq.br\/3319345339608395\" target=\"_blank\" rel=\"noopener\">David Lorenzi J\u00fanior<\/a><\/p><\/td><td style=\"height: 10px;width: 51.2019%\"><p><span id=\"cloakb253153a5d0010eaacda3cd288d9f477\"><span id=\"cloak754dd335dfd2644dfbf50484c0e0d384\"><a href=\"mailto:davilorenzi@yahoo.com.br\">davilorenzi@yahoo.com.br<\/a><\/span><\/span><\/p><\/td><\/tr><tr style=\"height: 10px\"><td style=\"width: 47.8365%;height: 10px\"><p><a href=\"http:\/\/lattes.cnpq.br\/9741757650191659\" target=\"_blank\" rel=\"noopener\">Debora Bobsin<\/a><\/p><\/td><td style=\"width: 51.2019%;height: 10px\"><p><span id=\"cloakf62edd341af5328e47a2b4ab17c68c8d\"><span id=\"cloaka7bf31ba3236200f93a9b674e17ded54\"><a href=\"mailto:deborabobsin@gmail.com\">deborabobsin@gmail.com<\/a><\/span><\/span><\/p><\/td><\/tr><tr style=\"height: 56px\"><td style=\"width: 47.8365%;height: 56px\"><p><a href=\"http:\/\/lattes.cnpq.br\/4996862852253906\" target=\"_blank\" rel=\"noopener\">Eliete dos Reis Lehnhart<\/a><\/p><\/td><td style=\"width: 51.2019%;height: 56px\"><p><a href=\"mailto:eliete.lehnhart@ufsm.br\"><span id=\"cloakf62edd341af5328e47a2b4ab17c68c8d\"><span id=\"cloaka7bf31ba3236200f93a9b674e17ded54\">eliete.lehnhart@ufsm.br<\/span><\/span><\/a><\/p><\/td><\/tr><tr style=\"height: 7px\"><td style=\"height: 10px;width: 47.8365%\"><p><a href=\"http:\/\/lattes.cnpq.br\/1853313255345200\" target=\"_blank\" rel=\"noopener\">Eug\u00eanio de Oliveira Simonetto<\/a><\/p><\/td><td style=\"height: 10px;width: 51.2019%\"><p><span id=\"cloakf62edd341af5328e47a2b4ab17c68c8d\"><span id=\"cloaka7bf31ba3236200f93a9b674e17ded54\"><a href=\"mailto:eosimonetto@gmail.com\">eosimonetto@gmail.com<\/a><\/span><\/span><\/p><\/td><\/tr><tr><td style=\"width: 47.8365%\"><a href=\"http:\/\/lattes.cnpq.br\/6056533356349635\">Gilnei Luiz de Moura<\/a><\/td><td style=\"width: 51.2019%\"><p><span id=\"cloak2e6ae536f9452128ebbcdd11f56e995a\"><span id=\"cloake758cdc6548dd5abe7f0a7c64fa738c6\">\u00a0<a href=\"mailto:mr.gmoura@ufsm.br\" target=\"_blank\" rel=\"noopener\">mr.gmoura@ufsm.br<\/a>\u00a0<\/span><\/span><\/p><\/td><\/tr><tr style=\"height: 56px\"><td style=\"width: 47.8365%;height: 56px\" width=\"266\"><p><a href=\"http:\/\/lattes.cnpq.br\/2389757931839275\">Juliano Nunes Alves<\/a><\/p><\/td><td style=\"width: 51.2019%;height: 56px\" width=\"448\"><a href=\"mailto:juliano.alves@ufsm.br\">juliano.alves@ufsm.br<\/a><\/td><\/tr><tr style=\"height: 7px\"><td style=\"height: 10px;width: 47.8365%\"><p><a href=\"http:\/\/lattes.cnpq.br\/7157616811264324\" target=\"_blank\" rel=\"noopener\">Leander Luiz Klein<\/a><\/p><\/td><td style=\"height: 10px;width: 51.2019%\"><p><span id=\"cloak6520365daa47aea350a69414e4697954\"><span id=\"cloakbef2548f483733d7d81dc528018ce550\"><a href=\"mailto:kleander88@gmail.com\">kleander88@gmail.com<\/a><\/span><\/span><\/p><\/td><\/tr><tr style=\"height: 7px\"><td style=\"height: 10px;width: 47.8365%\"><p><a href=\"http:\/\/lattes.cnpq.br\/6864166030951605\" target=\"_blank\" rel=\"noopener\">Marcelo Battesini<\/a><\/p><\/td><td style=\"height: 10px;width: 51.2019%\"><p><span id=\"cloakcfcd88c979942a033b31cfc5b11d201d\"><span id=\"cloakb40be631eed07c9a6ebfbfafc9973c45\"><a href=\"mailto:marcelo-battesini@ufsm.br\">marcelo-battesini@ufsm.br<\/a><\/span><\/span><\/p><\/td><\/tr><tr style=\"height: 7px\"><td style=\"height: 10px;width: 47.8365%\"><p><a href=\"http:\/\/lattes.cnpq.br\/7320669188854401\" target=\"_blank\" rel=\"noopener\">Mauri Leodir L\u00f6bler<\/a><\/p><\/td><td style=\"height: 10px;width: 51.2019%\"><p><span id=\"cloak2e6ae536f9452128ebbcdd11f56e995a\"><span id=\"cloake758cdc6548dd5abe7f0a7c64fa738c6\"><a href=\"mailto:lobler@ccsh.ufsm.br\">lobler@ccsh.ufsm.br<\/a><\/span><\/span><\/p><\/td><\/tr><tr style=\"height: 56px\"><td style=\"width: 47.8365%;height: 56px\"><p><a href=\"http:\/\/lattes.cnpq.br\/5608759444688749\" target=\"_blank\" rel=\"noopener\">Sirlei Glasenapp<\/a><\/p><\/td><td style=\"width: 51.2019%;height: 56px\"><p><a href=\"mailto:sirlei.glasenapp@ufsm.br\"><span id=\"cloak2e6ae536f9452128ebbcdd11f56e995a\"><span id=\"cloake758cdc6548dd5abe7f0a7c64fa738c6\">sirlei.glasenapp@ufsm.br<\/span><\/span><\/a><\/p><\/td><\/tr><\/tbody><\/table><p><strong>\u00a0<\/strong><\/p><p style=\"text-align: justify\"><strong>PESSOAS E SOCIEDADE<\/strong><\/p><p style=\"text-align: justify\">Esta linha de pesquisa tem por objetivo compreender a interface entre gest\u00e3o p\u00fablica, pessoas e sociedade, trabalhando com dois eixos principais, o gerenciamento de pessoas nas institui\u00e7\u00f5es p\u00fablicas e a presta\u00e7\u00e3o de servi\u00e7os \u00e0 sociedade. No primeiro eixo, a linha busca estudar quest\u00f5es relacionadas \u00e0 gest\u00e3o de pessoas e comportamento organizacional, realizando an\u00e1lises do cen\u00e1rio atual e propondo mudan\u00e7as. No segundo eixo, busca-se compreender como os servi\u00e7os p\u00fablicos chegam \u00e0 sociedade, por meio de estudos que reflitam criticamente sobre pol\u00edticas p\u00fablicas, incentivos \u00e0 projetos de gest\u00e3o social e processos que permitam \u00e0 sociedade avaliar os servi\u00e7os recebidos.<\/p><p>\u00a0Professores Participantes:<\/p><table style=\"width: 101.244%;height: 302px\" border=\"1\"><tbody><tr style=\"height: 7px\"><td style=\"height: 10px;text-align: center;width: 47.6974%\"><strong>Nome<\/strong><\/td><td style=\"height: 10px;width: 50.9868%\"><p style=\"text-align: center\"><strong>e-mail<\/strong><\/p><\/td><\/tr><tr style=\"height: 56px\"><td style=\"width: 47.6974%;height: 56px\"><a href=\"http:\/\/lattes.cnpq.br\/3631009141499655\">Carolina Freddo Fleck<\/a><\/td><td style=\"width: 50.9868%;height: 56px\"><p><span id=\"cloakd83315fbce9b1c8e6edb501acb4058a9\"><span id=\"cloak92654c9e264eba86354b69f46c62f1f5\"><a href=\"mailto:carolina.fleck@gmail.com\">carolina.fleck@gmail.com<\/a><\/span><\/span><\/p><\/td><\/tr><tr style=\"height: 7px\"><td style=\"height: 10px;width: 47.6974%\"><p><a style=\"font-weight: var( --e-global-typography-text-font-weight );text-align: var(--bs-body-text-align);color: #0000ff\" href=\"http:\/\/lattes.cnpq.br\/4669995023840359\" target=\"_blank\" rel=\"noopener\">Elis\u00e2ngela Carlosso Machado Mortari<\/a><\/p><\/td><td style=\"height: 10px;width: 50.9868%\"><p><span id=\"cloakd83315fbce9b1c8e6edb501acb4058a9\"><span id=\"cloak92654c9e264eba86354b69f46c62f1f5\"><a href=\"mailto:elimortari@gmail.com\">elimortari@gmail.com<\/a><\/span><\/span><\/p><\/td><\/tr><tr style=\"height: 7px\"><td style=\"height: 10px;width: 47.6974%\"><p><span style=\"color: #0000ff\"><a style=\"color: #0000ff\" href=\"http:\/\/lattes.cnpq.br\/4537029350400077\" target=\"_blank\" rel=\"noopener\">Greici Sarturi<\/a><\/span><\/p><\/td><td style=\"height: 10px;width: 50.9868%\"><p><span id=\"cloake5808f18772923e678c6458f2bbb112d\"><span id=\"cloakc5da866be657e92490e7150325c8375d\"><a href=\"mailto:greicisarturi@hotmail.com\">greicisarturi@hotmail.com<\/a><\/span><\/span><\/p><\/td><\/tr><tr style=\"height: 7px\"><td style=\"height: 10px;width: 47.6974%\"><p><span style=\"color: #0000ff\"><a style=\"color: #0000ff\" href=\"http:\/\/lattes.cnpq.br\/7443927154869003\" target=\"_blank\" rel=\"noopener\">Jairo da Luz Oliveira<\/a><\/span><\/p><\/td><td style=\"height: 10px;width: 50.9868%\"><p><span id=\"cloak5b3328c28688bfa14a5259e9c5626bf3\"><span id=\"cloak2ee4c77acb298a5934a5e50203d7685a\"><a href=\"mailto:jairooliveira.ufsm@gmail.com\">jairooliveira.ufsm@gmail.com<\/a><\/span><\/span><\/p><\/td><\/tr><tr><td style=\"width: 47.6974%\"><p><a href=\"http:\/\/buscatextual.cnpq.br\/buscatextual\/visualizacv.do?id=K4771663Z8\">Luciana Davi Traverso<\/a><\/p><\/td><td style=\"width: 50.9868%\"><p><span id=\"cloak749eeac3bfd4b1594c41d1175b1f9030\"><span id=\"cloak6f524f39a3654c0d0aee554814c8f5b9\"><a href=\"mailto:luciana.traverso@ufsm.br\" target=\"_blank\" rel=\"noopener\">luciana.traverso@ufsm.br<\/a><\/span><\/span><\/p><\/td><\/tr><tr style=\"height: 7px\"><td style=\"height: 10px;width: 47.6974%\"><p><span style=\"color: #0000ff\"><a style=\"color: #0000ff\" href=\"http:\/\/lattes.cnpq.br\/4970571132802995\" target=\"_blank\" rel=\"noopener\">Luciana Flores Battistella<\/a><\/span><\/p><\/td><td style=\"height: 10px;width: 50.9868%\"><p><span id=\"cloak749eeac3bfd4b1594c41d1175b1f9030\"><span id=\"cloak6f524f39a3654c0d0aee554814c8f5b9\"><a href=\"mailto:lutti@ufsm.br\">lutti@ufsm.br<\/a><\/span><\/span><\/p><\/td><\/tr><tr style=\"height: 7px\"><td style=\"height: 10px;width: 47.6974%\"><span style=\"color: #0000ff\"><a style=\"color: #0000ff\" href=\"http:\/\/lattes.cnpq.br\/9128987043195154\" target=\"_blank\" rel=\"noopener\">Luis Carlos Zucatto<\/a><\/span><\/td><td style=\"height: 10px;width: 50.9868%\"><span id=\"cloakdacd6eec80fc2628e84cce4140182733\"><span id=\"cloaka1d38ce1db792a339bdc7c2d40ce9c3f\"><a href=\"mailto:luiszucatto@gmail.com\">luiszucatto@gmail.com<\/a><\/span><\/span><\/td><\/tr><tr style=\"height: 56px\"><td style=\"width: 47.6974%;height: 56px\"><p><a href=\"http:\/\/lattes.cnpq.br\/5142964898318831\">Ranice H\u00f6ehr Pedrazzi Pozzer<\/a><\/p><\/td><td style=\"width: 50.9868%;height: 56px\"><p><span id=\"cloak2e6ae536f9452128ebbcdd11f56e995a\"><span id=\"cloake758cdc6548dd5abe7f0a7c64fa738c6\"><a href=\"mailto:ranice.pozzer@ufsm.br\" target=\"_blank\" rel=\"noopener\">ranice.pozzer@ufsm.br<\/a><\/span><\/span><\/p><\/td><\/tr><tr style=\"height: 54px\"><td style=\"width: 47.6974%;height: 54px\"><p><a href=\"http:\/\/lattes.cnpq.br\/8010434422032876\" target=\"_blank\" rel=\"noopener\">Rodrigo Marques de Almeida Guerra<\/a><\/p><\/td><td style=\"width: 50.9868%;height: 54px\"><p><a href=\"mailto:rmaguerra1@gmail.com\"><span id=\"cloak2e6ae536f9452128ebbcdd11f56e995a\"><span id=\"cloake758cdc6548dd5abe7f0a7c64fa738c6\">rmaguerra1@gmail.com<\/span><\/span><\/a><\/p><\/td><\/tr><tr style=\"height: 7px\"><td style=\"height: 10px;width: 47.6974%\"><p><span style=\"color: #0000ff\"><a style=\"color: #0000ff\" href=\"http:\/\/lattes.cnpq.br\/3494842729753586\" target=\"_blank\" rel=\"noopener\">Sheila Kocourek<\/a><\/span><\/p><\/td><td style=\"height: 10px;width: 50.9868%\"><p><span id=\"cloak8d5c5d38fae39fd74d163c1c76793e13\"><span id=\"cloak27e796e21024ae1182b10a78430bd247\"><a href=\"mailto:sheilakocourek@gmail.com\">sheilakocourek@gmail.com<\/a><\/span><\/span><\/p><\/td><\/tr><tr style=\"height: 10px\"><td style=\"height: 10px;width: 47.6974%\"><p><span style=\"color: #0000ff\"><a style=\"color: #0000ff\" href=\"http:\/\/lattes.cnpq.br\/6802457117269462\" target=\"_blank\" rel=\"noopener noreferrer\">Vania de F\u00e1tima Barros Estivalete<\/a><\/span><\/p><\/td><td style=\"height: 10px;width: 50.9868%\"><p><a href=\"mailto:vaniaestivalete@ufsm.br\"><span id=\"cloak8d5c5d38fae39fd74d163c1c76793e13\"><span id=\"cloak27e796e21024ae1182b10a78430bd247\">vaniaestivalete@ufsm.br<\/span><\/span><\/a><\/p><\/td><\/tr><tr style=\"height: 56px\"><td style=\"width: 47.6974%;height: 56px\"><p><span style=\"color: #0000ff\"><a style=\"color: #0000ff\" href=\"http:\/\/lattes.cnpq.br\/0180563343119839\" target=\"_blank\" rel=\"noopener\">V\u00e2nia Medianeira Flores Costa<\/a><\/span><\/p><\/td><td style=\"width: 50.9868%;height: 56px\"><p><a href=\"mailto:vania.costa@ufsm.br\"><span id=\"cloak8d5c5d38fae39fd74d163c1c76793e13\"><span id=\"cloak27e796e21024ae1182b10a78430bd247\">vania.costa@ufsm.br<\/span><\/span><\/a><\/p><\/td><\/tr><\/tbody><\/table><p><!-- \/wp:tadv\/classic-paragraph --><\/p>\t\t\t\t\t\t<\/div>\n\t\t\t\t<\/div>\n\t\t\t\t\t<\/div>\n\t\t<\/div>\n\t\t\t\t\t<\/div>\n\t\t<\/section>\n\t\t\t\t<\/div>\n\t\t","protected":false},"excerpt":{"rendered":"<p>FERRAMENTAS DE AVALIA\u00c7\u00c3O E CONTROLE DA GEST\u00c3O P\u00daBLICA Esta linha de pesquisa tem por objetivo central construir, aprimorar e\/ou aplicar ferramentas para avalia\u00e7\u00e3o e controle da gest\u00e3o p\u00fablica sob diferentes dimens\u00f5es de an\u00e1lise. Na \u00f3tica das organiza\u00e7\u00f5es p\u00fablicas busca-se desenvolver indicadores, modelos de avalia\u00e7\u00e3o e ferramentas de controle interno e avalia\u00e7\u00e3o da efici\u00eancia, efic\u00e1cia, efetividade [&hellip;]<\/p>\n","protected":false},"author":115,"featured_media":0,"parent":0,"menu_order":0,"comment_status":"closed","ping_status":"closed","template":"","meta":{"footnotes":""},"categories":[],"tags":[],"class_list":["post-213","page","type-page","status-publish","hentry"],"acf":[],"_links":{"self":[{"href":"https:\/\/www.ufsm.br\/cursos\/pos-graduacao\/santa-maria\/ppgop\/wp-json\/wp\/v2\/pages\/213","targetHints":{"allow":["GET"]}}],"collection":[{"href":"https:\/\/www.ufsm.br\/cursos\/pos-graduacao\/santa-maria\/ppgop\/wp-json\/wp\/v2\/pages"}],"about":[{"href":"https:\/\/www.ufsm.br\/cursos\/pos-graduacao\/santa-maria\/ppgop\/wp-json\/wp\/v2\/types\/page"}],"author":[{"embeddable":true,"href":"https:\/\/www.ufsm.br\/cursos\/pos-graduacao\/santa-maria\/ppgop\/wp-json\/wp\/v2\/users\/115"}],"replies":[{"embeddable":true,"href":"https:\/\/www.ufsm.br\/cursos\/pos-graduacao\/santa-maria\/ppgop\/wp-json\/wp\/v2\/comments?post=213"}],"version-history":[{"count":0,"href":"https:\/\/www.ufsm.br\/cursos\/pos-graduacao\/santa-maria\/ppgop\/wp-json\/wp\/v2\/pages\/213\/revisions"}],"wp:attachment":[{"href":"https:\/\/www.ufsm.br\/cursos\/pos-graduacao\/santa-maria\/ppgop\/wp-json\/wp\/v2\/media?parent=213"}],"wp:term":[{"taxonomy":"category","embeddable":true,"href":"https:\/\/www.ufsm.br\/cursos\/pos-graduacao\/santa-maria\/ppgop\/wp-json\/wp\/v2\/categories?post=213"},{"taxonomy":"post_tag","embeddable":true,"href":"https:\/\/www.ufsm.br\/cursos\/pos-graduacao\/santa-maria\/ppgop\/wp-json\/wp\/v2\/tags?post=213"}],"curies":[{"name":"wp","href":"https:\/\/api.w.org\/{rel}","templated":true}]}}