{"id":219,"date":"2019-02-26T09:31:31","date_gmt":"2019-02-26T12:31:31","guid":{"rendered":"https:\/\/www.ufsm.br\/cursos\/pos-graduacao\/santa-maria\/ppgop\/?page_id=219"},"modified":"2022-07-26T08:48:46","modified_gmt":"2022-07-26T11:48:46","slug":"areas-de-concentracao","status":"publish","type":"page","link":"https:\/\/www.ufsm.br\/cursos\/pos-graduacao\/santa-maria\/ppgop\/areas-de-concentracao","title":{"rendered":"\u00c1reas de Concentra\u00e7\u00e3o"},"content":{"rendered":"\n<h4>\u00c1reas de Concentra\u00e7\u00e3o:<\/h4>\n<p>Gest\u00e3o de Organiza\u00e7\u00f5es P\u00fablicas<\/p>\n<h4><strong>Objetivo Geral:<\/strong><\/h4>\n<p style=\"text-align: justify\">O objetivo geral deste Mestrado Profissional consiste em capacitar e qualificar os profissionais da \u00e1rea p\u00fablica para a promo\u00e7\u00e3o de aprimoramento e de inova\u00e7\u00e3o na gest\u00e3o de sistemas, processos, procedimentos e pr\u00e1ticas cotidianas das organiza\u00e7\u00f5es p\u00fablicas.<\/p>\n<p style=\"text-align: justify\"><strong>Objetivos Espec\u00edficos:<\/strong><br \/>1. Incentivar o desenvolvimento de uma vis\u00e3o transformadora, de uma atitude proativa na busca de novos conhecimentos, e da dissemina\u00e7\u00e3o da pr\u00e1tica do conceito de sustentabilidade, para a implementa\u00e7\u00e3o de mudan\u00e7as e o atendimento respons\u00e1vel das demandas da sociedade civil;\u00a0<br \/>2. Ampliar o n\u00edvel de conhecimento e as habilidades t\u00e9cnicas na condu\u00e7\u00e3o da gest\u00e3o eficaz de organiza\u00e7\u00f5es p\u00fablicas;\u00a0<br \/>3. Promover a capacita\u00e7\u00e3o para a a\u00e7\u00e3o t\u00e9cnica (desenvolvimento atitudinal) em prol da sociedade (desenvolvimento social), promovendo mudan\u00e7as mais abrangentes do que aquelas que se restringem ao espa\u00e7o ocupacional de trabalho;\u00a0<br \/>4. Apresentar um rol de conceitos, m\u00e9todos e t\u00e9cnicas que aflorem a reflex\u00e3o sobre as atuais pr\u00e1ticas gerenciais e operacionais no ambiente das organiza\u00e7\u00f5es p\u00fablicas, de modo a proporcionar alternativas poss\u00edveis \u00e0 morosidade e aos problemas pertinentes \u00e0 \u00e1rea p\u00fablica;\u00a0<br \/>5. Instrumentalizar para o uso de m\u00e9todos de pesquisa e para o uso de tecnologia de informa\u00e7\u00e3o no processo de moderniza\u00e7\u00e3o da gest\u00e3o de organiza\u00e7\u00f5es p\u00fablicas;\u00a0<br \/>6. Incrementar a qualidade e a produtividade na gest\u00e3o de organiza\u00e7\u00f5es p\u00fablicas, proporcionando aos mestrandos o conhecimento necess\u00e1rio para a aplica\u00e7\u00e3o e a pr\u00e1tica da qualidade no servi\u00e7o p\u00fablico;\u00a0<br \/>7. Estimular mudan\u00e7as incrementais no ambiente das organiza\u00e7\u00f5es p\u00fablicas de modo a favorecer a transfer\u00eancia do conhecimento para as organiza\u00e7\u00f5es, por meio de semin\u00e1rios vivenciais e da realiza\u00e7\u00e3o de trabalhos de conclus\u00e3o a partir de formata\u00e7\u00e3o de propostas alternativas concretas dos problemas por elas vivenciados.<\/p>\n<p style=\"text-align: justify\"><strong>P\u00fablico Alvo:<\/strong><br \/>Servidores p\u00fablicos N\u00famero de cr\u00e9ditos exigidos:<br \/>Mestrado: 24 cr\u00e9ditos<br \/>Local das aulas:\u00a0Pr\u00e9dio 74B do Centro de Ci\u00eancias Sociais e Humanas &#8211; UFSM.<\/p>\n<p style=\"text-align: justify\"><strong>Regime de dedica\u00e7\u00e3o:<\/strong><br \/>Dedica\u00e7\u00e3o parcial do aluno, visto que tem como uma de suas caracter\u00edsticas a aproxima\u00e7\u00e3o dos ensinamentos acad\u00eamicos \u00e0 viv\u00eancia no ambiente das organiza\u00e7\u00f5es p\u00fablicas. As disciplinas s\u00e3o oferecidas nas quintas e sextas feiras, nos per\u00edodos matutino, vespertino e noturno.<\/p>\n","protected":false},"excerpt":{"rendered":"<p>\u00c1reas de Concentra\u00e7\u00e3o: Gest\u00e3o de Organiza\u00e7\u00f5es P\u00fablicas Objetivo Geral: O objetivo geral deste Mestrado Profissional consiste em capacitar e qualificar os profissionais da \u00e1rea p\u00fablica para a promo\u00e7\u00e3o de aprimoramento e de inova\u00e7\u00e3o na gest\u00e3o de sistemas, processos, procedimentos e pr\u00e1ticas cotidianas das organiza\u00e7\u00f5es p\u00fablicas. Objetivos Espec\u00edficos:1. Incentivar o desenvolvimento de uma vis\u00e3o transformadora, de [&hellip;]<\/p>\n","protected":false},"author":115,"featured_media":0,"parent":0,"menu_order":0,"comment_status":"closed","ping_status":"closed","template":"","meta":{"footnotes":""},"categories":[],"tags":[],"class_list":["post-219","page","type-page","status-publish","hentry"],"acf":[],"_links":{"self":[{"href":"https:\/\/www.ufsm.br\/cursos\/pos-graduacao\/santa-maria\/ppgop\/wp-json\/wp\/v2\/pages\/219","targetHints":{"allow":["GET"]}}],"collection":[{"href":"https:\/\/www.ufsm.br\/cursos\/pos-graduacao\/santa-maria\/ppgop\/wp-json\/wp\/v2\/pages"}],"about":[{"href":"https:\/\/www.ufsm.br\/cursos\/pos-graduacao\/santa-maria\/ppgop\/wp-json\/wp\/v2\/types\/page"}],"author":[{"embeddable":true,"href":"https:\/\/www.ufsm.br\/cursos\/pos-graduacao\/santa-maria\/ppgop\/wp-json\/wp\/v2\/users\/115"}],"replies":[{"embeddable":true,"href":"https:\/\/www.ufsm.br\/cursos\/pos-graduacao\/santa-maria\/ppgop\/wp-json\/wp\/v2\/comments?post=219"}],"version-history":[{"count":0,"href":"https:\/\/www.ufsm.br\/cursos\/pos-graduacao\/santa-maria\/ppgop\/wp-json\/wp\/v2\/pages\/219\/revisions"}],"wp:attachment":[{"href":"https:\/\/www.ufsm.br\/cursos\/pos-graduacao\/santa-maria\/ppgop\/wp-json\/wp\/v2\/media?parent=219"}],"wp:term":[{"taxonomy":"category","embeddable":true,"href":"https:\/\/www.ufsm.br\/cursos\/pos-graduacao\/santa-maria\/ppgop\/wp-json\/wp\/v2\/categories?post=219"},{"taxonomy":"post_tag","embeddable":true,"href":"https:\/\/www.ufsm.br\/cursos\/pos-graduacao\/santa-maria\/ppgop\/wp-json\/wp\/v2\/tags?post=219"}],"curies":[{"name":"wp","href":"https:\/\/api.w.org\/{rel}","templated":true}]}}