{"id":243,"date":"2019-02-26T10:22:48","date_gmt":"2019-02-26T13:22:48","guid":{"rendered":"https:\/\/www.ufsm.br\/cursos\/pos-graduacao\/santa-maria\/ppgop\/?page_id=243"},"modified":"2019-02-26T10:22:51","modified_gmt":"2019-02-26T13:22:51","slug":"gestao-publica-e-desenvolvimento-economico","status":"publish","type":"page","link":"https:\/\/www.ufsm.br\/cursos\/pos-graduacao\/santa-maria\/ppgop\/gestao-publica-e-desenvolvimento-economico","title":{"rendered":"Gest\u00e3o p\u00fablica e desenvolvimento econ\u00f4mico"},"content":{"rendered":"\n<p>O objetivo deste projeto \u00e9 o de verificar o impacto da Reforma Gerencial do estado, iniciada no Governo Fernando Henrique Cardoso, nas organiza\u00e7\u00f5es p\u00fablicas tendo por base o modelo te\u00f3rico e anal\u00edtico formulado por Bresser-Pereira, o qual visava modernizar e dinamizar o servi\u00e7o p\u00fablico com base nos princ\u00edpios de efici\u00eancia e efic\u00e1cia. Neste sentido, ser\u00e3o utilizados modelos econom\u00e9tricos, de an\u00e1lise de efici\u00eancia, bem como a abordagem qualitativa.<\/p>\n<h2>Daniel Arruda Coronel<\/h2>\n<p><img fetchpriority=\"high\" decoding=\"async\" class=\"alignnone size-full wp-image-244\" src=\"https:\/\/www.ufsm.br\/cursos\/pos-graduacao\/santa-maria\/ppgop\/wp-content\/uploads\/sites\/539\/2019\/02\/Daniel.jpg\" alt=\"\" width=\"206\" height=\"250\" \/><\/p>\n<p>Doutorado em Economia Aplicada\u00a0(Conceito CAPES 5). Universidade Federal de Vi\u00e7osa, UFV, Brasil.\u00a0<\/p>\n<p>Professor Adjunto do Departamento de Ci\u00eancias Administrativas e dos Programas de P\u00f3s-Gradua\u00e7\u00e3o em Administra\u00e7\u00e3o e em Gest\u00e3o de Organiza\u00e7\u00f5es P\u00fablicas da Universidade Federal de Santa Maria (UFSM). Atualmente \u00e9 bolsista de produtividade do Conselho Nacional de Desenvolvimento Cient\u00edfico e Tecnol\u00f3gico (CNPq), diretor da Editora da UFSM; editor associado da Revista Ci\u00eancia Rural; acad\u00eamico da Academia Santa-Mariense de Letras (ASL); membro do Comit\u00ea Assessor da \u00e1rea de Economia e Administra\u00e7\u00e3o da Funda\u00e7\u00e3o de Amparo \u00e0 Pesquisa do Estado do Rio Grande do Sul (FAPERGS), Secret\u00e1rio do Conselho Municipal de Cultura de Santa Maria e parecerista de peri\u00f3dicos internacionais e nacionais. Foi coordenador substituto do Curso de Administra\u00e7\u00e3o da UFSM (2011-2012); diretor da Sociedade Brasileira de Economia, Administra\u00e7\u00e3o e Sociologia Rural (2013-2015). \u00c9 doutor em Economia Aplicada pela Universidade Federal de Vi\u00e7osa (UFV); mestre em Agroneg\u00f3cios pela Universidade Federal do Rio Grande do Sul (UFRGS), bacharel em Administra\u00e7\u00e3o pela Universidade do Vale do Rio dos Sinos (UNISINOS) (CRA-RS, Registro: 047444) e em Ci\u00eancias Econ\u00f4micas pela UFSM (CORECON-RS, Registro: 7811). Suas pesquisas e orienta\u00e7\u00f5es s\u00e3o na \u00e1rea de Economia Internacional, Administra\u00e7\u00e3o P\u00fablica e Financeira, atuando principalmente nos seguintes temas: An\u00e1lise Econ\u00f4mica Brasileira; Pol\u00edtica Industrial e de Com\u00e9rcio Internacional; M\u00e9todos Quantitativos e Projetos de Investimento.<\/p>\n<p><strong>Linha de Pesquisa:\u00a0<\/strong><a href=\"http:\/\/coral.ufsm.br\/ppgop\/index.php\/programa\/linhas-pesquisa\/linha-ferramentas-controle\" target=\"_blank\" rel=\"noopener noreferrer\">Ferramentas de Avalia\u00e7\u00e3o e Controle da Gest\u00e3o P\u00fablica.<\/a><\/p>\n<p><strong>Principal \u00e1rea de interesse de pesquisa:\u00a0<\/strong>Rela\u00e7\u00f5es do Com\u00e9rcio; Pol\u00edtica Comercial; Integra\u00e7\u00e3o Econ\u00f4mica; Economia Brasileira; Desenvolvimento Econ\u00f4mico; Administra\u00e7\u00e3o Financeira; Administra\u00e7\u00e3o P\u00fablica.<\/p>\n<p><strong>Grupo de Pesquisa<\/strong>:<\/p>\n<ul>\n<li><a href=\"http:\/\/coral.ufsm.br\/ppgop\/index.php\/processo-seletivo\/infoprocessoseletivomenu\/20-cadastros\/projetos\/93-projeto-desenvolvimento-economico\" target=\"_blank\" rel=\"noopener noreferrer\">Gest\u00e3o p\u00fablica e desenvolvimento econ\u00f4mico<\/a><\/li>\n<\/ul>\n<p><strong>Regime:<\/strong>\u00a0DE \u2013 Dedica\u00e7\u00e3o Exclusiva<br \/><strong>Sala:\u00a0<\/strong>4206<br \/><strong>Contato:\u00a0<\/strong>(55) 32209259 \u2013 ramal: 26<br \/><strong>E-mail:<\/strong>\u00a0<span id=\"cloak9b12aa2b0f506c56716d46391a28179a\"><a href=\"mailto:daniel.coronel@uol.com.br\">daniel.coronel@uol.com.br<\/a><\/span><\/p>\n<p><strong>Disciplinas na Gradua\u00e7\u00e3o:\u00a0<br \/><\/strong>CAD1000 \u2013 INTRODU\u00c7\u00c3O \u00c0 CI\u00caNCIA DA ADMINISTRA\u00c7\u00c3O (CI\u00caNCIAS ECON\u00d4MICAS &#8211; NOTURNO)<\/p>\n<p><strong>Disciplinas no Mestrado Profissional:\u00a0<br \/><\/strong>CAD856 \u2013 DESENVOLVIMENTO ECON\u00d4MICO BRASILEIRO<\/p>\n<p><a href=\"http:\/\/lattes.cnpq.br\/9265604274170933\" target=\"_blank\" rel=\"noopener noreferrer\">CVLattes<\/a><\/p>\n<p>\u00a0<\/p>\n","protected":false},"excerpt":{"rendered":"<p>O objetivo deste projeto \u00e9 o de verificar o impacto da Reforma Gerencial do estado, iniciada no Governo Fernando Henrique Cardoso, nas organiza\u00e7\u00f5es p\u00fablicas tendo por base o modelo te\u00f3rico e anal\u00edtico formulado por Bresser-Pereira, o qual visava modernizar e dinamizar o servi\u00e7o p\u00fablico com base nos princ\u00edpios de efici\u00eancia e efic\u00e1cia. Neste sentido, ser\u00e3o [&hellip;]<\/p>\n","protected":false},"author":115,"featured_media":0,"parent":0,"menu_order":0,"comment_status":"closed","ping_status":"closed","template":"","meta":{"footnotes":""},"categories":[],"tags":[],"class_list":["post-243","page","type-page","status-publish","hentry"],"acf":[],"_links":{"self":[{"href":"https:\/\/www.ufsm.br\/cursos\/pos-graduacao\/santa-maria\/ppgop\/wp-json\/wp\/v2\/pages\/243","targetHints":{"allow":["GET"]}}],"collection":[{"href":"https:\/\/www.ufsm.br\/cursos\/pos-graduacao\/santa-maria\/ppgop\/wp-json\/wp\/v2\/pages"}],"about":[{"href":"https:\/\/www.ufsm.br\/cursos\/pos-graduacao\/santa-maria\/ppgop\/wp-json\/wp\/v2\/types\/page"}],"author":[{"embeddable":true,"href":"https:\/\/www.ufsm.br\/cursos\/pos-graduacao\/santa-maria\/ppgop\/wp-json\/wp\/v2\/users\/115"}],"replies":[{"embeddable":true,"href":"https:\/\/www.ufsm.br\/cursos\/pos-graduacao\/santa-maria\/ppgop\/wp-json\/wp\/v2\/comments?post=243"}],"version-history":[{"count":0,"href":"https:\/\/www.ufsm.br\/cursos\/pos-graduacao\/santa-maria\/ppgop\/wp-json\/wp\/v2\/pages\/243\/revisions"}],"wp:attachment":[{"href":"https:\/\/www.ufsm.br\/cursos\/pos-graduacao\/santa-maria\/ppgop\/wp-json\/wp\/v2\/media?parent=243"}],"wp:term":[{"taxonomy":"category","embeddable":true,"href":"https:\/\/www.ufsm.br\/cursos\/pos-graduacao\/santa-maria\/ppgop\/wp-json\/wp\/v2\/categories?post=243"},{"taxonomy":"post_tag","embeddable":true,"href":"https:\/\/www.ufsm.br\/cursos\/pos-graduacao\/santa-maria\/ppgop\/wp-json\/wp\/v2\/tags?post=243"}],"curies":[{"name":"wp","href":"https:\/\/api.w.org\/{rel}","templated":true}]}}