{"id":249,"date":"2019-02-26T10:28:32","date_gmt":"2019-02-26T13:28:32","guid":{"rendered":"https:\/\/www.ufsm.br\/cursos\/pos-graduacao\/santa-maria\/ppgop\/?page_id=249"},"modified":"2019-02-26T10:28:35","modified_gmt":"2019-02-26T13:28:35","slug":"sistemas-de-governanca-publica","status":"publish","type":"page","link":"https:\/\/www.ufsm.br\/cursos\/pos-graduacao\/santa-maria\/ppgop\/sistemas-de-governanca-publica","title":{"rendered":"Sistemas de governan\u00e7a p\u00fablica"},"content":{"rendered":"\n<p>Segundo Shah (2006, p. 5) existem cinco perspectivas sobre modelos e pap\u00e9is de governo local: (a) federalismo fiscal tradicional, (b) nova administra\u00e7\u00e3o p\u00fablica (NPM), (c) escolha p\u00fablica, (d) nova economia institucional (new institutional economics &#8211; NIE) e (e) redes de governan\u00e7a local. O federalismo e a NPM est\u00e3o preocupados com as falhas do mercado e como entregar servi\u00e7os p\u00fablicos de forma eficiente e justa. A escolha p\u00fablica e NIE est\u00e3o preocupadas com as falhas do governo. A perspectiva das redes de governan\u00e7a (network theory) preocupa-se com os arranjos institucionais a fim de superar tanto as falhas de mercado quanto as de governo. Bresser Pereira (1998, p. 33) conceitua governan\u00e7a como ?&#8230;a capacidade financeira e administrativa, em sentido amplo, de um governo implementar suas pol\u00edticas?, um conceito mais institucionalista de governan\u00e7a se comparado ao de Kickert, Klijn &amp; Koppenjan in Saarelainen (2006) que definem gest\u00e3o em rede como ?uma forma de coordena\u00e7\u00e3o de estrat\u00e9gias de atores com diferentes metas em rela\u00e7\u00e3o a certos problemas ou medidas pol\u00edticas dentro de uma estrutura de relacionamentos interorganizacionais.? O objetivo do projeto consiste em levantar evid\u00eancias espec\u00edficas dos sistemas de governan\u00e7a (regional, local, organizacional), tais como, o arranjo institucional \u00e0 luz da legisla\u00e7\u00e3o, bem como, evidenciar quais solu\u00e7\u00f5es foram desenvolvidas a fim de combater falhas de mercado e de governo no fornecimento de servi\u00e7os p\u00fablicos.<\/p>\n<p><img decoding=\"async\" class=\"alignnone size-full wp-image-250\" src=\"https:\/\/www.ufsm.br\/cursos\/pos-graduacao\/santa-maria\/ppgop\/wp-content\/uploads\/sites\/539\/2019\/02\/Pigatto.jpg\" alt=\"\" width=\"171\" height=\"233\" \/><\/p>\n<p>Doutorado em Integra\u00e7\u00e3o da Am\u00e9rica Latina pela Universidade de S\u00e3o Paulo, Brasil (2010) Professor Adjunto da Universidade Federal de Santa Maria, Brasil.\u00a0<\/p>\n<p>Atualmente \u00e9 Professor Adjunto da Universidade Federal de Santa Maria. Doutor em Ci\u00eancias pelo PROLAM\/ USP (2010); mestre Controladoria e Contabilidade pela FEA\/ USP (2004) e graduado em Ci\u00eancias Cont\u00e1beis pela FEA\/ USP (1999).<\/p>\n<p><strong>Linha de Pesquisa:\u00a0<\/strong><a href=\"http:\/\/coral.ufsm.br\/ppgop\/index.php\/programa\/linhas-pesquisa\/linha-ferramentas-controle\" target=\"_blank\" rel=\"noopener noreferrer\">Ferramentas de Avalia\u00e7\u00e3o e Controle da Gest\u00e3o P\u00fablica<\/a>.<\/p>\n<p><strong>Principal \u00e1rea de interesse de pesquisa:\u00a0<\/strong>Contabilidade e Finan\u00e7as P\u00fablicas; Pol\u00edtica e Planejamento Governamentais; Administra\u00e7\u00e3o Financeira.<\/p>\n<p><strong>Grupo de Pesquisa<\/strong>:<\/p>\n<ul>\n<li><a href=\"http:\/\/coral.ufsm.br\/ppgop\/index.php\/pessoas\/docentes\/20-cadastros\/projetos\/161-sistemas-governanca-publica\" target=\"_blank\" rel=\"noopener noreferrer\">Sistemas de governan\u00e7a p\u00fablica<\/a><\/li>\n<\/ul>\n<p><strong>Regime:<\/strong>\u00a0DE \u2013 Dedica\u00e7\u00e3o Exclusiva<br \/><strong>Sala:\u00a0<\/strong>Depto Ci\u00eancias Cont\u00e1beis<br \/><strong>Contato:\u00a0<\/strong>(55) 32209298<br \/><strong>E-mail:<\/strong>\u00a0<span id=\"cloak273982ba8e27b698efc6d6c987d05432\"><a href=\"mailto:pigatto71@gmail.com\">pigatto71@gmail.com<\/a><\/span><\/p>\n<p><strong>Disciplinas na Gradua\u00e7\u00e3o:\u00a0<br \/><\/strong>CTB1078 \u2013 CONTABILIDADE \u201cA\u201d<\/p>\n<p>CTB1081 \u2013 CONTABILIDADE \u201cB\u201d<\/p>\n<p>CTB1100 \u2013 FINAN\u00c7AS EMPRESARIAIS \u201cA\u201d<\/p>\n<p><a href=\"http:\/\/lattes.cnpq.br\/4721687411214673\" target=\"_blank\" rel=\"noopener noreferrer\">CVLattes<\/a><\/p>\n","protected":false},"excerpt":{"rendered":"<p>Segundo Shah (2006, p. 5) existem cinco perspectivas sobre modelos e pap\u00e9is de governo local: (a) federalismo fiscal tradicional, (b) nova administra\u00e7\u00e3o p\u00fablica (NPM), (c) escolha p\u00fablica, (d) nova economia institucional (new institutional economics &#8211; NIE) e (e) redes de governan\u00e7a local. O federalismo e a NPM est\u00e3o preocupados com as falhas do mercado e [&hellip;]<\/p>\n","protected":false},"author":115,"featured_media":0,"parent":0,"menu_order":0,"comment_status":"closed","ping_status":"closed","template":"","meta":{"footnotes":""},"categories":[],"tags":[],"class_list":["post-249","page","type-page","status-publish","hentry"],"acf":[],"_links":{"self":[{"href":"https:\/\/www.ufsm.br\/cursos\/pos-graduacao\/santa-maria\/ppgop\/wp-json\/wp\/v2\/pages\/249","targetHints":{"allow":["GET"]}}],"collection":[{"href":"https:\/\/www.ufsm.br\/cursos\/pos-graduacao\/santa-maria\/ppgop\/wp-json\/wp\/v2\/pages"}],"about":[{"href":"https:\/\/www.ufsm.br\/cursos\/pos-graduacao\/santa-maria\/ppgop\/wp-json\/wp\/v2\/types\/page"}],"author":[{"embeddable":true,"href":"https:\/\/www.ufsm.br\/cursos\/pos-graduacao\/santa-maria\/ppgop\/wp-json\/wp\/v2\/users\/115"}],"replies":[{"embeddable":true,"href":"https:\/\/www.ufsm.br\/cursos\/pos-graduacao\/santa-maria\/ppgop\/wp-json\/wp\/v2\/comments?post=249"}],"version-history":[{"count":0,"href":"https:\/\/www.ufsm.br\/cursos\/pos-graduacao\/santa-maria\/ppgop\/wp-json\/wp\/v2\/pages\/249\/revisions"}],"wp:attachment":[{"href":"https:\/\/www.ufsm.br\/cursos\/pos-graduacao\/santa-maria\/ppgop\/wp-json\/wp\/v2\/media?parent=249"}],"wp:term":[{"taxonomy":"category","embeddable":true,"href":"https:\/\/www.ufsm.br\/cursos\/pos-graduacao\/santa-maria\/ppgop\/wp-json\/wp\/v2\/categories?post=249"},{"taxonomy":"post_tag","embeddable":true,"href":"https:\/\/www.ufsm.br\/cursos\/pos-graduacao\/santa-maria\/ppgop\/wp-json\/wp\/v2\/tags?post=249"}],"curies":[{"name":"wp","href":"https:\/\/api.w.org\/{rel}","templated":true}]}}