{"id":251,"date":"2019-02-26T10:29:27","date_gmt":"2019-02-26T13:29:27","guid":{"rendered":"https:\/\/www.ufsm.br\/cursos\/pos-graduacao\/santa-maria\/ppgop\/?page_id=251"},"modified":"2019-02-26T10:29:29","modified_gmt":"2019-02-26T13:29:29","slug":"ferramentas-de-avaliacao-e-controle-da-gestao-publica","status":"publish","type":"page","link":"https:\/\/www.ufsm.br\/cursos\/pos-graduacao\/santa-maria\/ppgop\/ferramentas-de-avaliacao-e-controle-da-gestao-publica","title":{"rendered":"Ferramentas de Avalia\u00e7\u00e3o e Controle da Gest\u00e3o P\u00fablica"},"content":{"rendered":"\n<p>Doutorado em Economia Aplicada pela Escola Superior de Agricultura &#8220;Luiz de Queiroz&#8221;, Brasil (2013).<\/p>\n<p>Atualmente \u00e9 Professora Adjunta no Departamento de Economia e Rela\u00e7\u00f5es Internacionais, Professora permanente no Programa de P\u00f3s-Gradua\u00e7\u00e3o em Gest\u00e3o de Organiza\u00e7\u00f5es P\u00fablicas e colaboradora no Programa de P\u00f3s-Gradua\u00e7\u00e3o em Economia e Desenvolvimento na Universidade Federal de Santa Maria. Doutora (2013) e Mestre (2009) em Economia Aplicada pela Escola Superior de Agricultura &#8220;Luiz de Queiroz&#8221; \u2013 ESALQ\/USP. Possui gradua\u00e7\u00e3o em Ci\u00eancias Econ\u00f4micas pela Universidade Federal de Santa Maria (2007). Atua principalmente nos seguintes temas: economia social, econometria aplicada e administra\u00e7\u00e3o p\u00fablica.<\/p>\n<p><strong>Linha de Pesquisa:<\/strong>\u00a0<a href=\"http:\/\/coral.ufsm.br\/ppgop\/index.php\/programa\/linhas-pesquisa\/linha-ferramentas-controle\" target=\"_blank\" rel=\"noopener noreferrer\">Ferramentas de Avalia\u00e7\u00e3o e Controle da Gest\u00e3o P\u00fablica<\/a><\/p>\n<p><strong>Principal \u00e1rea de interesse de pesquisa:<\/strong>\u00a0Economia; Economia do Bem-Estar Social; Economia da Educa\u00e7\u00e3o; M\u00e9todos e Modelos Matem\u00e1ticos, Econom\u00e9tricos e Estat\u00edsticos; Econometria Aplicada.<\/p>\n<p><strong>Grupo de Pesquisa<\/strong>:<\/p>\n<ul>\n<li>Avalia\u00e7\u00e3o de Pol\u00edticas P\u00fablicas e Projetos Sociais<\/li>\n<\/ul>\n<p><strong>Regime:<\/strong>\u00a0DE \u2013 Dedica\u00e7\u00e3o Exclusiva<br \/><strong>Sala:\u00a0<\/strong>Depto de Economia e Rela\u00e7\u00f5es Internacionais \u2013 Sl. 4235 pr\u00e9dio 74C<br \/><strong>Contato:\u00a0<\/strong>(55) 3320 9295<br \/><strong>E-mail:<\/strong>\u00a0<span id=\"cloak6eb9534883a9e3d083a152c503ee7938\"><a href=\"mailto:kalincabecker@gmail.com\">kalincabecker@gmail.com<\/a><\/span><\/p>\n<p><strong>Disciplinas na Gradua\u00e7\u00e3o:\u00a0<\/strong><strong><br \/><br \/><\/strong><\/p>\n<p><a href=\"http:\/\/lattes.cnpq.br\/9082069520269585\">CVLattes<\/a><\/p>\n","protected":false},"excerpt":{"rendered":"<p>Doutorado em Economia Aplicada pela Escola Superior de Agricultura &#8220;Luiz de Queiroz&#8221;, Brasil (2013). Atualmente \u00e9 Professora Adjunta no Departamento de Economia e Rela\u00e7\u00f5es Internacionais, Professora permanente no Programa de P\u00f3s-Gradua\u00e7\u00e3o em Gest\u00e3o de Organiza\u00e7\u00f5es P\u00fablicas e colaboradora no Programa de P\u00f3s-Gradua\u00e7\u00e3o em Economia e Desenvolvimento na Universidade Federal de Santa Maria. Doutora (2013) e [&hellip;]<\/p>\n","protected":false},"author":115,"featured_media":0,"parent":0,"menu_order":0,"comment_status":"closed","ping_status":"closed","template":"","meta":{"footnotes":""},"categories":[],"tags":[],"class_list":["post-251","page","type-page","status-publish","hentry"],"acf":[],"_links":{"self":[{"href":"https:\/\/www.ufsm.br\/cursos\/pos-graduacao\/santa-maria\/ppgop\/wp-json\/wp\/v2\/pages\/251","targetHints":{"allow":["GET"]}}],"collection":[{"href":"https:\/\/www.ufsm.br\/cursos\/pos-graduacao\/santa-maria\/ppgop\/wp-json\/wp\/v2\/pages"}],"about":[{"href":"https:\/\/www.ufsm.br\/cursos\/pos-graduacao\/santa-maria\/ppgop\/wp-json\/wp\/v2\/types\/page"}],"author":[{"embeddable":true,"href":"https:\/\/www.ufsm.br\/cursos\/pos-graduacao\/santa-maria\/ppgop\/wp-json\/wp\/v2\/users\/115"}],"replies":[{"embeddable":true,"href":"https:\/\/www.ufsm.br\/cursos\/pos-graduacao\/santa-maria\/ppgop\/wp-json\/wp\/v2\/comments?post=251"}],"version-history":[{"count":0,"href":"https:\/\/www.ufsm.br\/cursos\/pos-graduacao\/santa-maria\/ppgop\/wp-json\/wp\/v2\/pages\/251\/revisions"}],"wp:attachment":[{"href":"https:\/\/www.ufsm.br\/cursos\/pos-graduacao\/santa-maria\/ppgop\/wp-json\/wp\/v2\/media?parent=251"}],"wp:term":[{"taxonomy":"category","embeddable":true,"href":"https:\/\/www.ufsm.br\/cursos\/pos-graduacao\/santa-maria\/ppgop\/wp-json\/wp\/v2\/categories?post=251"},{"taxonomy":"post_tag","embeddable":true,"href":"https:\/\/www.ufsm.br\/cursos\/pos-graduacao\/santa-maria\/ppgop\/wp-json\/wp\/v2\/tags?post=251"}],"curies":[{"name":"wp","href":"https:\/\/api.w.org\/{rel}","templated":true}]}}