{"id":289,"date":"2019-02-26T12:13:26","date_gmt":"2019-02-26T15:13:26","guid":{"rendered":"https:\/\/www.ufsm.br\/cursos\/pos-graduacao\/santa-maria\/ppgop\/?page_id=289"},"modified":"2025-12-02T09:51:39","modified_gmt":"2025-12-02T12:51:39","slug":"informacoes-discentes","status":"publish","type":"page","link":"https:\/\/www.ufsm.br\/cursos\/pos-graduacao\/santa-maria\/ppgop\/informacoes-discentes","title":{"rendered":"Processo Seletivo 2026"},"content":{"rendered":"<p style=\"text-align: justify\">A Coordena\u00e7\u00e3o do PPGOP divulga informa\u00e7\u00f5es sobre o ingresso no nos cursos de Mestrado e de Doutorado em 2026, atrav\u00e9s do edital\u00a0030\/2025 (https:\/\/www.ufsm.br\/pro-reitorias\/prpgp\/editais\/030-2025).<\/p>\n<p style=\"text-align: justify\"><strong>Aten\u00e7\u00e3o:<\/strong>\u00a0Processo seletivo \u2013\u00a0 \u00a0A Coordena\u00e7\u00e3o do PPGOP divulga que as entrevistas ser\u00e3o no formato online.<\/p>\n\n<table style=\"border-collapse: collapse;width: 105.525%;height: 725px\">\n<tbody>\n<tr style=\"height: 23px\">\n<td style=\"width: 100%;height: 23px\">Edital GERAL: (<a href=\"https:\/\/www.ufsm.br\/pro-reitorias\/prpgp\/editais\/030-2025\">https:\/\/www.ufsm.br\/pro-reitorias\/prpgp\/editais\/030-2025<\/a>)<\/td>\n<\/tr>\n<tr style=\"height: 23px\">\n<td style=\"width: 100%;height: 23px\"><\/td>\n<\/tr>\n<tr style=\"height: 23px\">\n<td style=\"width: 100%;height: 23px\"><strong>Editais Espec\u00edficos<\/strong><strong>:<\/strong><\/td>\n<\/tr>\n<tr style=\"height: 23px\">\n<td style=\"width: 100%;height: 23px\"><\/td>\n<\/tr>\n<tr style=\"height: 118px\">\n<td style=\"width: 100%;height: 118px\"><strong>\u00a01. Edital do Doutorado Ampla Concorr\u00eancia<\/strong> \u2013 conferir\u00a0(<a href=\"https:\/\/www.ufsm.br\/app\/uploads\/sites\/345\/2025\/08\/DOUT_GESTORGPUB_030_2025.pdf\"><u>https:\/\/www.ufsm.br\/app\/uploads\/sites\/345\/2025\/08\/DOUT_GESTORGPUB_030_2025.pdf<\/u><\/a>)\n<ul>\n \t<li>Cronograma e vagas: (<a href=\"https:\/\/www.ufsm.br\/app\/uploads\/sites\/345\/2025\/08\/DOUT_GESTORGPUB_1J_030_2025.pdf\">https:\/\/www.ufsm.br\/app\/uploads\/sites\/345\/2025\/08\/DOUT_GESTORGPUB_1J_030_2025.pdf<\/a>)<\/li>\n \t<li><strong><a href=\"https:\/\/www.ufsm.br\/app\/uploads\/sites\/539\/2025\/10\/Ficha-de-Avaliacao-em-doc.docx\">Ficha de Avalia\u00e7\u00e3o em doc<\/a><\/strong><\/li>\n \t<li><strong><a href=\"https:\/\/www.ufsm.br\/app\/uploads\/sites\/539\/2025\/10\/Anexo-2-MODELO-DE-MEMORIAL-DO-CANDIDATO.docx\">Anexo-2-MODELO-DE-MEMORIAL-DO-CANDIDATO<\/a><\/strong><\/li>\n \t<li><a href=\"https:\/\/www.ufsm.br\/app\/uploads\/sites\/539\/2025\/12\/Planilha-Doutorado-Geral-resultado-do-processo-seletivo.pdf\">Planilha Doutorado Geral &#8211; resultado do processo seletivo<\/a><\/li>\n<\/ul>\n<\/td>\n<\/tr>\n<tr style=\"height: 23px\">\n<td style=\"width: 100%;height: 23px\"><\/td>\n<\/tr>\n<tr style=\"height: 118px\">\n<td style=\"width: 100%;height: 118px\"><strong>\u00a02. Edital do Doutorado \u2013 Servidores IFFAR<\/strong> \u2013 conferir(<a href=\"https:\/\/www.ufsm.br\/app\/uploads\/sites\/345\/2025\/08\/DOUT_GESTORGPUB_IFFAR_030_2025.pdf\">https:\/\/www.ufsm.br\/app\/uploads\/sites\/345\/2025\/08\/DOUT_GESTORGPUB_IFFAR_030_2025.pdf<\/a>)\n<ul>\n \t<li>Cronograma e vagas: (<a href=\"https:\/\/www.ufsm.br\/app\/uploads\/sites\/345\/2025\/08\/DOUT_GESTORGPUB_IFFAR_1J_030_2025.pdf\">https:\/\/www.ufsm.br\/app\/uploads\/sites\/345\/2025\/08\/DOUT_GESTORGPUB_IFFAR_1J_030_2025.pdf<\/a>)<\/li>\n \t<li><strong><a href=\"https:\/\/www.ufsm.br\/app\/uploads\/sites\/539\/2025\/10\/Ficha-de-Avaliacao-em-doc.docx\">Ficha de Avalia\u00e7\u00e3o em doc<\/a><\/strong><\/li>\n \t<li><strong><a href=\"https:\/\/www.ufsm.br\/app\/uploads\/sites\/539\/2025\/10\/Anexo-2-MODELO-DE-MEMORIAL-DO-CANDIDATO.docx\">Anexo-2-MODELO-DE-MEMORIAL-DO-CANDIDATO<\/a><\/strong><\/li>\n \t<li><a href=\"https:\/\/www.ufsm.br\/app\/uploads\/sites\/539\/2025\/12\/Planilha-Doutorado-IFFAR-resultado-do-processo-seletivo.pdf\">Planilha Doutorado IFFAR &#8211; resultado do processo seletivo<\/a><\/li>\n<\/ul>\n<\/td>\n<\/tr>\n<tr style=\"height: 23px\">\n<td style=\"width: 100%;height: 23px\"><\/td>\n<\/tr>\n<tr style=\"height: 118px\">\n<td style=\"width: 100%;height: 118px\"><strong>\u00a03. Edital do Mestrado Ampla Concorr\u00eancia<\/strong> \u2013 conferir(<a href=\"https:\/\/www.ufsm.br\/app\/uploads\/sites\/345\/2025\/08\/MEST_GESTORGPUB_030_2025.pdf\"><u>https:\/\/www.ufsm.br\/app\/uploads\/sites\/345\/2025\/08\/MEST_GESTORGPUB_030_2025.pdf<\/u><\/a>)\n<ul>\n \t<li>Cronograma e vagas: <a href=\"https:\/\/www.ufsm.br\/app\/uploads\/sites\/345\/2025\/08\/MEST_GESTORGPUB_1J_030_2025.pdf\">https:\/\/www.ufsm.br\/app\/uploads\/sites\/345\/2025\/08\/MEST_GESTORGPUB_1J_030_2025.pdf<\/a><\/li>\n \t<li><strong><a href=\"https:\/\/www.ufsm.br\/app\/uploads\/sites\/539\/2025\/10\/Ficha-de-Avaliacao-em-doc.docx\">Ficha de Avalia\u00e7\u00e3o em doc<\/a><\/strong><\/li>\n \t<li><strong><a href=\"https:\/\/www.ufsm.br\/app\/uploads\/sites\/539\/2025\/10\/Anexo-2-MODELO-DE-MEMORIAL-DO-CANDIDATO.docx\">Anexo-2-MODELO-DE-MEMORIAL-DO-CANDIDATO<\/a><\/strong><\/li>\n \t<li><a href=\"https:\/\/www.ufsm.br\/app\/uploads\/sites\/539\/2025\/12\/Planilha-Mestrado-Geral-resultado-do-processo-seletivo.pdf\">Planilha Mestrado Geral &#8211; resultado do processo seletivo<\/a><\/li>\n<\/ul>\n<\/td>\n<\/tr>\n<tr style=\"height: 23px\">\n<td style=\"width: 100%;height: 23px\"><strong>\u00a0<\/strong><\/td>\n<\/tr>\n<tr style=\"height: 118px\">\n<td style=\"width: 100%;height: 118px\"><strong>\u00a04. Edital do Mestrado \u2013 Servidores da UFSM fora de sede<\/strong> \u2013 conferir (<a href=\"https:\/\/www.ufsm.br\/app\/uploads\/sites\/345\/2025\/08\/MEST_GESTORGPUB_FORASEDE_030_2025.pdf\"><u>MEST_GESTORGPUB_FORASEDE_030_2025.pdf<\/u><\/a>)\n<ul>\n \t<li>Cronograma e vagas: <a href=\"https:\/\/www.ufsm.br\/app\/uploads\/sites\/345\/2025\/08\/MEST_GESTORGPUB_FORASEDE_1J_030_2025.pdf\"><u>https:\/\/www.ufsm.br\/app\/uploads\/sites\/345\/2025\/08\/MEST_GESTORGPUB_FORASEDE_1J_030_2025.pdf<\/u><\/a><\/li>\n \t<li><strong><a href=\"https:\/\/www.ufsm.br\/app\/uploads\/sites\/539\/2025\/10\/Ficha-de-Avaliacao-em-doc.docx\">Ficha de Avalia\u00e7\u00e3o em doc<\/a><\/strong><\/li>\n \t<li><strong><a href=\"https:\/\/www.ufsm.br\/app\/uploads\/sites\/539\/2025\/10\/Anexo-2-MODELO-DE-MEMORIAL-DO-CANDIDATO.docx\">Anexo-2-MODELO-DE-MEMORIAL-DO-CANDIDATO<\/a><\/strong><\/li>\n \t<li><a href=\"https:\/\/www.ufsm.br\/app\/uploads\/sites\/539\/2025\/12\/Planilha-Mestrado-UFSM-resultado-do-processo-seletivo.pdf\">Planilha Mestrado UFSM &#8211; resultado do processo seletivo<\/a><\/li>\n<\/ul>\n<\/td>\n<\/tr>\n<\/tbody>\n<\/table>\n<figure><\/figure>\n<!-- \/wp:post-content -->\n\n<!-- wp:tadv\/classic-paragraph \/-->\n\n<!-- wp:tadv\/classic-paragraph -->\n<table class=\"table table-striped arquivos\">\n<tbody>\n<tr class=\"edital-tr-link hide-link\">\n<td><a href=\"https:\/\/www.ufsm.br\/app\/uploads\/sites\/345\/2025\/09\/RELAC_PREV_INSCRI_2025_030.pdf\" target=\"\">Rela\u00e7\u00e3o pr\u00e9via de inscritos site da PRPGP<\/a><\/td>\n<td><a class=\"tipo-link small\" title=\"Filtrar apenas arquivos com o tipo Link\" href=\"https:\/\/www.ufsm.br\/cursos\/pos-graduacao\/santa-maria\/ppgp\/editais\/030-2025?tipo=link\">Link<\/a><\/td>\n<td class=\"data-edital\"><span class=\"data-publicacao-widget small\">31\/10\/2025\n09:30<\/span><\/td>\n<\/tr>\n<tr>\n<td><a href=\"https:\/\/www.ufsm.br\/app\/uploads\/sites\/539\/2025\/11\/RELAC_FINAL_INSCRI_2025_030.pdf\">Rela\u00e7\u00e3o final Inscritos site da PRPGP<\/a><\/td>\n<td><a href=\"https:\/\/www.ufsm.br\/app\/uploads\/sites\/539\/2025\/11\/RELAC_FINAL_INSCRI_2025_030.pdf\">Link<\/a><\/td>\n<td><span class=\"data-publicacao-widget small\">\u00a0<\/span><\/td>\n<\/tr>\n<\/tbody>\n<\/table>\n<!-- \/wp:tadv\/classic-paragraph -->\n\n<!-- wp:tadv\/classic-paragraph \/-->","protected":false},"excerpt":{"rendered":"<p>A Coordena\u00e7\u00e3o do PPGOP divulga informa\u00e7\u00f5es sobre o ingresso no nos cursos de Mestrado e de Doutorado em 2026, atrav\u00e9s do edital\u00a0030\/2025 (https:\/\/www.ufsm.br\/pro-reitorias\/prpgp\/editais\/030-2025). Aten\u00e7\u00e3o:\u00a0Processo seletivo \u2013\u00a0 \u00a0A Coordena\u00e7\u00e3o do PPGOP divulga que as entrevistas ser\u00e3o no formato online. Edital GERAL: (https:\/\/www.ufsm.br\/pro-reitorias\/prpgp\/editais\/030-2025) Editais Espec\u00edficos: \u00a01. Edital do Doutorado Ampla Concorr\u00eancia \u2013 conferir\u00a0(https:\/\/www.ufsm.br\/app\/uploads\/sites\/345\/2025\/08\/DOUT_GESTORGPUB_030_2025.pdf) Cronograma e vagas: (https:\/\/www.ufsm.br\/app\/uploads\/sites\/345\/2025\/08\/DOUT_GESTORGPUB_1J_030_2025.pdf) [&hellip;]<\/p>\n","protected":false},"author":115,"featured_media":0,"parent":0,"menu_order":0,"comment_status":"closed","ping_status":"closed","template":"","meta":{"footnotes":""},"categories":[9,2],"tags":[],"class_list":["post-289","page","type-page","status-publish","hentry","category-destaques","category-noticias"],"acf":[],"_links":{"self":[{"href":"https:\/\/www.ufsm.br\/cursos\/pos-graduacao\/santa-maria\/ppgop\/wp-json\/wp\/v2\/pages\/289","targetHints":{"allow":["GET"]}}],"collection":[{"href":"https:\/\/www.ufsm.br\/cursos\/pos-graduacao\/santa-maria\/ppgop\/wp-json\/wp\/v2\/pages"}],"about":[{"href":"https:\/\/www.ufsm.br\/cursos\/pos-graduacao\/santa-maria\/ppgop\/wp-json\/wp\/v2\/types\/page"}],"author":[{"embeddable":true,"href":"https:\/\/www.ufsm.br\/cursos\/pos-graduacao\/santa-maria\/ppgop\/wp-json\/wp\/v2\/users\/115"}],"replies":[{"embeddable":true,"href":"https:\/\/www.ufsm.br\/cursos\/pos-graduacao\/santa-maria\/ppgop\/wp-json\/wp\/v2\/comments?post=289"}],"version-history":[{"count":0,"href":"https:\/\/www.ufsm.br\/cursos\/pos-graduacao\/santa-maria\/ppgop\/wp-json\/wp\/v2\/pages\/289\/revisions"}],"wp:attachment":[{"href":"https:\/\/www.ufsm.br\/cursos\/pos-graduacao\/santa-maria\/ppgop\/wp-json\/wp\/v2\/media?parent=289"}],"wp:term":[{"taxonomy":"category","embeddable":true,"href":"https:\/\/www.ufsm.br\/cursos\/pos-graduacao\/santa-maria\/ppgop\/wp-json\/wp\/v2\/categories?post=289"},{"taxonomy":"post_tag","embeddable":true,"href":"https:\/\/www.ufsm.br\/cursos\/pos-graduacao\/santa-maria\/ppgop\/wp-json\/wp\/v2\/tags?post=289"}],"curies":[{"name":"wp","href":"https:\/\/api.w.org\/{rel}","templated":true}]}}