{"id":295,"date":"2019-02-26T12:19:42","date_gmt":"2019-02-26T15:19:42","guid":{"rendered":"https:\/\/www.ufsm.br\/cursos\/pos-graduacao\/santa-maria\/ppgop\/?page_id=295"},"modified":"2025-03-06T09:37:24","modified_gmt":"2025-03-06T12:37:24","slug":"instrucoes-aos-alunos","status":"publish","type":"page","link":"https:\/\/www.ufsm.br\/cursos\/pos-graduacao\/santa-maria\/ppgop\/instrucoes-aos-alunos","title":{"rendered":"Instru\u00e7\u00f5es aos alunos"},"content":{"rendered":"\t\t<div data-elementor-type=\"wp-page\" data-elementor-id=\"295\" class=\"elementor elementor-295\">\n\t\t\t\t\t\t<section class=\"elementor-section elementor-top-section elementor-element elementor-element-566de6a4 elementor-section-boxed elementor-section-height-default elementor-section-height-default\" data-id=\"566de6a4\" data-element_type=\"section\">\n\t\t\t\t\t\t<div class=\"elementor-container elementor-column-gap-default\">\n\t\t\t\t\t<div class=\"elementor-column elementor-col-100 elementor-top-column elementor-element elementor-element-174c60e8\" data-id=\"174c60e8\" data-element_type=\"column\">\n\t\t\t<div class=\"elementor-widget-wrap elementor-element-populated\">\n\t\t\t\t\t\t<div class=\"elementor-element elementor-element-262dafd3 elementor-widget elementor-widget-text-editor\" data-id=\"262dafd3\" data-element_type=\"widget\" data-widget_type=\"text-editor.default\">\n\t\t\t\t<div class=\"elementor-widget-container\">\n\t\t\t\t\t\t\t<p>\u00a0<\/p>\n<p style=\"text-align: center\"><strong>INSTRU\u00c7\u00d5ES PARA ALUNOS<\/strong><\/p>\n<p style=\"text-align: center\"><strong>Programa de P\u00f3s-Gradua\u00e7\u00e3o em Gest\u00e3o de Organiza\u00e7\u00f5es P\u00fablicas da UFSM<\/strong><\/p>\n<p style=\"text-align: justify\">\u00a0 \u00a0 \u00a0 \u00a0 Nesta se\u00e7\u00e3o de instru\u00e7\u00f5es o(a) estudante de P\u00f3s-Gradua\u00e7\u00e3o em Gest\u00e3o de Organiza\u00e7\u00f5es P\u00fablicas ter\u00e1 acesso \u00e0s principais informa\u00e7\u00f5es e procedimentos necess\u00e1rios \u00e0 vida acad\u00eamica, do primeiro ao \u00faltimo semestre dos cursos de mestrado e doutorado. Para tanto, encontram-se listadas abaixo (em formato de link) as situa\u00e7\u00f5es mais comuns que suscitam d\u00favidas entre o corpo discente. Para acessar o conte\u00fado, basta escolher o tema da d\u00favida na lista do quadro resumo.<\/p>\n<h3><strong>\u00a0 \u00a0 \u00a0 \u00a0 \u00a0 \u00a0 A<\/strong><b>ten\u00e7\u00e3o<\/b><\/h3>\n<ol>\n<li style=\"text-align: justify\">A maioria dos processos listados, referentes \u00e0 vida acad\u00eamica, s\u00e3o realizados via\u00a0<b>sistema eletr\u00f4nico PEN SIE<\/b>. Para ter acesso ao sistema\u00a0<b>\u00e9 preciso criar a Assinatura Eletr\u00f4nica<\/b>, conforme\u00a0<a href=\"https:\/\/www.ufsm.br\/orgaos-suplementares\/dag\/pen\/apoio-ao-usuario\/tutorial-assinatura-do-termo-de-concordancia-assinatura-eletronica-cadastrada-no-sie\" target=\"_blank\" rel=\"noopener\">tutorial<\/a>.<\/li>\n<li style=\"text-align: justify\"><strong>Processos:\u00a0<\/strong>\u00c9<strong>\u00a0de responsabilidade discente a abertura, on line, do Plano de Estudos. Sua atualiza\u00e7\u00e3o \u00e9 requisito para matr\u00edcula, qualifica\u00e7\u00e3o e defesa. \u00c9 o elemento que vincula discentes \u00e0 rela\u00e7\u00e3o de orienta\u00e7\u00e3o com docentes.<\/strong><\/li>\n<li>\n<div style=\"text-align: justify\"><b>Importante:<\/b>\u00a0cabe ao aluno\/mestrando providenciar o agendamento de uma sala para defesa junto ao Laborat\u00f3rio de Inform\u00e1tica, pr\u00e9dio 74C.\u00a0\u00a0<\/div>\n<div style=\"text-align: justify\">A simples coloca\u00e7\u00e3o de um n\u00famero de sala no Formul\u00e1rio de Defesa n\u00e3o garante a sala, pois n\u00e3o cabe a secretaria de p\u00f3s marcar a sala. Essa marca\u00e7\u00e3o deve ser providenciada pessoalmente pelo aluno junto ao lab de inform\u00e1tica.<\/div>\n<\/li>\n<\/ol>\n<table style=\"border-style: solid;border-color: #140202\">\n<tbody>\n<tr>\n<td style=\"border-style: solid;border-color: #140202;text-align: center;background-color: #39abdb\">\n<h4><strong>Procedimento \/ Solicita\u00e7\u00e3o<\/strong><\/h4>\n<\/td>\n<td style=\"border-style: solid;border-color: #140202;text-align: center;background-color: #39abdb\">\n<h4><strong>Como inicia a solicita\u00e7\u00e3o ou o processo?<\/strong><\/h4>\n<\/td>\n<\/tr>\n<tr>\n<td style=\"border-style: solid;border-color: #140202\"><strong>\u00a0\u00a001.\u00a0<a href=\"https:\/\/www.ufsm.br\/cursos\/pos-graduacao\/santa-maria\/poscom\/matricula\">Matricula<\/a><\/strong><strong><br \/><\/strong><\/td>\n<td style=\"text-align: justify;border-style: solid;border-color: #140202\">Online, matr\u00edcula ser\u00e1 a cada per\u00edodo letivo, de acordo com o Calend\u00e1rio Acad\u00eamico da UFSM,\u00a0<a href=\"https:\/\/portal.ufsm.br\/aluno\/\">via portal do aluno<\/a>.<\/td>\n<\/tr>\n<tr>\n<td style=\"border-style: solid;border-color: #140202\">\n<p><strong>\u00a0\u00a0 02. <a href=\"https:\/\/www.ufsm.br\/cursos\/pos-graduacao\/santa-maria\/ppgapublica\/instrucoes-sobre-plano-de-estudos\" target=\"_blank\" rel=\"noopener\">Elabora\u00e7\u00e3o do Plano de Estudos<\/a><\/strong><\/p>\n<ul>\n<li style=\"text-align: justify\">\u00c9 de responsabilidade discente a abertura, on line, do Plano de Estudos. Sua atualiza\u00e7\u00e3o \u00e9 requisito para matr\u00edcula, qualifica\u00e7\u00e3o e defesa. \u00c9 o elemento que vincula discentes \u00e0 rela\u00e7\u00e3o de orienta\u00e7\u00e3o com docentes.<\/li>\n<\/ul>\n<\/td>\n<td style=\"border-style: solid;border-color: #140202\">\u00a0Online, via\u00a0<a href=\"https:\/\/portal.ufsm.br\/estudantil\/\" target=\"_blank\" rel=\"noopener\">Portal Estudantil<\/a><\/td>\n<\/tr>\n<tr>\n<td style=\"text-align: justify;border-style: solid;border-color: #140202\">\n<p><strong>\u00a0\u00a0 03. <a href=\"https:\/\/www.ufsm.br\/cursos\/pos-graduacao\/santa-maria\/ppgop\/qualificacao-de-mestrado-doutorado\">Defesa de Qualifica\u00e7\u00e3o de Mestrado ou de Doutorado<\/a><\/strong><\/p>\n<p><strong>Importante:<\/strong> Envie uma via da Disserta\u00e7\u00e3o\/Tese para os membros da banca em tempo h\u00e1bil, para possibilitar a leitura e avalia\u00e7\u00e3o (pelo menos 20 dias antes da data da banca).<\/p>\n<p>\u00a0 \u00a0 \u2013 o Trabalho de conclus\u00e3o dever\u00e1 seguir as normas da MDT \u2013\u00a0\u00a0<a href=\"https:\/\/www.ufsm.br\/app\/uploads\/sites\/539\/2022\/09\/Manual-de-Dissertacoes-e-Teses_MDT_2021.pdf\">Manual de Disserta\u00e7\u00f5es e Teses_MDT_2021<\/a><\/p>\n<\/td>\n<td style=\"border-style: solid;border-color: #140202\">\n<p>Mestrado: Apenas Envio de e-mails para: <a href=\"mailto:ppgop@ufsm.br\">ppgop@ufsm.br<\/a> e <a href=\"mailto:sipos.ccsh@ufsm.br\">sipos.ccsh@ufsm.br<\/a><br \/>Doutorado: o Discente dever\u00e1 fazer as duas etapas:\u00a0<\/p>\n<ul>\n<li><span style=\"color: #000000;font-size: 16px\">Envio de e-mails para <\/span><a style=\"color: #204c90;font-size: 16px\" href=\"mailto:ppgop@ufsm.br\">PPGOP<\/a> \u00a0<span style=\"color: #000000;font-size: 16px\">e <\/span>\u00a0 <a style=\"color: #204c90;font-size: 16px\" href=\"mailto:sipos.ccsh@ufsm.br\">SIPOS<\/a><\/li>\n<li><span style=\"color: #000000;font-size: 16px\">Online, via <\/span><a style=\"color: #204c90;font-size: 16px\" href=\"https:\/\/portal.ufsm.br\/estudantil\/\" target=\"_blank\" rel=\"noopener\">Portal Estudantil<\/a><span style=\"color: #000000;font-size: 16px\">\u00a0(solicita\u00e7\u00e3o vira um PEN-SIE)<\/span><\/li>\n<\/ul>\n<\/td>\n<\/tr>\n<tr>\n<td style=\"text-align: justify;border-style: solid;border-color: #140202\">\n<p><strong>\u00a0\u00a0 04. Prorroga\u00e7\u00e3o do Prazo da Qualifica\u00e7\u00e3o de Disserta\u00e7\u00e3o ou de Tese<\/strong><\/p>\n<p>\u2013 Prorroga\u00e7\u00e3o de prazo de defesa (Projeto)<\/p>\n<p>Caso n\u00e3o tenha conclu\u00eddo o projeto de disserta\u00e7\u00e3o em tempo h\u00e1bil para defesa, poder\u00e1 solicitar prorroga\u00e7\u00e3o de prazo. Para isso:<\/p>\n<p>1) Preencher\u00a0<a href=\"https:\/\/www.ufsm.br\/cursos\/pos-graduacao\/santa-maria\/ppgop\/wp-content\/uploads\/sites\/539\/2019\/02\/SOLICITAO-DE-PRORROGAO_PPGOP.doc\">formul\u00e1rio<\/a>\u00a0de prorroga\u00e7\u00e3o, solicitar \u201cde acordo\u201d do orientador, e envia para o e-mail da Coordena\u00e7\u00e3o do programa (<a class=\"notranslate\" href=\"mailto:ppgop@ufsm.br\">ppgop@ufsm.br<\/a>);<\/p>\n<p>2) Enviar tamb\u00e9m uma via do projeto, na condi\u00e7\u00e3o que estiver.<\/p>\n<\/td>\n<td style=\"border-style: solid;border-color: #140202\">\u00a0Envio de e-mails para: <a href=\"mailto:ppgop@ufsm.br\">ppgop@ufsm.br<\/a>\u00a0 e <a href=\"mailto:sipos.ccsh@ufsm.br\">sipos.ccsh@ufsm.br<\/a><\/td>\n<\/tr>\n<tr>\n<td style=\"border-style: solid;border-color: #140202\">\n<p><strong><strong>\u00a0\u00a0 05. <a href=\"https:\/\/www.ufsm.br\/cursos\/pos-graduacao\/santa-maria\/ppgop\/prorrogacao-do-prazo-de-defesa-da-dissertacao-ou-da-tese\">Prorroga\u00e7\u00e3o do Prazo de Defesa da Disserta\u00e7\u00e3o ou da Tese<\/a><\/strong><\/strong><\/p>\n<ul>\n<li style=\"text-align: justify\">A solicita\u00e7\u00e3o de prorroga\u00e7\u00e3o de prazo para defesa deve ser aberta pelo discente interessado, em processo eletr\u00f4nico no PEN SIE, conforme as instru\u00e7\u00f5es da PRPGP.<\/li>\n<\/ul>\n<\/td>\n<td style=\"border-style: solid;border-color: #140202\">\u00a0Processo Eletr\u00f4nico PEN-SIE, via\u00a0<a href=\"https:\/\/portal.ufsm.br\/documentos\/mainMenu.html\" target=\"_blank\" rel=\"noopener\">Portal de Documentos<\/a><\/td>\n<\/tr>\n<tr>\n<td style=\"border-style: solid;border-color: #140202\">\n<p><strong><strong>06. \u00a0<a href=\"https:\/\/www.ufsm.br\/cursos\/pos-graduacao\/santa-maria\/ppgop\/defesa-da-dissertacao-ou-da-tese\">Defesa Final da Disserta\u00e7\u00e3o ou da Tese<\/a><\/strong><\/strong><\/p>\n<\/td>\n<td style=\"border-style: solid;border-color: #140202\">Online, via\u00a0<a href=\"https:\/\/portal.ufsm.br\/estudantil\/\" target=\"_blank\" rel=\"noopener\">Portal Estudantil<\/a>\u00a0(solicita\u00e7\u00e3o vira um PEN-SIE)<\/td>\n<\/tr>\n<tr>\n<td style=\"border-style: solid;border-color: #140202\">\n<p><strong><strong>\u00a0\u00a0 07. <a href=\"https:\/\/www.ufsm.br\/cursos\/pos-graduacao\/santa-maria\/ppgop\/entrega-da-versao-final-da-dissertacao-ou-tese-digital\">Entrega da Vers\u00e3o Final da Disserta\u00e7\u00e3o e Tese \u2013 Digital e Diploma<\/a><\/strong><\/strong><\/p>\n<ul>\n<li style=\"text-align: justify\">Ap\u00f3s a defesa e ajustes do trabalho de mestrado e doutorado, a vers\u00e3o final da disserta\u00e7\u00e3o e tese deve ser entregue via processo eletr\u00f4nico no PEN SIE, conforme tutorial da PRPGP.<\/li>\n<li><a href=\"https:\/\/www.ufsm.br\/pro-reitorias\/prpgp\/servicos\/urgencia-para-emissao-de-diploma-da-pos-graduacao\" target=\"_blank\" rel=\"noopener\">Urg\u00eancia para emiss\u00e3o do diploma<\/a><\/li>\n<li>Havendo necessidade em\u00a0acelerar o processo de emiss\u00e3o de Diploma\/Certificado, o discente pode solicitar urg\u00eancia, conforme as orienta\u00e7\u00f5es da PRPGP.<\/li>\n<\/ul>\n<\/td>\n<td style=\"border-style: solid;border-color: #140202\">\u00a0Processo Eletr\u00f4nico PEN-SIE, via\u00a0<a href=\"https:\/\/portal.ufsm.br\/documentos\/mainMenu.html\" target=\"_blank\" rel=\"noopener\">Portal de Documentos<\/a><\/td>\n<\/tr>\n<tr>\n<td style=\"border-style: solid;border-color: #140202\"><strong>\u00a0\u00a0 08.\u00a0 <a href=\"https:\/\/www.ufsm.br\/cursos\/pos-graduacao\/santa-maria\/ppgapublica\/instrucoes-docencia-orientada\" target=\"_blank\" rel=\"noopener\">Solicita\u00e7\u00e3o de Doc\u00eancia Orientada<\/a><\/strong><\/td>\n<td style=\"border-style: solid;border-color: #140202\">\u00a0Processo Eletr\u00f4nico PEN-SIE, via\u00a0<a href=\"https:\/\/portal.ufsm.br\/documentos\/mainMenu.html\" target=\"_blank\" rel=\"noopener\">Portal de Documentos<\/a><\/td>\n<\/tr>\n<tr>\n<td style=\"border-style: solid;border-color: #140202\">\n<p><strong><strong>\u00a0\u00a0 09. <a href=\"https:\/\/www.ufsm.br\/pro-reitorias\/prpgp\/servicos\/dispensa-aproveitamento-de-disciplinas-de-pos-graduacao\" target=\"_blank\" rel=\"noopener\">Dispensa\/Aproveitamento de disciplinas de P\u00f3s-Gradua\u00e7\u00e3o<\/a><\/strong><\/strong><\/p>\n<ul>\n<li style=\"text-align: justify\">Discentes\u00a0podem solicitar o aproveitamento ou a dispensa de disciplinas j\u00e1 cursadas na UFSM como aluno regular ou especial da UFSM e em outras IES. Conforme o Art. 53\u00ba do Regimento Interno do PPGOP, o aluno que houver cursado disciplinas, em n\u00edvel de p\u00f3s-gradua\u00e7\u00e3o stricto sensu, em qualquer estabelecimento de ensino superior, poder\u00e1 solicitar o aproveitamento dos cr\u00e9ditos correspondentes, a crit\u00e9rio do Colegiado do Programa.<br \/>\n<p style=\"margin-bottom: 1rem;margin-top: 0px;color: #000000;font-size: 16px;text-align: justify\">Para poder aproveitar disciplinas cursadas como aluno especial, teste de sufici\u00eancia em l\u00edngua estrangeira ou em outro curso de mestrado ou doutorado antes de ser aluno regular no PPGOP, o discente dever\u00e1 seguir os passos a seguir:<\/p>\n<p style=\"margin-bottom: 1rem;margin-top: 0px;color: #000000;font-size: 16px;text-align: justify\">1) o(a) acad\u00eamico(a):<br \/>I \u2013 preenche o\u00a0<span style=\"font-weight: bolder\">formul\u00e1rio (link PRPGP procedimentos para solicita\u00e7\u00e3o de\u00a0<a style=\"color: #204c90\" href=\"https:\/\/www.ufsm.br\/pro-reitorias\/prpgp\/servicos\/dispensa-aproveitamento-de-disciplinas-de-pos-graduacao\">aproveitamento disciplina)<\/a><\/span>, anexa junto com os documentos que fundamentam o pedido (hist\u00f3rico escolar; ou certificado do teste com nota; ou ementa e bibliografia da disciplina);<br \/>II \u2013 deve realizar a abertura do processo no PEN da UFSM, ent\u00e3o anexar nesse processo o formul\u00e1rio e os documentos que que justifiquem tal pedido;<br \/>III \u2013 ap\u00f3s a abertura do processo no PEN, dever\u00e1 tramitar ao Programa de P\u00f3s-gradua\u00e7\u00e3o em Gest\u00e3o de Organiza\u00e7\u00f5es P\u00fablicas (<span style=\"font-weight: bolder\">06.10.40<\/span>), para que seja apreciado em colegiado;<\/p>\n<\/li>\n<li><strong>link PRPGP procedimentos para solicita\u00e7\u00e3o de\u00a0<a href=\"https:\/\/www.ufsm.br\/pro-reitorias\/prpgp\/controle-academico-de-pos-graduacao\">aproveitamento disciplina\u00a0<\/a><\/strong><\/li>\n<li><strong>link <a href=\"https:\/\/www.ufsm.br\/app\/uploads\/sites\/539\/2025\/03\/CRITERIOS-PARA-APROVEITAMENTO-DE-DISCIPLINAS-NO-PPGOP.pdf\">crit\u00e9rios para aproveitamento de disciplinas<\/a><\/strong>\u00a0<\/li>\n<\/ul>\n<\/td>\n<td style=\"border-style: solid;border-color: #140202\">\u00a0Processo Eletr\u00f4nico PEN-SIE, via\u00a0<a href=\"https:\/\/portal.ufsm.br\/documentos\/mainMenu.html\" target=\"_blank\" rel=\"noopener\">Portal de Documentos<\/a><\/td>\n<\/tr>\n<tr>\n<td style=\"border-style: solid;border-color: #140202\">\n<p><strong><strong>\u00a0\u00a0\u00a010. \u00a0<a href=\"https:\/\/www.ufsm.br\/pro-reitorias\/prpgp\/servicos\/comprovacao-de-suficiencia-em-lingua-estrangeira\">Solicita\u00e7\u00e3o de Aproveitamento de Teste Sufici\u00eancia em L\u00edngua Estrangeira<\/a><\/strong><\/strong><\/p>\n<ul>\n<li>Discentes devem comprovar a sufici\u00eancia em l\u00edngua estrangeira, conforme estabelece o Regimento e Regulamento da p\u00f3s-gradua\u00e7\u00e3o.<\/li>\n<li style=\"text-align: justify\"><span style=\"color: #000000;font-size: 16px;text-align: justify\">\u00a0O Colegiado do PPGOP<\/span><br style=\"color: #000000;font-size: 16px;text-align: justify\" \/><span style=\"color: #000000;font-size: 16px;text-align: justify\">I \u2013 ir\u00e1 avaliar o pedido, se for o caso solicitar aprova\u00e7\u00e3o do orientador do(a) acad\u00eamico(a);<\/span><br style=\"color: #000000;font-size: 16px;text-align: justify\" \/><span style=\"color: #000000;font-size: 16px;text-align: justify\">II \u2013 aprovando o pedido, ir\u00e1 providenciar tramite para o Controle Acad\u00eamico da PRPGP, para que seja inclu\u00eddo no hist\u00f3rico do(a) acad\u00eamico(a);<\/span><br style=\"color: #000000;font-size: 16px;text-align: justify\" \/><span style=\"color: #000000;font-size: 16px;text-align: justify\">Maiores informa\u00e7\u00f5es em rela\u00e7\u00e3o ao Processo Administrativo Eletr\u00f4nico podem ser verificadas com a equipe do DAG nos telefones 3220 8233 ou 3220 9493.<\/span><\/li>\n<li>\n<h4>Comprova\u00e7\u00e3o de sufici\u00eancia em l\u00edngua estrangeira\u00a0<\/h4>\n<p>Discentes devem comprovar a sufici\u00eancia em l\u00edngua estrangeira, conforme estabelece o Regimento e Regulamento da p\u00f3s-gradua\u00e7\u00e3o.<\/p>\n<\/li>\n<li><strong>\u00a0\u00a0Link PRPGP procedimentos:\u00a0<a href=\"https:\/\/www.ufsm.br\/pro-reitorias\/prpgp\/servicos\/comprovacao-de-suficiencia-em-lingua-estrangeira\">Aproveitamento\/Dispensa da sufici\u00eancia em l\u00edngua estrangeira<\/a><\/strong><\/li>\n<\/ul>\n<\/td>\n<td style=\"border-style: solid;border-color: #140202\">\u00a0Processo Eletr\u00f4nico PEN-SIE, via\u00a0<a href=\"https:\/\/portal.ufsm.br\/documentos\/mainMenu.html\" target=\"_blank\" rel=\"noopener\">Portal de Documentos<\/a><\/td>\n<\/tr>\n<tr>\n<td style=\"border-style: solid;border-color: #140202\"><strong>\u00a0\u00a0 11.\u00a0 <a href=\"https:\/\/www.ufsm.br\/cursos\/pos-graduacao\/santa-maria\/ppgop\/matricula-extracurricular\">Solicita\u00e7\u00e3o de Matr\u00edculas Extracurriculares (disciplinas em outros PPG&#8217;s)<\/a><\/strong><\/td>\n<td style=\"border-style: solid;border-color: #140202\">\u00a0Envio de e-mail para <a href=\"mailto:ppgop@ufsm.br\">ppgop@ufsm.br<\/a>\u00a0ou presencialmente<\/td>\n<\/tr>\n<tr>\n<td style=\"border-style: solid;border-color: #140202\"><strong>\u00a0\u00a0 12.\u00a0 <a href=\"https:\/\/www.ufsm.br\/cursos\/pos-graduacao\/santa-maria\/ppgop\/solicitacao-de-recursos-financeiros-eventos-cientificos-para-discentes\">Solicita\u00e7\u00e3o de Recursos Financeiros &#8211; Eventos\u00a0<\/a><\/strong><span style=\"font-weight: bold;color: #000000;font-size: 16px;text-align: justify\">Cient\u00edficos<\/span><\/td>\n<td style=\"border-style: solid;border-color: #140202\">\n<p>\u00a0Envio de e-mails para: <a href=\"mailto:ppgop@ufsm.br\">ppgop@ufsm.br<\/a>\u00a0e\u00a0<\/p>\n<p>\u00a0\u00a0\u00a0\u00a0\u00a0\u00a0\u00a0\u00a0\u00a0\u00a0\u00a0\u00a0\u00a0\u00a0\u00a0\u00a0\u00a0\u00a0\u00a0\u00a0\u00a0\u00a0\u00a0\u00a0\u00a0\u00a0\u00a0\u00a0\u00a0\u00a0\u00a0\u00a0\u00a0\u00a0\u00a0\u00a0\u00a0\u00a0\u00a0\u00a0\u00a0\u00a0<a href=\"mailto:financeiropos.ccsh@ufsm.br\">financeiropos.ccsh@ufsm.br<\/a><\/p>\n<\/td>\n<\/tr>\n<tr>\n<td style=\"border-style: solid;border-color: #140202\"><strong>\u00a0\u00a0 13.\u00a0 <a href=\"https:\/\/www.ufsm.br\/cursos\/pos-graduacao\/santa-maria\/ppgapublica\/tutorial-regime-especial\" target=\"_blank\" rel=\"noopener\">Solicita\u00e7\u00e3o de Afastamento por Motivos de Sa\u00fade \u2013 Regime Domiciliar<\/a><\/strong><\/td>\n<td style=\"border-style: solid;border-color: #140202\">\u00a0Processo Eletr\u00f4nico PEN-SIE, via\u00a0<a href=\"https:\/\/portal.ufsm.br\/documentos\/mainMenu.html\" target=\"_blank\" rel=\"noopener\">Portal de Documentos<\/a><\/td>\n<\/tr>\n<\/tbody>\n<\/table>\n<p style=\"text-align: justify\">\u00a0<\/p>\n<p style=\"text-align: justify\">\u00a0<\/p>\n<p style=\"text-align: justify\">\u00a0<\/p>\n<p><!-- \/wp:tadv\/classic-paragraph --><\/p>\t\t\t\t\t\t<\/div>\n\t\t\t\t<\/div>\n\t\t\t\t\t<\/div>\n\t\t<\/div>\n\t\t\t\t\t<\/div>\n\t\t<\/section>\n\t\t\t\t<\/div>\n\t\t","protected":false},"excerpt":{"rendered":"<p>\u00a0 INSTRU\u00c7\u00d5ES PARA ALUNOS Programa de P\u00f3s-Gradua\u00e7\u00e3o em Gest\u00e3o de Organiza\u00e7\u00f5es P\u00fablicas da UFSM \u00a0 \u00a0 \u00a0 \u00a0 Nesta se\u00e7\u00e3o de instru\u00e7\u00f5es o(a) estudante de P\u00f3s-Gradua\u00e7\u00e3o em Gest\u00e3o de Organiza\u00e7\u00f5es P\u00fablicas ter\u00e1 acesso \u00e0s principais informa\u00e7\u00f5es e procedimentos necess\u00e1rios \u00e0 vida acad\u00eamica, do primeiro ao \u00faltimo semestre dos cursos de mestrado e doutorado. Para tanto, [&hellip;]<\/p>\n","protected":false},"author":115,"featured_media":0,"parent":0,"menu_order":0,"comment_status":"closed","ping_status":"closed","template":"","meta":{"footnotes":""},"categories":[],"tags":[],"class_list":["post-295","page","type-page","status-publish","hentry"],"acf":[],"_links":{"self":[{"href":"https:\/\/www.ufsm.br\/cursos\/pos-graduacao\/santa-maria\/ppgop\/wp-json\/wp\/v2\/pages\/295","targetHints":{"allow":["GET"]}}],"collection":[{"href":"https:\/\/www.ufsm.br\/cursos\/pos-graduacao\/santa-maria\/ppgop\/wp-json\/wp\/v2\/pages"}],"about":[{"href":"https:\/\/www.ufsm.br\/cursos\/pos-graduacao\/santa-maria\/ppgop\/wp-json\/wp\/v2\/types\/page"}],"author":[{"embeddable":true,"href":"https:\/\/www.ufsm.br\/cursos\/pos-graduacao\/santa-maria\/ppgop\/wp-json\/wp\/v2\/users\/115"}],"replies":[{"embeddable":true,"href":"https:\/\/www.ufsm.br\/cursos\/pos-graduacao\/santa-maria\/ppgop\/wp-json\/wp\/v2\/comments?post=295"}],"version-history":[{"count":0,"href":"https:\/\/www.ufsm.br\/cursos\/pos-graduacao\/santa-maria\/ppgop\/wp-json\/wp\/v2\/pages\/295\/revisions"}],"wp:attachment":[{"href":"https:\/\/www.ufsm.br\/cursos\/pos-graduacao\/santa-maria\/ppgop\/wp-json\/wp\/v2\/media?parent=295"}],"wp:term":[{"taxonomy":"category","embeddable":true,"href":"https:\/\/www.ufsm.br\/cursos\/pos-graduacao\/santa-maria\/ppgop\/wp-json\/wp\/v2\/categories?post=295"},{"taxonomy":"post_tag","embeddable":true,"href":"https:\/\/www.ufsm.br\/cursos\/pos-graduacao\/santa-maria\/ppgop\/wp-json\/wp\/v2\/tags?post=295"}],"curies":[{"name":"wp","href":"https:\/\/api.w.org\/{rel}","templated":true}]}}