{"id":326,"date":"2019-02-27T09:45:41","date_gmt":"2019-02-27T12:45:41","guid":{"rendered":"https:\/\/www.ufsm.br\/cursos\/pos-graduacao\/santa-maria\/ppgop\/?page_id=326"},"modified":"2022-06-13T09:32:36","modified_gmt":"2022-06-13T12:32:36","slug":"contato-2","status":"publish","type":"page","link":"https:\/\/www.ufsm.br\/cursos\/pos-graduacao\/santa-maria\/ppgop\/contato-2","title":{"rendered":"Contato"},"content":{"rendered":"\n<p><strong>Coordena\u00e7\u00e3o do PPGOP<\/strong><br \/>Email:\u00a0<span id=\"cloaka71b27a323a9acc6dd9f2f932099907f\">ppgop@ufsm.br<br \/>Telefone: (55) 3220-9316<\/span><\/p>\n<p><strong style=\"font-size: revert;color: initial\">Secretaria Integrada de P\u00f3s-gradua\u00e7\u00e3o do CCSH (SIPOS-CCSH)<br \/><\/strong>E-mail:<span style=\"background: white\"> sipos.ccsh@ufsm.b<\/span>r<br \/>Telefone: <span style=\"color: #000000\">(55) 3220-9329<\/span><br \/>Hor\u00e1rio de Atendimento:<strong><br \/><\/strong>De segunda a sexta-feira<br \/>Das 8h \u00e0s 12h e das 13h \u00e0s 17h<\/p>\n","protected":false},"excerpt":{"rendered":"<p>Coordena\u00e7\u00e3o do PPGOPEmail:\u00a0ppgop@ufsm.brTelefone: (55) 3220-9316 Secretaria Integrada de P\u00f3s-gradua\u00e7\u00e3o do CCSH (SIPOS-CCSH)E-mail: sipos.ccsh@ufsm.brTelefone: (55) 3220-9329Hor\u00e1rio de Atendimento:De segunda a sexta-feiraDas 8h \u00e0s 12h e das 13h \u00e0s 17h<\/p>\n","protected":false},"author":115,"featured_media":0,"parent":0,"menu_order":0,"comment_status":"closed","ping_status":"closed","template":"","meta":{"footnotes":""},"categories":[],"tags":[],"class_list":["post-326","page","type-page","status-publish","hentry"],"acf":[],"_links":{"self":[{"href":"https:\/\/www.ufsm.br\/cursos\/pos-graduacao\/santa-maria\/ppgop\/wp-json\/wp\/v2\/pages\/326","targetHints":{"allow":["GET"]}}],"collection":[{"href":"https:\/\/www.ufsm.br\/cursos\/pos-graduacao\/santa-maria\/ppgop\/wp-json\/wp\/v2\/pages"}],"about":[{"href":"https:\/\/www.ufsm.br\/cursos\/pos-graduacao\/santa-maria\/ppgop\/wp-json\/wp\/v2\/types\/page"}],"author":[{"embeddable":true,"href":"https:\/\/www.ufsm.br\/cursos\/pos-graduacao\/santa-maria\/ppgop\/wp-json\/wp\/v2\/users\/115"}],"replies":[{"embeddable":true,"href":"https:\/\/www.ufsm.br\/cursos\/pos-graduacao\/santa-maria\/ppgop\/wp-json\/wp\/v2\/comments?post=326"}],"version-history":[{"count":0,"href":"https:\/\/www.ufsm.br\/cursos\/pos-graduacao\/santa-maria\/ppgop\/wp-json\/wp\/v2\/pages\/326\/revisions"}],"wp:attachment":[{"href":"https:\/\/www.ufsm.br\/cursos\/pos-graduacao\/santa-maria\/ppgop\/wp-json\/wp\/v2\/media?parent=326"}],"wp:term":[{"taxonomy":"category","embeddable":true,"href":"https:\/\/www.ufsm.br\/cursos\/pos-graduacao\/santa-maria\/ppgop\/wp-json\/wp\/v2\/categories?post=326"},{"taxonomy":"post_tag","embeddable":true,"href":"https:\/\/www.ufsm.br\/cursos\/pos-graduacao\/santa-maria\/ppgop\/wp-json\/wp\/v2\/tags?post=326"}],"curies":[{"name":"wp","href":"https:\/\/api.w.org\/{rel}","templated":true}]}}