{"id":615,"date":"2021-03-04T18:08:28","date_gmt":"2021-03-04T21:08:28","guid":{"rendered":"https:\/\/www.ufsm.br\/cursos\/pos-graduacao\/santa-maria\/ppgop\/?page_id=615"},"modified":"2025-05-08T12:27:08","modified_gmt":"2025-05-08T15:27:08","slug":"egressos","status":"publish","type":"page","link":"https:\/\/www.ufsm.br\/cursos\/pos-graduacao\/santa-maria\/ppgop\/egressos","title":{"rendered":"Egressos"},"content":{"rendered":"\t\t<div data-elementor-type=\"wp-page\" data-elementor-id=\"615\" class=\"elementor elementor-615\">\n\t\t\t\t\t\t<section class=\"elementor-section elementor-top-section elementor-element elementor-element-1207c69f elementor-section-boxed elementor-section-height-default elementor-section-height-default\" data-id=\"1207c69f\" data-element_type=\"section\">\n\t\t\t\t\t\t<div class=\"elementor-container elementor-column-gap-default\">\n\t\t\t\t\t<div class=\"elementor-column elementor-col-100 elementor-top-column elementor-element elementor-element-4bd259d\" data-id=\"4bd259d\" data-element_type=\"column\">\n\t\t\t<div class=\"elementor-widget-wrap elementor-element-populated\">\n\t\t\t\t\t\t<div class=\"elementor-element elementor-element-1fec1e7 elementor-widget elementor-widget-text-editor\" data-id=\"1fec1e7\" data-element_type=\"widget\" data-widget_type=\"text-editor.default\">\n\t\t\t\t<div class=\"elementor-widget-container\">\n\t\t\t\t\t\t\t<!-- wp:paragraph -->\n<p style=\"text-align: justify\">O Curso de P\u00f3s-Gradua\u00e7\u00e3o em Gest\u00e3o de Organiza\u00e7\u00f5es P\u00fablicas apresenta a rede de atua\u00e7\u00e3o dos egressos do Programa e o impacto da produ\u00e7\u00e3o do mestrado profissionalizante nas institui\u00e7\u00f5es p\u00fablicas e na sociedade. Para estreitar ainda mais os v\u00ednculos, o Programa criou um canal direto de comunica\u00e7\u00e3o com seus ex-alunos. <br \/>Atrav\u00e9s do email egressosppgop@ufsm.br \u00e9 poss\u00edvel tirar d\u00favidas, atualizar dados, enviar fotos e v\u00eddeos que mostrem a atua\u00e7\u00e3o do profissional formado pelo PPGOP e muito mais.<br \/>Conhe\u00e7a as pol\u00edticas de acompanhamento dos egressos do PPGOP e visualize onde e como atuam seus alunos. Basta abrir o mapa e acompanhar as atualiza\u00e7\u00f5es no site e na p\u00e1gina do Programa.<\/p>\n<!-- \/wp:paragraph --><!-- wp:paragraph -->\n<p style=\"text-align: justify\"><strong>POL\u00cdTICA DE AVALIA\u00c7\u00c3O DOS EGRESSOS<\/strong><\/p>\n<!-- \/wp:paragraph --><!-- wp:paragraph -->\n<p style=\"text-align: justify\">Em sua concep\u00e7\u00e3o transversal, o Programa de P\u00f3s-gradua\u00e7\u00e3o em Gest\u00e3o de Organiza\u00e7\u00f5es P\u00fablicas (PPGOP) t\u00eam sido ofertado com o prop\u00f3sito de instrumentalizar os alunos de ferramentas e de aplicativos tecnol\u00f3gicos que lhes permitam aproximar as dimens\u00f5es do saber e do saber fazer, contribuindo para o aperfei\u00e7oamento de processos e de servi\u00e7os p\u00fablicos dos entes organizacionais do entorno.<\/p>\n<!-- \/wp:paragraph --><!-- wp:paragraph -->\n<p style=\"text-align: justify\">Sob a \u00f3tica institucional, a oferta de Cursos de P\u00f3s-gradua\u00e7\u00e3o Stricto Sensu, cumpre a fun\u00e7\u00e3o de amplia\u00e7\u00e3o de sua efetividade e legitimidade, atrav\u00e9s da forma\u00e7\u00e3o de quadros executivos qualificados \u00e0 inova\u00e7\u00e3o na oferta de servi\u00e7os p\u00fablicos.<\/p>\n<!-- \/wp:paragraph --><!-- wp:paragraph -->\n<p style=\"text-align: justify\">A avalia\u00e7\u00e3o da efetividade e da legitimidade de Programa de P\u00f3s-gradua\u00e7\u00e3o requer o acompanhamento dos egressos e de seus fazeres profissionais, enquanto legado da forma\u00e7\u00e3o e da contribui\u00e7\u00e3o na implanta\u00e7\u00e3o de novos produtos, processos e de tecnologias gerenciais.<\/p>\n<!-- \/wp:paragraph --><!-- wp:paragraph -->\n<p style=\"text-align: justify\">Aspectos relativos \u00e0 produ\u00e7\u00e3o t\u00e9cnica, tecnol\u00f3gica e bibliogr\u00e1fica do egresso, como fruto da forma\u00e7\u00e3o avan\u00e7ada precisam ser identificados e seus impactos dimensionados.<\/p>\n<!-- \/wp:paragraph --><!-- wp:paragraph -->\n<p style=\"text-align: justify\">Nesta perspectiva, o PPGOP, incorporou ferramenta de trabalho, fazendo uso da plataforma <em>Goople My Maps<\/em>, com aplica\u00e7\u00e3o de t\u00e9cnicas de mapeamento tem\u00e1tico, para localizar o egresso no territ\u00f3rio e, a partir da inser\u00e7\u00e3o de subs\u00eddios de suas pr\u00e1ticas profissionais, conhecer o impacto do Programa.<\/p>\n<!-- \/wp:paragraph --><!-- wp:paragraph -->\n<p style=\"text-align: justify\">A ferramenta <em>Google My Maps<\/em>, enquanto instrumento cartogr\u00e1fico, \u00e9 plataforma aberta, intuitiva e colaborativa, foi apropriada e adaptada para situar o ingressante o concluinte, no territ\u00f3rio e, a partir da alimenta\u00e7\u00e3o do perfil individual, produzir mapas vis\u00edveis e ocultos, em intervalos anual, bienal e quadrienal.<\/p>\n<!-- \/wp:paragraph --><!-- wp:paragraph -->\n<p style=\"text-align: justify\"><strong>OBJETIVO:<\/strong> identificar o impacto da forma\u00e7\u00e3o no programa da p\u00f3s-gradua\u00e7\u00e3o para o<br \/>desenvolvimento profissional e para a qualifica\u00e7\u00e3o dos cen\u00e1rios de atua\u00e7\u00e3o dos egressos, al\u00e9m de desenvolver uma plataforma para a avalia\u00e7\u00e3o da produ\u00e7\u00e3o acad\u00eamica discente do PPGOP.<\/p>\n<!-- \/wp:paragraph --><!-- wp:paragraph -->\n<p style=\"text-align: justify\"><b>METODOLOGIA<\/b><span style=\"font-weight: 400\">: A pol\u00edtica de acompanhamento dos egressos do PPGOP utiliza o m\u00e9todo cartogr\u00e1fico no intuito de construir um mapa do sistema de interdepend\u00eancias entre a institui\u00e7\u00e3o, a sociedade e seus <\/span><i><span style=\"font-weight: 400\">stakeholders<\/span><\/i><span style=\"font-weight: 400\">. Atrav\u00e9s da cartografia \u00e9 poss\u00edvel observar os locais de impacto do conhecimento gerado no programa de p\u00f3s-gradua\u00e7\u00e3o, al\u00e9m de visualizar as redes de sujeitos que atuam em diferentes organiza\u00e7\u00f5es p\u00fablicas.\u00a0<\/span><\/p>\n<!-- \/wp:paragraph --><!-- wp:paragraph -->\n<p style=\"text-align: justify\"><span style=\"font-weight: 400\">Para compreender a natureza da plataforma que subsidia o m\u00e9todo cartogr\u00e1fico, o PPGOP disponibiliza v\u00eddeos tutorais sobre como usar o Google My Maps e as formas de atualiza\u00e7\u00e3o das informa\u00e7\u00f5es, al\u00e9m de um explica\u00e7\u00e3o de como usar a cartografia e a plataforma aberta enquanto metodologia para as pol\u00edticas de avalia\u00e7\u00e3o da p\u00f3s gradua\u00e7\u00e3o.<\/span><\/p>\n<!-- \/wp:paragraph --><!-- wp:paragraph -->\n<p><iframe src=\"\/\/www.youtube.com\/embed\/-SbIYC8jKVA\" width=\"560\" height=\"314\" allowfullscreen=\"allowfullscreen\"><\/iframe><\/p>\n<!-- \/wp:paragraph --><!-- wp:tadv\/classic-paragraph -->\n<p><iframe src=\"https:\/\/www.google.com\/maps\/d\/u\/0\/embed?mid=13ysNYafWcAk_q32u0Ccr3nUa_2wSdD-N\" width=\"720\" height=\"480\"><\/iframe><\/p>\n<p><b>CONFIRA AS PRODU\u00c7\u00d5ES DESTAQUE DO QUADRI\u00caNIO:<\/b><\/p>\n<p><strong>1. Todas n\u00f3s, Marias<\/strong><br \/><strong>Autor:<\/strong> Cleberson Braida Bastianello<br \/><strong>Orientador (a):<\/strong> Profa. Debora Bobsin<br \/><strong>Linha de Pesquisa:<\/strong> Inova\u00e7\u00e3o e Moderniza\u00e7\u00e3o de Sistemas e Processos Administrativos<br \/><strong>Ano:<\/strong> 2023<\/p>\n<p><strong>Link para acesso: <span style=\"font-family: georgia, palatino, serif\"><a href=\"https:\/\/www.ufsm.br\/app\/uploads\/sites\/539\/2025\/05\/1-Todas-nos-marias.pdf\">1 &#8211; Todas n\u00f3s marias<\/a><\/span><\/strong><\/p>\n<p><strong><span style=\"font-family: georgia, palatino, serif\">2. A PANDEMIC RISK PERCEPTION SCALE<\/span><\/strong><br \/><span style=\"font-family: georgia, palatino, serif\"><strong>Autores:<\/strong> Leander Luiz Klein, Aureliano Angel Bressan, Kelmara Mendes Vieira, Nelson <\/span><span style=\"font-family: georgia, palatino, serif\">Guilherme Machado Pinto, Breno\u00a0 \u00a0 \u00a0 \u00a0 \u00a0 Augusto Diniz Pereira e Ani Caroline Grigion Potrich<\/span><br \/><span style=\"font-family: georgia, palatino, serif\"><strong>Orientador (a):<\/strong> Profa. Kelmara Mendes Vieira<\/span><br \/><span style=\"font-family: georgia, palatino, serif\"><strong>Linha de Pesquisa:<\/strong> Ferramentas de Avalia\u00e7\u00e3o e Controle da Gest\u00e3o P\u00fablica<\/span><br \/><span style=\"font-family: georgia, palatino, serif\"><strong>Ano:<\/strong> 2022<\/span><\/p>\n<p><strong>Link para acesso: <a href=\"https:\/\/www.ufsm.br\/app\/uploads\/sites\/539\/2025\/05\/2-A-PANDEMIC-RISK-PERCEPTION-SCALE.pdf\">2 &#8211; A PANDEMIC RISK PERCEPTION SCALE<\/a><\/strong><\/p>\n<p><strong>3. Prepara\u00e7\u00e3o Financeira para a Aposentadoria<\/strong><br \/><strong>Autores:<\/strong> Kelmara Mendes Vieira, Breno Augusto Diniz Pereira, Leander Luiz Klein, Natali Morgana Cassola e Taiane Keila Matheis<br \/><strong>Linha de Pesquisa:<\/strong> Ferramentas de Avalia\u00e7\u00e3o e Controle da Gest\u00e3o P\u00fablica e Inova\u00e7\u00e3o e Moderniza\u00e7\u00e3o de Sistemas e Processos Administrativos<br \/><strong>Ano:<\/strong> 2024<\/p>\n<p><strong>Link para acesso: <a href=\"https:\/\/www.ufsm.br\/app\/uploads\/sites\/539\/2025\/05\/3-Preparacao-Financeira-para-a-Aposentadoria.pdf\">3 &#8211; Prepara\u00e7\u00e3o Financeira para a Aposentadoria<\/a><\/strong><\/p>\n<p><strong>4. Artigo: PUBLICSERV: Quality Assessment Scale For Public<\/strong> Services<br \/><strong>Autora:<\/strong> Renata Pase Ravanello<br \/><strong>Orientador (a):<\/strong> Profa. Kelmara Mendes Vieira<br \/><strong>Linha de Pesquisa:<\/strong> Ferramentas de Avalia\u00e7\u00e3o e Controle da Gest\u00e3o P\u00fablica<br \/><strong>Ano:<\/strong> 2024<\/p>\n<p><strong>Link para acesso: <a href=\"https:\/\/onlinelibrary.wiley.com\/doi\/epdf\/10.1111\/ijcs.13066\">https:\/\/onlinelibrary.wiley.com\/doi\/epdf\/10.1111\/ijcs.13066<\/a><\/strong><\/p>\n<p><strong>5. Manual do Pesquisador: Benef\u00edcio de Presta\u00e7\u00e3o Continuada<\/strong><br \/><strong>Autores (as):<\/strong> Jaqueline Severino da Costa, Kalinca L\u00e9ia Becker, Marcela Nogueira Ferrario, Mateus Naressi Cardoso e Roselaine Bonfim de Almeida<br \/><strong>Linha de Pesquisa:<\/strong> Ferramentas de Avalia\u00e7\u00e3o e Controle da Gest\u00e3o P\u00fablica<br \/><strong>Ano:<\/strong> 2023<\/p>\n<p><strong>Link para acesso: <a href=\"https:\/\/www.ufsm.br\/app\/uploads\/sites\/539\/2025\/05\/5-Manual-do-Pesquisador-Beneficio-de-Prestacao-Continuada.pdf\">5 &#8211; Manual do Pesquisador &#8211; Benef\u00edcio de Presta\u00e7\u00e3o Continuada<\/a><\/strong><\/p>\n<p><strong>6. ASSESSING INTERNAL ORGANIZATIONAL PATHWAYS TO REDUCE KNOWLEDGE WASTE: A LEAN THINKING PERSPECTIVE<\/strong><br \/><strong>Autores (as):<\/strong> Leander Luiz Klein, Fernando Naranjo, Jacqueline Douglas, Patr\u00edcia In\u00eas<br \/>Schwantz, Gabriel Adolfo Garcia<br \/><strong>Orientador (a):<\/strong> Profa. Leander Luiz Klein<br \/><strong>Linha de Pesquisa:<\/strong> Inova\u00e7\u00e3o e Moderniza\u00e7\u00e3o de Sistemas e Processos Administrativos<br \/><strong>Ano:<\/strong> 2023<\/p>\n<p><strong>Link para acesso: <a href=\"https:\/\/www.ufsm.br\/app\/uploads\/sites\/539\/2025\/05\/6-ASSESSING-INTERNAL-ORGANIZATIONAL-PATHWAYS-TO-REDUCE-KNOWLEDGE-WASTE-A-LEAN-THINKING-PERSPECTIVE.pdf\">6 &#8211; ASSESSING INTERNAL ORGANIZATIONAL PATHWAYS TO REDUCE KNOWLEDGE WASTE &#8211; A LEAN THINKING PERSPECTIVE<\/a><\/strong><\/p>\n<p><strong>7. Manual de a\u00e7\u00f5es para Gest\u00e3o e Fomento do Empreendedorismo em Universidades P\u00fablicas Brasileiras<\/strong><br \/><strong>Autores:<\/strong> Juliani Karsten Alves, Breno Augusto Diniz Pereira e Eric Charles Henri Dorion<br \/><strong>Orientador (a):<\/strong> Prof. Breno Augusto Diniz Pereira<br \/>Linha de Pesquisa: Inova\u00e7\u00e3o e Moderniza\u00e7\u00e3o de Sistemas e Processos<br \/>Administrativos<br \/><strong>Ano:<\/strong> 2024<\/p>\n<p><strong>Link para acesso: <a href=\"https:\/\/www.ufsm.br\/app\/uploads\/sites\/539\/2024\/12\/MANUAL-DEACOES-PARA-GESTAO-E-FOMENTO-DO-EMPREENDEDORISMO.pdf\">https:\/\/www.ufsm.br\/app\/uploads\/sites\/539\/2024\/12\/MANUAL-DEACOES-PARA-GESTAO-E-FOMENTO-DO-EMPREENDEDORISMO.pdf<\/a><\/strong><\/p>\n<p><strong>8. Knowledge Management Drivers And Its Results: a quantitative study in a public Higher Education Institution<\/strong><br \/><strong>Autor:<\/strong> Moises Pivetta Cogo<br \/><strong>Orientador (a):<\/strong> Prof. Breno Augusto Diniz Pereira<br \/><strong>Linha de Pesquisa:<\/strong> Inova\u00e7\u00e3o e Moderniza\u00e7\u00e3o de Sistemas e Processos Administrativos<br \/><strong>Ano:<\/strong> 2024<\/p>\n<p><strong>Link para acesso: <a href=\"https:\/\/www.ufsm.br\/app\/uploads\/sites\/539\/2025\/05\/8-Knowledge-Management-Drivers-And-Its-Results-a-quantitative-study-in-a-public-Higher-Education-Institution.pdf\">8 &#8211; Knowledge Management Drivers And Its Results &#8211; a quantitative study in a public Higher Education Institution<\/a><\/strong><\/p>\n<p><strong>9. GUIA PARA A IMPLANTA\u00c7\u00c3O DE COLETA SELETIVA EM MUNIC\u00cdPIOS DE PEQUENO PORTE<\/strong><br \/><strong>Autor:<\/strong> Leandro Nunes Gabbi<br \/><strong>Orientador (a):<\/strong> Prof. Mauri Leodir L\u00f6bler<br \/>Linha de Pesquisa: Inova\u00e7\u00e3o e Moderniza\u00e7\u00e3o de Sistemas e Processos Administrativos<br \/><strong>Ano:<\/strong> 2021<\/p>\n<p><strong>Link para acesso: <a href=\"https:\/\/www.ufsm.br\/app\/uploads\/sites\/539\/2025\/05\/9-GUIA-PARA-A-IMPLANTACAO-DE-COLETA-SELETIVA-EM-MUNICIPIOS-DE-PEQUENO-PORTE.pdf\">9 &#8211; GUIA PARA A IMPLANTA\u00c7\u00c3O DE COLETA SELETIVA EM MUNIC\u00cdPIOS DE PEQUENO PORTE<\/a><\/strong><\/p>\n<p><strong>10. LOSS OF FINANCIAL WELL-BEING IN THE COVID-19 PANDEMIC: DOES JOB STABILITY MAKE A DIFFERENCE?<\/strong><br \/><strong>Autores (as):<\/strong> Aureliano Angel Bressan, Ani Caroline Grigion Potrich, Kelmara Mendes Vieira e Leander Luiz Klein<br \/><strong>Orientador (a):<\/strong> Profa. Kelmara Mendes Vieira<br \/><strong>Linha de Pesquisa:<\/strong> Ferramentas de Avalia\u00e7\u00e3o e Controle da Gest\u00e3o P\u00fablica<br \/><strong>Ano:<\/strong> 2021<\/p>\n<p><strong>Link para acesso:<\/strong><a href=\"https:\/\/www.ufsm.br\/app\/uploads\/sites\/539\/2025\/05\/10-LOSS-OF-FINANCIAL-WELL-BEING-IN-THE-COVID-19-PANDEMIC-DOES-JOB-STABILITY-MAKE-A-DIFFERENCE.pdf\"><strong>\u00a0 \u00a010 &#8211; LOSS OF FINANCIAL WELL-BEING IN THE COVID-19 PANDEMIC &#8211; DOES JOB STABILITY MAKE A DIFFERENCE<\/strong><\/a><\/p>\n<!-- \/wp:tadv\/classic-paragraph -->\t\t\t\t\t\t<\/div>\n\t\t\t\t<\/div>\n\t\t\t\t\t<\/div>\n\t\t<\/div>\n\t\t\t\t\t<\/div>\n\t\t<\/section>\n\t\t\t\t<\/div>\n\t\t","protected":false},"excerpt":{"rendered":"<p>O Curso de P\u00f3s-Gradua\u00e7\u00e3o em Gest\u00e3o de Organiza\u00e7\u00f5es P\u00fablicas apresenta a rede de atua\u00e7\u00e3o dos egressos do Programa e o impacto da produ\u00e7\u00e3o do mestrado profissionalizante nas institui\u00e7\u00f5es p\u00fablicas e na sociedade. Para estreitar ainda mais os v\u00ednculos, o Programa criou um canal direto de comunica\u00e7\u00e3o com seus ex-alunos. Atrav\u00e9s do email egressosppgop@ufsm.br \u00e9 poss\u00edvel [&hellip;]<\/p>\n","protected":false},"author":640,"featured_media":0,"parent":0,"menu_order":0,"comment_status":"closed","ping_status":"closed","template":"","meta":{"footnotes":""},"categories":[],"tags":[],"class_list":["post-615","page","type-page","status-publish","hentry"],"acf":[],"_links":{"self":[{"href":"https:\/\/www.ufsm.br\/cursos\/pos-graduacao\/santa-maria\/ppgop\/wp-json\/wp\/v2\/pages\/615","targetHints":{"allow":["GET"]}}],"collection":[{"href":"https:\/\/www.ufsm.br\/cursos\/pos-graduacao\/santa-maria\/ppgop\/wp-json\/wp\/v2\/pages"}],"about":[{"href":"https:\/\/www.ufsm.br\/cursos\/pos-graduacao\/santa-maria\/ppgop\/wp-json\/wp\/v2\/types\/page"}],"author":[{"embeddable":true,"href":"https:\/\/www.ufsm.br\/cursos\/pos-graduacao\/santa-maria\/ppgop\/wp-json\/wp\/v2\/users\/640"}],"replies":[{"embeddable":true,"href":"https:\/\/www.ufsm.br\/cursos\/pos-graduacao\/santa-maria\/ppgop\/wp-json\/wp\/v2\/comments?post=615"}],"version-history":[{"count":0,"href":"https:\/\/www.ufsm.br\/cursos\/pos-graduacao\/santa-maria\/ppgop\/wp-json\/wp\/v2\/pages\/615\/revisions"}],"wp:attachment":[{"href":"https:\/\/www.ufsm.br\/cursos\/pos-graduacao\/santa-maria\/ppgop\/wp-json\/wp\/v2\/media?parent=615"}],"wp:term":[{"taxonomy":"category","embeddable":true,"href":"https:\/\/www.ufsm.br\/cursos\/pos-graduacao\/santa-maria\/ppgop\/wp-json\/wp\/v2\/categories?post=615"},{"taxonomy":"post_tag","embeddable":true,"href":"https:\/\/www.ufsm.br\/cursos\/pos-graduacao\/santa-maria\/ppgop\/wp-json\/wp\/v2\/tags?post=615"}],"curies":[{"name":"wp","href":"https:\/\/api.w.org\/{rel}","templated":true}]}}