{"id":716,"date":"2021-09-04T19:15:52","date_gmt":"2021-09-04T22:15:52","guid":{"rendered":"https:\/\/www.ufsm.br\/cursos\/pos-graduacao\/santa-maria\/ppgop\/?page_id=716"},"modified":"2026-03-18T10:28:31","modified_gmt":"2026-03-18T13:28:31","slug":"politicas","status":"publish","type":"page","link":"https:\/\/www.ufsm.br\/cursos\/pos-graduacao\/santa-maria\/ppgop\/politicas","title":{"rendered":"Pol\u00edticas"},"content":{"rendered":"\t\t<div data-elementor-type=\"wp-page\" data-elementor-id=\"716\" class=\"elementor elementor-716\">\n\t\t\t\t\t\t<section class=\"elementor-section elementor-top-section elementor-element elementor-element-666f1e97 elementor-section-boxed elementor-section-height-default elementor-section-height-default\" data-id=\"666f1e97\" data-element_type=\"section\">\n\t\t\t\t\t\t<div class=\"elementor-container elementor-column-gap-default\">\n\t\t\t\t\t<div class=\"elementor-column elementor-col-100 elementor-top-column elementor-element elementor-element-5b22c630\" data-id=\"5b22c630\" data-element_type=\"column\">\n\t\t\t<div class=\"elementor-widget-wrap elementor-element-populated\">\n\t\t\t\t\t\t<div class=\"elementor-element elementor-element-454a61ea elementor-widget elementor-widget-text-editor\" data-id=\"454a61ea\" data-element_type=\"widget\" data-widget_type=\"text-editor.default\">\n\t\t\t\t<div class=\"elementor-widget-container\">\n\t\t\t\t\t\t\t<p>\u00a0<\/p>\n<div><br \/><a href=\"https:\/\/www.ufsm.br\/app\/uploads\/sites\/539\/2026\/03\/Politica-de-Pos-Doutorado-do-PPGOP.pdf\">Pol\u00edtica de P\u00f3s-Doutorado do PPGOP<\/a><\/div>\n<p><!-- \/wp:file --><!-- wp:file {\"id\":718,\"href\":\"https:\/\/www.ufsm.br\/app\/uploads\/sites\/539\/2021\/09\/Impacto-Social-do-PPGOP-Politica-e-acoes.pdf\",\"displayPreview\":true} --><\/p>\n<div><a href=\"https:\/\/www.ufsm.br\/app\/uploads\/sites\/539\/2021\/09\/Impacto-Social-do-PPGOP-Politica-e-acoes.pdf\">Impacto-Social-do-PPGOP-Politica-e-acoes<\/a><\/div>\n<p><!-- \/wp:file --><!-- wp:file {\"id\":719,\"href\":\"https:\/\/www.ufsm.br\/app\/uploads\/sites\/539\/2021\/09\/Politica-de-Internacionalizacao-PPGOP.pdf\",\"displayPreview\":true} --><\/p>\n<div><a href=\"https:\/\/www.ufsm.br\/app\/uploads\/sites\/539\/2021\/09\/Politica-de-Internacionalizacao-PPGOP.pdf\">Politica-de-Internacionalizacao-PPGOP<\/a><\/div>\n<p><!-- \/wp:file --><!-- wp:file {\"id\":720,\"href\":\"https:\/\/www.ufsm.br\/app\/uploads\/sites\/539\/2021\/09\/Politica-para-Formacao-de-Bancas-Examinadoras.pdf\",\"displayPreview\":true} --><\/p>\n<div><a href=\"https:\/\/www.ufsm.br\/app\/uploads\/sites\/539\/2025\/03\/Politica-para-Formacao-de-Bancas-Examinadoras.pdf\">Politica-para-Formacao-de-Bancas-Examinadoras<\/a><\/div>\n<div>\u00a0<\/div>\n<div>\n<p><!-- \/wp:file --><!-- wp:file {\"id\":718,\"href\":\"https:\/\/www.ufsm.br\/app\/uploads\/sites\/539\/2021\/09\/Impacto-Social-do-PPGOP-Politica-e-acoes.pdf\",\"displayPreview\":true} --><\/p>\n<div><a href=\"https:\/\/www.ufsm.br\/app\/uploads\/sites\/539\/2026\/02\/Criterios-para-credenciamento-PPGOP-1.pdf\">Crit\u00e9rios para credenciamento PPGOP<\/a><\/div>\n<p><!-- \/wp:file --><!-- wp:file {\"id\":719,\"href\":\"https:\/\/www.ufsm.br\/app\/uploads\/sites\/539\/2021\/09\/Politica-de-Internacionalizacao-PPGOP.pdf\",\"displayPreview\":true} --><\/p>\n<div><a href=\"https:\/\/www.ufsm.br\/app\/uploads\/sites\/539\/2026\/02\/Nova-Politica-para-concessao-de-recursos-financeiros-do-PPGOP-2026.pdf\">Nova Pol\u00edtica para concess\u00e3o de recursos financeiros do PPGOP 2026<\/a><\/div>\n<p><!-- \/wp:file --><!-- wp:file {\"id\":720,\"href\":\"https:\/\/www.ufsm.br\/app\/uploads\/sites\/539\/2021\/09\/Politica-para-Formacao-de-Bancas-Examinadoras.pdf\",\"displayPreview\":true} --><\/p>\n<div><a href=\"https:\/\/www.ufsm.br\/app\/uploads\/sites\/539\/2026\/02\/Producao-Academica-e-Tecnologica.pdf\">Produ\u00e7\u00e3o Acad\u00eamica e Tecnol\u00f3gica<\/a><\/div>\n<div>\u00a0<\/div>\n<div>\u00a0<\/div>\n<\/div>\n<p><!-- \/wp:file --><\/p>\t\t\t\t\t\t<\/div>\n\t\t\t\t<\/div>\n\t\t\t\t\t<\/div>\n\t\t<\/div>\n\t\t\t\t\t<\/div>\n\t\t<\/section>\n\t\t\t\t<\/div>\n\t\t","protected":false},"excerpt":{"rendered":"<p>\u00a0 Pol\u00edtica de P\u00f3s-Doutorado do PPGOP Impacto-Social-do-PPGOP-Politica-e-acoes Politica-de-Internacionalizacao-PPGOP Politica-para-Formacao-de-Bancas-Examinadoras \u00a0 Crit\u00e9rios para credenciamento PPGOP Nova Pol\u00edtica para concess\u00e3o de recursos financeiros do PPGOP 2026 Produ\u00e7\u00e3o Acad\u00eamica e Tecnol\u00f3gica \u00a0 \u00a0<\/p>\n","protected":false},"author":4543,"featured_media":0,"parent":0,"menu_order":0,"comment_status":"closed","ping_status":"closed","template":"","meta":{"footnotes":""},"categories":[],"tags":[],"class_list":["post-716","page","type-page","status-publish","hentry"],"acf":[],"_links":{"self":[{"href":"https:\/\/www.ufsm.br\/cursos\/pos-graduacao\/santa-maria\/ppgop\/wp-json\/wp\/v2\/pages\/716","targetHints":{"allow":["GET"]}}],"collection":[{"href":"https:\/\/www.ufsm.br\/cursos\/pos-graduacao\/santa-maria\/ppgop\/wp-json\/wp\/v2\/pages"}],"about":[{"href":"https:\/\/www.ufsm.br\/cursos\/pos-graduacao\/santa-maria\/ppgop\/wp-json\/wp\/v2\/types\/page"}],"author":[{"embeddable":true,"href":"https:\/\/www.ufsm.br\/cursos\/pos-graduacao\/santa-maria\/ppgop\/wp-json\/wp\/v2\/users\/4543"}],"replies":[{"embeddable":true,"href":"https:\/\/www.ufsm.br\/cursos\/pos-graduacao\/santa-maria\/ppgop\/wp-json\/wp\/v2\/comments?post=716"}],"version-history":[{"count":0,"href":"https:\/\/www.ufsm.br\/cursos\/pos-graduacao\/santa-maria\/ppgop\/wp-json\/wp\/v2\/pages\/716\/revisions"}],"wp:attachment":[{"href":"https:\/\/www.ufsm.br\/cursos\/pos-graduacao\/santa-maria\/ppgop\/wp-json\/wp\/v2\/media?parent=716"}],"wp:term":[{"taxonomy":"category","embeddable":true,"href":"https:\/\/www.ufsm.br\/cursos\/pos-graduacao\/santa-maria\/ppgop\/wp-json\/wp\/v2\/categories?post=716"},{"taxonomy":"post_tag","embeddable":true,"href":"https:\/\/www.ufsm.br\/cursos\/pos-graduacao\/santa-maria\/ppgop\/wp-json\/wp\/v2\/tags?post=716"}],"curies":[{"name":"wp","href":"https:\/\/api.w.org\/{rel}","templated":true}]}}