{"id":742,"date":"2021-09-13T15:33:23","date_gmt":"2021-09-13T18:33:23","guid":{"rendered":"https:\/\/www.ufsm.br\/cursos\/pos-graduacao\/santa-maria\/ppgop\/?page_id=742"},"modified":"2022-08-05T10:17:58","modified_gmt":"2022-08-05T13:17:58","slug":"quais-os-produtos-tecnologicos-para-a-area-de-administracao-publica-e-de-empresas-ciencias-contabeis-e-turismo","status":"publish","type":"page","link":"https:\/\/www.ufsm.br\/cursos\/pos-graduacao\/santa-maria\/ppgop\/quais-os-produtos-tecnologicos-para-a-area-de-administracao-publica-e-de-empresas-ciencias-contabeis-e-turismo","title":{"rendered":"Quais os Produtos Tecnol\u00f3gicos para a \u00c1rea de Administra\u00e7\u00e3o P\u00fablica e de Empresas, Ci\u00eancias Cont\u00e1beis e Turismo?"},"content":{"rendered":"\n<p style=\"text-align: justify\">O relat\u00f3rio do GT DAV\/CAPES definiu e detalhou 21 produtos t\u00e9cnicos\/tecnol\u00f3gicos a serem qualificados pelas 49 \u00c1reas de avalia\u00e7\u00e3o. O GT recomenda que cada \u00c1rea adote apenas os produtos mais aderentes para fins de qualifica\u00e7\u00e3o. A \u00c1rea 27 adotou os seguintes produtos t\u00e9cnicos\/tecnol\u00f3gicos:<\/p>\n<p style=\"text-align: justify\">1. <b>Empresa ou Organiza\u00e7\u00e3o social (inovadora).<\/b> Uma nova empresa ou organiza\u00e7\u00e3o social formada com base em produto, servi\u00e7o ou processo tecnol\u00f3gico desenvolvido por docentes e\/ou discentes no \u00e2mbito do programa de P\u00f3s-gradua\u00e7\u00e3o. Ex. Startups, OSCIPS, associa\u00e7\u00f5es sem fins lucrativos.<\/p>\n<p style=\"text-align: justify\">2. <b>Processo\/Tecnologia e Produto\/Material n\u00e3o patente\u00e1veis<\/b>. Produtos e\/ou processos tecnol\u00f3gicos que, por impedimentos legais, n\u00e3o apresentam um mecanismo formal de prote\u00e7\u00e3o em territ\u00f3rio brasileiro, incluindo quaisquer ativos de propriedade intelectual. Ex. Novos processos de gest\u00e3o documentados, novas t\u00e9cnicas de desenvolvimento de lideran\u00e7as sistematizadas.<\/p>\n<p style=\"text-align: justify\">3. <b>Relat\u00f3rio t\u00e9cnico conclusivo<\/b>. Texto elaborado de maneira concisa, contendo informa\u00e7\u00f5es sobre o projeto\/atividade realizado, desde seu planejamento at\u00e9 as conclus\u00f5es. Indica em seu conte\u00fado a relev\u00e2ncia dos resultados e conclus\u00e3o em termos de impacto social e\/ou econ\u00f4mico e a aplica\u00e7\u00e3o do conhecimento produzido. Ex. Relat\u00f3rios de consultorias e assessorias t\u00e9cnicas (relat\u00f3rios de bolsas PQ, Relat\u00f3rio de bolsa de p\u00f3s-doutorado, pareceres de \u00f3rg\u00e3os superiores)<span class=\"Apple-converted-space\">&nbsp;<\/span><\/p>\n<p style=\"text-align: justify\">Exemplos: Relat\u00f3rio de projeto de pesquisa; Relat\u00f3rio de assessoria e consultoria t\u00e9cnica e de auditoria de contratos; Relat\u00f3rio de impacto ambiental ou de obra civil; Relat\u00f3rio de ensaio f\u00edsico-qu\u00edmico de material ou produto em engenharia, veterin\u00e1ria, qu\u00edmica, agronomia etc.; Relat\u00f3rio de vistoria\/avalia\u00e7\u00e3o em institui\u00e7\u00f5es, \u00f3rg\u00e3os ou servi\u00e7os p\u00fablicos e privados.<span class=\"Apple-converted-space\">&nbsp;<\/span><\/p>\n<p style=\"text-align: justify\">N\u00e3o se aplica: Relat\u00f3rio de finaliza\u00e7\u00e3o de projetos de pesquisa financiados regularmente por ag\u00eancias de fomento, como Edital Universal, PAEP, PIBIC etc.;<\/p>\n<p style=\"text-align: justify\">4. <b>Tecnologia social<\/b>. M\u00e9todo, processo ou produto transformador, desenvolvido e\/ou aplicado na intera\u00e7\u00e3o com a popula\u00e7\u00e3o e apropriado por ela, que represente solu\u00e7\u00e3o para inclus\u00e3o social e melhoria das condi\u00e7\u00f5es de vida e que atenda aos requisitos de simplicidade, baixo custo, f\u00e1cil aplicabilidade e replicabilidade. Ex. T\u00e9cnicas alternativas de produ\u00e7\u00e3o, projetos de organiza\u00e7\u00f5es comunit\u00e1rias.<\/p>\n<p style=\"text-align: justify\"><span class=\"Apple-converted-space\">&nbsp;<\/span><\/p>\n<p style=\"text-align: justify\">5. <b>Norma ou marco regulat\u00f3rio<\/b>. Diretrizes que regulam o funcionamento do setor p\u00fablico e\/ou privado. Tem por finalidade estabelecer regras para sistemas, \u00f3rg\u00e3os, servi\u00e7os, institui\u00e7\u00f5es e empresas, com mecanismos de regula\u00e7\u00e3o, compensa\u00e7\u00e3o e penalidade. Ex. Marco regulat\u00f3rio em educa\u00e7\u00e3o, energia, sa\u00fade, telefonia, internet, transporte, petr\u00f3leo e g\u00e1s, organiza\u00e7\u00f5es da sociedade civil, norma regulamentadora em seguran\u00e7a e sa\u00fade no trabalho ou de preven\u00e7\u00e3o de riscos ambientais.<\/p>\n<p style=\"text-align: justify\">6. <b>Patente<\/b>. T\u00edtulo de propriedade tempor\u00e1ria sobre uma inven\u00e7\u00e3o ou modelo de utilidade, outorgado pelo Estado aos inventores ou autores ou outras pessoas f\u00edsicas ou jur\u00eddicas detentoras de direitos sobre a cria\u00e7\u00e3o. Ex. Patentes de inven\u00e7\u00e3o, patentes de modelo de utilidade.<\/p>\n<p style=\"text-align: justify\">7. <b>Produtos\/Processos em sigilo<\/b>. Bens f\u00edsicos\/tang\u00edveis obtido por combina\u00e7\u00e3o de ideias, que possam ser materializados ou produzidos por um determinado processo de fabrica\u00e7\u00e3o, destinados ao uso restrito e comprovado por meio de declara\u00e7\u00e3o de sigilo. Ex. Novos processos de fabrica\u00e7\u00e3o documentados, novos processos de gest\u00e3o empresarial sistematizados.<\/p>\n<p style=\"text-align: justify\">8. <b>Software\/Aplicativo<\/b>. Conjunto de instru\u00e7\u00f5es ou declara\u00e7\u00f5es a serem usadas direta ou indiretamente por um computador, a fim de obter um determinado resultado. Ele e \u0301composto por um c\u00f3digo-fonte, desenvolvido em alguma linguagem de programa\u00e7\u00e3o. Ex. Programa de simula\u00e7\u00e3o, software de pesquisa operacional, softwares de gest\u00e3o, aplicativos educacionais.<\/p>\n<p style=\"text-align: justify\">9. <b>Base de dados t\u00e9cnico-cient\u00edfica<\/b>. Conjunto de arquivos relacionados entre si com registros sobre pessoas, lugares ou coisas. S\u00e3o cole\u00e7\u00f5es organizadas de dados que se relacionam de forma a criar algum sentido (Informa\u00e7\u00e3o) e dar mais efici\u00eancia durante uma pesquisa ou estudo. Ex. Banco de dados de indicadores gerenciais; Acervo de notifica\u00e7\u00f5es.<\/p>\n<p style=\"text-align: justify\">10. <b>Curso para forma\u00e7\u00e3o profissional<\/b>. Conjunto de conte\u00fados estabelecidos de acordo com as compet\u00eancias requeridas pela forma\u00e7\u00e3o profissional, em conformidade com os objetivos do programa de P\u00f3s-Gradua\u00e7\u00e3o. Ex. Forma\u00e7\u00e3o cont\u00ednua de profissionais\/gestores de organiza\u00e7\u00f5es p\u00fablicas e privadas, oferta especial para profissionais vinculados aos projetos de pesquisa (aluno especial).<\/p>\n<p style=\"text-align: justify\">11. <b>Material did\u00e1tico<\/b>. Produto de apoio\/suporte com fins did\u00e1ticos na media\u00e7\u00e3o de processos de ensino e aprendizagem em diferentes contextos educacionais. Ex. Material impresso como livros did\u00e1ticos e paradid\u00e1ticos, cole\u00e7\u00f5es e jogos educativos, material audiovisual como fotografias, programas de TV e R\u00e1dio, material em novas m\u00eddias como ebook, plataformas e aplicativos de celular.<\/p>\n<p style=\"text-align: justify\">12. <b>Produto bibliogr\u00e1fico na forma de artigo t\u00e9cnico\/tecnol\u00f3gico<\/b>. Artigo publicado em revistas voltadas para campos espec\u00edficos do conhecimento, geralmente relacionadas com o conhecimento tecnol\u00f3gico, mas que apresentam como foco o mercado, diferenciando assim das revistas cientificas, as quais buscam divulgar o progresso cient\u00edfico. Ex. Publica\u00e7\u00e3o em peri\u00f3dicos e se\u00e7\u00f5es tecnol\u00f3gicas.<\/p>\n<p style=\"text-align: justify\">As especifica\u00e7\u00f5es de cada produto t\u00e9cnico\/tecnol\u00f3gico, bem como exemplos e campos descritivos requeridos, s\u00e3o detalhadas no documento do GT de Produtos T\u00e9cnicos da DAV\/CAPES (<a href=\"http:\/\/www.capes.gov.br\/pt\/relatorios-tecnicos-dav\">http:\/\/www.capes.gov.br\/pt\/relatorios-tecnicos-dav<\/a>).<\/p>\n","protected":false},"excerpt":{"rendered":"<p>O relat\u00f3rio do GT DAV\/CAPES definiu e detalhou 21 produtos t\u00e9cnicos\/tecnol\u00f3gicos a serem qualificados pelas 49 \u00c1reas de avalia\u00e7\u00e3o. O GT recomenda que cada \u00c1rea adote apenas os produtos mais aderentes para fins de qualifica\u00e7\u00e3o. A \u00c1rea 27 adotou os seguintes produtos t\u00e9cnicos\/tecnol\u00f3gicos: 1. Empresa ou Organiza\u00e7\u00e3o social (inovadora). Uma nova empresa ou organiza\u00e7\u00e3o social [&hellip;]<\/p>\n","protected":false},"author":4543,"featured_media":0,"parent":0,"menu_order":0,"comment_status":"closed","ping_status":"closed","template":"","meta":{"footnotes":""},"categories":[],"tags":[],"class_list":["post-742","page","type-page","status-publish","hentry"],"acf":[],"_links":{"self":[{"href":"https:\/\/www.ufsm.br\/cursos\/pos-graduacao\/santa-maria\/ppgop\/wp-json\/wp\/v2\/pages\/742","targetHints":{"allow":["GET"]}}],"collection":[{"href":"https:\/\/www.ufsm.br\/cursos\/pos-graduacao\/santa-maria\/ppgop\/wp-json\/wp\/v2\/pages"}],"about":[{"href":"https:\/\/www.ufsm.br\/cursos\/pos-graduacao\/santa-maria\/ppgop\/wp-json\/wp\/v2\/types\/page"}],"author":[{"embeddable":true,"href":"https:\/\/www.ufsm.br\/cursos\/pos-graduacao\/santa-maria\/ppgop\/wp-json\/wp\/v2\/users\/4543"}],"replies":[{"embeddable":true,"href":"https:\/\/www.ufsm.br\/cursos\/pos-graduacao\/santa-maria\/ppgop\/wp-json\/wp\/v2\/comments?post=742"}],"version-history":[{"count":0,"href":"https:\/\/www.ufsm.br\/cursos\/pos-graduacao\/santa-maria\/ppgop\/wp-json\/wp\/v2\/pages\/742\/revisions"}],"wp:attachment":[{"href":"https:\/\/www.ufsm.br\/cursos\/pos-graduacao\/santa-maria\/ppgop\/wp-json\/wp\/v2\/media?parent=742"}],"wp:term":[{"taxonomy":"category","embeddable":true,"href":"https:\/\/www.ufsm.br\/cursos\/pos-graduacao\/santa-maria\/ppgop\/wp-json\/wp\/v2\/categories?post=742"},{"taxonomy":"post_tag","embeddable":true,"href":"https:\/\/www.ufsm.br\/cursos\/pos-graduacao\/santa-maria\/ppgop\/wp-json\/wp\/v2\/tags?post=742"}],"curies":[{"name":"wp","href":"https:\/\/api.w.org\/{rel}","templated":true}]}}