{"id":1621,"date":"2022-01-18T10:48:29","date_gmt":"2022-01-18T13:48:29","guid":{"rendered":"https:\/\/www.ufsm.br\/cursos\/pos-graduacao\/santa-maria\/ppgp\/?page_id=1621"},"modified":"2025-02-26T09:25:28","modified_gmt":"2025-02-26T12:25:28","slug":"bancas-de-qualificacao-doutorado","status":"publish","type":"page","link":"https:\/\/www.ufsm.br\/cursos\/pos-graduacao\/santa-maria\/ppgp\/bancas-de-qualificacao-doutorado","title":{"rendered":"Bancas de Qualifica\u00e7\u00e3o &#8211; Doutorado"},"content":{"rendered":"\n<h3 style=\"text-align: justify\">Antes de acessar o sistema de processo online de solicita\u00e7\u00e3o de Defesa de Qualifica\u00e7\u00e3o de Doutorado, tenha os seguintes dados dispon\u00edveis:<\/h3>\n<p>\u00a0<\/p>\n<p>&#8211; A banca examinadora de qualifica\u00e7\u00e3o de disserta\u00e7\u00e3o ou qualifica\u00e7\u00e3o de doutorado ser\u00e1 constitu\u00edda de 1 (um\/uma) presidente e 2 (dois\/duas) membros(as) efetivos(as) e 1 (um\/uma) suplente, sendo, no m\u00ednimo, 1 (um\/uma) dos(as) membros(as) efetivos(as) externo(as) \u00e0 UFSM.\u00a0\u00a0;<\/p>\n<p>\u00a0<\/p>\n<p>&#8211; Nome completo, CPF ou Passaporte, data de nascimento, titula\u00e7\u00e3o, sigla da IES e nome completo da IES dos participantes da banca;<\/p>\n<p>\u00a0<\/p>\n<p>&#8211; Verifique no Hist\u00f3rico Escolar se j\u00e1 possui pelo menos 27 cr\u00e9ditos, equivalentes aos 75% dos cr\u00e9ditos requeridos;<\/p>\n<p>\u00a0<\/p>\n<p>&#8211; Para solicitar a Defesa de Qualifica\u00e7\u00e3o de Doutorado o (a) aluno (a) dever\u00e1 acessar o<a href=\"https:\/\/portal.ufsm.br\/aluno\/\">\u00a0Portal do aluno<\/a>\u00a0e clicar no \u00edcone \u201cPlano de Estudos\u201d.\u00a0Para acessar o <strong>Tutorial de Solicita\u00e7\u00e3o de Defesa de MDT<\/strong>,\u00a0clique <strong><a href=\"https:\/\/www.ufsm.br\/pro-reitorias\/prpgp\/wp-content\/uploads\/sites\/345\/2018\/08\/TUTORIAL.pdf\">aqui<\/a><\/strong>.<\/p>\n<p>\u00a0<\/p>\n<p>&#8211; Dever\u00e1 entregar via e-mail\u00a0 \u00e0 Secretaria Integrada da P\u00f3s-gradua\u00e7\u00e3o do CCSH (SIPOS) <a href=\"mailto:sipos.ccsh@ufsm.br\">sipos.ccsh@ufsm.br<\/a>, com pelo menos 20 dias de anteced\u00eancia da data prevista para a defesa, o <a href=\"https:\/\/www.ufsm.br\/app\/uploads\/sites\/512\/2022\/08\/Formulario-Banca-de-Defesa-3-1.docx\">Formul\u00e1rio Banca de Defesa<\/a>;<\/p>\n<p>\u00a0<\/p>\n<p>\u00a0<\/p>\n","protected":false},"excerpt":{"rendered":"<p>Antes de acessar o sistema de processo online de solicita\u00e7\u00e3o de Defesa de Qualifica\u00e7\u00e3o de Doutorado, tenha os seguintes dados dispon\u00edveis: \u00a0 &#8211; A banca examinadora de qualifica\u00e7\u00e3o de disserta\u00e7\u00e3o ou qualifica\u00e7\u00e3o de doutorado ser\u00e1 constitu\u00edda de 1 (um\/uma) presidente e 2 (dois\/duas) membros(as) efetivos(as) e 1 (um\/uma) suplente, sendo, no m\u00ednimo, 1 (um\/uma) dos(as) [&hellip;]<\/p>\n","protected":false},"author":4833,"featured_media":0,"parent":0,"menu_order":0,"comment_status":"closed","ping_status":"closed","template":"","meta":{"footnotes":""},"categories":[],"tags":[],"class_list":["post-1621","page","type-page","status-publish","hentry"],"acf":[],"_links":{"self":[{"href":"https:\/\/www.ufsm.br\/cursos\/pos-graduacao\/santa-maria\/ppgp\/wp-json\/wp\/v2\/pages\/1621","targetHints":{"allow":["GET"]}}],"collection":[{"href":"https:\/\/www.ufsm.br\/cursos\/pos-graduacao\/santa-maria\/ppgp\/wp-json\/wp\/v2\/pages"}],"about":[{"href":"https:\/\/www.ufsm.br\/cursos\/pos-graduacao\/santa-maria\/ppgp\/wp-json\/wp\/v2\/types\/page"}],"author":[{"embeddable":true,"href":"https:\/\/www.ufsm.br\/cursos\/pos-graduacao\/santa-maria\/ppgp\/wp-json\/wp\/v2\/users\/4833"}],"replies":[{"embeddable":true,"href":"https:\/\/www.ufsm.br\/cursos\/pos-graduacao\/santa-maria\/ppgp\/wp-json\/wp\/v2\/comments?post=1621"}],"version-history":[{"count":0,"href":"https:\/\/www.ufsm.br\/cursos\/pos-graduacao\/santa-maria\/ppgp\/wp-json\/wp\/v2\/pages\/1621\/revisions"}],"wp:attachment":[{"href":"https:\/\/www.ufsm.br\/cursos\/pos-graduacao\/santa-maria\/ppgp\/wp-json\/wp\/v2\/media?parent=1621"}],"wp:term":[{"taxonomy":"category","embeddable":true,"href":"https:\/\/www.ufsm.br\/cursos\/pos-graduacao\/santa-maria\/ppgp\/wp-json\/wp\/v2\/categories?post=1621"},{"taxonomy":"post_tag","embeddable":true,"href":"https:\/\/www.ufsm.br\/cursos\/pos-graduacao\/santa-maria\/ppgp\/wp-json\/wp\/v2\/tags?post=1621"}],"curies":[{"name":"wp","href":"https:\/\/api.w.org\/{rel}","templated":true}]}}