{"id":168,"date":"2019-01-22T12:21:10","date_gmt":"2019-01-22T14:21:10","guid":{"rendered":"https:\/\/www.ufsm.br\/cursos\/pos-graduacao\/santa-maria\/ppgp\/?page_id=168"},"modified":"2025-01-07T11:23:47","modified_gmt":"2025-01-07T14:23:47","slug":"normatizacoes-do-ppgp","status":"publish","type":"page","link":"https:\/\/www.ufsm.br\/cursos\/pos-graduacao\/santa-maria\/ppgp\/normatizacoes-do-ppgp","title":{"rendered":"Normatiza\u00e7\u00f5es do PPGP"},"content":{"rendered":"\t\t<div data-elementor-type=\"wp-page\" data-elementor-id=\"168\" class=\"elementor elementor-168\">\n\t\t\t\t\t\t<section class=\"elementor-section elementor-top-section elementor-element elementor-element-dd9f6d1 elementor-section-boxed elementor-section-height-default elementor-section-height-default\" data-id=\"dd9f6d1\" data-element_type=\"section\">\n\t\t\t\t\t\t<div class=\"elementor-container elementor-column-gap-default\">\n\t\t\t\t\t<div class=\"elementor-column elementor-col-100 elementor-top-column elementor-element elementor-element-4ddf4bc\" data-id=\"4ddf4bc\" data-element_type=\"column\">\n\t\t\t<div class=\"elementor-widget-wrap elementor-element-populated\">\n\t\t\t\t\t\t<div class=\"elementor-element elementor-element-bf33bcd elementor-widget elementor-widget-text-editor\" data-id=\"bf33bcd\" data-element_type=\"widget\" data-widget_type=\"text-editor.default\">\n\t\t\t\t<div class=\"elementor-widget-container\">\n\t\t\t\t\t\t\t<ul><li><a href=\"https:\/\/www.ufsm.br\/app\/uploads\/sites\/345\/2023\/10\/RES_UFSM_2023_139_ANEXO_I_Regulamento-Geral-PG-Stricto-Sensu-UFSM-2023.pdf\">Regulamento Geral da P\u00f3s-Gradua\u00e7\u00e3o Stricto Sensu (Mestrado e Doutorado) da UFSM 2023<\/a><\/li><li><a href=\"https:\/\/www.ufsm.br\/app\/uploads\/sites\/513\/2024\/10\/RESOLUCAO-UFSM-175-de-2024-altera-prazos-licencas-discentes-1.pdf\">Licen\u00e7as Discentes &#8211; Prazos<\/a><\/li><li><a href=\"https:\/\/www.ufsm.br\/app\/uploads\/sites\/513\/2024\/10\/Regulamento-Geral-da-Pos-graduacao-UFSM-2024-res.-172-e-Anexo-I.pdf\">Regulamento Lacto Sensu (Especializa\u00e7\u00e3o) Regulamento-Geral-da-Pos-graduacao-UFSM-2024<\/a><\/li><\/ul>\t\t\t\t\t\t<\/div>\n\t\t\t\t<\/div>\n\t\t\t\t\t<\/div>\n\t\t<\/div>\n\t\t\t\t\t<\/div>\n\t\t<\/section>\n\t\t\t\t<\/div>\n\t\t","protected":false},"excerpt":{"rendered":"<p>Regulamento Geral da P\u00f3s-Gradua\u00e7\u00e3o Stricto Sensu (Mestrado e Doutorado) da UFSM 2023 Licen\u00e7as Discentes &#8211; Prazos Regulamento Lacto Sensu (Especializa\u00e7\u00e3o) Regulamento-Geral-da-Pos-graduacao-UFSM-2024<\/p>\n","protected":false},"author":115,"featured_media":0,"parent":0,"menu_order":0,"comment_status":"closed","ping_status":"closed","template":"","meta":{"footnotes":""},"categories":[],"tags":[],"class_list":["post-168","page","type-page","status-publish","hentry"],"acf":[],"_links":{"self":[{"href":"https:\/\/www.ufsm.br\/cursos\/pos-graduacao\/santa-maria\/ppgp\/wp-json\/wp\/v2\/pages\/168","targetHints":{"allow":["GET"]}}],"collection":[{"href":"https:\/\/www.ufsm.br\/cursos\/pos-graduacao\/santa-maria\/ppgp\/wp-json\/wp\/v2\/pages"}],"about":[{"href":"https:\/\/www.ufsm.br\/cursos\/pos-graduacao\/santa-maria\/ppgp\/wp-json\/wp\/v2\/types\/page"}],"author":[{"embeddable":true,"href":"https:\/\/www.ufsm.br\/cursos\/pos-graduacao\/santa-maria\/ppgp\/wp-json\/wp\/v2\/users\/115"}],"replies":[{"embeddable":true,"href":"https:\/\/www.ufsm.br\/cursos\/pos-graduacao\/santa-maria\/ppgp\/wp-json\/wp\/v2\/comments?post=168"}],"version-history":[{"count":0,"href":"https:\/\/www.ufsm.br\/cursos\/pos-graduacao\/santa-maria\/ppgp\/wp-json\/wp\/v2\/pages\/168\/revisions"}],"wp:attachment":[{"href":"https:\/\/www.ufsm.br\/cursos\/pos-graduacao\/santa-maria\/ppgp\/wp-json\/wp\/v2\/media?parent=168"}],"wp:term":[{"taxonomy":"category","embeddable":true,"href":"https:\/\/www.ufsm.br\/cursos\/pos-graduacao\/santa-maria\/ppgp\/wp-json\/wp\/v2\/categories?post=168"},{"taxonomy":"post_tag","embeddable":true,"href":"https:\/\/www.ufsm.br\/cursos\/pos-graduacao\/santa-maria\/ppgp\/wp-json\/wp\/v2\/tags?post=168"}],"curies":[{"name":"wp","href":"https:\/\/api.w.org\/{rel}","templated":true}]}}