{"id":196,"date":"2019-01-22T12:49:36","date_gmt":"2019-01-22T14:49:36","guid":{"rendered":"https:\/\/www.ufsm.br\/cursos\/pos-graduacao\/santa-maria\/ppgp\/?page_id=196"},"modified":"2022-08-05T11:20:40","modified_gmt":"2022-08-05T14:20:40","slug":"apresentacao","status":"publish","type":"page","link":"https:\/\/www.ufsm.br\/cursos\/pos-graduacao\/santa-maria\/ppgp\/apresentacao","title":{"rendered":"Apresenta\u00e7\u00e3o"},"content":{"rendered":"\n<p style=\"text-align: justify\">O Programa de P\u00f3s Gradua\u00e7\u00e3o em Psicologia (PPGP) tem como objetivo qualificar docentes e pesquisadores, em n\u00edvel de mestrado e doutorado, aptos para atender \u00e0s necessidades contempor\u00e2neas dos diferentes n\u00edveis de promo\u00e7\u00e3o da sa\u00fade e de pr\u00e1ticas psicol\u00f3gicas que respondam a esse desafio. O Programa \u00e9 reconhecido e avaliado com conceito 4 pela CAPES. At\u00e9 o ano de 2018 foram titulados 142 mestres, de acordo com a seguinte distribui\u00e7\u00e3o anual: 2010 (06); 2011 (06); 2012 (15); 2013 (13); 2014 (15); 2015 (17); 2016 (21); 2017 (28); 2018 (21).\u00a0<\/p>\n","protected":false},"excerpt":{"rendered":"<p>O Programa de P\u00f3s Gradua\u00e7\u00e3o em Psicologia (PPGP) tem como objetivo qualificar docentes e pesquisadores, em n\u00edvel de mestrado e doutorado, aptos para atender \u00e0s necessidades contempor\u00e2neas dos diferentes n\u00edveis de promo\u00e7\u00e3o da sa\u00fade e de pr\u00e1ticas psicol\u00f3gicas que respondam a esse desafio. O Programa \u00e9 reconhecido e avaliado com conceito 4 pela CAPES. At\u00e9 [&hellip;]<\/p>\n","protected":false},"author":115,"featured_media":0,"parent":0,"menu_order":0,"comment_status":"closed","ping_status":"closed","template":"","meta":{"footnotes":""},"categories":[],"tags":[],"class_list":["post-196","page","type-page","status-publish","hentry"],"acf":[],"_links":{"self":[{"href":"https:\/\/www.ufsm.br\/cursos\/pos-graduacao\/santa-maria\/ppgp\/wp-json\/wp\/v2\/pages\/196","targetHints":{"allow":["GET"]}}],"collection":[{"href":"https:\/\/www.ufsm.br\/cursos\/pos-graduacao\/santa-maria\/ppgp\/wp-json\/wp\/v2\/pages"}],"about":[{"href":"https:\/\/www.ufsm.br\/cursos\/pos-graduacao\/santa-maria\/ppgp\/wp-json\/wp\/v2\/types\/page"}],"author":[{"embeddable":true,"href":"https:\/\/www.ufsm.br\/cursos\/pos-graduacao\/santa-maria\/ppgp\/wp-json\/wp\/v2\/users\/115"}],"replies":[{"embeddable":true,"href":"https:\/\/www.ufsm.br\/cursos\/pos-graduacao\/santa-maria\/ppgp\/wp-json\/wp\/v2\/comments?post=196"}],"version-history":[{"count":0,"href":"https:\/\/www.ufsm.br\/cursos\/pos-graduacao\/santa-maria\/ppgp\/wp-json\/wp\/v2\/pages\/196\/revisions"}],"wp:attachment":[{"href":"https:\/\/www.ufsm.br\/cursos\/pos-graduacao\/santa-maria\/ppgp\/wp-json\/wp\/v2\/media?parent=196"}],"wp:term":[{"taxonomy":"category","embeddable":true,"href":"https:\/\/www.ufsm.br\/cursos\/pos-graduacao\/santa-maria\/ppgp\/wp-json\/wp\/v2\/categories?post=196"},{"taxonomy":"post_tag","embeddable":true,"href":"https:\/\/www.ufsm.br\/cursos\/pos-graduacao\/santa-maria\/ppgp\/wp-json\/wp\/v2\/tags?post=196"}],"curies":[{"name":"wp","href":"https:\/\/api.w.org\/{rel}","templated":true}]}}