{"id":2131,"date":"2023-03-23T13:09:15","date_gmt":"2023-03-23T16:09:15","guid":{"rendered":"https:\/\/www.ufsm.br\/cursos\/pos-graduacao\/santa-maria\/ppgp\/?page_id=2131"},"modified":"2023-03-27T11:53:29","modified_gmt":"2023-03-27T14:53:29","slug":"prorrogacao-do-prazo-de-defesa","status":"publish","type":"page","link":"https:\/\/www.ufsm.br\/cursos\/pos-graduacao\/santa-maria\/ppgp\/prorrogacao-do-prazo-de-defesa","title":{"rendered":"Prorroga\u00e7\u00e3o do Prazo de Defesa"},"content":{"rendered":"\n<p>\u00a0<\/p>\n<h5 style=\"text-align: center\">ORIENTA\u00c7\u00d5ES E PROCEDIMENTOS PARA SOLICITAR PRORROGA\u00c7\u00c3O DO PRAZO DE DEFESA<\/h5>\n<h5 style=\"text-align: center\">Programa de P\u00f3s-Gradua\u00e7\u00e3o em Psicologia da UFSM<\/h5>\n<p>\u00a0<\/p>\n<p style=\"text-align: justify\">Todo(a) aluno(a) regular poder\u00e1 solicitar, em car\u00e1ter excepcional, um pedido de prorroga\u00e7\u00e3o do prazo de defesa de qualifica\u00e7\u00e3o ou de defesa de disserta\u00e7\u00e3o\/tese. A concess\u00e3o da prorroga\u00e7\u00e3o de prazo para a defesa <strong>sempre ficar\u00e1 a crit\u00e9rio do Colegiado<\/strong> do PPG em Psicologia, que far\u00e1 a an\u00e1lise do pedido do(a) discente em reuni\u00e3o colegiada.<\/p>\n<p style=\"text-align: justify\">Existem <strong>dois tipos<\/strong> de solicita\u00e7\u00e3o de prorroga\u00e7\u00e3o de prazo de defesa, a saber: a) prorroga\u00e7\u00e3o do prazo de defesa de Qualifica\u00e7\u00e3o; e, b) prorroga\u00e7\u00e3o do prazo de Defesa de Disserta\u00e7\u00e3o\/Tese. <strong>Os procedimentos de solicita\u00e7\u00e3o de cada tipo de prorroga\u00e7\u00e3o s\u00e3o diversos<\/strong>, sendo cada um deles explicado abaixo:<\/p>\n<p>\u00a0<\/p>\n<ul>\n<li><strong>PRORROGA\u00c7\u00c3O DO PRAZO DE QUALIFICA\u00c7\u00c3O (da Disserta\u00e7\u00e3o ou Tese)<\/strong><\/li>\n<\/ul>\n<p>Para solicitar a prorroga\u00e7\u00e3o da qualifica\u00e7\u00e3o de disserta\u00e7\u00e3o ou tese, se faz necess\u00e1rio <strong>enviar <em>e-mail<\/em><\/strong> para:<\/p>\n<ol style=\"list-style-type: lower-roman\">\n<li>A Secretaria Integrada de Cursos de P\u00f3s-Gradua\u00e7\u00e3o &#8211; SIPOS, pelo endere\u00e7o eletr\u00f4nico <a href=\"mailto:sipos.ccsh@ufsm.br\">sipos.ccsh@ufsm.br<\/a>, <strong>e<\/strong><\/li>\n<li>A Coordena\u00e7\u00e3o do PPGP, pelo endere\u00e7o eletr\u00f4nico <a href=\"mailto:coord.ppgp@ufsm.br\">coord.ppgp@ufsm.br<\/a>, <strong>anexando todos os documentos relacionados abaixo.<\/strong><\/li>\n<\/ol>\n<p>Documenta\u00e7\u00e3o a ser anexada ao e-mail:<\/p>\n<ol>\n<li><a href=\"https:\/\/www.ufsm.br\/app\/uploads\/sites\/518\/2023\/03\/Requerimento_Prorrogacao_Prazo_Qualificacao_StrictoSensu.docx\">Requerimento de Prorroga\u00e7\u00e3o do Prazo de Defesa de Qualifica\u00e7\u00e3o<\/a> (<strong>assinado pelo estudante e pelo orientador<\/strong>);<\/li>\n<li>Hist\u00f3rico escolar simplificado (dispon\u00edvel no menu Relat\u00f3rios do <a href=\"https:\/\/portal.ufsm.br\/aluno\/\">Portal do Aluno<\/a>); e,<\/li>\n<li>O arquivo <strong>em PDF<\/strong> da disserta\u00e7\u00e3o\/tese em andamento.<\/li>\n<\/ol>\n<p>\u00a0<\/p>\n<ul>\n<li><strong>PRORROGA\u00c7\u00c3O DO PRAZO DE DEFESA FINAL (da Disserta\u00e7\u00e3o ou Tese)<\/strong><\/li>\n<\/ul>\n<p style=\"text-align: justify\">Para solicitar a prorroga\u00e7\u00e3o da defesa final da disserta\u00e7\u00e3o ou tese, se faz necess\u00e1rio <strong>abrir um processo eletr\u00f4nico<\/strong> pelo PEN-SIE, da seguinte maneira:<\/p>\n<ol>\n<li style=\"text-align: justify\">Acessar o <a href=\"https:\/\/portal.ufsm.br\/documentos\/mainMenu.html\">Portal de Documentos<\/a> (acessar com sua matr\u00edcula e senha);<\/li>\n<li style=\"text-align: justify\">Clicar em &#8220;<strong>Novo&#8221; <\/strong>(canto superior esquerdo da p\u00e1gina);<\/li>\n<li style=\"text-align: justify\">Clicar em <strong>&#8220;Processo&#8221;<\/strong>;<\/li>\n<li style=\"text-align: justify\">Em &#8220;<strong>Tipo Documental&#8221;<\/strong>, digitar: &#8220;<em>Processo de prorroga\u00e7\u00e3o de prazo para defesa&#8221;<\/em>;<\/li>\n<li style=\"text-align: justify\">No campo &#8220;<strong>Descri\u00e7\u00e3o&#8221;<\/strong>, digitar: <em>&#8220;Solicito prorroga\u00e7\u00e3o do prazo de defesa de disserta\u00e7\u00e3o\/tese ao PPG em Psicologia<\/em>&#8220;;<\/li>\n<li style=\"text-align: justify\">Clicar em <strong>&#8220;Salvar&#8221;<\/strong>;<\/li>\n<li style=\"text-align: justify\"><strong>Inserir a documenta\u00e7\u00e3o listada abaixo;<\/strong><\/li>\n<li style=\"text-align: justify\"><strong>Tramitar<\/strong> o processo para o(a) docente orientadora(a), que dever\u00e1 assinar digitalmente o <strong>requerimento<\/strong> e o <strong>plano de trabalho <\/strong>(dispon\u00edveis abaixo);<\/li>\n<li style=\"text-align: justify\">Uma vez digitalmente assinados os dois documentos mencionados no item &#8220;8.&#8221;, o(a) orientador(a) precisa <strong>tramitar<\/strong> o processo para a unidade &#8220;<strong>Curso-Programa PG em Psicologia<\/strong>&#8220;.<\/li>\n<\/ol>\n<p style=\"text-align: justify\"><strong><span style=\"text-decoration: underline\">ATEN\u00c7\u00c3O<\/span>:<\/strong> Documenta\u00e7\u00e3o necess\u00e1ria <strong>a ser inserida<\/strong> no processo eletr\u00f4nico (cfe. &#8220;item 7.&#8221;, acima):<\/p>\n<ol style=\"list-style-type: lower-roman\">\n<li style=\"text-align: justify\"><a href=\"https:\/\/www.ufsm.br\/app\/uploads\/sites\/518\/2023\/03\/Requerimento_Prorrogacao_Prazo_Defesa_StrictoSensu-Novo-PRPGP.docx\">Requerimento de Prorroga\u00e7\u00e3o do Prazo de Defesa de Disserta\u00e7\u00e3o\/Tese<\/a>, <strong>em formato PDF<\/strong> e assinado eletronicamente no PEN\/SIE pelo <strong>estudante<\/strong> e pelo <strong>orientador<\/strong>;<\/li>\n<li style=\"text-align: justify\"><a href=\"https:\/\/www.ufsm.br\/app\/uploads\/sites\/518\/2023\/03\/Plano-de-Trabalho-Prorrogacao-de-prazo-de-defesa.docx\">Plano de Trabalho<\/a>, <strong>em formato PDF<\/strong> e assinado eletronicamente no PEN\/SIE pelo <strong>estudante<\/strong> e pelo <strong>orientador<\/strong>;<\/li>\n<li style=\"text-align: justify\">Hist\u00f3rico Escolar Simplificado, <strong>em formato PDF<\/strong>, dispon\u00edvel no menu &#8220;Relat\u00f3rios&#8221; do <a href=\"https:\/\/portal.ufsm.br\/aluno\/index.html\">Portal do Aluno<\/a>;<\/li>\n<li style=\"text-align: justify\">O arquivo da disserta\u00e7\u00e3o\/tese em andamento, <strong>em formato PDF<\/strong>; e,<\/li>\n<li style=\"text-align: justify\">Caso existam, <strong>outros documentos<\/strong> que comprovem a solicita\u00e7\u00e3o do(a) discente &#8211; atestados m\u00e9dicos, certid\u00f5es, etc. &#8211;<strong> em formato PDF<\/strong>.<\/li>\n<\/ol>\n<p style=\"text-align: justify\">Ap\u00f3s o processo eletr\u00f4nico chegar na Coordena\u00e7\u00e3o do Programa (&#8220;item 9.&#8221;, acima), a solicita\u00e7\u00e3o do(a) aluno(a) ser\u00e1 analisada pelo Colegiado do PPG em Psicologia, e, uma vez aprovado o pedido, o processo ser\u00e1 tramitado para a PRPGP, que far\u00e1 a anota\u00e7\u00e3o da prorroga\u00e7\u00e3o no hist\u00f3rico escolar do(a) discente.<\/p>\n<p>\u00a0<\/p>\n<p>\u00a0<\/p>\n","protected":false},"excerpt":{"rendered":"<p>\u00a0 ORIENTA\u00c7\u00d5ES E PROCEDIMENTOS PARA SOLICITAR PRORROGA\u00c7\u00c3O DO PRAZO DE DEFESA Programa de P\u00f3s-Gradua\u00e7\u00e3o em Psicologia da UFSM \u00a0 Todo(a) aluno(a) regular poder\u00e1 solicitar, em car\u00e1ter excepcional, um pedido de prorroga\u00e7\u00e3o do prazo de defesa de qualifica\u00e7\u00e3o ou de defesa de disserta\u00e7\u00e3o\/tese. A concess\u00e3o da prorroga\u00e7\u00e3o de prazo para a defesa sempre ficar\u00e1 a crit\u00e9rio [&hellip;]<\/p>\n","protected":false},"author":586,"featured_media":0,"parent":0,"menu_order":0,"comment_status":"closed","ping_status":"closed","template":"","meta":{"footnotes":""},"categories":[183],"tags":[],"class_list":["post-2131","page","type-page","status-publish","hentry","category-orientacoes"],"acf":[],"_links":{"self":[{"href":"https:\/\/www.ufsm.br\/cursos\/pos-graduacao\/santa-maria\/ppgp\/wp-json\/wp\/v2\/pages\/2131","targetHints":{"allow":["GET"]}}],"collection":[{"href":"https:\/\/www.ufsm.br\/cursos\/pos-graduacao\/santa-maria\/ppgp\/wp-json\/wp\/v2\/pages"}],"about":[{"href":"https:\/\/www.ufsm.br\/cursos\/pos-graduacao\/santa-maria\/ppgp\/wp-json\/wp\/v2\/types\/page"}],"author":[{"embeddable":true,"href":"https:\/\/www.ufsm.br\/cursos\/pos-graduacao\/santa-maria\/ppgp\/wp-json\/wp\/v2\/users\/586"}],"replies":[{"embeddable":true,"href":"https:\/\/www.ufsm.br\/cursos\/pos-graduacao\/santa-maria\/ppgp\/wp-json\/wp\/v2\/comments?post=2131"}],"version-history":[{"count":0,"href":"https:\/\/www.ufsm.br\/cursos\/pos-graduacao\/santa-maria\/ppgp\/wp-json\/wp\/v2\/pages\/2131\/revisions"}],"wp:attachment":[{"href":"https:\/\/www.ufsm.br\/cursos\/pos-graduacao\/santa-maria\/ppgp\/wp-json\/wp\/v2\/media?parent=2131"}],"wp:term":[{"taxonomy":"category","embeddable":true,"href":"https:\/\/www.ufsm.br\/cursos\/pos-graduacao\/santa-maria\/ppgp\/wp-json\/wp\/v2\/categories?post=2131"},{"taxonomy":"post_tag","embeddable":true,"href":"https:\/\/www.ufsm.br\/cursos\/pos-graduacao\/santa-maria\/ppgp\/wp-json\/wp\/v2\/tags?post=2131"}],"curies":[{"name":"wp","href":"https:\/\/api.w.org\/{rel}","templated":true}]}}