{"id":2346,"date":"2023-10-09T07:48:49","date_gmt":"2023-10-09T10:48:49","guid":{"rendered":"https:\/\/www.ufsm.br\/cursos\/pos-graduacao\/santa-maria\/ppgp\/?page_id=2346"},"modified":"2023-10-09T07:54:13","modified_gmt":"2023-10-09T10:54:13","slug":"publicacoes-2023","status":"publish","type":"page","link":"https:\/\/www.ufsm.br\/cursos\/pos-graduacao\/santa-maria\/ppgp\/publicacoes-2023","title":{"rendered":"Publica\u00e7\u00f5es 2023"},"content":{"rendered":"\n<p><strong>Livros:<\/strong><\/p>\n<p style=\"text-align: justify\">Roso, A.,\u00a0Alberti, T. F. A., Sanfelice, M. M., &amp; Silveira, V. G. da.\u00a0(orgs.) (2010). <strong>Psicologia contra o fascismo: patologias do social, sofrimento e desamparo em sociedades democr\u00e1ticas<\/strong>.\u00a0<i>Anais da XIV Jornada do Programa de P\u00f3s-Gradua\u00e7\u00e3o em Psicologia<\/i>. Santa Maria: Universidade Federal de Santa Maria; Programa de P\u00f3s-Gradua\u00e7\u00e3o em Psicologia.\u00a0<strong><a href=\"https:\/\/archive.org\/details\/roso-et-al-2023-psicologia-contra-o-fascismo\" target=\"_blank\" rel=\"noopener\" data-saferedirecturl=\"https:\/\/www.google.com\/url?q=https:\/\/archive.org\/details\/roso-et-al-2023-psicologia-contra-o-fascismo&amp;source=gmail&amp;ust=1696934187065000&amp;usg=AOvVaw0QK4czVW-N2wr0wRi7prBw\">https:\/\/archive.org\/details\/roso-et-al-2023-psicologia-contra-o-fascismo\u00a0<\/a><\/strong><\/p>\n\n\n","protected":false},"excerpt":{"rendered":"<p>Livros: Roso, A.,\u00a0Alberti, T. F. A., Sanfelice, M. M., &amp; Silveira, V. G. da.\u00a0(orgs.) (2010). Psicologia contra o fascismo: patologias do social, sofrimento e desamparo em sociedades democr\u00e1ticas.\u00a0Anais da XIV Jornada do Programa de P\u00f3s-Gradua\u00e7\u00e3o em Psicologia. Santa Maria: Universidade Federal de Santa Maria; Programa de P\u00f3s-Gradua\u00e7\u00e3o em Psicologia.\u00a0https:\/\/archive.org\/details\/roso-et-al-2023-psicologia-contra-o-fascismo\u00a0<\/p>\n","protected":false},"author":905,"featured_media":0,"parent":0,"menu_order":0,"comment_status":"closed","ping_status":"closed","template":"","meta":{"footnotes":""},"categories":[],"tags":[],"class_list":["post-2346","page","type-page","status-publish","hentry"],"acf":[],"_links":{"self":[{"href":"https:\/\/www.ufsm.br\/cursos\/pos-graduacao\/santa-maria\/ppgp\/wp-json\/wp\/v2\/pages\/2346","targetHints":{"allow":["GET"]}}],"collection":[{"href":"https:\/\/www.ufsm.br\/cursos\/pos-graduacao\/santa-maria\/ppgp\/wp-json\/wp\/v2\/pages"}],"about":[{"href":"https:\/\/www.ufsm.br\/cursos\/pos-graduacao\/santa-maria\/ppgp\/wp-json\/wp\/v2\/types\/page"}],"author":[{"embeddable":true,"href":"https:\/\/www.ufsm.br\/cursos\/pos-graduacao\/santa-maria\/ppgp\/wp-json\/wp\/v2\/users\/905"}],"replies":[{"embeddable":true,"href":"https:\/\/www.ufsm.br\/cursos\/pos-graduacao\/santa-maria\/ppgp\/wp-json\/wp\/v2\/comments?post=2346"}],"version-history":[{"count":0,"href":"https:\/\/www.ufsm.br\/cursos\/pos-graduacao\/santa-maria\/ppgp\/wp-json\/wp\/v2\/pages\/2346\/revisions"}],"wp:attachment":[{"href":"https:\/\/www.ufsm.br\/cursos\/pos-graduacao\/santa-maria\/ppgp\/wp-json\/wp\/v2\/media?parent=2346"}],"wp:term":[{"taxonomy":"category","embeddable":true,"href":"https:\/\/www.ufsm.br\/cursos\/pos-graduacao\/santa-maria\/ppgp\/wp-json\/wp\/v2\/categories?post=2346"},{"taxonomy":"post_tag","embeddable":true,"href":"https:\/\/www.ufsm.br\/cursos\/pos-graduacao\/santa-maria\/ppgp\/wp-json\/wp\/v2\/tags?post=2346"}],"curies":[{"name":"wp","href":"https:\/\/api.w.org\/{rel}","templated":true}]}}