{"id":2462,"date":"2024-07-31T12:02:48","date_gmt":"2024-07-31T15:02:48","guid":{"rendered":"https:\/\/www.ufsm.br\/cursos\/pos-graduacao\/santa-maria\/ppgp\/?page_id=2462"},"modified":"2024-10-17T13:51:32","modified_gmt":"2024-10-17T16:51:32","slug":"cooperacao-institucional","status":"publish","type":"page","link":"https:\/\/www.ufsm.br\/cursos\/pos-graduacao\/santa-maria\/ppgp\/cooperacao-institucional","title":{"rendered":"Coopera\u00e7\u00e3o Institucional"},"content":{"rendered":"\n<p>Em Edi\u00e7\u00e3o<\/p>\n<table style=\"width: 100%;border-collapse: collapse;border-style: solid;border-color: #0a0101;height: 417px\">\n<tbody>\n<tr style=\"height: 154px\">\n<td style=\"width: 16.2396%;height: 154px;border-style: solid;border-color: #0d0101;background-color: #c3ddeb\"><img decoding=\"async\" class=\"wp-image-2499 size-thumbnail alignnone\" src=\"https:\/\/www.ufsm.br\/app\/uploads\/sites\/518\/2024\/08\/PPGP-Fundo-Transparente-150x150.png\" alt=\"\" width=\"150\" height=\"150\" srcset=\"https:\/\/www.ufsm.br\/app\/uploads\/sites\/518\/2024\/08\/PPGP-Fundo-Transparente-150x150.png 150w, https:\/\/www.ufsm.br\/app\/uploads\/sites\/518\/2024\/08\/PPGP-Fundo-Transparente-300x300.png 300w, https:\/\/www.ufsm.br\/app\/uploads\/sites\/518\/2024\/08\/PPGP-Fundo-Transparente.png 500w\" sizes=\"(max-width: 150px) 100vw, 150px\" \/><\/td>\n<td style=\"width: 83.7604%;height: 154px;border-style: solid;border-color: #0d0101;background-color: #c3ddeb\">\n<h2 style=\"text-align: center\"><strong>Coopera\u00e7\u00e3o Institucional \u2013 PPGP\/UFSM<\/strong><\/h2>\n<\/td>\n<\/tr>\n<tr style=\"height: 46px\">\n<td style=\"width: 100%;border-style: solid;border-color: #000000;height: 46px;text-align: justify\" colspan=\"2\">\n<p>\u00a0 \u00a0 \u00a0 \u00a0O Programa de P\u00f3s-Gradua\u00e7\u00e3o em Psicologia da UFSM possui projetos de coopera\u00e7\u00e3o, interc\u00e2mbio e parceria nacional, que vem contribuindo para o desenvolvimento das atividades de ensino e pesquisa do programa. A posi\u00e7\u00e3o de refer\u00eancia regional que o PPGP vem construindo para sua consolida\u00e7\u00e3o que se evidencia por meio das parcerias institucionais que se estabeleceram ao longo dos anos visando ao enfrentamento de demandas emergentes na regi\u00e3o. Nesse sentido, destaca-se a interlocu\u00e7\u00e3o do PPGP com institui\u00e7\u00f5es de sa\u00fade, especialmente centros de aten\u00e7\u00e3o psicossocial, com escolas da rede p\u00fablica de ensino b\u00e1sico, com o Minist\u00e9rio P\u00fablico Estadual e com a Funda\u00e7\u00e3o de Atendimento Socioeducativo do RS, entre outras, nas quais s\u00e3o realizadas pesquisas e desenvolvidas a\u00e7\u00f5es de extens\u00e3o universit\u00e1ria, a maioria delas em aten\u00e7\u00e3o a demandas das institui\u00e7\u00f5es que buscam o PPGP para desenvolvimento de estudos e interven\u00e7\u00f5es. Algumas destas a\u00e7\u00f5es evidenciam a inser\u00e7\u00e3o social regional do PPGP e est\u00e3o descritas na se\u00e7\u00e3o espec\u00edfica desse quesito.<\/p>\n<\/td>\n<\/tr>\n<tr style=\"height: 55px\">\n<td style=\"width: 16.2396%;border-style: solid;border-color: #000000;height: 55px;background-color: #e1c6f7;text-align: center\">\n<h2>UFRN<\/h2>\n<\/td>\n<td style=\"width: 83.7604%;border-style: solid;border-color: #000000;text-align: justify;height: 69px;background-color: #edebfc\" rowspan=\"2\">o interc\u00e2mbio nacional estabelecido com a UFRN e a UNB atrav\u00e9s do Edital n\u00ba 071\/2013 do Programa Nacional de Coopera\u00e7\u00e3o Acad\u00eamica-PROCAD, a partir do qual se desenvolveu o projeto &#8220;Psicologia e Pol\u00edticas P\u00fablicas: sa\u00fade e desenvolvimento em contextos de vulnerabilidade social&#8221; durante os anos de 2017 a 2019. O interc\u00e2mbio se deu atrav\u00e9s de mobilidade discente e docente entre as tr\u00eas institui\u00e7\u00f5es, com o desenvolvimento de miss\u00f5es de estudos e pesquisas, participa\u00e7\u00e3o em bancas, apresenta\u00e7\u00e3o de trabalhos em eventos nacionais e internacionais, publica\u00e7\u00e3o de artigos e livros.<\/td>\n<\/tr>\n<tr style=\"height: 14px\">\n<td style=\"width: 16.2396%;border-style: solid;border-color: #000000;height: 14px;background-color: #ada5c9;text-align: center\">\n<h2>UNB<\/h2>\n<\/td>\n<\/tr>\n<tr style=\"height: 23px\">\n<td style=\"width: 16.2396%;border-style: solid;border-color: #000000;height: 23px;background-color: #8bf09c\">\n<h2 style=\"text-align: center\">FISMA<\/h2>\n<\/td>\n<td style=\"width: 83.7604%;border-style: solid;border-color: #000000;height: 23px;background-color: #eaf5e4\">a Coopera\u00e7\u00e3o com a FISMA e p PPGP se deu atrav\u00e9s da Roda de conversa com acad\u00eamicos ( Programa de INSER\u00c7\u00c3O SOCIAL do PPGP\/UFSM)<\/td>\n<\/tr>\n<tr style=\"height: 23px\">\n<td style=\"width: 16.2396%;border-style: solid;border-color: #000000;height: 10px;text-align: justify;background-color: #dec4f2\">\n<h2 style=\"text-align: center\"><strong>USP\/LIEPPE<\/strong><\/h2>\n<p>\u00a0Instituto de Psicologia e com apoio dos Programas de P\u00f3s-Gradua\u00e7\u00e3o Psicologia Escolar e do Desenvolvimento Humano e Programa de P\u00f3s-Gradua\u00e7\u00e3o Integra\u00e7\u00e3o da Am\u00e9rica Latina \u2013 PROLAM<\/p>\n<\/td>\n<td style=\"width: 83.7604%;border-style: solid;border-color: #000000;height: 10px;background-color: #f0ebf7\">\n<p style=\"text-align: justify\">Trata-se de projeto de pesquisa coordenado pela Dra. Marilene Proen\u00e7a Rebello de Souza, da Universidade de S\u00e3o Paulo, desenvolvido pelo Laborat\u00f3rio Interinstitucional de Estudos e Pesquisas em Psicologia Escolar &#8211; LIEPPE do Instituto de Psicologia e com apoio dos Programas de P\u00f3s-Gradua\u00e7\u00e3o Psicologia Escolar e do Desenvolvimento Humano e Programa de P\u00f3s-Gradua\u00e7\u00e3o Integra\u00e7\u00e3o da Am\u00e9rica Latina \u2013 PROLAM. Parceria na pesquisa: \u201cAtua\u00e7\u00e3o de Psic\u00f3logos Escolares e Educacionais na Am\u00e9rica Latina: concep\u00e7\u00f5es, desafios e inova\u00e7\u00f5es nas pol\u00edticas p\u00fablicas de Educa\u00e7\u00e3o B\u00e1sica \u2013 Coordenada pela professora Dr\u00aa Marilene Proen\u00e7a Rebello de Souza &#8211;\u00a0 Pesquisadora Respons\u00e1vel Coordenadora do Projeto. Professoras Ta\u00eds Fim Alberti.<\/p>\n<p><a href=\"https:\/\/sites.google.com\/view\/pesquisa-nacional-atuacao-pee\/\">https:\/\/sites.google.com\/view\/pesquisa-nacional-atuacao-pee\/<\/a><\/p>\n<\/td>\n<\/tr>\n<tr style=\"height: 23px\">\n<td style=\"width: 16.2396%;border-style: solid;border-color: #000000;height: 23px;background-color: #63d683\">\n<h2 style=\"text-align: center\">CRP\u00a0<\/h2>\n<p style=\"text-align: center\"><strong>Gira Po\u00e9tica CRPRS chega em Santa Maria\u00a0 (24\/03\/2023)<\/strong><\/p>\n<\/td>\n<td style=\"width: 83.7604%;border-style: solid;border-color: #000000;height: 23px;background-color: #dff7e4\">\n<p style=\"text-align: justify\">As Comiss\u00f5es de Rela\u00e7\u00f5es \u00c9tnico Raciais, Processos Cl\u00ednicos e Psicossociais e Gestora da Subsede Centro-Oeste do CRPRS, juntamente com o apoio do N\u00facleo de Ensino, Pesquisa e Extens\u00e3o Compartilha, que faz parte do <strong>Programa de P\u00f3s-gradua\u00e7\u00e3o em Psicologia da UFSM<\/strong>, promovem na sexta-feira, 24\/03, \u00e0s 18h, a\u00a0\u201cGira Po\u00e9tica CRPRS\u201d<em>.\u00a0<\/em>A media\u00e7\u00e3o ficar\u00e1 por conta do conselheiro presidente da Comiss\u00e3o de Processos Cl\u00ednicos e Psicossociais do CRPRS, Ademiel de Sant&#8217;Anna Junior (CRP 07\/22834) e da conselheira presidenta da Comiss\u00e3o de Rela\u00e7\u00f5es \u00c9tnico-Raciais, Camila Dutra dos Santos (CRP 07\/28426).\u00a0O encontro acontece no audit\u00f3rio do CCSH &#8211; pr\u00e9dio 74C \u2013 UFSM, na Av. Roraima n\u00ba 1000, Cidade Universit\u00e1ria, Bairro Camobi, Santa Maria \u2013 RS. Para participar, \u00e9 necess\u00e1rio realizar inscri\u00e7\u00e3o pr\u00e9via.\u00a0&lt; <a href=\"https:\/\/www.crprs.org.br\/noticias\/gira-poetica-crprs-chega-em-santa-maria\">https:\/\/www.crprs.org.br\/noticias\/gira-poetica-crprs-chega-em-santa-maria<\/a>&#8211; &gt;<\/p>\n<\/td>\n<\/tr>\n<tr style=\"height: 23px\">\n<td style=\"width: 16.2396%;border-style: solid;border-color: #000000;height: 23px;background-color: #f7b0f1;text-align: center\">\n<h2>CRP \u2013 20\/03\/2024<\/h2>\n<\/td>\n<td style=\"width: 83.7604%;border-style: solid;border-color: #000000;height: 23px;background-color: #f2daf1\">\n<p>Apoio na organiza\u00e7\u00e3o e execu\u00e7\u00e3o do evento &#8220;Emerg\u00eancias e desastres: experi\u00eancias e\/em primeiros cuidados psicol\u00f3gicos&#8221;, parceria entre o CRP, o PPGP e curso de Psicologia\/UFSM, de acordo com informa\u00e7\u00f5es que constam na not\u00edcia veiculada no site do CRPRS: &lt; <a href=\"https:\/\/www.crprs.org.br\/noticias\/evento-em-santa-maria-debate-atuacao-da-psicologia-em-emergencias-e-desastres\">https:\/\/www.crprs.org.br\/noticias\/evento-em-santa-maria-debate-atuacao-da-psicologia-em-emergencias-e-desastres<\/a>&gt;<\/p>\n<\/td>\n<\/tr>\n<tr style=\"height: 23px\">\n<td style=\"width: 16.2396%;border-style: solid;border-color: #000000;height: 23px;background-color: #a6f582;text-align: center\">\n<h2>CRPRS \u2013 27 e 28\/09<\/h2>\n<\/td>\n<td style=\"width: 83.7604%;border-style: solid;border-color: #000000;height: 23px;background-color: #e8f7d7\">\n<p style=\"text-align: justify\">\u201cGira Psi\u201d. Tal atividade vem ocorrendo em diferentes cidades do RS, marcando os 50 anos do CRPRS. Parceria entre o PPGP e o CRP para que a Gira ocorra na UFSM, sendo que a atividade mobiliza a categoria (psic\u00f3logas\/os) e estudantes de Psicologia (gradua\u00e7\u00e3o e p\u00f3s-gradua\u00e7\u00e3o). Ser\u00e3o dois dias de atividades com a finalidade principal de orientar t\u00e9cnica e eticamente a categoria e estudantes e a coordena\u00e7\u00e3o do PPGP, compreendendo a import\u00e2ncia da a\u00e7\u00e3o, firmou parceria com o CRP. A not\u00edcia da atividade pode ser conferida em: <a href=\"https:\/\/www.crprs.org.br\/noticias\/gira-psi\">https:\/\/www.crprs.org.br\/noticias\/gira-psi<\/a>.<\/p>\n<\/td>\n<\/tr>\n<tr style=\"height: 23px\">\n<td style=\"width: 16.2396%;border-style: solid;border-color: #000000;height: 23px;background-color: #bb75f0;text-align: center\">\n<h2>ABRAPEE\/RS<\/h2>\n<h2>Outubro de 2023<\/h2>\n<\/td>\n<td style=\"width: 83.7604%;border-style: solid;border-color: #0f0101;background-color: #d4cef0\" width=\"308\">\n<p>Realiza\u00e7\u00e3o do I Encontro de Psicologia Escolar e Educacional do Rio Grande do Sul, promovido pela ABRAPEE RS e pelo N\u00facleo Compartilha (PPGP\/UFSM) com apoio do PPGP da UFSM<\/p>\n<p><a href=\"https:\/\/sites.google.com\/view\/encontroabrapee-rs\/home?authuser=0\">https:\/\/sites.google.com\/view\/encontroabrapee-rs\/home?authuser=0<\/a>&gt; .\u00a0Os Anais do evento podem ser publicados em nosso site &#8211;\u00a0 I Encontro de Psicologia Escolar e Educacional do Rio Grande do Sul, promovido pela ABRAPEE RS e pelo N\u00facleo Compartilha (PPGP\/UFSM).\u00a0 Est\u00e3o dispon\u00edveis em formato digital em &lt; <a href=\"https:\/\/sites.google.com\/view\/encontroabrapee-rs\/galeria-de-resumos?authuser=0\">https:\/\/sites.google.com\/view\/encontroabrapee-rs\/galeria-de-resumos?authuser=0<\/a>&gt;<\/p>\n<\/td>\n<\/tr>\n<tr style=\"height: 23px\">\n<td style=\"width: 16.2396%;border-style: solid;border-color: #000000;height: 23px;background-color: #78f21b;text-align: center\">\n<h2>Universidade Estadual de Londrina\/ Paran\u00e1<\/h2>\n<\/td>\n<td style=\"width: 83.7604%;border-style: solid;border-color: #000000;height: 23px;background-color: #e0edd8\">\n<p style=\"text-align: justify\">Ta\u00eds Fim Alberti e Silvana Maia Borges (Doutoranda do PPGP ) Aula\/Palestra para curso de forma\u00e7\u00e3o de psic\u00f3logos e assistentes sociais do Estado do Paran\u00e1 \u2013 Nome do curso ofertado pela UEL\u00a0 \u201cFORMA\u00c7\u00c3O CONTINUADA INTERDISCIPLINAR, DIAGN\u00d3STICO SOCIOEDUCACIONAL E SISTEMATIZA\u00c7\u00c3O DAS EXPERI\u00caNCIAS DE PSIC\u00d3LOGOS E ASSISTENTES SOCIAIS NA EDUCA\u00c7\u00c3O B\u00c1SICA DO PARAN\u00c1\u201d, nesse curso, abordamos a tem\u00e1tica \u201ctrabalho institucional e perspectiva cr\u00edtica: Indicadores educacionais e instrumentos de an\u00e1lise institucional\u201d.<\/p>\n<\/td>\n<\/tr>\n<tr>\n<td style=\"width: 16.2396%;border-style: solid;border-color: #000000;background-color: #c8a2f2;text-align: center\">\n<h2>UNIVASF<\/h2>\n<\/td>\n<td style=\"width: 83.7604%;border-style: solid;border-color: #000000;background-color: #f8ebfc\">\n<p style=\"text-align: justify\">\u00a0Em 2021 a Profa. Ana Luiza Ferrer do PPGP participou do curso Saberes Ancestrais e Pr\u00e1ticas de Cura. promovido pela Universidade Federal do Vale do S\u00e3o Francisco, UNIVASF, Brasil.<\/p>\n<\/td>\n<\/tr>\n<\/tbody>\n<\/table>\n","protected":false},"excerpt":{"rendered":"<p>Em Edi\u00e7\u00e3o Coopera\u00e7\u00e3o Institucional \u2013 PPGP\/UFSM \u00a0 \u00a0 \u00a0 \u00a0O Programa de P\u00f3s-Gradua\u00e7\u00e3o em Psicologia da UFSM possui projetos de coopera\u00e7\u00e3o, interc\u00e2mbio e parceria nacional, que vem contribuindo para o desenvolvimento das atividades de ensino e pesquisa do programa. A posi\u00e7\u00e3o de refer\u00eancia regional que o PPGP vem construindo para sua consolida\u00e7\u00e3o que se evidencia [&hellip;]<\/p>\n","protected":false},"author":905,"featured_media":0,"parent":0,"menu_order":0,"comment_status":"closed","ping_status":"closed","template":"","meta":{"footnotes":""},"categories":[],"tags":[],"class_list":["post-2462","page","type-page","status-publish","hentry"],"acf":[],"_links":{"self":[{"href":"https:\/\/www.ufsm.br\/cursos\/pos-graduacao\/santa-maria\/ppgp\/wp-json\/wp\/v2\/pages\/2462","targetHints":{"allow":["GET"]}}],"collection":[{"href":"https:\/\/www.ufsm.br\/cursos\/pos-graduacao\/santa-maria\/ppgp\/wp-json\/wp\/v2\/pages"}],"about":[{"href":"https:\/\/www.ufsm.br\/cursos\/pos-graduacao\/santa-maria\/ppgp\/wp-json\/wp\/v2\/types\/page"}],"author":[{"embeddable":true,"href":"https:\/\/www.ufsm.br\/cursos\/pos-graduacao\/santa-maria\/ppgp\/wp-json\/wp\/v2\/users\/905"}],"replies":[{"embeddable":true,"href":"https:\/\/www.ufsm.br\/cursos\/pos-graduacao\/santa-maria\/ppgp\/wp-json\/wp\/v2\/comments?post=2462"}],"version-history":[{"count":0,"href":"https:\/\/www.ufsm.br\/cursos\/pos-graduacao\/santa-maria\/ppgp\/wp-json\/wp\/v2\/pages\/2462\/revisions"}],"wp:attachment":[{"href":"https:\/\/www.ufsm.br\/cursos\/pos-graduacao\/santa-maria\/ppgp\/wp-json\/wp\/v2\/media?parent=2462"}],"wp:term":[{"taxonomy":"category","embeddable":true,"href":"https:\/\/www.ufsm.br\/cursos\/pos-graduacao\/santa-maria\/ppgp\/wp-json\/wp\/v2\/categories?post=2462"},{"taxonomy":"post_tag","embeddable":true,"href":"https:\/\/www.ufsm.br\/cursos\/pos-graduacao\/santa-maria\/ppgp\/wp-json\/wp\/v2\/tags?post=2462"}],"curies":[{"name":"wp","href":"https:\/\/api.w.org\/{rel}","templated":true}]}}