{"id":2468,"date":"2024-07-31T12:07:27","date_gmt":"2024-07-31T15:07:27","guid":{"rendered":"https:\/\/www.ufsm.br\/cursos\/pos-graduacao\/santa-maria\/ppgp\/?page_id=2468"},"modified":"2024-08-21T11:40:50","modified_gmt":"2024-08-21T14:40:50","slug":"missao-e-valores-do-ppgp","status":"publish","type":"page","link":"https:\/\/www.ufsm.br\/cursos\/pos-graduacao\/santa-maria\/ppgp\/missao-e-valores-do-ppgp","title":{"rendered":"Miss\u00e3o, Vis\u00e3o, Valores e Objetivos do PPGP\u00a0"},"content":{"rendered":"\n<p>Em edi\u00e7\u00e3o:<\/p>\n<table style=\"width: 100%;border-collapse: collapse;border-style: solid;border-color: #120202;height: 259px\">\n<tbody>\n<tr style=\"height: 167px\">\n<td style=\"width: 100%;border-style: solid;border-color: #0a0101;background-color: #e9d2fa;height: 167px\" colspan=\"2\"><img decoding=\"async\" class=\"wp-image-2499 size-thumbnail alignleft\" src=\"https:\/\/www.ufsm.br\/app\/uploads\/sites\/518\/2024\/08\/PPGP-Fundo-Transparente-150x150.png\" alt=\"\" width=\"150\" height=\"150\" srcset=\"https:\/\/www.ufsm.br\/app\/uploads\/sites\/518\/2024\/08\/PPGP-Fundo-Transparente-150x150.png 150w, https:\/\/www.ufsm.br\/app\/uploads\/sites\/518\/2024\/08\/PPGP-Fundo-Transparente-300x300.png 300w, https:\/\/www.ufsm.br\/app\/uploads\/sites\/518\/2024\/08\/PPGP-Fundo-Transparente.png 500w\" sizes=\"(max-width: 150px) 100vw, 150px\" \/><br \/>\n<h1 style=\"text-align: center\">PROGRAMA DE P\u00d3S-GRADUA\u00c7\u00c3O EM PSICOLOGIA\u00a0<\/h1>\n<\/td>\n<\/tr>\n<tr style=\"height: 23px\">\n<td style=\"width: 15.8824%;height: 23px;border-style: solid;border-color: #120202;background-color: #bf6df2;text-align: center\">\n<h1>Miss\u00e3o<\/h1>\n<\/td>\n<td style=\"width: 84.1176%;height: 23px;border-style: solid;border-color: #120202;text-align: justify;background-color: #f7f5f7\">\n<p>\u00a0 \u00a0 \u00a0 Oportunizar a forma\u00e7\u00e3o p\u00fablica e de excel\u00eancia na p\u00f3s-gradua\u00e7\u00e3o em Psicologia no interior do estado, atrav\u00e9s da difus\u00e3o do conhecimento por meio de ensino, pesquisa e extens\u00e3o, contribuindo, assim, para o desenvolvimento e forma\u00e7\u00e3o de profissionais com compromisso t\u00e9cnico, \u00e9tico e pol\u00edtico na sociedade.\u00a0<\/p>\n<\/td>\n<\/tr>\n<tr style=\"height: 23px\">\n<td style=\"width: 15.8824%;height: 23px;border-style: solid;border-color: #120202;background-color: #12e667;text-align: center\">\n<h1>Vis\u00e3o<\/h1>\n<\/td>\n<td style=\"width: 84.1176%;height: 23px;border-style: solid;border-color: #120202;text-align: justify;background-color: #e8fae3\">\n<p>\u00a0 \u00a0 \u00a0 \u00a0 \u00a0 Ser reconhecido como um programa de p\u00f3s-gradua\u00e7\u00e3o em Psicologia de refer\u00eancia no \u00e2mbito das institui\u00e7\u00f5es federais, promovendo excel\u00eancia em sua atua\u00e7\u00e3o em favor de toda comunidade acad\u00eamica e da sociedade em geral, comprometido com o produ\u00e7\u00e3o de conhecimento, desenvolvimento do pensamento cr\u00edtico de refer\u00eancia nacional e internacional.<\/p>\n<\/td>\n<\/tr>\n<tr style=\"height: 23px\">\n<td style=\"width: 15.8824%;height: 23px;border-style: solid;border-color: #120202;background-color: #e9adf7;text-align: center\">\n<h1>Valores<\/h1>\n<\/td>\n<td style=\"width: 84.1176%;height: 23px;border-style: solid;border-color: #120202;background-color: #f5edf7\">\n<p style=\"text-align: justify\">\u00a0 \u00a0 \u00a0 \u00a0 \u00a0 O PPG em\u00a0 Psicologia norteia-se por valores democr\u00e1ticos alicer\u00e7ados no respeito aos direitos fundamentais e reconhece o papel social que deve ser desempenhado pela academia, sobretudo pela universidade p\u00fablica, gratuita e de qualidade, comprometida com o respeito \u00e0 identidade e diversidade e com forte compromisso social, como \u00e9 o caso da Universidade Federal de Santa Maria.<\/p>\n<ul>\n<li>\u00c9tica<\/li>\n<li>Transpar\u00eancia;<\/li>\n<li>Legalidade;<\/li>\n<li>Impessoalidade;<\/li>\n<li>Comprometimento;<\/li>\n<li>Justi\u00e7a Social;<\/li>\n<li>Seguran\u00e7a;<\/li>\n<li>Respeito;<\/li>\n<li>Colabora\u00e7\u00e3o.<\/li>\n<\/ul>\n<\/td>\n<\/tr>\n<tr style=\"height: 23px\">\n<td style=\"width: 15.8824%;height: 23px;border-style: solid;border-color: #120202;background-color: #acfaca;text-align: center\" rowspan=\"2\">\n<h1>Objetivos<\/h1>\n<h1>\u00a0<\/h1>\n<\/td>\n<td style=\"width: 84.1176%;height: 23px;border-style: solid;border-color: #120202;text-align: justify\">\u00a0 <strong>\u00a0Objetivo Geral:\u00a0<\/strong>formar pesquisadores e incentivar pesquisas que enfatizem a reflex\u00e3o sobre as transforma\u00e7\u00f5es da Psicologia decorrentes principalmente do avan\u00e7o t\u00e9cnico-cient\u00edfico e das quest\u00f5es socioambientais, verificando quais as suas consequ\u00eancias na sociedade.<\/td>\n<\/tr>\n<tr>\n<td style=\"width: 84.1176%;border-style: solid;border-color: #120202;background-color: #e7f5ce\">\n<p><strong>Objetivos espec\u00edficos:<\/strong><\/p>\n<ul>\n<li style=\"text-align: justify\"><strong>a)<\/strong> formar, em n\u00edvel de p\u00f3s-gradua\u00e7\u00e3o em psicologia, profissionais com capacidade de elabora\u00e7\u00e3o de an\u00e1lises psicol\u00f3gicas, de modo multidisciplinar ou interdisciplinar, sobre a realidade de cada indiv\u00edduo no contexto sociocultural e ambiental, local e nacional relacionando-a com as transforma\u00e7\u00f5es globais da sociedade;<\/li>\n<li style=\"text-align: justify\"><strong>b)<\/strong> formar pesquisadores e profissionais para atuar como docentes no ensino superior, bem como capazes de atuar de forma aut\u00f4noma na produ\u00e7\u00e3o de novos conhecimentos no campo da Psicologia, desenvolvendo projetos de pesquisa, ensino e extens\u00e3o qualificados, a fim de atender a demandas regionais e nacionais na \u00e1rea;<\/li>\n<li><strong>c)<\/strong> produ\u00e7\u00e3o de conhecimento cient\u00edfico na \u00e1rea de Psicologia da Sa\u00fade;\u00a0<\/li>\n<li><strong>d)<\/strong> despertar no (a) egresso (a), \u00e0 luz de uma forma\u00e7\u00e3o cient\u00edfica, o interesse pela pesquisa nas diversas \u00e1reas do conhecimento da psicologia, em espec\u00edfico naquelas tem\u00e1ticas propostas pelo Curso, de formas a desenvolver al\u00e9m do senso cr\u00edtico, capacidade t\u00e9cnica e responsabilidade social para o enfrentamento das quest\u00f5es de psicol\u00f3gicas que envolvem o cidad\u00e3o e a sociedade;<\/li>\n<li><strong>e)<\/strong>\u00a0desenvolver a pesquisa, a doc\u00eancia e a orienta\u00e7\u00e3o, em n\u00edvel de p\u00f3s-gradua\u00e7\u00e3o stricto sensu, na \u00e1rea de concentra\u00e7\u00e3o e linhas de pesquisa do programa;<\/li>\n<li><strong>f)<\/strong> capacitar docentes a realizar atividades de ensino, pesquisa e extens\u00e3o em n\u00edvel superior.<\/li>\n<\/ul>\n<\/td>\n<\/tr>\n<\/tbody>\n<\/table>\n","protected":false},"excerpt":{"rendered":"<p>Em edi\u00e7\u00e3o: PROGRAMA DE P\u00d3S-GRADUA\u00c7\u00c3O EM PSICOLOGIA\u00a0 Miss\u00e3o \u00a0 \u00a0 \u00a0 Oportunizar a forma\u00e7\u00e3o p\u00fablica e de excel\u00eancia na p\u00f3s-gradua\u00e7\u00e3o em Psicologia no interior do estado, atrav\u00e9s da difus\u00e3o do conhecimento por meio de ensino, pesquisa e extens\u00e3o, contribuindo, assim, para o desenvolvimento e forma\u00e7\u00e3o de profissionais com compromisso t\u00e9cnico, \u00e9tico e pol\u00edtico na sociedade.\u00a0 [&hellip;]<\/p>\n","protected":false},"author":905,"featured_media":0,"parent":0,"menu_order":0,"comment_status":"closed","ping_status":"closed","template":"","meta":{"footnotes":""},"categories":[],"tags":[],"class_list":["post-2468","page","type-page","status-publish","hentry"],"acf":[],"_links":{"self":[{"href":"https:\/\/www.ufsm.br\/cursos\/pos-graduacao\/santa-maria\/ppgp\/wp-json\/wp\/v2\/pages\/2468","targetHints":{"allow":["GET"]}}],"collection":[{"href":"https:\/\/www.ufsm.br\/cursos\/pos-graduacao\/santa-maria\/ppgp\/wp-json\/wp\/v2\/pages"}],"about":[{"href":"https:\/\/www.ufsm.br\/cursos\/pos-graduacao\/santa-maria\/ppgp\/wp-json\/wp\/v2\/types\/page"}],"author":[{"embeddable":true,"href":"https:\/\/www.ufsm.br\/cursos\/pos-graduacao\/santa-maria\/ppgp\/wp-json\/wp\/v2\/users\/905"}],"replies":[{"embeddable":true,"href":"https:\/\/www.ufsm.br\/cursos\/pos-graduacao\/santa-maria\/ppgp\/wp-json\/wp\/v2\/comments?post=2468"}],"version-history":[{"count":0,"href":"https:\/\/www.ufsm.br\/cursos\/pos-graduacao\/santa-maria\/ppgp\/wp-json\/wp\/v2\/pages\/2468\/revisions"}],"wp:attachment":[{"href":"https:\/\/www.ufsm.br\/cursos\/pos-graduacao\/santa-maria\/ppgp\/wp-json\/wp\/v2\/media?parent=2468"}],"wp:term":[{"taxonomy":"category","embeddable":true,"href":"https:\/\/www.ufsm.br\/cursos\/pos-graduacao\/santa-maria\/ppgp\/wp-json\/wp\/v2\/categories?post=2468"},{"taxonomy":"post_tag","embeddable":true,"href":"https:\/\/www.ufsm.br\/cursos\/pos-graduacao\/santa-maria\/ppgp\/wp-json\/wp\/v2\/tags?post=2468"}],"curies":[{"name":"wp","href":"https:\/\/api.w.org\/{rel}","templated":true}]}}