{"id":2620,"date":"2024-12-02T09:57:51","date_gmt":"2024-12-02T12:57:51","guid":{"rendered":"https:\/\/www.ufsm.br\/cursos\/pos-graduacao\/santa-maria\/ppgp\/?page_id=2620"},"modified":"2024-12-04T15:49:19","modified_gmt":"2024-12-04T18:49:19","slug":"publicacoes-2024","status":"publish","type":"page","link":"https:\/\/www.ufsm.br\/cursos\/pos-graduacao\/santa-maria\/ppgp\/publicacoes-2024","title":{"rendered":"Publica\u00e7\u00f5es 2024"},"content":{"rendered":"\n<p>Livros:<\/p>\n<p>T\u00edtulo: Projeto Transformar: um informativo sobre as nossas a\u00e7\u00f5es de ensino e extens\u00e3o<\/p>\n<p>Autores (as): Nathan Daniel da Silva<\/p>\n<p>Coordenadoras do projeto: Samara Silva dos Santos, Camila Schimitt da Silva<\/p>\n<p><a href=\"https:\/\/www.ufsm.br\/app\/uploads\/sites\/518\/2024\/12\/E-book-Projeto-Transformar.pdf\">E-book Projeto Transformar<\/a><\/p>\n<p>T\u00edtulo: O Amor em Poesia<br \/>Autores(as): Alunos da turma do 7o ano A\/2024 \u2013 EMEF Di\u00e1cono Jo\u00e3o Luiz Pozzobon<br \/>Organizadores(as): Lucila Gavioli Santi, Danilo Peres Bemgochea Junior,<br \/>Silvana Maia Borges, Ta\u00eds Fim Alberti e Samara Silva dos Santos<\/p>\n<p><a href=\"https:\/\/www.ufsm.br\/app\/uploads\/sites\/518\/2024\/12\/O-Amor-em-Poesia-eBook.pdf\">O Amor em Poesia &#8211; eBook<\/a><\/p>\n<div>Informa\u00e7\u00f5es:<\/div>\n<div>\n<p dir=\"ltr\">A cria\u00e7\u00e3o deste livro \u00e9 uma parceria entre a Escola Municipal de Ensino Fundamental (EMEF) Di\u00e1cono Jo\u00e3o Luiz Pozzobon e o \u201cN\u00facleo Compartilha: Psicologia e Educa\u00e7\u00e3o transformando contextos sociais\u201d. O n\u00facleo integra dois grupos de ensino, pesquisa e extens\u00e3o, com a proposta de interlocu\u00e7\u00e3o entre as duas linhas de pesquisa do Programa de P\u00f3s-gradua\u00e7\u00e3o em Psicologia (PPGP) da Universidade Federal de Santa Maria (UFSM).<\/p>\n<p dir=\"ltr\">Na escola Di\u00e1cono as a\u00e7\u00f5es s\u00e3o desenvolvidas por meio do projeto de extens\u00e3o n. 042284, vinculado ao N\u00facleo Compartilha, intitulado: \u201cA Psicologia vai para a escola: articulando saberes e fazeres\u201d. A equipe executora do projeto \u00e9 composta tanto por estudantes de gradua\u00e7\u00e3o e p\u00f3s-gradua\u00e7\u00e3o em Psicologia, como por professoras do PPGP.<\/p>\n<p dir=\"ltr\">O livro integra desenhos e poemas de 25 estudantes da turma do 7 ano A da EMEF Di\u00e1cono Jo\u00e3o Luiz Pozzobon, localizada numa regi\u00e3o de vulnerabilidade econ\u00f4mica e social de Santa Maria. Desafiados pela Profa. Lucila, os estudantes exploraram reflex\u00f5es sobre o tema do amor. \u00c9 revelador como ideias simples abordando temas que nos acompanham enquanto humanidade podem nos aproximar, resgatando e restaurando a conex\u00e3o com o outro.<\/p>\n<\/div>\n","protected":false},"excerpt":{"rendered":"<p>Livros: T\u00edtulo: Projeto Transformar: um informativo sobre as nossas a\u00e7\u00f5es de ensino e extens\u00e3o Autores (as): Nathan Daniel da Silva Coordenadoras do projeto: Samara Silva dos Santos, Camila Schimitt da Silva E-book Projeto Transformar T\u00edtulo: O Amor em PoesiaAutores(as): Alunos da turma do 7o ano A\/2024 \u2013 EMEF Di\u00e1cono Jo\u00e3o Luiz PozzobonOrganizadores(as): Lucila Gavioli Santi, [&hellip;]<\/p>\n","protected":false},"author":8077,"featured_media":0,"parent":0,"menu_order":0,"comment_status":"closed","ping_status":"closed","template":"","meta":{"footnotes":""},"categories":[],"tags":[],"class_list":["post-2620","page","type-page","status-publish","hentry"],"acf":[],"_links":{"self":[{"href":"https:\/\/www.ufsm.br\/cursos\/pos-graduacao\/santa-maria\/ppgp\/wp-json\/wp\/v2\/pages\/2620","targetHints":{"allow":["GET"]}}],"collection":[{"href":"https:\/\/www.ufsm.br\/cursos\/pos-graduacao\/santa-maria\/ppgp\/wp-json\/wp\/v2\/pages"}],"about":[{"href":"https:\/\/www.ufsm.br\/cursos\/pos-graduacao\/santa-maria\/ppgp\/wp-json\/wp\/v2\/types\/page"}],"author":[{"embeddable":true,"href":"https:\/\/www.ufsm.br\/cursos\/pos-graduacao\/santa-maria\/ppgp\/wp-json\/wp\/v2\/users\/8077"}],"replies":[{"embeddable":true,"href":"https:\/\/www.ufsm.br\/cursos\/pos-graduacao\/santa-maria\/ppgp\/wp-json\/wp\/v2\/comments?post=2620"}],"version-history":[{"count":0,"href":"https:\/\/www.ufsm.br\/cursos\/pos-graduacao\/santa-maria\/ppgp\/wp-json\/wp\/v2\/pages\/2620\/revisions"}],"wp:attachment":[{"href":"https:\/\/www.ufsm.br\/cursos\/pos-graduacao\/santa-maria\/ppgp\/wp-json\/wp\/v2\/media?parent=2620"}],"wp:term":[{"taxonomy":"category","embeddable":true,"href":"https:\/\/www.ufsm.br\/cursos\/pos-graduacao\/santa-maria\/ppgp\/wp-json\/wp\/v2\/categories?post=2620"},{"taxonomy":"post_tag","embeddable":true,"href":"https:\/\/www.ufsm.br\/cursos\/pos-graduacao\/santa-maria\/ppgp\/wp-json\/wp\/v2\/tags?post=2620"}],"curies":[{"name":"wp","href":"https:\/\/api.w.org\/{rel}","templated":true}]}}