{"id":29,"date":"2018-01-18T09:10:07","date_gmt":"2018-01-18T11:10:07","guid":{"rendered":"https:\/\/www.ufsm.br\/cursos\/graduacao\/nutricao\/12352\/?page_id=29"},"modified":"2022-06-13T09:35:03","modified_gmt":"2022-06-13T12:35:03","slug":"contato","status":"publish","type":"page","link":"https:\/\/www.ufsm.br\/cursos\/pos-graduacao\/santa-maria\/ppgp\/contato","title":{"rendered":"Contato"},"content":{"rendered":"<p><strong>PPG Psicologia<br \/>\n<\/strong><span style=\"color: #000000\">E-mail: coord.ppgp@ufsm.br<\/span><\/p>\n<p><strong>Secretaria Integrada de P\u00f3s-gradua\u00e7\u00e3o do CCSH (SIPOS-CCSH)<br \/>\n<\/strong>E-mail:<span style=\"color: #000000\"><span style=\"background: white\"> sipos.ccsh@ufsm.b<\/span>r<br \/>\nTelefone: (55) 3220-9329<br \/>\n<\/span>Hor\u00e1rio de Atendimento:<strong><br \/>\n<\/strong>De segunda a sexta-feira<br \/>\nDas 08h \u00e0s 12h e das 13h \u00e0s 17h<\/p>\n","protected":false},"excerpt":{"rendered":"<p>PPG Psicologia E-mail: coord.ppgp@ufsm.br Secretaria Integrada de P\u00f3s-gradua\u00e7\u00e3o do CCSH (SIPOS-CCSH) E-mail: sipos.ccsh@ufsm.br Telefone: (55) 3220-9329 Hor\u00e1rio de Atendimento: De segunda a sexta-feira Das 08h \u00e0s 12h e das 13h \u00e0s 17h<\/p>\n","protected":false},"author":8,"featured_media":0,"parent":0,"menu_order":0,"comment_status":"closed","ping_status":"closed","template":"","meta":{"footnotes":""},"categories":[],"tags":[],"class_list":["post-29","page","type-page","status-publish","hentry"],"acf":[],"_links":{"self":[{"href":"https:\/\/www.ufsm.br\/cursos\/pos-graduacao\/santa-maria\/ppgp\/wp-json\/wp\/v2\/pages\/29","targetHints":{"allow":["GET"]}}],"collection":[{"href":"https:\/\/www.ufsm.br\/cursos\/pos-graduacao\/santa-maria\/ppgp\/wp-json\/wp\/v2\/pages"}],"about":[{"href":"https:\/\/www.ufsm.br\/cursos\/pos-graduacao\/santa-maria\/ppgp\/wp-json\/wp\/v2\/types\/page"}],"author":[{"embeddable":true,"href":"https:\/\/www.ufsm.br\/cursos\/pos-graduacao\/santa-maria\/ppgp\/wp-json\/wp\/v2\/users\/8"}],"replies":[{"embeddable":true,"href":"https:\/\/www.ufsm.br\/cursos\/pos-graduacao\/santa-maria\/ppgp\/wp-json\/wp\/v2\/comments?post=29"}],"version-history":[{"count":0,"href":"https:\/\/www.ufsm.br\/cursos\/pos-graduacao\/santa-maria\/ppgp\/wp-json\/wp\/v2\/pages\/29\/revisions"}],"wp:attachment":[{"href":"https:\/\/www.ufsm.br\/cursos\/pos-graduacao\/santa-maria\/ppgp\/wp-json\/wp\/v2\/media?parent=29"}],"wp:term":[{"taxonomy":"category","embeddable":true,"href":"https:\/\/www.ufsm.br\/cursos\/pos-graduacao\/santa-maria\/ppgp\/wp-json\/wp\/v2\/categories?post=29"},{"taxonomy":"post_tag","embeddable":true,"href":"https:\/\/www.ufsm.br\/cursos\/pos-graduacao\/santa-maria\/ppgp\/wp-json\/wp\/v2\/tags?post=29"}],"curies":[{"name":"wp","href":"https:\/\/api.w.org\/{rel}","templated":true}]}}