{"id":312,"date":"2019-04-10T13:32:27","date_gmt":"2019-04-10T16:32:27","guid":{"rendered":"https:\/\/www.ufsm.br\/cursos\/pos-graduacao\/santa-maria\/ppgp\/?page_id=312"},"modified":"2022-03-23T14:56:52","modified_gmt":"2022-03-23T17:56:52","slug":"bolsistas","status":"publish","type":"page","link":"https:\/\/www.ufsm.br\/cursos\/pos-graduacao\/santa-maria\/ppgp\/bolsistas","title":{"rendered":"Bolsistas &#8211; Bolsas Demanda Social\/CAPES"},"content":{"rendered":"\n<p>No link abaixo sempre estar\u00e3o atualizadas as informa\u00e7\u00f5es e os formul\u00e1rios sobre Bolsas DS\/CAPES<\/p>\n<p><a href=\"https:\/\/www.ufsm.br\/pro-reitorias\/prpgp\/servicos\/\">https:\/\/www.ufsm.br\/pro-reitorias\/prpgp\/servicos\/<\/a><\/p>\n<p>Normatiza\u00e7\u00f5es CAPES: <a href=\"https:\/\/www.ufsm.br\/pro-reitorias\/prpgp\/legislacao\/\">https:\/\/www.ufsm.br\/pro-reitorias\/prpgp\/legislacao\/<\/a><\/p>\n<p><a href=\"https:\/\/www.ufsm.br\/app\/uploads\/sites\/345\/2018\/04\/arq_portaria_n__76__de_14_04_2010_61.pdf\">\u00a0Portaria N\u00ba 76, de 14 de abril de 2010.<\/a><\/p>\n","protected":false},"excerpt":{"rendered":"<p>No link abaixo sempre estar\u00e3o atualizadas as informa\u00e7\u00f5es e os formul\u00e1rios sobre Bolsas DS\/CAPES https:\/\/www.ufsm.br\/pro-reitorias\/prpgp\/servicos\/ Normatiza\u00e7\u00f5es CAPES: https:\/\/www.ufsm.br\/pro-reitorias\/prpgp\/legislacao\/ \u00a0Portaria N\u00ba 76, de 14 de abril de 2010.<\/p>\n","protected":false},"author":115,"featured_media":0,"parent":0,"menu_order":0,"comment_status":"closed","ping_status":"closed","template":"","meta":{"footnotes":""},"categories":[],"tags":[],"class_list":["post-312","page","type-page","status-publish","hentry"],"acf":[],"_links":{"self":[{"href":"https:\/\/www.ufsm.br\/cursos\/pos-graduacao\/santa-maria\/ppgp\/wp-json\/wp\/v2\/pages\/312","targetHints":{"allow":["GET"]}}],"collection":[{"href":"https:\/\/www.ufsm.br\/cursos\/pos-graduacao\/santa-maria\/ppgp\/wp-json\/wp\/v2\/pages"}],"about":[{"href":"https:\/\/www.ufsm.br\/cursos\/pos-graduacao\/santa-maria\/ppgp\/wp-json\/wp\/v2\/types\/page"}],"author":[{"embeddable":true,"href":"https:\/\/www.ufsm.br\/cursos\/pos-graduacao\/santa-maria\/ppgp\/wp-json\/wp\/v2\/users\/115"}],"replies":[{"embeddable":true,"href":"https:\/\/www.ufsm.br\/cursos\/pos-graduacao\/santa-maria\/ppgp\/wp-json\/wp\/v2\/comments?post=312"}],"version-history":[{"count":0,"href":"https:\/\/www.ufsm.br\/cursos\/pos-graduacao\/santa-maria\/ppgp\/wp-json\/wp\/v2\/pages\/312\/revisions"}],"wp:attachment":[{"href":"https:\/\/www.ufsm.br\/cursos\/pos-graduacao\/santa-maria\/ppgp\/wp-json\/wp\/v2\/media?parent=312"}],"wp:term":[{"taxonomy":"category","embeddable":true,"href":"https:\/\/www.ufsm.br\/cursos\/pos-graduacao\/santa-maria\/ppgp\/wp-json\/wp\/v2\/categories?post=312"},{"taxonomy":"post_tag","embeddable":true,"href":"https:\/\/www.ufsm.br\/cursos\/pos-graduacao\/santa-maria\/ppgp\/wp-json\/wp\/v2\/tags?post=312"}],"curies":[{"name":"wp","href":"https:\/\/api.w.org\/{rel}","templated":true}]}}