{"id":365,"date":"2019-04-10T14:14:25","date_gmt":"2019-04-10T17:14:25","guid":{"rendered":"https:\/\/www.ufsm.br\/cursos\/pos-graduacao\/santa-maria\/ppgp\/?page_id=365"},"modified":"2026-04-01T09:51:46","modified_gmt":"2026-04-01T12:51:46","slug":"processo-seletivo","status":"publish","type":"page","link":"https:\/\/www.ufsm.br\/cursos\/pos-graduacao\/santa-maria\/ppgp\/processo-seletivo","title":{"rendered":"Como se d\u00e1 o Processo Seletivo"},"content":{"rendered":"\n<p>\u00a0<\/p>\n<p>O processo seletivo de estudantes regulares, n\u00edveis Mestrado e Doutorado em Psicologia do Programa de P\u00f3s-gradua\u00e7\u00e3o em Psicologia (PPGP) ocorre sempre por meio de <a href=\"https:\/\/www.ufsm.br\/busca\/?q=&amp;area=editais&amp;orderby=modified&amp;order=DESC\" target=\"_blank\" rel=\"noopener noreferrer\">edital p\u00fablico<\/a> de publica\u00e7\u00e3o anual. A previs\u00e3o de publica\u00e7\u00e3o ocorre conforme cronograma estabelecido pela Pr\u00f3-reitoria de P\u00f3s-gradua\u00e7\u00e3o e Pesquisa (PRPGP).<\/p>\n<p>\u00c9 extremamente importante que os\/as candidatos\/as leiam atentamente o <strong>Edital Geral da PRPG<\/strong>\u00a0e o <strong>Edital Espec\u00edfico de Sele\u00e7\u00e3o do PPG Psicologia<\/strong>. Os editais de sele\u00e7\u00e3o s\u00e3o publicados na p\u00e1gina de\u00a0<a href=\"https:\/\/www.ufsm.br\/busca\/?q=&amp;area=editais&amp;orderby=modified&amp;order=DESC\" target=\"_blank\" rel=\"noopener noreferrer\">Editais da UFSM<\/a>\u00a0,\u00a0<a href=\"https:\/\/www.ufsm.br\/pro-reitorias\/prpgp\/busca\/?q=&amp;sites%5B%5D=345&amp;area=editais&amp;orderby=modified&amp;order=DESC\" target=\"_blank\" rel=\"noopener\">Editais da PRPGP <\/a>e em <a href=\"https:\/\/www.ufsm.br\/cursos\/pos-graduacao\/santa-maria\/ppgp\/busca\/?q=&amp;sites%5B%5D=518&amp;area=editais&amp;orderby=modified&amp;order=DESC\" target=\"_blank\" rel=\"noopener\">Editais PPGP<\/a>.<\/p>\n<p>Uma Comiss\u00e3o de Sele\u00e7\u00e3o ser\u00e1 definida a cada processo seletivo, sendo indicada pelo colegiado do Programa e homologada pela dire\u00e7\u00e3o da unidade mediante portaria. A comiss\u00e3o ser\u00e1 respons\u00e1vel por todo processo seletivo.<\/p>\n<p>Caber\u00e1 \u00e0 Comiss\u00e3o de Sele\u00e7\u00e3o definir, a cada edital, os Crit\u00e9rios e Documenta\u00e7\u00e3o para Avalia\u00e7\u00e3o do\/a candidato em cada processo seletivo, bem como estabelecer etapas classificat\u00f3rias e\/ou eliminat\u00f3rias.<\/p>\n<p>A cada sele\u00e7\u00e3o, a distribui\u00e7\u00e3o de vagas \u00e9 definida pela Comiss\u00e3o de Sele\u00e7\u00e3o, de acordo com a disponibilidade de orienta\u00e7\u00e3o.<\/p>\n<p>As inscri\u00e7\u00f5es ser\u00e3o realizadas no site da PRPGP, durante o per\u00edodo fixado no calend\u00e1rio acad\u00eamico da UFSM.<\/p>\n<p>Ser\u00e3o selecionados para os cursos de Mestrado ou Doutorado os\/as candidatos\/as que forem aprovados\/as nas etapas especificadas no edital p\u00fablico.<\/p>\n<p>\u00a0<\/p>\n<p>Recomenda-se a leitura detalhada e atenta do edital vigente no ano da inscri\u00e7\u00e3o previamente \u00e0 inscri\u00e7\u00e3o.<\/p>\n<p>\u00a0<\/p>\n","protected":false},"excerpt":{"rendered":"<p>\u00a0 O processo seletivo de estudantes regulares, n\u00edveis Mestrado e Doutorado em Psicologia do Programa de P\u00f3s-gradua\u00e7\u00e3o em Psicologia (PPGP) ocorre sempre por meio de edital p\u00fablico de publica\u00e7\u00e3o anual. A previs\u00e3o de publica\u00e7\u00e3o ocorre conforme cronograma estabelecido pela Pr\u00f3-reitoria de P\u00f3s-gradua\u00e7\u00e3o e Pesquisa (PRPGP). \u00c9 extremamente importante que os\/as candidatos\/as leiam atentamente o Edital [&hellip;]<\/p>\n","protected":false},"author":115,"featured_media":0,"parent":0,"menu_order":0,"comment_status":"closed","ping_status":"closed","template":"","meta":{"footnotes":""},"categories":[],"tags":[],"class_list":["post-365","page","type-page","status-publish","hentry"],"acf":[],"_links":{"self":[{"href":"https:\/\/www.ufsm.br\/cursos\/pos-graduacao\/santa-maria\/ppgp\/wp-json\/wp\/v2\/pages\/365","targetHints":{"allow":["GET"]}}],"collection":[{"href":"https:\/\/www.ufsm.br\/cursos\/pos-graduacao\/santa-maria\/ppgp\/wp-json\/wp\/v2\/pages"}],"about":[{"href":"https:\/\/www.ufsm.br\/cursos\/pos-graduacao\/santa-maria\/ppgp\/wp-json\/wp\/v2\/types\/page"}],"author":[{"embeddable":true,"href":"https:\/\/www.ufsm.br\/cursos\/pos-graduacao\/santa-maria\/ppgp\/wp-json\/wp\/v2\/users\/115"}],"replies":[{"embeddable":true,"href":"https:\/\/www.ufsm.br\/cursos\/pos-graduacao\/santa-maria\/ppgp\/wp-json\/wp\/v2\/comments?post=365"}],"version-history":[{"count":0,"href":"https:\/\/www.ufsm.br\/cursos\/pos-graduacao\/santa-maria\/ppgp\/wp-json\/wp\/v2\/pages\/365\/revisions"}],"wp:attachment":[{"href":"https:\/\/www.ufsm.br\/cursos\/pos-graduacao\/santa-maria\/ppgp\/wp-json\/wp\/v2\/media?parent=365"}],"wp:term":[{"taxonomy":"category","embeddable":true,"href":"https:\/\/www.ufsm.br\/cursos\/pos-graduacao\/santa-maria\/ppgp\/wp-json\/wp\/v2\/categories?post=365"},{"taxonomy":"post_tag","embeddable":true,"href":"https:\/\/www.ufsm.br\/cursos\/pos-graduacao\/santa-maria\/ppgp\/wp-json\/wp\/v2\/tags?post=365"}],"curies":[{"name":"wp","href":"https:\/\/api.w.org\/{rel}","templated":true}]}}