{"id":401,"date":"2019-04-10T15:17:19","date_gmt":"2019-04-10T18:17:19","guid":{"rendered":"https:\/\/www.ufsm.br\/cursos\/pos-graduacao\/santa-maria\/ppgp\/?page_id=401"},"modified":"2022-03-10T09:12:16","modified_gmt":"2022-03-10T12:12:16","slug":"selecao-de-bolsas","status":"publish","type":"page","link":"https:\/\/www.ufsm.br\/cursos\/pos-graduacao\/santa-maria\/ppgp\/selecao-de-bolsas","title":{"rendered":"Sele\u00e7\u00e3o de Bolsas"},"content":{"rendered":"\n<p>Editais 2021<\/p>\n<p><a href=\"\/Users\/pccli\/Desktop\/Resultado%20Final%20Bolsas%202021.pdf\">Chamada de Bolsistas<\/a><\/p>\n<p><a href=\"https:\/\/www.ufsm.br\/app\/uploads\/sites\/518\/2021\/03\/Resultado-Bolsas-2021.pdf\">Resultado Bolsas 2021 ap\u00f3s an\u00e1lise dos pedidos de reconsidera\u00e7\u00e3o<\/a><\/p>\n<p><a href=\"https:\/\/www.ufsm.br\/app\/uploads\/sites\/518\/2021\/03\/Resultado-Preliminar-Bolsas-2021.pdf\">Resultado Distribui\u00e7\u00e3o de Bolsas 2021<\/a><\/p>\n<p><a href=\"https:\/\/www.ufsm.br\/app\/uploads\/sites\/518\/2021\/03\/Edital-Bolsas-para-2021.pdf\">Edital Bolsas para 2021<\/a><\/p>\n<p><a href=\"https:\/\/www.ufsm.br\/app\/uploads\/sites\/518\/2021\/03\/Edital-Bolsas-para-2021-ANEXO-A.doc\">Edital Bolsas para 2021 &#8211; ANEXO A<\/a><\/p>\n\n\n\n<p>Editais 2020<\/p>\n<p><a href=\"https:\/\/www.ufsm.br\/cursos\/pos-graduacao\/santa-maria\/ppgp\/wp-content\/uploads\/sites\/518\/2020\/02\/Edital-Sele\u00e7\u00e3o-de-Bolsas-2020.pdf\">Edital Sele\u00e7\u00e3o de Bolsas 2020<\/a><\/p>\n<p><a href=\"https:\/\/www.ufsm.br\/cursos\/pos-graduacao\/santa-maria\/ppgp\/wp-content\/uploads\/sites\/518\/2020\/02\/Resultado-Preliminar-Bolsas-2020.pdf\">Resultado Preliminar Bolsas 2020<\/a><\/p>\n\n\n\n<p>\u00a0<\/p>\n<p><a href=\"https:\/\/www.ufsm.br\/cursos\/pos-graduacao\/santa-maria\/ppgp\/editais-2019-2\/\">Editais 2019<\/a><\/p>\n<p><a href=\"https:\/\/www.ufsm.br\/cursos\/pos-graduacao\/santa-maria\/ppgp\/edital-2018\/\">Editais 2018<\/a><\/p>\n<p><a href=\"https:\/\/www.ufsm.br\/cursos\/pos-graduacao\/santa-maria\/ppgp\/editais-2017-2\/\">Editais 2017<\/a><\/p>\n<p><a href=\"https:\/\/www.ufsm.br\/cursos\/pos-graduacao\/santa-maria\/ppgp\/editais-2016-2\/\">Editais 2016<\/a><\/p>\n<p><a href=\"https:\/\/www.ufsm.br\/cursos\/pos-graduacao\/santa-maria\/ppgp\/editais-2015-2\/\">Editais 2015<\/a><\/p>\n","protected":false},"excerpt":{"rendered":"<p>Editais 2021 Chamada de Bolsistas Resultado Bolsas 2021 ap\u00f3s an\u00e1lise dos pedidos de reconsidera\u00e7\u00e3o Resultado Distribui\u00e7\u00e3o de Bolsas 2021 Edital Bolsas para 2021 Edital Bolsas para 2021 &#8211; ANEXO A Editais 2020 Edital Sele\u00e7\u00e3o de Bolsas 2020 Resultado Preliminar Bolsas 2020 \u00a0 Editais 2019 Editais 2018 Editais 2017 Editais 2016 Editais 2015<\/p>\n","protected":false},"author":115,"featured_media":0,"parent":0,"menu_order":0,"comment_status":"closed","ping_status":"closed","template":"","meta":{"footnotes":""},"categories":[],"tags":[],"class_list":["post-401","page","type-page","status-publish","hentry"],"acf":[],"_links":{"self":[{"href":"https:\/\/www.ufsm.br\/cursos\/pos-graduacao\/santa-maria\/ppgp\/wp-json\/wp\/v2\/pages\/401","targetHints":{"allow":["GET"]}}],"collection":[{"href":"https:\/\/www.ufsm.br\/cursos\/pos-graduacao\/santa-maria\/ppgp\/wp-json\/wp\/v2\/pages"}],"about":[{"href":"https:\/\/www.ufsm.br\/cursos\/pos-graduacao\/santa-maria\/ppgp\/wp-json\/wp\/v2\/types\/page"}],"author":[{"embeddable":true,"href":"https:\/\/www.ufsm.br\/cursos\/pos-graduacao\/santa-maria\/ppgp\/wp-json\/wp\/v2\/users\/115"}],"replies":[{"embeddable":true,"href":"https:\/\/www.ufsm.br\/cursos\/pos-graduacao\/santa-maria\/ppgp\/wp-json\/wp\/v2\/comments?post=401"}],"version-history":[{"count":0,"href":"https:\/\/www.ufsm.br\/cursos\/pos-graduacao\/santa-maria\/ppgp\/wp-json\/wp\/v2\/pages\/401\/revisions"}],"wp:attachment":[{"href":"https:\/\/www.ufsm.br\/cursos\/pos-graduacao\/santa-maria\/ppgp\/wp-json\/wp\/v2\/media?parent=401"}],"wp:term":[{"taxonomy":"category","embeddable":true,"href":"https:\/\/www.ufsm.br\/cursos\/pos-graduacao\/santa-maria\/ppgp\/wp-json\/wp\/v2\/categories?post=401"},{"taxonomy":"post_tag","embeddable":true,"href":"https:\/\/www.ufsm.br\/cursos\/pos-graduacao\/santa-maria\/ppgp\/wp-json\/wp\/v2\/tags?post=401"}],"curies":[{"name":"wp","href":"https:\/\/api.w.org\/{rel}","templated":true}]}}