{"id":457,"date":"2019-04-10T15:38:45","date_gmt":"2019-04-10T18:38:45","guid":{"rendered":"https:\/\/www.ufsm.br\/cursos\/pos-graduacao\/santa-maria\/ppgp\/?page_id=457"},"modified":"2019-04-10T15:38:47","modified_gmt":"2019-04-10T18:38:47","slug":"2013-3","status":"publish","type":"page","link":"https:\/\/www.ufsm.br\/cursos\/pos-graduacao\/santa-maria\/ppgp\/2013-3","title":{"rendered":"2013"},"content":{"rendered":"\n<p><a href=\"http:\/\/www.scielo.br\/scielo.php?script=sci_arttext&amp;pid=S0103-166X2013000300015\">DISCOURSES ABOUT CRACK IN THE PRINTED MASS MEDIA<br \/><\/a><\/p>\n<p>ROSO, A.;ROMANINI, M.;MACEDO, F. S.;ANGONESE, M.;MONAIAR, A.; BIANCHINI, M. .. Estudos de Psicologia (PUCCAMP. Impresso), v. 30, p. 455-466, 2013.<\/p>\n<p><a href=\"https:\/\/periodicos.ufsm.br\/sociaisehumanas\/article\/view\/5684\">IMIGRA\u00c7\u00c3O E POL\u00cdTICAS P\u00daBLICAS: UM ESTUDO COM IMIGRANTES ARGENTINOS E URUGUAIOS.<\/a><\/p>\n<p>ROSO, A.; BERVIAN, L. . Sociais e Humanas, v. 26, p. 229-242, 2013.<\/p>\n<p><a href=\"http:\/\/www.scielo.br\/pdf\/pusf\/v18n3\/a04v18n3.pdf\">M\u00cdDIA, IDEOLOGIA E COCA\u00cdNA (CRACK): PRODUZINDO ?REFUGO HUMANO?<\/a><\/p>\n<p>ROMANINI, M.;ROSO, A.. Psico-USF (Impresso), v. 18, p. 373-382, 2013.<\/p>\n<p><a href=\"http:\/\/pepsic.bvsalud.org\/scielo.php?script=sci_arttext&amp;pid=S1413-389X2013000200014\">MIDIATIZA\u00c7\u00c3O DA CULTURA, CRIMINALIZA\u00c7\u00c3O E PATOLOGIZA\u00c7\u00c3O DOS USU\u00c1RIOS DE CRACK: DISCURSOS E POL\u00cdTICAS.<\/a><\/p>\n<p>ROMANINI, M.;ROSO, A.. Temas em Psicologia, v. 21, p. 483-497, 2013.<\/p>\n<p><a href=\"http:\/\/www.scielo.br\/scielo.php?script=sci_arttext&amp;pid=S1984-02922013000300016\">ADOLESCENTES E CRACK: PELO CAMINHO DAS PEDRAS<\/a><\/p>\n<p>TOMM, E.;ROSO, Adriane.. Fractal: Revista de Psicologia, v. 25, p. 675-692, 2013.<\/p>\n<p><a href=\"https:\/\/www.metodista.br\/revistas\/revistas-ims\/index.php\/MUD\/article\/download\/4145\/3810\">COMPARTILHAMENTO DO DIAGN\u00d3STICO DO HIV\/AIDS: UM ESTUDO COM MULHERES.<\/a><\/p>\n<p>GONCALVES, C.;WEBER, B. T.;ROSO, A. Mudan\u00e7as &#8211; Psicologia da Sa\u00fade, v. 21, p. 1-11, 2013.<\/p>\n<p><a href=\"http:\/\/revistas.unilasalle.edu.br\/index.php\/Dialogo\/article\/view\/1322\">SA\u00daDE DAS MULHERES, DIREITOS E RESIST\u00caNCIA: ANALISANDO DISCURSOS PRODUZIDOS NO CAMPO GRUPAL.<\/a><\/p>\n<p>ROSO, A.;ANGONESE, M.;SANTOS, V. B.. Di\u00e1logo (UNILASALLE), v. 24, p. 09-20, 2013.<\/p>\n<p><a href=\"http:\/\/revistas.pucsp.br\/index.php\/psicorevista\/article\/view\/16659\">ARTICULANDO ENSINO E EXTENS\u00c3O: RELATO DE UMA EXPERI\u00caNCIA EM G\u00caNERO, SA\u00daDE SEXUAL\/REPRODUTIVA E HIV\/AIDS<\/a><\/p>\n<p>ROSO, A.;BERNI, V. L.;ANGONESE, M.;COSTA, L. D.;PALAZUELOS, S. P.; CARDINAL, M. F. .. Psicologia Revista, v. 22, p. 83, 2013.<\/p>\n<p><a href=\"http:\/\/www.scielo.br\/scielo.php?script=sci_arttext&amp;pid=S0103-863X2013000200253\">CHILDHOOD CANCER: MEANINGS ATTRIBUTED TO THE DISEASE BY PARENT CAREGIVERS.<\/a><\/p>\n<p>QUINTANA, A. M.; WOTTRICH, S.H. ;CAMARGO, V. P.; CHERER, E.Q. . Paid\u00e9ia (USP. Ribeirao Preto. Impresso), v. 23, p. 253-261, 2013.<\/p>\n<p><a href=\"http:\/\/www.scielo.br\/scielo.php?pid=S1413-73722013000100010&amp;script=sci_abstract&amp;tlng=pt\">A VOZ DO PACIENTE: POR QUE ELE SE SENTE COAGIDO?<\/a><\/p>\n<p>BITTENCOURT, A.L.P. ;QUINTANA, A. M.; CAMPOS VELHO, M.T. ;GOLDIM, J. R.; WOTTRICH, L.A.F. ; CHERER, E.Q. . Psicologia em Estudo (Impresso), v. 18, p. 93-101, 2013.<\/p>\n<p><a href=\"http:\/\/bases.bireme.br\/cgi-bin\/wxislind.exe\/iah\/online\/?IsisScript=iah\/iah.xis&amp;src=google&amp;base=LILACS&amp;lang=p&amp;nextAction=lnk&amp;exprSearch=703767&amp;indexSearch=ID\">REFLEX\u00d5ES ACERCA DA ABORDAGEM DA MORTE COM CRIAN\u00c7AS.<\/a><\/p>\n<p>SALVAGNI, A. ; GON\u00c7ALVES, J. ;QUINTANA, A. M.;BECK, C.L.C.. Mudancas (IMS), v. 21, p. 48-55, 2013.<\/p>\n<p><a href=\"http:\/\/www.lume.ufrgs.br\/handle\/10183\/114752\">O ENFRENTAMENTO DA TERMINALIDADE PELOS CUIDADORES FAMILIARES DURANTE A INTERNA\u00c7\u00c3O DOMICILIAR<\/a><\/p>\n<p>OLIVEIRA, S.G.;QUINTANA, A. M.; BUD\u00d3, M.L.D. ; KRUSE, M.H.L. ; GARCIA, R.P. ; SIMON, B.S. .. Revista da Rede de Enfermagem do Nordeste, v. 14, p. 460-469, 2013.<\/p>\n<p><a href=\"http:\/\/revistaseletronicas.pucrs.br\/fass\/ojs\/index.php\/revistapsico\/article\/view\/10982\/0\">SOFRIMENTO E LIBERTA\u00c7\u00c3O: SITUA\u00c7\u00d5ES SOBRE A MORTE NA UTI PEDI\u00c1TRICA<\/a><\/p>\n<p>CHERER, E.Q. ;QUINTANA, A. M.; PINHEIRO, U.M.S. .. Psico (PUCRS. Online), v. 44, p. 482-489, 2013.<\/p>\n<p>SIGNIFICADOS E VIV\u00caNCIAS MEDIANTE A INDICA\u00c7\u00c3O CIR\u00daRGICA PARA PACIENTES CARD\u00cdACOS.<\/p>\n<p>WOTTRICH, S.H. ;QUINTANA, A. M.;CAMARGO, V. P.; QUADROS, C.O.P. ; NAUJORKS, A. A. . Psicologia em Estudo (Impresso), v. 18, p. 609-619, 2013.<\/p>\n<p>DISCUSS\u00d5ES SOBRE O CONCEITO DE COMUNIDADE RELACIONADO \u00c0 ATUA\u00c7\u00c3O DO ENFERMEIRO: RELATO DE EXPERI\u00caNCIA.<\/p>\n<p>OLIVEIRA, S.G.; BUD\u00d3, M.L.D. ;QUINTANA, A. M.; GARCIA, R.P. ; SIMON, B.S. ; W\u00dcNSCH, S. ; W\u00dcNSCH, S. ; SOARES, M. U. . Avances en Enfermeria, v. XXXI, p. 133-140, 2013.<\/p>\n<p>O SIGNIFICADO DO DIAGN\u00d3STICO DE LEUCEMIA PARA OS PAIS<\/p>\n<p>PFEIFER, P. M. ; CANTARELLI, N.D.C. ; FRIGGI, P.F. ;QUINTANA, A. M&#8230; Revista Brasileira de Hematologia e Hemoterapia (Impresso), v. 35, p. 408-408, 2013.<\/p>\n<p>SER CRIAN\u00c7A EM UMA UNIDADE HEMATO-ONCOL\u00d3GICA.<\/p>\n<p>PFEIFER, P. M. ; SALVAGNI, A. ; CANTARELLI, N.D.C. ; FRIGGI, P.F. ; BARBIERI, A. ;QUINTANA, A. M.. Revista Brasileira de Hematologia e Hemoterapia (Impresso), v. 35, p. 408-409, 2013.<\/p>\n<p>AS ESTRAT\u00c9GIAS DE ENFRENTAMENTO E A PSCICONCOLOGIA PEDI\u00c1TRICA: UMA REVIS\u00c3O SISTEM\u00c1TICA.<\/p>\n<p>PFEIFER, P. M. ; HEDLUND, A.C. ; SIMAS, T. ;QUINTANA, A. M.. Revista Brasileira de Hematologia e Hemoterapia (Impresso), v. 35, p. 409-409, 2013.<\/p>\n<p><a href=\"https:\/\/periodicos.ufpel.edu.br\/ojs2\/index.php\/enfermagem\/article\/view\/3731\">INTERNA\u00c7\u00c3O DOMICILIAR NA TERMINALIDADE: ESCOLHAS TERAP\u00caUTICAS E MEDIDAS DE CONFORTO NO OLHAR DO CUIDADOR.<\/a><\/p>\n<p>OLIVEIRA, S. G.;QUINTANA, A. M.;DENARDIN BUD\u00d3, M. L.; MORAES, N. A.; GARCIA, R. P.; SARTOR, S. F.; BRAGA, D. D. Journal of Nursing and Health, v. 3, p. 221-232-232, 2013.<\/p>\n<p>VIDAS QUE CONTINUAM &#8211; A COMPLEXA RELA\u00c7\u00c3O ENTRE A REALIDADE DO LUTO E A POSSIBILIDADE DA DOA\u00c7\u00c3O DE \u00d3RG\u00c3OS<\/p>\n<p>QUINTANA, A. M.; BITTENCOURT, A.L.P. .. ARCO, v. 1, p. 16-17, 2013.<\/p>\n<p><a href=\"http:\/\/www.scielo.br\/scielo.php?script=sci_arttext&amp;pid=S1414-98932013000200015\">OS DIREITOS DA CRIAN\u00c7A E DO ADOLESCENTE NA PERCEP\u00c7\u00c3O DE ADOLESCENTES DOS CONTEXTOS URBANO E RURAL.<\/a><\/p>\n<p>ALVES, C. F.;SIQUEIRA, A. C. Psicologia: Ci\u00eancia e Profiss\u00e3o (Impresso), v. 33, p. 460-473, 2013.<\/p>\n<p><a href=\"https:\/\/www.researchgate.net\/publication\/269746667_Bullying_na_perspectiva_de_adolescentes_que_cometeram_ato_infracional\">BULLYING NA PERSPECTIVA DE ADOLESCENTES QUE COMETERAM ATO INFRACIONAL.<\/a><\/p>\n<p>COMIS, T. O.;SIQUEIRA, A. C. Psicologia Argumento (PUCPR. Impresso), v. 31, p. 687-695, 2013.<\/p>\n<p><a href=\"http:\/\/www.adolescenciaesaude.com\/detalhe_artigo.asp?id=392\">VIOL\u00caNCIA SEXUAL CONTRA ADOLESCENTES: &#8216;NINGU\u00c9M QUER AJUDAR, S\u00d3 JULGAR&#8217;.<\/a><\/p>\n<p>SAVEGNAGO, S. D. O.;SIQUEIRA, A. C.; LOPES, M. D. C. Adolesc\u00eancia &amp; Sa\u00fade (UERJ), v. 10, p. 27-33, 2013.<\/p>\n<p><a href=\"http:\/\/www.revispsi.uerj.br\/v13n2\/artigos\/html\/v13n2a11.html\">A FAM\u00cdLIA COMO UM DOS FATORES DE RISCO E DE PROTE\u00c7\u00c3O NAS SITUA\u00c7\u00d5ES DE GESTA\u00c7\u00c3O E MATERNIDADE NA ADOLESC\u00caNCIA<\/a><\/p>\n<p>PATIAS, N.D.;GABRIEL, M. R.;DIAS, A. C. G&#8230; Estudos e Pesquisas em Psicologia (Online), v. 13, p. 586-610, 2013.<\/p>\n<p><a href=\"http:\/\/www.scielo.br\/scielo.php?script=sci_arttext&amp;pid=S1414-98932013000100018\">VULNERABILIDADE E AUTONOMIA NA PESQUISA COM ADOLESCENTES PRIVADOS DE LIBERDADE.<\/a><\/p>\n<p>ZAPPE, J. G.;SANTOS, C. R.;FERRAO, I. S.;DIAS, A. C. G. Psicologia: Ci\u00eancia e Profiss\u00e3o (Impresso), v. 33, p. 234-247, 2013.<\/p>\n<p><a href=\"http:\/\/pepsic.bvsalud.org\/scielo.php?script=sci_arttext&amp;pid=S1679-33902013000100007\">PERCEP\u00c7\u00d5ES PARENTAIS SOBRE SUA PARTICIPA\u00c7\u00c3O NO DESENVOLVIMENTO PROFISSIONAL DOS FILHOS UNIVERSIT\u00c1RIOS<\/a><\/p>\n<p>OLIVEIRA, C. T.;DIAS, A. C. G.. Revista Brasileira de Orienta\u00e7\u00e3o Profissional, v. 14, p. 61-72, 2013.<\/p>\n<p><a href=\"http:\/\/revistas.rcaap.pt\/interaccoes\/article\/view\/2853\">MATERNIDADE E CASAMENTO: O QUE PENSAM AS ADOLESCENTES?<\/a><\/p>\n<p>DIAS, A. C. G.;\u00a0JAEGER, M. E.;PATIAS, N. D.;OLIVEIRA, C. T. Interaccoes, v. 25, p. 90-112, 2013.<\/p>\n<p><a href=\"http:\/\/pepsic.bvsalud.org\/pdf\/psipesq\/v7n2\/11.pdf\">PATERNIDADE ADOLESCENTE: UM ESTUDO SOBRE AUTOPERCEP\u00c7\u00d5ES DO FEN\u00d4MENO.<\/a><\/p>\n<p>PAULINO, G. P. A.;PATIAS, N.D.;DIAS, A. C. G.. Psicologia em Pesquisa (UFJF), v. 7, p. 230-241, 2013.<\/p>\n<p><a href=\"http:\/\/pepsic.bvsalud.org\/scielo.php?script=sci_arttext&amp;pid=S1809-52672013000100007\">OPINI\u00d5ES SOBRE MATERNIDADE EM ADOLESCENTES GR\u00c1VIDAS E N\u00c3O-GR\u00c1VIDAS.<\/a><\/p>\n<p>PATIAS, N. D.;DIAS, A. C. G.. Arquivos Brasileiros de Psicologia (Online), v. 65, p. 88-102, 2013.<\/p>\n<p><a href=\"https:\/\/www.metodista.br\/revistas\/revistas-ims\/index.php\/MUD\/article\/download\/3685\/3642\">PR\u00c1TICAS EDUCATIVAS E INTERVEN\u00c7\u00c3O COM PAIS: A EDUCA\u00c7\u00c3O COMO PROTE\u00c7\u00c3O AO DESENVOLVIMENTO DOS FILHOS.<\/a><\/p>\n<p>PATIAS, N. D.;SIQUEIRA, A. C.;DIAS, A. C. G.. Mudan\u00e7as &#8211; Psicologia da Sa\u00fade, v. 21, p. 29-40, 2013.<\/p>\n<p><a href=\"http:\/\/www.adolescenciaesaude.com\/detalhe_artigo.asp?id=375\">SEMELHAN\u00c7AS E DIFEREN\u00c7AS NOS PLANOS PARA O FUTURO DE ADOLESCENTES GESTANTES E N\u00c3O GESTANTES.<\/a><\/p>\n<p>DIAS, A. C. G.;OLIVEIRA, C. T.;\u00a0JAEGER, M. E.;\u00a0PATIAS, N. D.. Adolesc\u00eancia &amp; Sa\u00fade (UERJ), v. 10, p. 7-13, 2013.<\/p>\n<p><a href=\"https:\/\/revistas.utfpr.edu.br\/rbqv\/article\/view\/1566\">QUALIDADE DE VIDA NO TRABALHO EM DOCENTES DA \u00c1REA DE CI\u00caNCIAS HUMANAS: UM ESTUDO DESCRITIVO.<\/a><\/p>\n<p>JAEGER, M. E.;ROHDE, C.;DIAS, A. C. G.. Revista Brasileira de Qualidade de Vida, v. 5, p. 26-36, 2013.<\/p>\n<p><a href=\"http:\/\/revistas.fw.uri.br\/index.php\/psicologiaemfoco\/article\/view\/1107\">\u00c9TICA EM PESQUISA COM ADOLESCENTES: UMA REVIS\u00c3O DA LITERATURA NACIONAL.<\/a><\/p>\n<p>JAEGER, M. E.;GONCALVES, J.;DIAS, ACG;BECK, C.L.C.\u00a0Revista Psicologia em Foco (URI. Frederico Westphalen), v. 5, p. 134-149, 2013.<\/p>\n<p><a href=\"http:\/\/www.scielo.br\/scielo.php?script=sci_arttext&amp;pid=S1415-47142013000400015\">CAMINHOS PARA SE PENSAR A PROMO\u00c7\u00c3O DA SA\u00daDE (RESENHA).<\/a><\/p>\n<p>DIAS, A. C. G. Revista Latinoamericana de Psicopatologia Fundamental (Impresso), v. 16, p. 699-701, 2013.<\/p>\n<p><a href=\"http:\/\/pepsic.bvsalud.org\/scielo.php?script=sci_arttext&amp;pid=S1808-56872013000100003%20\">CONTRIBUTIONS OF COGNITIVE BEHAVIORAL THERAPY FOR DIFFICULTIES IN COLLEGE ADJUSTMENT.<\/a><\/p>\n<p>OLIVEIRA, C. T. de; DIAS, A. C. G.; PICCOLOTO, N. M. Revista Brasileira de Terapias Cognitivas (Impresso), v. 9, p. 10-18, 2013.<\/p>\n<p><a href=\"http:\/\/www.scielo.br\/pdf\/rcefac\/2012nahead\/188-11.pdf\">DIST\u00daRBIO ESPEC\u00cdFICO DE LINGUAGEM: A RELEV\u00c2NCIA DO DIAGN\u00d3STICO INICIAL<\/a><\/p>\n<p>CRESTANI, A. H.; OLIVEIRA, L. D.; VENDR\u00daSCULO. J. F.;RAMOS, A. P.\u00a0Revista CEFAC (Impresso), v. 15, p. 228-237, 2013.<\/p>\n<p><a href=\"http:\/\/www.scielo.br\/pdf\/rcefac\/2012nahead\/188-11.pdf\">NARRATIVIDADE DO PROFESSOR: MEDIA\u00c7\u00c3O E LINGUAGEM NA SALA DE AULA.<\/a><\/p>\n<p>CHESINI, I.;CRESTANI, AH;RAMOS, A. P.\u00a0Revista CEFAC (Impresso), v. 15, p. 1259-1269, 2013.<\/p>\n<p><a href=\"http:\/\/www.scielo.br\/scielo.php?pid=S1516-18462013000600012&amp;script=sci_abstract&amp;tlng=pt\">EXPOSI\u00c7\u00c3O A N\u00cdVEIS DE PRESS\u00c3O SONORA EM SALA DE AULA, IMITANCIOMETRIA E TESTE SSW EM ESCOLARES DE 3\u00ba A 4\u00ba ANO DO ENSINO FUNDAMENTAL.<\/a><\/p>\n<p>SANTOS, JF;RAMOS, A. P.; ROSSI, A. G. ; SELIGMAN, L. . Revista CEFAC (Impresso), v. 15, p. 1492-1502, 2013.<\/p>\n<p><a href=\"http:\/\/www.scielo.br\/scielo.php?script=sci_arttext&amp;pid=S1516-18462013000300008\">A COMUNICA\u00c7\u00c3O SUPLEMENTAR E\/OU ALTERNATIVA NA SESS\u00c3O DE FISIOTERAPIA.<\/a><\/p>\n<p>BORTAGARAI;RAMOS, A. P.\u00a0Revista CEFAC (Impresso), v. 15, p. 561-571, 2013.<\/p>\n<p><a href=\"http:\/\/www.scielo.br\/pdf\/rcefac\/v15n2\/137-11.pdf\">ASSOCIA\u00c7\u00c3O ENTRE \u00cdNDICES DE RISCO AO DESENVOLVIMENTO INFANTIL E ESTADO EMOCIONAL MATERNO<\/a><\/p>\n<p>FLORES, M. R.;RAMOS, A. P.;MORAES, A. B.;\u00a0BELTRAMI, L. Revista CEFAC (Impresso), v. 15, p. 348-360, 2013.<\/p>\n<p><a href=\"http:\/\/www.scielo.br\/scielo.php?pid=S2317-17822013000300014&amp;script=sci_abstract&amp;tlng=pt%20\">AN\u00c1LISE COMPARATIVA DO DESEMPENHO EM LEITURA E ESCRITA DE CRIAN\u00c7AS EXPOSTAS E N\u00c3O EXPOSTAS A N\u00cdVEIS ELEVADOS DE PRESS\u00c3O SONORA.<\/a><\/p>\n<p>SANTOS, J. F.; RAMOS, A. P.; SELIGMAN, L. CoDAS, v. 252, p. 274-281, 2013.<\/p>\n<p><a href=\"http:\/\/revistas.pucsp.br\/index.php\/dic\/article\/view\/14924\">A INFLU\u00caNCIA DA VARI\u00c1VEL TONICIDADE NA PRODU\u00c7\u00c3O DE SONORAS.<\/a><\/p>\n<p>RAMOS, A. P.;MEZZOMO, C. L.; SCOTT, LS ;DIAS, RF.;GIACCHINI, V.\u00a0Dist\u00farbios da Comunica\u00e7\u00e3o, v. 25, p. 57-63, 2013.<\/p>\n<p><a href=\"http:\/\/www.scielo.br\/scielo.php?script=sci_arttext&amp;pid=S1984-02922013000100013\">O BRINCAR E A RELA\u00c7\u00c3O OBJETAL NO ESPECTRO AUT\u00cdSTICO<\/a><\/p>\n<p>KLINGER, E. F.;SOUZA, A. P. R. de. Fractal: Revista de Psicologia, v. 25, p. 191-206, 2013.<\/p>\n<p><a href=\"http:\/\/revistas.pucsp.br\/index.php\/dic\/article\/view\/16476\">ANSIEDADE MATERNA PUERPERAL E RISCO PARA O DESENVOLVIMENTO INFANTIL.<\/a><\/p>\n<p>BELTRAMI, L.;MORAES, A. B.;RAMOS, A. P.. Dist\u00farbios da Comunica\u00e7\u00e3o, v. 25, p. 229-339, 2013.<\/p>\n<p><a href=\"http:\/\/revistas.pucsp.br\/index.php\/dic\/article\/view\/16468\">INTERVEN\u00c7\u00c3O PRECOCE EM UM CASO DE PREMATURIDADE E RISCO AO DESENVOLVIMENTO: CONTRIBUI\u00c7\u00d5ES DA PROPOSTA DE TERAPEUTA \u00daNICO SUSTENTADO NA INTERDISCIPLINARIDADE.<\/a><\/p>\n<p>OLIVEIRA, L. D.; PERUZZOLO, D. L.;RAMOS, A. P.. Dist\u00farbios da Comunica\u00e7\u00e3o, v. 25, p. 187-202, 2013.<\/p>\n<p><a href=\"http:\/\/www.scielo.br\/scielo.php?script=sci_arttext&amp;pid=S1516-18462013000400013\">FATORES SOCIOECONOMICOS, OBST\u00c9TRICOS, DEMOGR\u00c1FICOS E PSICOSSOCIAIS COMO RISCO AO DESENVOLVIMENTO INFANTIL.<\/a><\/p>\n<p>CRESTANI, A. H.; MATTANA, F.;MORAES, A. B.;SOUZA, A. P. R. de. Revista CEFAC (Impresso), v. 15, p. 847-856, 2013.<\/p>\n<p><a href=\"http:\/\/www.scielo.br\/scielo.php?script=sci_arttext&amp;pid=S1984-02922013000300007\">ANSIEDADE E DEPRESS\u00c3O EM M\u00c3ES DE CRIAN\u00c7AS COM DIST\u00daRBIO DE LINGUAGEM: A IMPORT\u00c2NCIA DO TRABALHO INTERDISCIPLINAR.<\/a><\/p>\n<p>BELTRAMI, L.; SOUZA, A. P. R. de;OLIVEIRA, L.\u00a0Fractal: Revista de Psicologia, v. 25, p. 515-530, 2013.<\/p>\n<p><a href=\"http:\/\/www.scielo.br\/pdf\/epsic\/v18n2\/v18n2a13.pdf\">RIVALIDADE FRATERNA: UMA PROPOSTA DE DEFINI\u00c7\u00c3O CONCEITUAL<\/a><\/p>\n<p>PEREIRA, C. R. R.;LOPES, R. C. S.\u00a0Estudos de Psicologia (UFRN), v. 18, p. 277-283, 2013.<\/p>\n<p><a href=\"https:\/\/www.metodista.br\/revistas\/revistas-metodista\/index.php\/MUD\/article\/view\/3535\">SA\u00daDE E PSICOLOGIA EM TEMPOS BIOPOL\u00cdTICOS: NOVAS QUEST\u00d5ES<\/a><\/p>\n<p>PERRONE, C. M.; SANTOS, A.S ; SOBROSA, G.M.R. .. Revista Mudan\u00e7as, v. 21, p. 1-7, 2013.<\/p>\n<p><a href=\"https:\/\/periodicos.ufsm.br\/sociaisehumanas\/article\/view\/5383\">DIREITOS HUMANOS: UM DESAFIO PARA NOVA POL\u00cdTICA DE ASSIST\u00caNCIA SOCIAL BRASILEIRA.<\/a><\/p>\n<p>SANTOS, A. S.;PERRONE, C. M.\u00a0Revista Sociais e Humanas, v. 26, p. 103-108, 2013.<\/p>\n<p><a href=\"http:\/\/pepsic.bvsalud.org\/scielo.php?script=sci_arttext&amp;pid=S1679-33902013000200011\">OPINI\u00d5ES SOBRE O TRABALHO EM JOVENS DE CLASSES POPULARES.<\/a><\/p>\n<p>SOBROSA, G. M. R.; CAMERIN, C.;PERRONE, C. M.;DIAS, A.C.G.\u00a0Revista da ABOP (Cessou em 1999. Cont. ISSN 1679-3390 Revista Brasileira de Orienta\u00e7\u00e3o Profissional (Impresso)), v. 2, p. 265-276, 2013.<\/p>\n<p><a href=\"http:\/\/pepsic.bvsalud.org\/scielo.php?script=sci_arttext&amp;pid=S0104-65782013000100013\">OFICINA TERAP\u00caUTICA DE CONTOS INFANTIS NO CAPSI: RELATO DE UMA EXPERI\u00caNCIA.<\/a><\/p>\n<p>COSTA, A. M.; CADORE, C.; RAMOS, M. S.;PERRONE, C. M.\u00a0Barbar\u00f3i (UNISC. Impresso), v. 38, p. 235-249, 2013.<\/p>\n<p><a href=\"https:\/\/periodicos.ufsm.br\/reaufsm\/article\/view\/6157\/0\">A PERCEP\u00c7\u00c3O DAS ORGANIZA\u00c7\u00d5ES PELA GERA\u00c7\u00c3O Y.<\/a><\/p>\n<p>PERRONE, C. M.;ENGELMAN, S.; SANTOS,A.S ; SOBROSA,G.M.R. . Revista de Administra\u00e7\u00e3o da UFSM, v. 6, p. 546-560, 2013.<\/p>\n<p><a href=\"http:\/\/bases.bireme.br\/cgi-bin\/wxislind.exe\/iah\/online\/?IsisScript=iah\/iah.xis&amp;src=google&amp;base=LILACS&amp;lang=p&amp;nextAction=lnk&amp;exprSearch=746355&amp;indexSearch=ID\">DEPOIMENTO SEM DANO: DISSID\u00caNCIAS E CONCORD\u00c2NCIAS NA INQUIRI\u00c7\u00c3O DE CRIAN\u00c7AS E ADOLESCENTES.<\/a><\/p>\n<p>ARPINI, D. M.; MACHADO, A.P. . Psicologia Argumento (PUCPR. Impresso), v. 31, p. 291-302, 2013.<\/p>\n<p><a href=\"http:\/\/www.adolescenciaesaude.com\/detalhe_artigo.asp?id=392\">VIOL\u00caNCIA SEXUAL CONRTRA CRIAN\u00c7AS E ADOLESCENTES: &#8216;NINGU\u00c9M QUER AJUDAR, S\u00d3 JULGAR&#8217;.<\/a><\/p>\n<p>ARPINI, D. M.; WITT, C. ; SAVEGNAGO, S. D. O. ; LOPES, M. D. C.;SIQUEIRA, A. C.; Adolesc\u00eancia &amp; Sa\u00fade (UERJ), v. 10, p. 27-33, 2013.<\/p>\n<p><a href=\"http:\/\/revistas.ufpr.br\/psicologia\/article\/viewFile\/27560\/21324\">O AFASTAMENTO PATERNO AP\u00d3S O FIM DO RELACIONAMENTO AMOROSO: UM ESTUDO QUALITATIVO.<\/a><\/p>\n<p>CUNICO, S. D. ;ARPINI, D. M.\u00a0Intera\u00e7\u00e3o em Psicologia (Online), v. 17, p. 99-108, 2013.<\/p>\n<p><a href=\"http:\/\/www.scielo.br\/scielo.php?pid=S1413-73722013000100013&amp;script=sci_abstract&amp;tlng=pt\">NOVA LEI NACIONAL DE ADO\u00c7\u00c3O: DESAFIOS PARA A REINSER\u00c7\u00c3O FAMILIAR.<\/a><\/p>\n<p>ARPINI, D. M.; SILVA, M. L. Psicologia em Estudo (Impresso), v. 18, p. 20-31, 2013.<\/p>\n<p><a href=\"http:\/\/pepsic.bvsalud.org\/scielo.php?script=sci_arttext&amp;pid=S1679-494X2013000100004\">A FAM\u00cdLIA EM MUDAN\u00c7AS: DESAFIOS PARA A PATERNIDADE CONTEMPORANEA.<\/a><\/p>\n<p>CUNICO, S. D. ;ARPINI, D. M.\u00a0Pensando Fam\u00edlias, v. 17, p. 28-40, 2013.<\/p>\n<p><a href=\"http:\/\/pepsic.bvsalud.org\/scielo.php?script=sci_arttext&amp;pid=S1516-36872013000300007\">O ACOLHIMENTO INSTITUCIONAL NA PERSPECTIVA DA NOVA LEI NACIONAL DE ADO\u00c7\u00c3O.<\/a><\/p>\n<p>ARPINI, D. M.; SILVA, M. L. . Psicologia: Teoria e Pr\u00e1tica (Impresso), v. 15, p. 95-106, 2013.<\/p>\n<p><a href=\"http:\/\/pepsic.bvsalud.org\/scielo.php?script=sci_arttext&amp;pid=S1413-03942013000100005%20\">NOVA LEI NACIONAL DE ADO\u00c7\u00c3O: REVISITANDO AS RELA\u00c7\u00d5ES ENTRE FAM\u00cdLIA E INSTITUI\u00c7\u00c3O.<\/a><\/p>\n<p>ARPINI, D. M.; SILVA, M. L. . Aletheia (ULBRA), v. 40, p. 42-57, 2013.<\/p>\n<p><a href=\"http:\/\/www.scielo.br\/scielo.php?pid=S1413-73722013000300013&amp;script=sci_abstract&amp;tlng=pt\">REPRESENTA\u00c7\u00c3O DE PSICOTERAPIA EM CRIAN\u00c7AS ATENDIDAS EM INSTITUI\u00c7\u00c3O P\u00daBLICA DE SA\u00daDE.<\/a><\/p>\n<p>POLLI, R. G. ;ARPINI, D. M.\u00a0Psicologia em Estudo (Impresso), v. 18, p. 1-15, 2013.<\/p>\n<p><a href=\"http:\/\/www.scielo.br\/scielo.php?pid=S0100-15742013000300010&amp;script=sci_abstract&amp;tlng=pt\">CONVERSANDO SOBRE SEXUALIDADE NA FAM\u00cdLIA: OLHARES DE MENINAS DE GRUPOS POPULARES.<\/a><\/p>\n<p>SAVEGNAGO, S. D. O. ;ARPINI, D. M.\u00a0Cadernos de Pesquisa (Funda\u00e7\u00e3o Carlos Chagas. Impresso), v. 43, p. 924-947, 2013.<\/p>\n<p>PROPOSTAS PARA O ACOLHIMENTO INSTITUCIONAL PROMOVIDAS PELA NOVA LEI NACIONAL DE ADO\u00c7\u00c3O.<\/p>\n<p>SILVA, M. L. ;ARPINI, D. M.\u00a0Psicologia em Revista (Impressa), v. 19, p. 422-440, 2013.<\/p>\n<p><a href=\"https:\/\/www.google.com.br\/url?sa=t&amp;rct=j&amp;q=&amp;esrc=s&amp;source=web&amp;cd=1&amp;cad=rja&amp;uact=8&amp;ved=0ahUKEwijsIG50ovSAhUBCpAKHdvrApYQFggaMAA&amp;url=https%3A%2F%2Fwww.metodista.br%2Frevistas%2Frevistas-ims%2Findex.php%2FMUD%2Farticle%2Fdownload%2F4134%2F3811&amp;usg=AFQjCNEqW11wFVo7t2JYcpKVCX-l78LiDA&amp;sig2=-68NodKk1H-8I2R1DpQEzw&amp;bvm=bv.146786187,d.Y2I\">PSICOTERAPIA E PSICOTERAPEUTA: REPRESENTA\u00c7\u00d5ES DE UMA CRIAN\u00c7A SOB SUSPEITA DE ABUSO SEXUAL.<\/a><\/p>\n<p>POLLI, R. G. ;ARPINI, D. M.; SAVEGNAGO, S. D. O. . Mudancas (IMS), v. 21, p. 20-29, 2013.<\/p>\n<p><a href=\"http:\/\/pepsic.bvsalud.org\/scielo.php?script=sci_arttext&amp;pid=S1516-36872013000100004\">O PROCESSO DE REVELA\u00c7\u00c3O DO ABUSO SEXUAL NA PERCEP\u00c7\u00c3O DE M\u00c3ES.<\/a><\/p>\n<p>SANTOS, S. S.;DELL&#8217;AGLIO, D. D. Revista de Psicologia : Teoria e Pr\u00e1tica (Online), v. 15, p. 50-64, 2013.<\/p>\n<p>ADOLESCENTES EM CONFLITO COM A LEI: UM ESTUDO COM ADOLESCENTES QUE CUMPREM MEDIDAS SOCIOEDUCATIVAS EM MEIO ABERTO.<\/p>\n<p>VARGAS, F. ; SILVA, J. K. ;VASCONCELLOS, S. J. L.. Revista de Estudos Criminais, v. 48, p. 113-128, 2013.<\/p>\n<p><a href=\"https:\/\/www.researchgate.net\/profile\/Roberta_Salvador-Silva2\/publication\/264004943_The_elaboration_of_future_projects_by_brazilian_adolescents_coming_from_socio-educational_measures\/links\/00b4953c8a822ae2be000000.pdf?origin=publication_list\">ELABORACI\u00d3N DE PROYECTOS FUTUROS POR PARTE DE ADOLESCENTES BRASILE\u00d1OS EGRESADOS DE MEDIDAS SOCIOEDUCATIVAS<\/a><\/p>\n<p>HOFFMEISTER, F. X. ; KERCH, J. S. ; VARGAS, F. ;SILVA, R. S.; MENA, A. J. ;VASCONCELLOS, S. J. L&#8230; Acta Psiqui\u00e1trica y Psicol\u00f3gica de Am\u00e9rica Latina, v. 59, p. 253-261, 2013.<\/p>\n","protected":false},"excerpt":{"rendered":"<p>DISCOURSES ABOUT CRACK IN THE PRINTED MASS MEDIA ROSO, A.;ROMANINI, M.;MACEDO, F. S.;ANGONESE, M.;MONAIAR, A.; BIANCHINI, M. .. Estudos de Psicologia (PUCCAMP. Impresso), v. 30, p. 455-466, 2013. IMIGRA\u00c7\u00c3O E POL\u00cdTICAS P\u00daBLICAS: UM ESTUDO COM IMIGRANTES ARGENTINOS E URUGUAIOS. ROSO, A.; BERVIAN, L. . Sociais e Humanas, v. 26, p. 229-242, 2013. M\u00cdDIA, IDEOLOGIA E [&hellip;]<\/p>\n","protected":false},"author":115,"featured_media":0,"parent":0,"menu_order":0,"comment_status":"closed","ping_status":"closed","template":"","meta":{"footnotes":""},"categories":[],"tags":[],"class_list":["post-457","page","type-page","status-publish","hentry"],"acf":[],"_links":{"self":[{"href":"https:\/\/www.ufsm.br\/cursos\/pos-graduacao\/santa-maria\/ppgp\/wp-json\/wp\/v2\/pages\/457","targetHints":{"allow":["GET"]}}],"collection":[{"href":"https:\/\/www.ufsm.br\/cursos\/pos-graduacao\/santa-maria\/ppgp\/wp-json\/wp\/v2\/pages"}],"about":[{"href":"https:\/\/www.ufsm.br\/cursos\/pos-graduacao\/santa-maria\/ppgp\/wp-json\/wp\/v2\/types\/page"}],"author":[{"embeddable":true,"href":"https:\/\/www.ufsm.br\/cursos\/pos-graduacao\/santa-maria\/ppgp\/wp-json\/wp\/v2\/users\/115"}],"replies":[{"embeddable":true,"href":"https:\/\/www.ufsm.br\/cursos\/pos-graduacao\/santa-maria\/ppgp\/wp-json\/wp\/v2\/comments?post=457"}],"version-history":[{"count":0,"href":"https:\/\/www.ufsm.br\/cursos\/pos-graduacao\/santa-maria\/ppgp\/wp-json\/wp\/v2\/pages\/457\/revisions"}],"wp:attachment":[{"href":"https:\/\/www.ufsm.br\/cursos\/pos-graduacao\/santa-maria\/ppgp\/wp-json\/wp\/v2\/media?parent=457"}],"wp:term":[{"taxonomy":"category","embeddable":true,"href":"https:\/\/www.ufsm.br\/cursos\/pos-graduacao\/santa-maria\/ppgp\/wp-json\/wp\/v2\/categories?post=457"},{"taxonomy":"post_tag","embeddable":true,"href":"https:\/\/www.ufsm.br\/cursos\/pos-graduacao\/santa-maria\/ppgp\/wp-json\/wp\/v2\/tags?post=457"}],"curies":[{"name":"wp","href":"https:\/\/api.w.org\/{rel}","templated":true}]}}