{"id":1368,"date":"2024-06-10T15:07:32","date_gmt":"2024-06-10T18:07:32","guid":{"rendered":"https:\/\/www.ufsm.br\/cursos\/pos-graduacao\/santa-maria\/ppgpc\/?page_id=1368"},"modified":"2025-12-02T14:14:39","modified_gmt":"2025-12-02T17:14:39","slug":"regimento-geral-da-pos-graduacao-stricto-sensu-e-lato-sensu-da-universidade-federal-de-santa-maria-2014","status":"publish","type":"page","link":"https:\/\/www.ufsm.br\/cursos\/pos-graduacao\/santa-maria\/ppgpc\/regimento-geral-da-pos-graduacao-stricto-sensu-e-lato-sensu-da-universidade-federal-de-santa-maria-2014","title":{"rendered":"Regulamento Geral da P\u00f3s-Gradua\u00e7\u00e3o &#8211; Stricto Sensu e Lato Sensu da UFSM"},"content":{"rendered":"\n<p>\u00a0<\/p>\n<ul>\n<li><a href=\"https:\/\/www.ufsm.br\/app\/uploads\/sites\/561\/2025\/12\/Regulamento-Interno-PPG-Patrimonio-Cultural.pdf\">Regulamento Interno PPG Patrim\u00f4nio Cultural<\/a><\/li>\n<\/ul>\n<p>\u00a0<\/p>\n<ul>\n<li><a href=\"https:\/\/www.ufsm.br\/app\/uploads\/sites\/345\/2018\/06\/015-2014-Regimento-geral-prpgp.pdf\">Regimento-geral-prpgp. &#8211; Resolu\u00e7\u00e3o n. 015\/2014 (vigente)<\/a><\/li>\n<\/ul>\n<p>\u00a0<\/p>\n\n\n\n\n\n\n","protected":false},"excerpt":{"rendered":"<p>\u00a0 Regulamento Interno PPG Patrim\u00f4nio Cultural \u00a0 Regimento-geral-prpgp. &#8211; Resolu\u00e7\u00e3o n. 015\/2014 (vigente) \u00a0<\/p>\n","protected":false},"author":905,"featured_media":0,"parent":0,"menu_order":0,"comment_status":"closed","ping_status":"closed","template":"","meta":{"footnotes":""},"categories":[9,2],"tags":[],"class_list":["post-1368","page","type-page","status-publish","hentry","category-destaques","category-noticias"],"acf":[],"_links":{"self":[{"href":"https:\/\/www.ufsm.br\/cursos\/pos-graduacao\/santa-maria\/ppgpc\/wp-json\/wp\/v2\/pages\/1368","targetHints":{"allow":["GET"]}}],"collection":[{"href":"https:\/\/www.ufsm.br\/cursos\/pos-graduacao\/santa-maria\/ppgpc\/wp-json\/wp\/v2\/pages"}],"about":[{"href":"https:\/\/www.ufsm.br\/cursos\/pos-graduacao\/santa-maria\/ppgpc\/wp-json\/wp\/v2\/types\/page"}],"author":[{"embeddable":true,"href":"https:\/\/www.ufsm.br\/cursos\/pos-graduacao\/santa-maria\/ppgpc\/wp-json\/wp\/v2\/users\/905"}],"replies":[{"embeddable":true,"href":"https:\/\/www.ufsm.br\/cursos\/pos-graduacao\/santa-maria\/ppgpc\/wp-json\/wp\/v2\/comments?post=1368"}],"version-history":[{"count":0,"href":"https:\/\/www.ufsm.br\/cursos\/pos-graduacao\/santa-maria\/ppgpc\/wp-json\/wp\/v2\/pages\/1368\/revisions"}],"wp:attachment":[{"href":"https:\/\/www.ufsm.br\/cursos\/pos-graduacao\/santa-maria\/ppgpc\/wp-json\/wp\/v2\/media?parent=1368"}],"wp:term":[{"taxonomy":"category","embeddable":true,"href":"https:\/\/www.ufsm.br\/cursos\/pos-graduacao\/santa-maria\/ppgpc\/wp-json\/wp\/v2\/categories?post=1368"},{"taxonomy":"post_tag","embeddable":true,"href":"https:\/\/www.ufsm.br\/cursos\/pos-graduacao\/santa-maria\/ppgpc\/wp-json\/wp\/v2\/tags?post=1368"}],"curies":[{"name":"wp","href":"https:\/\/api.w.org\/{rel}","templated":true}]}}