{"id":1420,"date":"2024-07-25T13:28:50","date_gmt":"2024-07-25T16:28:50","guid":{"rendered":"https:\/\/www.ufsm.br\/cursos\/pos-graduacao\/santa-maria\/ppgpc\/?page_id=1420"},"modified":"2025-04-30T09:37:51","modified_gmt":"2025-04-30T12:37:51","slug":"internacionalizacao-2","status":"publish","type":"page","link":"https:\/\/www.ufsm.br\/cursos\/pos-graduacao\/santa-maria\/ppgpc\/internacionalizacao-2","title":{"rendered":"Internacionaliza\u00e7\u00e3o"},"content":{"rendered":"\n<!-- Cabe\u00e7alho com logo e t\u00edtulo -->\n<table style=\"border-collapse: collapse;width: 100%\">\n<tbody>\n<tr>\n<td style=\"width: 25%;background-color: #e8ccae\"><img decoding=\"async\" class=\"aligncenter wp-image-1452 size-thumbnail\" src=\"https:\/\/www.ufsm.br\/app\/uploads\/sites\/561\/2024\/09\/PPGPC_-_Fundo-Transparente-150x150.png\" alt=\"Logo PPGPC\" width=\"150\" height=\"150\" srcset=\"https:\/\/www.ufsm.br\/app\/uploads\/sites\/561\/2024\/09\/PPGPC_-_Fundo-Transparente-150x150.png 150w, https:\/\/www.ufsm.br\/app\/uploads\/sites\/561\/2024\/09\/PPGPC_-_Fundo-Transparente-300x300.png 300w, https:\/\/www.ufsm.br\/app\/uploads\/sites\/561\/2024\/09\/PPGPC_-_Fundo-Transparente.png 500w\" sizes=\"(max-width: 150px) 100vw, 150px\" \/><\/td>\n<td style=\"width: 75%;background-color: #e8ccae\">\n<h2 style=\"text-align: left;padding-left: 10px\"><span style=\"color: revert;font-size: revert;font-weight: revert;font-family: inherit\">INTERNACIONALIZA\u00c7\u00c3O E INSER\u00c7\u00c3O<\/span> <strong style=\"color: revert;font-size: revert;font-family: inherit\"> \u2013 PPGPC\/UFSM<\/strong><\/h2>\n<\/td>\n<\/tr>\n<\/tbody>\n<\/table>\n<!-- Tabela de conte\u00fado -->\n<table style=\"width: 100%;border-collapse: collapse;border: 1px solid #0d0101;margin-top: 20px\">\n<thead>\n<tr style=\"background-color: #e8ccae\">\n<th style=\"padding: 10px;border: 1px solid #120202;width: 30%\">Dimens\u00e3o<\/th>\n<th style=\"padding: 10px;border: 1px solid #120202\">Descri\u00e7\u00e3o<\/th>\n<\/tr>\n<\/thead>\n<tbody>\n<tr style=\"background-color: #ffffff\">\n<td style=\"padding: 10px;border: 1px solid #120202\"><strong>Internacionaliza\u00e7\u00e3o<\/strong><\/td>\n<td style=\"padding: 10px;border: 1px solid #120202\">\n<ul>\n<li>O PPGPC ampliou sua inser\u00e7\u00e3o internacional por meio de conv\u00eanios, projetos, redes acad\u00eamicas, congressos, publica\u00e7\u00f5es e mobilidades financiadas. Destacam-se a\u00e7\u00f5es com institui\u00e7\u00f5es da Am\u00e9rica Latina, Europa e \u00c1sia, consolidando sua presen\u00e7a em redes multilaterais como a AUGM e a UNESCO.<\/li>\n<\/ul>\n<\/td>\n<\/tr>\n<tr style=\"background-color: #ededed\">\n<td style=\"padding: 10px;border: 1px solid #120202\"><strong>Mobilidade Docente<\/strong><\/td>\n<td style=\"padding: 10px;border: 1px solid #120202\">\n<ul>\n<li>Docentes realizaram est\u00e1gios p\u00f3s-doutorais, ministraram aulas, participaram de visitas t\u00e9cnicas e atuaram como pesquisadores visitantes em institui\u00e7\u00f5es na Argentina, Uruguai, Portugal e Alemanha. A atua\u00e7\u00e3o internacional tamb\u00e9m incluiu bancas, coordena\u00e7\u00e3o de projetos e participa\u00e7\u00e3o em conselhos cient\u00edficos internacionais.<\/li>\n<\/ul>\n<\/td>\n<\/tr>\n<tr style=\"background-color: #ffffff\">\n<td style=\"padding: 10px;border: 1px solid #120202\"><strong>Mobilidade Discente<\/strong><\/td>\n<td style=\"padding: 10px;border: 1px solid #120202\">\n<ul>\n<li>Discentes participaram de est\u00e1gios e projetos em institui\u00e7\u00f5es como a Universidade do Porto (PT), UDELAR (UY), Universidad Nacional de Misiones (AR), Museu do Patrim\u00f4nio Regional, em Rivera, Uruguai, al\u00e9m de participarem de eventos internacionais.<\/li>\n<li>Foram recebidas candidaturas de diversos pa\u00edses para ingresso no PPGPC como da Am\u00e9rica Latina, \u00c1frica e Europa, incluindo aprova\u00e7\u00e3o de candidata italiana para 2025.<\/li>\n<\/ul>\n<\/td>\n<\/tr>\n<tr style=\"background-color: #ededed\">\n<td style=\"padding: 10px;border: 1px solid #120202\"><strong>C\u00e1tedras e Redes Internacionais<\/strong><\/td>\n<td style=\"padding: 10px;border: 1px solid #120202\">\n<ul>\n<li style=\"text-align: justify\">O Programa coordena e integra a C\u00e1tedra UNESCO em parceria com institui\u00e7\u00f5es do Brasil, Portugal e outros pa\u00edses do Mercosul.<\/li>\n<li style=\"text-align: justify\">Docentes do PPGPC participam de redes de internacionais de pesquisa como\u00a0 a <span style=\"font-weight: 400\">Rede Internacional de Estudos dos Fascismos, Autoritarismos, Totalitarismos e Transi\u00e7\u00e3o para Democracia (<\/span>REFAT), Associa\u00e7\u00e3o Internacional de Humanidades (APHELEIA), <span style=\"font-weight: 400\">Grupo de Estudos sobre Religi\u00e3o e Evangeliza\u00e7\u00e3o (Universidade de Buenos Aires, FFL\/UBA), Asociaci\u00f3n de Historiadores Latinoamericanistas Europeos (AHILA), a<\/span>l\u00e9m da Associa\u00e7\u00e3o de Universidades do Grupo Montevid\u00e9u (AUGM),\u00a0 promovendo coopera\u00e7\u00e3o transnacional em projetos de pesquisa e extens\u00e3o.<\/li>\n<\/ul>\n<\/td>\n<\/tr>\n<tr style=\"background-color: #ffffff\">\n<td style=\"padding: 10px;border: 1px solid #120202\"><strong>Eventos e Confer\u00eancias<\/strong><\/td>\n<td style=\"padding: 10px;border: 1px solid #120202;text-align: justify\">\n<ul>\n<li>O PPGPC promoveu confer\u00eancias presenciais e remotas com especialistas internacionais da Pol\u00f4nia, Prof. Dr. <span style=\"font-weight: 400\">Pawel Arkadiusz Wiechetek; de <\/span>Portugal,\u00a0 Prof. Dr. Ant\u00f4nio Ponte; do Uruguai, Prof. Dr. Eduardo Ramon Palermo; Argentina, Prof.\u00aa Dr.\u00aa <span style=\"font-weight: 400\">Maria Belen Espoz Dalmasso, <\/span>e\u00a0 entre outros. Realizou interc\u00e2mbios com museus e universidades, al\u00e9m de integrar bancas e simp\u00f3sios organizados por institui\u00e7\u00f5es estrangeiras.\u00a0<\/li>\n<\/ul>\n<\/td>\n<\/tr>\n<tr style=\"background-color: #ededed\">\n<td style=\"padding: 10px;border: 1px solid #120202\"><strong>Publica\u00e7\u00f5es Internacionais<\/strong><\/td>\n<td style=\"padding: 10px;border: 1px solid #120202;text-align: justify\">\n<ul>\n<li>A produ\u00e7\u00e3o cient\u00edfica internacional do Programa inclui artigos publicados em pa\u00edses como Reino Unido, Fran\u00e7a, It\u00e1lia, Jap\u00e3o, Su\u00ed\u00e7a, Espanha, Portugal, Argentina, Uruguai, Chile, EUA, entre outros. As publica\u00e7\u00f5es refletem colabora\u00e7\u00f5es interinstitucionais e refor\u00e7am o impacto global do Programa.<\/li>\n<\/ul>\n<\/td>\n<\/tr>\n<tr style=\"background-color: #ffffff\">\n<td style=\"padding: 10px;border: 1px solid #120202\"><strong>Projetos Internacionais<\/strong><\/td>\n<td style=\"padding: 10px;border: 1px solid #120202;text-align: justify\">\n<ul>\n<li>O PPGPC coordena e participa de projetos multilaterais envolvendo Argentina, Uruguai, Portugal, It\u00e1lia, nas \u00e1reas de turismo, patrim\u00f4nio, ind\u00fastria criativa e sustentabilidade. Exemplos incluem os projetos com Geoparques UNESCO, comunica\u00e7\u00e3o p\u00fablica e preserva\u00e7\u00e3o documental em zonas de fronteira.<\/li>\n<\/ul>\n<\/td>\n<\/tr>\n<tr style=\"background-color: #ededed\">\n<td style=\"padding: 10px;border: 1px solid #120202\"><strong>Participa\u00e7\u00e3o em Bancas<\/strong><\/td>\n<td style=\"padding: 10px;border: 1px solid #120202;text-align: justify\">\n<ul>\n<li>Docentes do Programa participam de bancas em universidades da Espanha, Argentina, Portugal, It\u00e1lia e Uruguai, al\u00e9m de convidar avaliadores internacionais para suas bancas internas. Essa troca qualificada fortalece a forma\u00e7\u00e3o acad\u00eamica e o prest\u00edgio institucional do PPGPC.<\/li>\n<\/ul>\n<\/td>\n<\/tr>\n<tr style=\"background-color: #ffffff\">\n<td style=\"padding: 10px;border: 1px solid #120202\"><strong>Visibilidade\u00a0<\/strong><\/td>\n<td style=\"padding: 10px;border: 1px solid #120202\">\n<p style=\"text-align: justify\">A presen\u00e7a internacional do PPGPC \u00e9 refor\u00e7ada por sua participa\u00e7\u00e3o em congressos, c\u00e1tedras, pr\u00eamios, entrevistas, colunas em jornais e redes sociais. O site institucional conta com vers\u00f5es multil\u00edngues e recursos de acessibilidade, ampliando o alcance de suas a\u00e7\u00f5es e projetos junto \u00e0 comunidade global.<\/p>\n<ul>\n<li style=\"text-align: justify\"><span style=\"font-weight: 400\">Prof.\u00aa Dr.\u00aa Heloisa Helena Fernandes Gon\u00e7alves da Costa Medalha de M\u00e9rito Museol\u00f3gico &#8211; categoria Personalidade Museol\u00f3gica, pelo Conselho Federal de Museologia e o COREM 1 Regi\u00e3o Nordeste;<\/span><\/li>\n<li style=\"text-align: justify\"><span style=\"font-weight: 400\">Prof. Dr. \u00c1tila da Rosa, recebeu uma homenagem de alto impacto: um f\u00f3ssil descoberto pela equipe do Laborat\u00f3rio de Paleobiologia do Campus S\u00e3o Gabriel da Universidade Federal do Pampa (Unipampa) recebeu o seu nome, <a href=\"https:\/\/www.ufsm.br\/midias\/arco\/arco-entrevista-atila-da-rosa-nome-de-fossil-descoberto-recentemente-na-regiao-homenageia-o-docente-da-ufsm\"><em>Kwatisuchus rosai<\/em>.<\/a> O nome da especie faz refer\u00eancia ao termo tupi <em>Kwati<\/em>, que significa focinho comprido, e <em>rosa<\/em>i, em homenagem a \u00c1tila da Rosa. O trabalho de \u00c1tila foi protagonista no reconhecimento, descri\u00e7\u00e3o e coleta de f\u00f3sseis em s\u00edtios fossil\u00edferos do in\u00edcio do Tri\u00e1ssico. Seu trabalho permitiu a descoberta do Kwatisuchus e de in\u00fameros outros f\u00f3sseis que a equipe da Unipampa recuperou e estudou nos \u00faltimos anos. O f\u00f3ssil Kwatisuchus rosai, encontrado em 2022 em uma fazenda no munic\u00edpio de Ros\u00e1rio do Sul;<\/span><\/li>\n<li style=\"text-align: justify\"><span style=\"font-weight: 400\">A Universidade Federal de Santa Maria foi contemplada, como sendo uma das poucas Universidades P\u00fablicas brasileiras, com a distin\u00e7\u00e3o de atua\u00e7\u00e3o inovadora, de boas pr\u00e1ticas e trabalho colaborativo entre governos locais e universidades p\u00fablicas no marco dos 10 Anos do Observat\u00f3rio de Coopera\u00e7\u00e3o Cidade Universidade, juntamente com a organiza\u00e7\u00e3o das Mercocidades e da Associa\u00e7\u00e3o das Universidades do Grupo Montevid\u00e9u (AUGM). Duas professoras do PPGPC, Linha de Pesquisa Hist\u00f3ria e Patrim\u00f4nio Cultural (PPGPC), tiveram seus projetos contemplados com a distin\u00e7\u00e3o de inova\u00e7\u00e3o:<\/span><\/li>\n<\/ul>\n<p style=\"text-align: justify\">\u00a0 \u00a0 Prof.\u00aa Dr.\u00aaMarta Rosa Borin, com o subprojeto <strong style=\"font-size: revert;font-family: inherit;color: initial\">Gest\u00e3o e informatiza\u00e7\u00e3o do Museu de Arte Sacra da Catedral Arquidiocesana de Santa Maria<\/strong><span style=\"font-size: revert;font-family: inherit;color: initial\">, que desde 2016 estabelece o\u00a0 di\u00e1logo da universidade com a comunidade, onde contou com a participa\u00e7\u00e3o de discentes da gradua\u00e7\u00e3o, bolsistas (PROLICEN e FIEX\/PRE\/UFSM).<\/span><\/p>\n<p style=\"text-align: justify\"><span style=\"font-weight: 400\">\u00a0 \u00a0 Prof.\u00aa Dr.\u00aa Maria Medianeira Padoin, com coordena\u00e7\u00e3o do <strong>Programa Patrim\u00f4nio Hist\u00f3rico, Gest\u00e3o Documental, Mem\u00f3ria e Preserva\u00e7\u00e3o,<\/strong> da a\u00e7\u00e3o de Extens\u00e3o da UFSM, em parceria com a Prefeitura do Munic\u00edpio de S\u00e3o Jo\u00e3o do Pol\u00easine, cidade do Geoparque Quarta Col\u00f4nia, em um trabalho conjunto entre as \u00e1reas da Hist\u00f3ria e da Arquivologia.<\/span><\/p>\n<\/td>\n<\/tr>\n<\/tbody>\n<\/table>\n","protected":false},"excerpt":{"rendered":"<p>INTERNACIONALIZA\u00c7\u00c3O E INSER\u00c7\u00c3O \u2013 PPGPC\/UFSM Dimens\u00e3o Descri\u00e7\u00e3o Internacionaliza\u00e7\u00e3o O PPGPC ampliou sua inser\u00e7\u00e3o internacional por meio de conv\u00eanios, projetos, redes acad\u00eamicas, congressos, publica\u00e7\u00f5es e mobilidades financiadas. Destacam-se a\u00e7\u00f5es com institui\u00e7\u00f5es da Am\u00e9rica Latina, Europa e \u00c1sia, consolidando sua presen\u00e7a em redes multilaterais como a AUGM e a UNESCO. Mobilidade Docente Docentes realizaram est\u00e1gios p\u00f3s-doutorais, ministraram [&hellip;]<\/p>\n","protected":false},"author":905,"featured_media":0,"parent":0,"menu_order":0,"comment_status":"closed","ping_status":"closed","template":"","meta":{"footnotes":""},"categories":[],"tags":[],"class_list":["post-1420","page","type-page","status-publish","hentry"],"acf":[],"_links":{"self":[{"href":"https:\/\/www.ufsm.br\/cursos\/pos-graduacao\/santa-maria\/ppgpc\/wp-json\/wp\/v2\/pages\/1420","targetHints":{"allow":["GET"]}}],"collection":[{"href":"https:\/\/www.ufsm.br\/cursos\/pos-graduacao\/santa-maria\/ppgpc\/wp-json\/wp\/v2\/pages"}],"about":[{"href":"https:\/\/www.ufsm.br\/cursos\/pos-graduacao\/santa-maria\/ppgpc\/wp-json\/wp\/v2\/types\/page"}],"author":[{"embeddable":true,"href":"https:\/\/www.ufsm.br\/cursos\/pos-graduacao\/santa-maria\/ppgpc\/wp-json\/wp\/v2\/users\/905"}],"replies":[{"embeddable":true,"href":"https:\/\/www.ufsm.br\/cursos\/pos-graduacao\/santa-maria\/ppgpc\/wp-json\/wp\/v2\/comments?post=1420"}],"version-history":[{"count":0,"href":"https:\/\/www.ufsm.br\/cursos\/pos-graduacao\/santa-maria\/ppgpc\/wp-json\/wp\/v2\/pages\/1420\/revisions"}],"wp:attachment":[{"href":"https:\/\/www.ufsm.br\/cursos\/pos-graduacao\/santa-maria\/ppgpc\/wp-json\/wp\/v2\/media?parent=1420"}],"wp:term":[{"taxonomy":"category","embeddable":true,"href":"https:\/\/www.ufsm.br\/cursos\/pos-graduacao\/santa-maria\/ppgpc\/wp-json\/wp\/v2\/categories?post=1420"},{"taxonomy":"post_tag","embeddable":true,"href":"https:\/\/www.ufsm.br\/cursos\/pos-graduacao\/santa-maria\/ppgpc\/wp-json\/wp\/v2\/tags?post=1420"}],"curies":[{"name":"wp","href":"https:\/\/api.w.org\/{rel}","templated":true}]}}