{"id":1423,"date":"2024-07-25T13:31:04","date_gmt":"2024-07-25T16:31:04","guid":{"rendered":"https:\/\/www.ufsm.br\/cursos\/pos-graduacao\/santa-maria\/ppgpc\/?page_id=1423"},"modified":"2025-07-17T10:58:33","modified_gmt":"2025-07-17T13:58:33","slug":"planejamento-estrategico-do-ppg-em-patrimonio-cultural","status":"publish","type":"page","link":"https:\/\/www.ufsm.br\/cursos\/pos-graduacao\/santa-maria\/ppgpc\/planejamento-estrategico-do-ppg-em-patrimonio-cultural","title":{"rendered":"Planejamento Estrat\u00e9gico do PPG em Patrim\u00f4nio Cultural 2021-2024"},"content":{"rendered":"\n<p>\u00a0<\/p>\n<p>\u00a0<\/p>\n<table style=\"height: 2072px;width: 100.045%;border-collapse: collapse;background-color: #fcfcfc\">\n<tbody>\n<tr style=\"height: 150px\">\n<td style=\"width: 19.9346%;height: 150px;background-color: #ededed\"><img decoding=\"async\" class=\"wp-image-1454 size-thumbnail aligncenter\" src=\"https:\/\/www.ufsm.br\/app\/uploads\/sites\/561\/2024\/09\/PPGPC_-_Fundo-Transparente-1-150x150.png\" alt=\"\" width=\"150\" height=\"150\" srcset=\"https:\/\/www.ufsm.br\/app\/uploads\/sites\/561\/2024\/09\/PPGPC_-_Fundo-Transparente-1-150x150.png 150w, https:\/\/www.ufsm.br\/app\/uploads\/sites\/561\/2024\/09\/PPGPC_-_Fundo-Transparente-1-300x300.png 300w, https:\/\/www.ufsm.br\/app\/uploads\/sites\/561\/2024\/09\/PPGPC_-_Fundo-Transparente-1.png 500w\" sizes=\"(max-width: 150px) 100vw, 150px\" \/><\/td>\n<td style=\"width: 82.7718%;height: 150px;background-color: #ededed\">\n<h2 style=\"text-align: center\">PLANEJAMENTO ESTRAT\u00c9GICO DO PROGRAMA 2021-2024\u00a0<\/h2>\n<\/td>\n<\/tr>\n<tr style=\"height: 163px\">\n<td style=\"width: 102.706%;text-align: justify;height: 163px\" colspan=\"2\">\u00a0 \u00a0 \u00a0 \u00a0Em raz\u00e3o das modifica\u00e7\u00f5es ocorridas no Sistema Nacional de P\u00f3s-Gradua\u00e7\u00e3o (SNPG), sobretudo no que se refere a necessidade de implanta\u00e7\u00e3o de processo de autoavalia\u00e7\u00e3o nos Programas, o PPGPC\/UFSM realizou uma s\u00e9rie de reuni\u00f5es ao longo dos anos de 2019 e 2020, conforme documentos anexados na Plataforma Sucupira. A fim de atender as recomenda\u00e7\u00f5es da Coordena\u00e7\u00e3o de Aperfei\u00e7oamento de Pessoal de N\u00edvel Superior (CAPES), e por sugest\u00e3o da Pr\u00f3 Reitoria de P\u00f3s Gradua\u00e7\u00e3o e Pesquisa, em 2020 o PPGPC desenvolveu seu planejamento estrat\u00e9gico, com apoio da empresa Objetiva Junior, ligada ao Curso de Administra\u00e7\u00e3o da UFSM. O planejamento estrat\u00e9gico do PPGPC considera e est\u00e1 plenamente de acordo com os objetivos propostos pelo Plano de Desenvolvimento Institucional (PDI) e o Plano de Gest\u00e3o da Universidade Federal de Santa Maria (UFSM). A autoavalia\u00e7\u00e3o realizada no ano de 2020 teve como principal objetivo a formula\u00e7\u00e3o de diretrizes para a realiza\u00e7\u00e3o de planejamento de a\u00e7\u00f5es ao longo do quadri\u00eanio 2021-2024.\u00a0<\/td>\n<\/tr>\n<tr style=\"height: 79px\">\n<td style=\"width: 102.706%;height: 79px;background-color: #e8ccae\" colspan=\"2\">\n<h2 style=\"text-align: center\">Defini\u00e7\u00e3o de Diretrizes do Planejamento Quadrienal (2021-2024)<\/h2>\n<\/td>\n<\/tr>\n<tr style=\"height: 95px\">\n<td style=\"width: 102.706%;height: 95px;text-align: justify\" colspan=\"2\">\u00a0 \u00a0 \u00a0 \u00a0 \u00a0Sendo o PPGPC atualmente um curso de Mestrado Profissional em Patrim\u00f4nio Cultural, que atua em proximidade aos \u00f3rg\u00e3os de preserva\u00e7\u00e3o e conserva\u00e7\u00e3o do patrim\u00f4nio, como museus, arquivos, \u00f3rg\u00e3os de cultura, prefeituras, empresas, entre outros setores da sociedade, o planejamento estrat\u00e9gico do PPGPC valorizou e incentivou a continuidade do papel que vem desempenhando o Programa, com destaque a sua inser\u00e7\u00e3o social e tamb\u00e9m a amplia\u00e7\u00e3o na internacionaliza\u00e7\u00e3o.<\/td>\n<\/tr>\n<tr style=\"height: 95px\">\n<td style=\"width: 102.706%;height: 95px;background-color: #e8ccae\" colspan=\"2\">\n<h2 style=\"text-align: center\">Diretrizes para o Planejamento Quadrienal (2021-2024)<\/h2>\n<\/td>\n<\/tr>\n<tr style=\"height: 95px\">\n<td style=\"width: 102.706%;height: 95px\" colspan=\"2\">\u00a0 \u00a0 \u00a0 \u00a0 \u00a0<span style=\"font-size: revert;font-family: inherit;font-weight: inherit;color: initial\">Os\u00a0 quatro objetivos estrat\u00e9gicos alinhados ao Plano de Desenvolvimento Institucional da UFSM e os objetivos operacionais\u00a0 a continuarem\u00a0 a ser trabalhados para os pr\u00f3ximos cinco anos s\u00e3o:<\/span><\/td>\n<\/tr>\n<tr style=\"height: 95px\">\n<td style=\"width: 19.9346%;height: 95px;background-color: #ededed\">\u00a01 &#8211; Objetivo Estrat\u00e9gico operacional\u00a0<\/td>\n<td style=\"width: 82.7718%;height: 95px\">\n<ul>\n<li>Ampliar o n\u00edvel de forma\u00e7\u00e3o ofertado pelo PPGPC por meio do encaminhamento\u00a0 do projeto\u00a0 do doutorado profissional;<\/li>\n<\/ul>\n<\/td>\n<\/tr>\n<tr style=\"height: 68px\">\n<td style=\"width: 19.9346%;height: 68px;background-color: #ededed\">\u00a02 &#8211; Objetivo Estrat\u00e9gico operacional\u00a0<\/td>\n<td style=\"width: 82.7718%;height: 68px\">\n<ul>\n<li>Continuar na busca de excel\u00eancia na qualidade no PPGPC;<\/li>\n<\/ul>\n<\/td>\n<\/tr>\n<tr style=\"height: 95px\">\n<td style=\"width: 19.9346%;height: 95px;background-color: #ededed\">\u00a03 &#8211; Objetivo Estrat\u00e9gico operacional\u00a0<\/td>\n<td style=\"width: 82.7718%;height: 95px\">\n<ul>\n<li>Consolida\u00e7\u00e3o continuada da internacionaliza\u00e7\u00e3o do PPGPC;<\/li>\n<\/ul>\n<\/td>\n<\/tr>\n<tr style=\"height: 68px\">\n<td style=\"width: 19.9346%;height: 68px;background-color: #ededed\">\u00a04 &#8211; Objetivo Estrat\u00e9gico operacional\u00a0<\/td>\n<td style=\"width: 82.7718%;height: 68px\">\n<ul>\n<li>Dar continuidade e maior divulga\u00e7\u00e3o \u00e0s a\u00e7\u00f5es que envolvem a inser\u00e7\u00e3o social do PPGPC .<\/li>\n<\/ul>\n<\/td>\n<\/tr>\n<tr style=\"height: 79px\">\n<td style=\"width: 102.706%;height: 79px;background-color: #e8ccae\" colspan=\"2\">\n<h2 style=\"text-align: center\"><span style=\"color: revert;font-size: revert;font-weight: revert;font-family: inherit\">Planejamento<\/span><\/h2>\n<\/td>\n<\/tr>\n<tr style=\"height: 70px\">\n<td style=\"width: 102.706%;height: 70px\" colspan=\"2\">\n<p>\u00a0 \u00a0 \u00a0 \u00a0 \u00a0 \u00a0 \u00a0 \u00a0 \u00a0 No ano letivo de 2021, o Colegiado do Programa comp\u00f4s um Grupo de Trabalho de A\u00e7\u00f5es de Integra\u00e7\u00e3o para o Planejamento Quadrienal 2021-2024\u201d em um planejamento articulado com o Plano de Desenvolvimento Institucional da UFSM e com o Plano de Comunica\u00e7\u00e3o da UFSM. Salientando que para o PPGPC atingir seus objetivos no quadri\u00eanio \u00e9 necess\u00e1rio conhecimento geral dos principais pontos fortes e pontos fracos do Programa.<\/p>\n<\/td>\n<\/tr>\n<tr style=\"height: 79px\">\n<td style=\"width: 102.706%;height: 79px;background-color: #e8ccae\" colspan=\"2\">\n<h2 style=\"text-align: center\">Principais Pontos Fr\u00e1geis\u00a0<\/h2>\n<\/td>\n<\/tr>\n<tr style=\"height: 100px\">\n<td style=\"width: 102.706%;height: 100px\" colspan=\"2\">\n<ul>\n<li>Necessidade de constru\u00e7\u00e3o do projeto do doutorado profissional, em que\u00a0 pretende-se ampliar\/reformular\u00a0 a \u00e1rea de concentra\u00e7\u00e3o em conson\u00e2ncia com a\u00e7\u00f5es que visem uma amplia\u00e7\u00e3o da internacionaliza\u00e7\u00e3o e inser\u00e7\u00e3o social, a partir da experi\u00eancia e frutos alcan\u00e7ados at\u00e9 o momento;<\/li>\n<\/ul>\n<\/td>\n<\/tr>\n<tr style=\"height: 100px\">\n<td style=\"width: 102.706%;height: 100px\" colspan=\"2\">\n<ul>\n<li>Reformular os mecanismos na gest\u00e3o, para maior acompanhamento e visibilidade das atividades de inser\u00e7\u00e3o social, como do acompanhamento dos egressos (neste caso a UFSM est\u00e1 implementando uma pol\u00edtica para isso).<\/li>\n<\/ul>\n<\/td>\n<\/tr>\n<tr style=\"height: 100px\">\n<td style=\"width: 102.706%;height: 100px\" colspan=\"2\">\n<ul>\n<li>A quest\u00e3o de recursos para al\u00e9m de editais espec\u00edficos, deveriam ser tamb\u00e9m revistos pela CAPES uma forma de maior investimento nos programas profissionais.<\/li>\n<\/ul>\n<\/td>\n<\/tr>\n<tr style=\"height: 79px\">\n<td style=\"width: 102.706%;height: 79px;background-color: #e8ccae\" colspan=\"2\">\n<h2 style=\"text-align: center\">\u00a0Principais Pontos fortes<\/h2>\n<\/td>\n<\/tr>\n<tr style=\"height: 210px\">\n<td style=\"width: 102.706%;height: 210px\" colspan=\"2\">\n<ul>\n<li>Inser\u00e7\u00e3o na sociedade, a qualidade das disserta\u00e7\u00f5es e produtos resultantes implementados, a atua\u00e7\u00e3o da capacita\u00e7\u00e3o continuada\u00a0 de profissionais, como de docentes e outros da rede de ensino das regi\u00f5es que est\u00e3o inseridas nos projetos aspirantes a Geoparque da Unesco (a regi\u00e3o da Quarta Col\u00f4nia composta por 9 munic\u00edpios e por Ca\u00e7apava do Sul);<\/li>\n<\/ul>\n<h1 style=\"text-align: center\">\u00a0<\/h1>\n<\/td>\n<\/tr>\n<tr style=\"height: 95px\">\n<td style=\"width: 102.706%;height: 95px\" colspan=\"2\">\n<ul>\n<li>O quadro docente e sua intera\u00e7\u00e3o\/di\u00e1logo junto aos discentes; a infraestrutura b\u00e1sica da UFSM;<\/li>\n<\/ul>\n<\/td>\n<\/tr>\n<tr style=\"height: 62px\">\n<td style=\"width: 102.706%;height: 62px\" colspan=\"2\">\n<ul>\n<li>\u00a0Amplia\u00e7\u00e3o de publica\u00e7\u00f5es qualificadas tanto de docentes como de discentes, com\u00a0 artigos em peri\u00f3dicos, trabalhos em Anais de Congressos Internacionais, cap\u00edtulos de livros de importantes colet\u00e2neas (nacional e estrangeira).<\/li>\n<\/ul>\n<\/td>\n<\/tr>\n<tr style=\"height: 95px\">\n<td style=\"width: 102.706%;height: 95px;background-color: #e8ccae\" colspan=\"2\">\n<h2 style=\"text-align: center\">Diretrizes para o Planejamento Quadrienal (2021-2024)<\/h2>\n<\/td>\n<\/tr>\n<\/tbody>\n<\/table>\n<table style=\"border-collapse: collapse;width: 100%;height: 350px\">\n<tbody>\n<tr style=\"height: 23px\">\n<td style=\"width: 33.3333%;text-align: center;background-color: #ededed;height: 23px\"><strong>METAS DE CURTO PRAZO<\/strong><\/td>\n<td style=\"width: 33.3333%;text-align: center;background-color: #ededed;height: 23px\"><strong>METAS DE M\u00c9DIO PRAZO<\/strong><\/td>\n<td style=\"width: 33.3333%;text-align: center;background-color: #ededed;height: 23px\"><strong>METAS DE LONGO PRAZO<\/strong><\/td>\n<\/tr>\n<tr style=\"height: 327px\">\n<td style=\"width: 33.3333%;height: 327px\">\n<ol>\n<li>Ampliar o conceito do curso na avalia\u00e7\u00e3o realizada pela CAPES de 3 para no m\u00ednimo 4 tendo em vista o crescimento do Programa em todos os itens constantes da Ficha de Avalia\u00e7\u00e3o.<\/li>\n<\/ol>\n<\/td>\n<td style=\"width: 33.3333%;height: 327px\">\n<ol>\n<li style=\"text-align: justify\">Fomentar a participa\u00e7\u00e3o de docentes e discentes em novos interc\u00e2mbios com institui\u00e7\u00f5es universit\u00e1rias do pa\u00eds e do exterior;<\/li>\n<li style=\"text-align: justify\">Ampliar o n\u00famero de publica\u00e7\u00f5es de docentes e discentes em revistas de alto impacto nacional e internacional;<\/li>\n<li style=\"text-align: justify\">Ampliar o desenvolvimento de projetos de extens\u00e3o protagonizados por discentes e docentes do Programa.<\/li>\n<\/ol>\n<\/td>\n<td style=\"width: 33.3333%;height: 327px\">\n<ol>\n<li style=\"text-align: justify\">Ampliar e consolidar a internacionaliza\u00e7\u00e3o do Programa;<\/li>\n<li style=\"text-align: justify\">Ampliar o n\u00famero de docentes com p\u00f3s-doutorado, visando atingir a integralidade do corpo docente nos pr\u00f3ximos anos;<\/li>\n<li style=\"text-align: justify\">Fortalecer a inser\u00e7\u00e3o social do Programa.<\/li>\n<\/ol>\n<\/td>\n<\/tr>\n<\/tbody>\n<\/table>\n<p>\u00a0<\/p>\n","protected":false},"excerpt":{"rendered":"<p>\u00a0 \u00a0 PLANEJAMENTO ESTRAT\u00c9GICO DO PROGRAMA 2021-2024\u00a0 \u00a0 \u00a0 \u00a0 \u00a0Em raz\u00e3o das modifica\u00e7\u00f5es ocorridas no Sistema Nacional de P\u00f3s-Gradua\u00e7\u00e3o (SNPG), sobretudo no que se refere a necessidade de implanta\u00e7\u00e3o de processo de autoavalia\u00e7\u00e3o nos Programas, o PPGPC\/UFSM realizou uma s\u00e9rie de reuni\u00f5es ao longo dos anos de 2019 e 2020, conforme documentos anexados na [&hellip;]<\/p>\n","protected":false},"author":905,"featured_media":0,"parent":0,"menu_order":0,"comment_status":"closed","ping_status":"closed","template":"","meta":{"footnotes":""},"categories":[],"tags":[],"class_list":["post-1423","page","type-page","status-publish","hentry"],"acf":[],"_links":{"self":[{"href":"https:\/\/www.ufsm.br\/cursos\/pos-graduacao\/santa-maria\/ppgpc\/wp-json\/wp\/v2\/pages\/1423","targetHints":{"allow":["GET"]}}],"collection":[{"href":"https:\/\/www.ufsm.br\/cursos\/pos-graduacao\/santa-maria\/ppgpc\/wp-json\/wp\/v2\/pages"}],"about":[{"href":"https:\/\/www.ufsm.br\/cursos\/pos-graduacao\/santa-maria\/ppgpc\/wp-json\/wp\/v2\/types\/page"}],"author":[{"embeddable":true,"href":"https:\/\/www.ufsm.br\/cursos\/pos-graduacao\/santa-maria\/ppgpc\/wp-json\/wp\/v2\/users\/905"}],"replies":[{"embeddable":true,"href":"https:\/\/www.ufsm.br\/cursos\/pos-graduacao\/santa-maria\/ppgpc\/wp-json\/wp\/v2\/comments?post=1423"}],"version-history":[{"count":0,"href":"https:\/\/www.ufsm.br\/cursos\/pos-graduacao\/santa-maria\/ppgpc\/wp-json\/wp\/v2\/pages\/1423\/revisions"}],"wp:attachment":[{"href":"https:\/\/www.ufsm.br\/cursos\/pos-graduacao\/santa-maria\/ppgpc\/wp-json\/wp\/v2\/media?parent=1423"}],"wp:term":[{"taxonomy":"category","embeddable":true,"href":"https:\/\/www.ufsm.br\/cursos\/pos-graduacao\/santa-maria\/ppgpc\/wp-json\/wp\/v2\/categories?post=1423"},{"taxonomy":"post_tag","embeddable":true,"href":"https:\/\/www.ufsm.br\/cursos\/pos-graduacao\/santa-maria\/ppgpc\/wp-json\/wp\/v2\/tags?post=1423"}],"curies":[{"name":"wp","href":"https:\/\/api.w.org\/{rel}","templated":true}]}}