{"id":1431,"date":"2024-07-29T08:41:08","date_gmt":"2024-07-29T11:41:08","guid":{"rendered":"https:\/\/www.ufsm.br\/cursos\/pos-graduacao\/santa-maria\/ppgpc\/?page_id=1431"},"modified":"2025-04-29T22:14:07","modified_gmt":"2025-04-30T01:14:07","slug":"missao-e-valores-do-ppgpc","status":"publish","type":"page","link":"https:\/\/www.ufsm.br\/cursos\/pos-graduacao\/santa-maria\/ppgpc\/missao-e-valores-do-ppgpc","title":{"rendered":"Miss\u00e3o, Vis\u00e3o, Valores e Objetivos do PPGPC"},"content":{"rendered":"\n<p>\u00a0<\/p>\n<p>\u00a0<\/p>\n<table style=\"height: 686px;width: 100%;border-collapse: collapse;border-style: solid;border-color: #0a0101;background-color: #ffffff\">\n<tbody>\n<tr style=\"height: 168px\">\n<td style=\"width: 13.5563%;border-style: solid;border-color: #0f0101;height: 168px;background-color: #ededed\"><img decoding=\"async\" class=\"wp-image-1454 size-thumbnail aligncenter\" src=\"https:\/\/www.ufsm.br\/app\/uploads\/sites\/561\/2024\/09\/PPGPC_-_Fundo-Transparente-1-150x150.png\" alt=\"\" width=\"150\" height=\"150\" srcset=\"https:\/\/www.ufsm.br\/app\/uploads\/sites\/561\/2024\/09\/PPGPC_-_Fundo-Transparente-1-150x150.png 150w, https:\/\/www.ufsm.br\/app\/uploads\/sites\/561\/2024\/09\/PPGPC_-_Fundo-Transparente-1-300x300.png 300w, https:\/\/www.ufsm.br\/app\/uploads\/sites\/561\/2024\/09\/PPGPC_-_Fundo-Transparente-1.png 500w\" sizes=\"(max-width: 150px) 100vw, 150px\" \/><\/td>\n<td style=\"width: 86.4437%;border-style: solid;border-color: #0f0101;height: 168px;background-color: #ededed\">\n<h2 style=\"text-align: center\">PROGRAMA DE P\u00d3S-GRADUA\u00c7\u00c3O EM PATRIM\u00d4NIO CULTURAL\u00a0<\/h2>\n<\/td>\n<\/tr>\n<tr style=\"height: 133px\">\n<td style=\"width: 13.5563%;border-style: solid;border-color: #0a0101;height: 133px;background-color: #e8ccae;text-align: center\">\n<h2>MISS\u00c3O<\/h2>\n<\/td>\n<td style=\"width: 86.4437%;border-style: solid;border-color: #0a0101;background-color: #fcfcfc;height: 133px\">\n<p style=\"text-align: justify\"><span style=\"font-weight: 400\">\u00a0 \u00a0Promover a qualifica\u00e7\u00e3o profissional por meio da p\u00f3s-gradua\u00e7\u00e3o, com forma\u00e7\u00e3o interdisciplinar em Patrim\u00f4nio Cultural, com n\u00edvel de excel\u00eancia em projetos e seus resultados, que incentivam a consci\u00eancia de conserva\u00e7\u00e3o, preserva\u00e7\u00e3o e inova\u00e7\u00e3o, difundindo e construindo conhecimentos qualificados e contribuindo na constru\u00e7\u00e3o da representa\u00e7\u00e3o hist\u00f3rica e identit\u00e1ria na sociedade e no seu desenvolvimento sustent\u00e1vel e humanit\u00e1rio<\/span><\/p>\n<\/td>\n<\/tr>\n<tr style=\"height: 79px\">\n<td style=\"width: 13.5563%;border-style: solid;border-color: #0a0101;height: 79px;background-color: #e8ccae;text-align: center\">\n<h2>VIS\u00c3O<\/h2>\n<\/td>\n<td style=\"width: 86.4437%;border-style: solid;border-color: #0a0101;text-align: justify;height: 79px;background-color: #ededed\">\n<p>\u00a0 \u00a0 <span style=\"font-weight: 400\">O Programa de P\u00f3s-Gradua\u00e7\u00e3o em Patrim\u00f4nio Cultural, UFSM, \u00c1rea Interdisciplinar, pretende ser reconhecido como um programa de refer\u00eancia com a capacita\u00e7\u00e3o de profissionais qualificados e engajados na preserva\u00e7\u00e3o do patrim\u00f4nio, com projetos e produtos que beneficiem\u00a0 a comunidade em geral, a \u00e1rea profissional e a ci\u00eancia<\/span><i><span style=\"font-weight: 400\">,<\/span><\/i><span style=\"font-weight: 400\"> gerando impacto social, econ\u00f4mico, cultural, ambiental, educacional.<\/span><\/p>\n<\/td>\n<\/tr>\n<tr style=\"height: 133px\">\n<td style=\"width: 13.5563%;border-style: solid;border-color: #0a0101;height: 133px;background-color: #e8ccae;text-align: center\">\n<h2>VALORES<\/h2>\n<\/td>\n<td style=\"width: 86.4437%;border-style: solid;border-color: #0a0101;background-color: #ffffff;height: 133px\">\n<p><strong>\u00a0 \u00a0 \u00a0 O PPG em\u00a0 Patrim\u00f4nio Cultural, UFSM, norteia-se por valores como:<\/strong><\/p>\n<ul>\n<li style=\"text-align: justify\"><b>Preservacionismo, <\/b><span style=\"font-weight: 400\">zelar e atuar pela preserva\u00e7\u00e3o, valoriza\u00e7\u00e3o e manuten\u00e7\u00e3o do patrim\u00f4nio cultural, natural, material e imaterial\u00a0 da sociedade local, regional, nacional e internacional;<\/span><\/li>\n<li style=\"text-align: justify\"><b>\u00c9tica<\/b><span style=\"font-weight: 400\"> humanit\u00e1ria, cidad\u00e3 e profissional;<\/span><\/li>\n<li style=\"text-align: justify\"><strong>Humanismo<\/strong>, alicer\u00e7ado em uma forma\u00e7\u00e3o de excel\u00eancia, encontra na educa\u00e7\u00e3o patrimonial um instrumento fundamental de pol\u00edtica p\u00fablica voltada \u00e0 preserva\u00e7\u00e3o do patrim\u00f4nio cultural. Tal abordagem promove uma reconfigura\u00e7\u00e3o estrutural da sociedade, \u00e0 medida que esta passa a reconhecer o patrim\u00f4nio cultural como um vetor estrat\u00e9gico para a amplia\u00e7\u00e3o de sua atua\u00e7\u00e3o social e para o fortalecimento de suas compet\u00eancias cient\u00edficas e profissionais;<\/li>\n<li style=\"text-align: justify\"><b>Inclus\u00e3o e engajamento social<\/b><span style=\"font-weight: 400\"> comprometidos\u00a0 com a demanda e a necessidade de qualifica\u00e7\u00e3o, arregimentando discentes e docentes do <\/span><span style=\"font-weight: 400\">PPGPC<\/span><span style=\"font-weight: 400\"> na resolu\u00e7\u00e3o de problemas, proposi\u00e7\u00e3o de mudan\u00e7as e transforma\u00e7\u00e3o que gerem impacto sens\u00edvel e percept\u00edvel na coletividade;<\/span><\/li>\n<li style=\"text-align: justify\"><b>Respeito \u00e0s diferen\u00e7as <\/b><span style=\"font-weight: 400\">\u00e9tnicas\/culturais, de g\u00eanero, de orienta\u00e7\u00e3o sexual,\u00a0 de opini\u00e3o<\/span> <span style=\"font-weight: 400\">e ideologias, de classe social; ado\u00e7\u00e3o de pol\u00edticas afirmativas e de g\u00eanero;<\/span><\/li>\n<li style=\"text-align: justify\"><b>Comprometimento <\/b><span style=\"font-weight: 400\">com a forma\u00e7\u00e3o de recursos humanos com excel\u00eancia na pr\u00e1tica da pesquisa cient\u00edfica e da profissional, na forma\u00e7\u00e3o human\u00edstica interdisciplinar, no desenvolvimento tecnol\u00f3gico comprometido socialmente, educacional e culturalmente;<\/span><\/li>\n<li style=\"text-align: justify\"><strong data-start=\"96\" data-end=\"844\">Atualiza\u00e7\u00e3o cont\u00ednua, <\/strong>fundamentada na interdisciplinaridade, visa implementar, apoiar e incentivar pr\u00e1ticas criativas, inovadoras e empreendedoras que estejam alinhadas com a realidade social, com a preserva\u00e7\u00e3o do patrim\u00f4nio cultural e com os princ\u00edpios do desenvolvimento sustent\u00e1vel. Nesse sentido, busca-se tamb\u00e9m a promo\u00e7\u00e3o do desenvolvimento cient\u00edfico, tecnol\u00f3gico, human\u00edstico, social, cultural e ambiental do pa\u00eds, por meio do fortalecimento das rela\u00e7\u00f5es com os diversos setores da sociedade. Destacam-se, nesse contexto, as contribui\u00e7\u00f5es para o estabelecimento e a consolida\u00e7\u00e3o de pol\u00edticas p\u00fablicas, com especial aten\u00e7\u00e3o \u00e0 educa\u00e7\u00e3o b\u00e1sica, ao setor empresarial, a institui\u00e7\u00f5es do terceiro setor, entre outros segmentos estrat\u00e9gicos;<\/li>\n<li style=\"text-align: justify\"><b>Preceitos democr\u00e1ticos <\/b><span style=\"font-weight: 400\">alicer\u00e7ados no respeito aos direitos fundamentais. Reconhecer o papel social que deve ser desempenhado pela academia, sobretudo pela universidade p\u00fablica, gratuita e de qualidade, comprometida com o respeito \u00e0 identidade, diversidade e com forte compromisso social<\/span><\/li>\n<\/ul>\n<\/td>\n<\/tr>\n<tr style=\"height: 197px\">\n<td style=\"width: 13.5563%;border-style: solid;border-color: #0a0101;height: 173px;background-color: #e8ccae;text-align: center\">\n<h2>OBJETIVOS<\/h2>\n<h1>\u00a0<\/h1>\n<\/td>\n<td style=\"width: 86.4437%;border-style: solid;border-color: #0a0101;height: 173px;background-color: #ededed\">\n<ul>\n<li><span style=\"font-weight: 400\">Forma\u00e7\u00e3o e atualiza\u00e7\u00e3o qualificada e interdisciplinar de profissionais de diversas \u00e1reas do conhecimento que atuam direta ou indiretamente no campo do Patrim\u00f4nio Cultural, visando o aprimoramento da excel\u00eancia profissional.\u00a0<\/span><\/li>\n<li><span style=\"font-weight: 400\">O mestre em Patrim\u00f4nio Cultural dever\u00e1 estar qualificado para exercer uma pr\u00e1tica profissional transformadora, criativa e inovadora, atendendo \u00e0s demandas da sociedade por meio da constru\u00e7\u00e3o e compartilhamento de conhecimento.<\/span><\/li>\n<li><span style=\"font-weight: 400\">Ainda, dever\u00e1 contribuir para o desenvolvimento local, regional, nacional e internacional, promovendo melhorias em organiza\u00e7\u00f5es, entidades, institui\u00e7\u00f5es p\u00fablicas e privadas, na rede escolar e em pol\u00edticas p\u00fablicas, al\u00e9m de ampliar o mercado de trabalho.<\/span><\/li>\n<\/ul>\n<\/td>\n<\/tr>\n<\/tbody>\n<\/table>\n<p>\u00a0<\/p>\n","protected":false},"excerpt":{"rendered":"<p>\u00a0 \u00a0 PROGRAMA DE P\u00d3S-GRADUA\u00c7\u00c3O EM PATRIM\u00d4NIO CULTURAL\u00a0 MISS\u00c3O \u00a0 \u00a0Promover a qualifica\u00e7\u00e3o profissional por meio da p\u00f3s-gradua\u00e7\u00e3o, com forma\u00e7\u00e3o interdisciplinar em Patrim\u00f4nio Cultural, com n\u00edvel de excel\u00eancia em projetos e seus resultados, que incentivam a consci\u00eancia de conserva\u00e7\u00e3o, preserva\u00e7\u00e3o e inova\u00e7\u00e3o, difundindo e construindo conhecimentos qualificados e contribuindo na constru\u00e7\u00e3o da representa\u00e7\u00e3o hist\u00f3rica e [&hellip;]<\/p>\n","protected":false},"author":905,"featured_media":0,"parent":0,"menu_order":0,"comment_status":"closed","ping_status":"closed","template":"","meta":{"footnotes":""},"categories":[],"tags":[],"class_list":["post-1431","page","type-page","status-publish","hentry"],"acf":[],"_links":{"self":[{"href":"https:\/\/www.ufsm.br\/cursos\/pos-graduacao\/santa-maria\/ppgpc\/wp-json\/wp\/v2\/pages\/1431","targetHints":{"allow":["GET"]}}],"collection":[{"href":"https:\/\/www.ufsm.br\/cursos\/pos-graduacao\/santa-maria\/ppgpc\/wp-json\/wp\/v2\/pages"}],"about":[{"href":"https:\/\/www.ufsm.br\/cursos\/pos-graduacao\/santa-maria\/ppgpc\/wp-json\/wp\/v2\/types\/page"}],"author":[{"embeddable":true,"href":"https:\/\/www.ufsm.br\/cursos\/pos-graduacao\/santa-maria\/ppgpc\/wp-json\/wp\/v2\/users\/905"}],"replies":[{"embeddable":true,"href":"https:\/\/www.ufsm.br\/cursos\/pos-graduacao\/santa-maria\/ppgpc\/wp-json\/wp\/v2\/comments?post=1431"}],"version-history":[{"count":0,"href":"https:\/\/www.ufsm.br\/cursos\/pos-graduacao\/santa-maria\/ppgpc\/wp-json\/wp\/v2\/pages\/1431\/revisions"}],"wp:attachment":[{"href":"https:\/\/www.ufsm.br\/cursos\/pos-graduacao\/santa-maria\/ppgpc\/wp-json\/wp\/v2\/media?parent=1431"}],"wp:term":[{"taxonomy":"category","embeddable":true,"href":"https:\/\/www.ufsm.br\/cursos\/pos-graduacao\/santa-maria\/ppgpc\/wp-json\/wp\/v2\/categories?post=1431"},{"taxonomy":"post_tag","embeddable":true,"href":"https:\/\/www.ufsm.br\/cursos\/pos-graduacao\/santa-maria\/ppgpc\/wp-json\/wp\/v2\/tags?post=1431"}],"curies":[{"name":"wp","href":"https:\/\/api.w.org\/{rel}","templated":true}]}}