{"id":160,"date":"2019-01-24T12:47:56","date_gmt":"2019-01-24T14:47:56","guid":{"rendered":"https:\/\/www.ufsm.br\/cursos\/pos-graduacao\/santa-maria\/ppgppc\/?page_id=160"},"modified":"2025-05-13T14:19:24","modified_gmt":"2025-05-13T17:19:24","slug":"linhas-de-pesquisa","status":"publish","type":"page","link":"https:\/\/www.ufsm.br\/cursos\/pos-graduacao\/santa-maria\/ppgpc\/linhas-de-pesquisa","title":{"rendered":"Linhas de pesquisa"},"content":{"rendered":"\n<p>Atualmente, existem duas \u00e1reas tem\u00e1ticas e quatro linhas de pesquisa no PPGPC:<\/p>\n<p>\u00a0<\/p>\n<h4><strong>Arquitetura e Patrim\u00f4nio Material (\u00c1rea de concentra\u00e7\u00e3o)<\/strong><\/h4>\n<p>\u00a0<\/p>\n<p style=\"text-align: justify\">\u00a0 \u00a0 \u00a0 \u00a0 \u00a0 \u00a0 A Linha de Pesquisa <em><u>Arqueologia e Paleontologia<\/u><\/em>\u00a0aborda a pesquisa, curadoria, divulga\u00e7\u00e3o e atividades de conscientiza\u00e7\u00e3o para preserva\u00e7\u00e3o de elementos pr\u00e9-hist\u00f3ricos e hist\u00f3ricos, ligados ao Patrim\u00f4nio Arqueol\u00f3gico e Paleontol\u00f3gico. A regi\u00e3o central do Rio Grande do Sul apresenta rico patrim\u00f4nio f\u00f3ssil, referente ao per\u00edodo Tri\u00e1ssico (entre 250 e 200 milh\u00f5es de anos atr\u00e1s), como vertebrados, invertebrados e plantas de relev\u00e2ncia internacional. De igual forma, os s\u00edtios arqueol\u00f3gicos e artefatos neles encontrados s\u00e3o registro de modifica\u00e7\u00f5es antr\u00f3picas desde a ocupa\u00e7\u00e3o sul americana at\u00e9 a delimita\u00e7\u00e3o das atuais fronteiras.<\/p>\n<p style=\"text-align: justify\">\u00a0\u00a0\u00a0\u00a0\u00a0\u00a0\u00a0\u00a0\u00a0\u00a0\u00a0 A Linha de Pesquisa\u00a0<em><u>Preserva\u00e7\u00e3o e Patrim\u00f4nio Material<\/u><\/em>\u00a0aborda a quest\u00e3o do Patrim\u00f4nio Arquitet\u00f4nico onde s\u00e3o desenvolvidos Invent\u00e1rios para preserva\u00e7\u00e3o de edifica\u00e7\u00f5es com import\u00e2ncia para as v\u00e1rias cidades do Rio Grande do Sul, podendo-se citar Cruz Alta, Iju\u00ed, Santa Maria, Tupanciret\u00e3, Lajeado, entre outras, al\u00e9m do desenvolvimento de Projetos para Restaura\u00e7\u00e3o de Edifica\u00e7\u00f5es Hist\u00f3ricas, incluindo Patrim\u00f4nio Moderno. Al\u00e9m disso, atrav\u00e9s das Edifica\u00e7\u00f5es de import\u00e2ncia hist\u00f3rica s\u00e3o poss\u00edveis propor, em conjunto com a \u00e1rea de Turismo, rotas tur\u00edsticas para visita\u00e7\u00e3o. Tamb\u00e9m t\u00eam sido desenvolvidos estudos com rela\u00e7\u00e3o ao Marketing Cultural, visando capta\u00e7\u00e3o de investimentos para fomentar o Patrim\u00f4nio.<\/p>\n<p>\u00a0<\/p>\n<h4><strong>Hist\u00f3ria e Patrim\u00f4nio Cultural (\u00c1rea de concentra\u00e7\u00e3o)<\/strong><\/h4>\n<p>\u00a0<\/p>\n<p style=\"text-align: justify\">\u00a0 \u00a0 \u00a0 \u00a0 \u00a0 \u00a0 Na Linha de Pesquisa <em><u>Hist\u00f3ria e Patrim\u00f4nio Cultural<\/u><\/em>\u00a0incluem-se a investiga\u00e7\u00e3o, a produ\u00e7\u00e3o de conhecimento e a promo\u00e7\u00e3o de a\u00e7\u00f5es que viabilizem estudos\u00a0 acerca da hist\u00f3ria e do patrim\u00f4nio cultural, material e imaterial. O ser humano, na condi\u00e7\u00e3o de agente hist\u00f3rico produz, seleciona, escolhe e arbitra os elementos que o representam em grupos, etnias, sociedades, ambientes, que s\u00e3o escolhidos para criar, legitimar, identificar ou refor\u00e7ar culturas, materializando-se atrav\u00e9s da elei\u00e7\u00e3o dos patrim\u00f4nios culturais e ambientais. Da mesma forma, estes bens eleitos, tomados como patrim\u00f4nio, s\u00e3o dotados de materialidade, e seu estudo pode ser realizado pela vertente da cultura material e imaterial, dos m\u00e9todos e t\u00e9cnicas da arqueologia, da expografia em museus e institui\u00e7\u00f5es de mem\u00f3ria e educa\u00e7\u00e3o, da teoria e ensino da hist\u00f3ria, da fenomenologia da mem\u00f3ria, das t\u00e9cnicas de conserva\u00e7\u00e3o e restauro em acervos e obras, da produ\u00e7\u00e3o de materiais midi\u00e1ticos e did\u00e1ticos voltados para a educa\u00e7\u00e3o, divulga\u00e7\u00e3o, preserva\u00e7\u00e3o, de pol\u00edticas e da gest\u00e3o, entre outras possibilidades. Nesse sentido, propiciar\u00a0 estudos\/a\u00e7\u00f5es de reconhecimento, constitui\u00e7\u00e3o e preserva\u00e7\u00e3o deste patrim\u00f4nio cultural, a\u00e7\u00f5es vinculadas a gest\u00e3o p\u00fablica ou privada, a a\u00e7\u00f5es de educa\u00e7\u00e3o e de desenvolvimento integrado com a ci\u00eancia, a tecnologia e as humanidades.<\/p>\n<p style=\"text-align: justify\">\u00a0 \u00a0 \u00a0 \u00a0 \u00a0 \u00a0 A Linha de Pesquisa <em><u>Patrim\u00f4nio Documental<\/u><\/em>\u00a0pesquisa documentos e arquivos nos seus suportes anal\u00f3gico e digital, como parte integrante do Patrim\u00f4nio Cultural e Hist\u00f3rico, as suas formas de constitui\u00e7\u00e3o, identifica\u00e7\u00e3o\/representa\u00e7\u00e3o e gest\u00e3o documental dos acervos arquiv\u00edsticos, nas esferas p\u00fablico e privada. Estuda os acervos documentais arquiv\u00edsticos como elementos representativos da mem\u00f3ria, identidade e hist\u00f3ria de uma sociedade e o desenvolvimento de pol\u00edticas que garantam o acesso, a preserva\u00e7\u00e3o e difus\u00e3o do patrim\u00f4nio documental. Investiga o patrim\u00f4nio documental arquiv\u00edstico e o acesso \u00e0 informa\u00e7\u00e3o como um direito fundamental da humanidade.<\/p>\n","protected":false},"excerpt":{"rendered":"<p>Atualmente, existem duas \u00e1reas tem\u00e1ticas e quatro linhas de pesquisa no PPGPC: \u00a0 Arquitetura e Patrim\u00f4nio Material (\u00c1rea de concentra\u00e7\u00e3o) \u00a0 \u00a0 \u00a0 \u00a0 \u00a0 \u00a0 \u00a0 A Linha de Pesquisa Arqueologia e Paleontologia\u00a0aborda a pesquisa, curadoria, divulga\u00e7\u00e3o e atividades de conscientiza\u00e7\u00e3o para preserva\u00e7\u00e3o de elementos pr\u00e9-hist\u00f3ricos e hist\u00f3ricos, ligados ao Patrim\u00f4nio Arqueol\u00f3gico e Paleontol\u00f3gico. [&hellip;]<\/p>\n","protected":false},"author":194,"featured_media":0,"parent":0,"menu_order":0,"comment_status":"closed","ping_status":"closed","template":"","meta":{"footnotes":""},"categories":[],"tags":[],"class_list":["post-160","page","type-page","status-publish","hentry"],"acf":[],"_links":{"self":[{"href":"https:\/\/www.ufsm.br\/cursos\/pos-graduacao\/santa-maria\/ppgpc\/wp-json\/wp\/v2\/pages\/160","targetHints":{"allow":["GET"]}}],"collection":[{"href":"https:\/\/www.ufsm.br\/cursos\/pos-graduacao\/santa-maria\/ppgpc\/wp-json\/wp\/v2\/pages"}],"about":[{"href":"https:\/\/www.ufsm.br\/cursos\/pos-graduacao\/santa-maria\/ppgpc\/wp-json\/wp\/v2\/types\/page"}],"author":[{"embeddable":true,"href":"https:\/\/www.ufsm.br\/cursos\/pos-graduacao\/santa-maria\/ppgpc\/wp-json\/wp\/v2\/users\/194"}],"replies":[{"embeddable":true,"href":"https:\/\/www.ufsm.br\/cursos\/pos-graduacao\/santa-maria\/ppgpc\/wp-json\/wp\/v2\/comments?post=160"}],"version-history":[{"count":0,"href":"https:\/\/www.ufsm.br\/cursos\/pos-graduacao\/santa-maria\/ppgpc\/wp-json\/wp\/v2\/pages\/160\/revisions"}],"wp:attachment":[{"href":"https:\/\/www.ufsm.br\/cursos\/pos-graduacao\/santa-maria\/ppgpc\/wp-json\/wp\/v2\/media?parent=160"}],"wp:term":[{"taxonomy":"category","embeddable":true,"href":"https:\/\/www.ufsm.br\/cursos\/pos-graduacao\/santa-maria\/ppgpc\/wp-json\/wp\/v2\/categories?post=160"},{"taxonomy":"post_tag","embeddable":true,"href":"https:\/\/www.ufsm.br\/cursos\/pos-graduacao\/santa-maria\/ppgpc\/wp-json\/wp\/v2\/tags?post=160"}],"curies":[{"name":"wp","href":"https:\/\/api.w.org\/{rel}","templated":true}]}}