{"id":190,"date":"2019-01-24T13:20:47","date_gmt":"2019-01-24T15:20:47","guid":{"rendered":"https:\/\/www.ufsm.br\/cursos\/pos-graduacao\/santa-maria\/ppgppc\/?page_id=190"},"modified":"2022-07-20T11:00:00","modified_gmt":"2022-07-20T14:00:00","slug":"matricula","status":"publish","type":"page","link":"https:\/\/www.ufsm.br\/cursos\/pos-graduacao\/santa-maria\/ppgpc\/matricula","title":{"rendered":"Matr\u00edcula"},"content":{"rendered":"\n<p>\u00a0<\/p>\n<p>\u00a0 \u00a0\u00a0 \u00a0\u00a0 \u00a0<a href=\"https:\/\/www.ufsm.br\/cursos\/pos-graduacao\/santa-maria\/ppgpc\/wp-content\/uploads\/sites\/561\/2019\/07\/Sequencia-aconselhada.pdf\">Consulte aqui a sequencia aconselhada ANTES de se matricular!<\/a><\/p>\n<p style=\"text-align: justify\">\u00a0 \u00a0 \u00a0 \u00a0A matr\u00edcula \u00e9 realizada pelo pr\u00f3prio aluno, no <a href=\"https:\/\/portal.ufsm.br\/aluno\/\">Portal do Aluno UFSM<\/a>, de forma online, de acordo com o\u00a0<a href=\"https:\/\/www.ufsm.br\/calendario\/\">calend\u00e1rio acad\u00eamico da UFSM<\/a>. Conforme o tutorial\u00a0 (<a href=\"https:\/\/ntetube.nte.ufsm.br\/v\/1558984169\" target=\"_blank\" rel=\"noopener noreferrer\">clique aqui para visualizar<\/a>)<\/p>\n<p style=\"text-align: justify\">\u00a0 \u00a0 \u00a0 \u00a0 Durante o per\u00edodo determinado pelo <a href=\"https:\/\/www.ufsm.br\/calendario\/\">calend\u00e1rio acad\u00eamico da UFSM<\/a> como per\u00edodo de ajustes presenciais, havendo a necessidade de inclus\u00e3o ou exclus\u00e3o de disciplinas,\u00a0o aluno\u00a0dever\u00e1\u00a0comparecer\u00a0presencialmente \u00e0 Secretaria Integrada SIPOS pr\u00e9dio 74 A sala 2314,\u00a0com o formul\u00e1rio (<a href=\"https:\/\/www.ufsm.br\/app\/uploads\/sites\/561\/2022\/07\/Ajuste_de_Matricula.doc\">Ajuste_de_Matricula<\/a>) preenchido e assinado.<\/p>\n<p>\u00a0<\/p>\n","protected":false},"excerpt":{"rendered":"<p>\u00a0 \u00a0 \u00a0\u00a0 \u00a0\u00a0 \u00a0Consulte aqui a sequencia aconselhada ANTES de se matricular! \u00a0 \u00a0 \u00a0 \u00a0A matr\u00edcula \u00e9 realizada pelo pr\u00f3prio aluno, no Portal do Aluno UFSM, de forma online, de acordo com o\u00a0calend\u00e1rio acad\u00eamico da UFSM. Conforme o tutorial\u00a0 (clique aqui para visualizar) \u00a0 \u00a0 \u00a0 \u00a0 Durante o per\u00edodo determinado pelo calend\u00e1rio [&hellip;]<\/p>\n","protected":false},"author":194,"featured_media":0,"parent":0,"menu_order":0,"comment_status":"closed","ping_status":"closed","template":"","meta":{"footnotes":""},"categories":[],"tags":[],"class_list":["post-190","page","type-page","status-publish","hentry"],"acf":[],"_links":{"self":[{"href":"https:\/\/www.ufsm.br\/cursos\/pos-graduacao\/santa-maria\/ppgpc\/wp-json\/wp\/v2\/pages\/190","targetHints":{"allow":["GET"]}}],"collection":[{"href":"https:\/\/www.ufsm.br\/cursos\/pos-graduacao\/santa-maria\/ppgpc\/wp-json\/wp\/v2\/pages"}],"about":[{"href":"https:\/\/www.ufsm.br\/cursos\/pos-graduacao\/santa-maria\/ppgpc\/wp-json\/wp\/v2\/types\/page"}],"author":[{"embeddable":true,"href":"https:\/\/www.ufsm.br\/cursos\/pos-graduacao\/santa-maria\/ppgpc\/wp-json\/wp\/v2\/users\/194"}],"replies":[{"embeddable":true,"href":"https:\/\/www.ufsm.br\/cursos\/pos-graduacao\/santa-maria\/ppgpc\/wp-json\/wp\/v2\/comments?post=190"}],"version-history":[{"count":0,"href":"https:\/\/www.ufsm.br\/cursos\/pos-graduacao\/santa-maria\/ppgpc\/wp-json\/wp\/v2\/pages\/190\/revisions"}],"wp:attachment":[{"href":"https:\/\/www.ufsm.br\/cursos\/pos-graduacao\/santa-maria\/ppgpc\/wp-json\/wp\/v2\/media?parent=190"}],"wp:term":[{"taxonomy":"category","embeddable":true,"href":"https:\/\/www.ufsm.br\/cursos\/pos-graduacao\/santa-maria\/ppgpc\/wp-json\/wp\/v2\/categories?post=190"},{"taxonomy":"post_tag","embeddable":true,"href":"https:\/\/www.ufsm.br\/cursos\/pos-graduacao\/santa-maria\/ppgpc\/wp-json\/wp\/v2\/tags?post=190"}],"curies":[{"name":"wp","href":"https:\/\/api.w.org\/{rel}","templated":true}]}}