{"id":1952,"date":"2025-05-12T17:08:18","date_gmt":"2025-05-12T20:08:18","guid":{"rendered":"https:\/\/www.ufsm.br\/cursos\/pos-graduacao\/santa-maria\/ppgpc\/?page_id=1952"},"modified":"2025-05-13T11:19:00","modified_gmt":"2025-05-13T14:19:00","slug":"andre-luis-ramos-soares","status":"publish","type":"page","link":"https:\/\/www.ufsm.br\/cursos\/pos-graduacao\/santa-maria\/ppgpc\/andre-luis-ramos-soares","title":{"rendered":"Andr\u00e9 Luis Ramos Soares"},"content":{"rendered":"\n\n\n<div style=\"width: 100%;max-width: 1200px;margin: 40px auto;padding: 30px;background: #f0f8ff;border-left: 6px solid #0073aa;border-radius: 12px;font-family: 'Arial', sans-serif;color: #333\">\n<div style=\"flex-wrap: wrap;align-items: flex-start;gap: 30px\"><!-- Foto -->\n<div style=\"flex: 1 1 250px;max-width: 280px\"><img fetchpriority=\"high\" decoding=\"async\" class=\"size-medium wp-image-1953 alignleft\" src=\"https:\/\/www.ufsm.br\/app\/uploads\/sites\/561\/2025\/05\/servletrecuperafoto-200x300.jpg\" alt=\"\" width=\"200\" height=\"300\" srcset=\"https:\/\/www.ufsm.br\/app\/uploads\/sites\/561\/2025\/05\/servletrecuperafoto-200x300.jpg 200w, https:\/\/www.ufsm.br\/app\/uploads\/sites\/561\/2025\/05\/servletrecuperafoto-681x1024.jpg 681w, https:\/\/www.ufsm.br\/app\/uploads\/sites\/561\/2025\/05\/servletrecuperafoto-768x1155.jpg 768w, https:\/\/www.ufsm.br\/app\/uploads\/sites\/561\/2025\/05\/servletrecuperafoto-1021x1536.jpg 1021w, https:\/\/www.ufsm.br\/app\/uploads\/sites\/561\/2025\/05\/servletrecuperafoto.jpg 1064w\" sizes=\"(max-width: 200px) 100vw, 200px\" \/><\/div>\n<!-- Informa\u00e7\u00f5es -->\n<div style=\"flex: 3 1 700px\">\n<h2 style=\"margin-top: 0;color: #0073aa\">Prof. Dr. Andr\u00e9 Luis Ramos Soares<\/h2>\n<div style=\"margin-bottom: 20px\">\n<h5 style=\"color: #005f87;border-bottom: 2px solid #cceeff;padding-bottom: 5px\">Forma\u00e7\u00e3o Acad\u00eamica<\/h5>\n<p style=\"text-align: justify\">P\u00f3s-doutor em Antropologia Social, Universidade Federal do Mato Grosso do Sul (UFMS). Doutor em Arqueologia pela Universidade de S\u00e3o Paulo (MAE-USP). Mestre em Hist\u00f3ria, Pontif\u00edcia Universidade Cat\u00f3lica do Rio Grande do Sul (PUCRS). Graduado em Hist\u00f3ria, Universidade Federal do Rio Grande do Sul (UFRGS).<\/p>\n<\/div>\n<div>\n<h5 style=\"color: #005f87;border-bottom: 2px solid #cceeff;padding-bottom: 5px\">Atua\u00e7\u00e3o Profissional<\/h5>\n<p style=\"text-align: justify\">Professor Titular do Departamento de Hist\u00f3ria, Centro de Ci\u00eancias Sociais e Humanas, Universidade Federal de Santa Maria (CCSH-UFSM). Docente Permanente do Programa de P\u00f3s-Gradua\u00e7\u00e3o em Patrim\u00f4nio Cultural &#8211; Mestrado Profissional (PPGPC- UFSM). Coordenador do Laborat\u00f3rio de Arqueologia, Sociedades e Culturas das Am\u00e9ricas &#8211; LASCA (PRE-UFSM). Professor convidado do Mestrado em T\u00e9cnicas de Arqueologia (Mestrado Erasmus Mundus de Gest\u00e3o de Paisagens Culturais, Tomar, Portugal). Titular da c\u00e1tedra UNESCO-UFSM de Humanidades: Fronteiras e Migra\u00e7\u00f5es. Membro do Instituto de Geoci\u00eancias de Coimbra. <a href=\"https:\/\/ufsmpublica.ufsm.br\/docente\/13870\">UFSMPublica<\/a><\/p>\n<h5 style=\"color: #005f87;border-bottom: 2px solid #cceeff;padding-bottom: 5px\">Linha de Pesquisa<\/h5>\n<strong>Arqueologia e Paleontologia<\/strong><\/div>\n<\/div>\n<\/div>\n<\/div>\n","protected":false},"excerpt":{"rendered":"<p>Prof. Dr. Andr\u00e9 Luis Ramos Soares Forma\u00e7\u00e3o Acad\u00eamica P\u00f3s-doutor em Antropologia Social, Universidade Federal do Mato Grosso do Sul (UFMS). Doutor em Arqueologia pela Universidade de S\u00e3o Paulo (MAE-USP). Mestre em Hist\u00f3ria, Pontif\u00edcia Universidade Cat\u00f3lica do Rio Grande do Sul (PUCRS). Graduado em Hist\u00f3ria, Universidade Federal do Rio Grande do Sul (UFRGS). Atua\u00e7\u00e3o Profissional Professor [&hellip;]<\/p>\n","protected":false},"author":1706,"featured_media":0,"parent":0,"menu_order":0,"comment_status":"closed","ping_status":"closed","template":"","meta":{"footnotes":""},"categories":[],"tags":[],"class_list":["post-1952","page","type-page","status-publish","hentry"],"acf":[],"_links":{"self":[{"href":"https:\/\/www.ufsm.br\/cursos\/pos-graduacao\/santa-maria\/ppgpc\/wp-json\/wp\/v2\/pages\/1952","targetHints":{"allow":["GET"]}}],"collection":[{"href":"https:\/\/www.ufsm.br\/cursos\/pos-graduacao\/santa-maria\/ppgpc\/wp-json\/wp\/v2\/pages"}],"about":[{"href":"https:\/\/www.ufsm.br\/cursos\/pos-graduacao\/santa-maria\/ppgpc\/wp-json\/wp\/v2\/types\/page"}],"author":[{"embeddable":true,"href":"https:\/\/www.ufsm.br\/cursos\/pos-graduacao\/santa-maria\/ppgpc\/wp-json\/wp\/v2\/users\/1706"}],"replies":[{"embeddable":true,"href":"https:\/\/www.ufsm.br\/cursos\/pos-graduacao\/santa-maria\/ppgpc\/wp-json\/wp\/v2\/comments?post=1952"}],"version-history":[{"count":0,"href":"https:\/\/www.ufsm.br\/cursos\/pos-graduacao\/santa-maria\/ppgpc\/wp-json\/wp\/v2\/pages\/1952\/revisions"}],"wp:attachment":[{"href":"https:\/\/www.ufsm.br\/cursos\/pos-graduacao\/santa-maria\/ppgpc\/wp-json\/wp\/v2\/media?parent=1952"}],"wp:term":[{"taxonomy":"category","embeddable":true,"href":"https:\/\/www.ufsm.br\/cursos\/pos-graduacao\/santa-maria\/ppgpc\/wp-json\/wp\/v2\/categories?post=1952"},{"taxonomy":"post_tag","embeddable":true,"href":"https:\/\/www.ufsm.br\/cursos\/pos-graduacao\/santa-maria\/ppgpc\/wp-json\/wp\/v2\/tags?post=1952"}],"curies":[{"name":"wp","href":"https:\/\/api.w.org\/{rel}","templated":true}]}}