{"id":1957,"date":"2025-05-12T17:29:30","date_gmt":"2025-05-12T20:29:30","guid":{"rendered":"https:\/\/www.ufsm.br\/cursos\/pos-graduacao\/santa-maria\/ppgpc\/?page_id=1957"},"modified":"2025-05-13T11:21:46","modified_gmt":"2025-05-13T14:21:46","slug":"caroline-ciliane-ceretta","status":"publish","type":"page","link":"https:\/\/www.ufsm.br\/cursos\/pos-graduacao\/santa-maria\/ppgpc\/caroline-ciliane-ceretta","title":{"rendered":"Caroline Ciliane Ceretta"},"content":{"rendered":"\n<div style=\"width: 100%;max-width: 1200px;margin: 40px auto;padding: 30px;background: #f0f8ff;border-left: 6px solid #0073aa;border-radius: 12px;font-family: 'Arial', sans-serif;color: #333\">\n<div style=\"flex-wrap: wrap;align-items: flex-start;gap: 30px\"><!-- Foto --><img fetchpriority=\"high\" decoding=\"async\" class=\"size-medium wp-image-1958 alignleft\" src=\"https:\/\/www.ufsm.br\/app\/uploads\/sites\/561\/2025\/05\/servletrecuperafoto-2-225x300.jpg\" alt=\"\" width=\"225\" height=\"300\" srcset=\"https:\/\/www.ufsm.br\/app\/uploads\/sites\/561\/2025\/05\/servletrecuperafoto-2-225x300.jpg 225w, https:\/\/www.ufsm.br\/app\/uploads\/sites\/561\/2025\/05\/servletrecuperafoto-2.jpg 358w\" sizes=\"(max-width: 225px) 100vw, 225px\" \/><br \/><!-- Informa\u00e7\u00f5es -->\n<div style=\"flex: 3 1 700px\">\n<h2 style=\"margin-top: 0;color: #0073aa\">Prof.\u00aa Dr.\u00aa Caroline Ciliane Ceretta<\/h2>\n<div style=\"margin-bottom: 20px\">\n<h5 style=\"color: #005f87;border-bottom: 2px solid #cceeff;padding-bottom: 5px\">Forma\u00e7\u00e3o Acad\u00eamica<\/h5>\n<p style=\"text-align: justify\">Doutora em Extens\u00e3o Rural, Universidade Federal de Santa Maria (UFSM). Mestre em Turismo, Universidade de Caxias do Sul (UCS). Graduada em Turismo pela Universidade de Santa Cruz do Sul (UNICRUZ).<\/p>\n<\/div>\n<div>\n<h5 style=\"color: #005f87;border-bottom: 2px solid #cceeff;padding-bottom: 5px\">Atua\u00e7\u00e3o Profissional<\/h5>\n<p style=\"text-align: justify\">Professora adjunta do Departamento de Turismo, Centro de Ci\u00eancias Sociais e Humanas, Universidade Federal de Santa Maria (CCSH-UFSM). Docente Permanente do Programa de P\u00f3s-gradua\u00e7\u00e3o em Patrim\u00f4nio Cultural (PPGPC- UFSM). <a href=\"https:\/\/ufsmpublica.ufsm.br\/docente\/23885\">UFSMPublica<\/a><\/p>\n<h5 style=\"color: #005f87;border-bottom: 2px solid #cceeff;padding-bottom: 5px\">Linha de Pesquisa<\/h5>\n<p><strong>Preserva\u00e7\u00e3o e Patrim\u00f4nio Material<\/strong><\/p>\n<\/div>\n<\/div>\n<\/div>\n<\/div>\n","protected":false},"excerpt":{"rendered":"<p>Prof.\u00aa Dr.\u00aa Caroline Ciliane Ceretta Forma\u00e7\u00e3o Acad\u00eamica Doutora em Extens\u00e3o Rural, Universidade Federal de Santa Maria (UFSM). Mestre em Turismo, Universidade de Caxias do Sul (UCS). Graduada em Turismo pela Universidade de Santa Cruz do Sul (UNICRUZ). Atua\u00e7\u00e3o Profissional Professora adjunta do Departamento de Turismo, Centro de Ci\u00eancias Sociais e Humanas, Universidade Federal de Santa [&hellip;]<\/p>\n","protected":false},"author":1706,"featured_media":0,"parent":0,"menu_order":0,"comment_status":"closed","ping_status":"closed","template":"","meta":{"footnotes":""},"categories":[],"tags":[],"class_list":["post-1957","page","type-page","status-publish","hentry"],"acf":[],"_links":{"self":[{"href":"https:\/\/www.ufsm.br\/cursos\/pos-graduacao\/santa-maria\/ppgpc\/wp-json\/wp\/v2\/pages\/1957","targetHints":{"allow":["GET"]}}],"collection":[{"href":"https:\/\/www.ufsm.br\/cursos\/pos-graduacao\/santa-maria\/ppgpc\/wp-json\/wp\/v2\/pages"}],"about":[{"href":"https:\/\/www.ufsm.br\/cursos\/pos-graduacao\/santa-maria\/ppgpc\/wp-json\/wp\/v2\/types\/page"}],"author":[{"embeddable":true,"href":"https:\/\/www.ufsm.br\/cursos\/pos-graduacao\/santa-maria\/ppgpc\/wp-json\/wp\/v2\/users\/1706"}],"replies":[{"embeddable":true,"href":"https:\/\/www.ufsm.br\/cursos\/pos-graduacao\/santa-maria\/ppgpc\/wp-json\/wp\/v2\/comments?post=1957"}],"version-history":[{"count":0,"href":"https:\/\/www.ufsm.br\/cursos\/pos-graduacao\/santa-maria\/ppgpc\/wp-json\/wp\/v2\/pages\/1957\/revisions"}],"wp:attachment":[{"href":"https:\/\/www.ufsm.br\/cursos\/pos-graduacao\/santa-maria\/ppgpc\/wp-json\/wp\/v2\/media?parent=1957"}],"wp:term":[{"taxonomy":"category","embeddable":true,"href":"https:\/\/www.ufsm.br\/cursos\/pos-graduacao\/santa-maria\/ppgpc\/wp-json\/wp\/v2\/categories?post=1957"},{"taxonomy":"post_tag","embeddable":true,"href":"https:\/\/www.ufsm.br\/cursos\/pos-graduacao\/santa-maria\/ppgpc\/wp-json\/wp\/v2\/tags?post=1957"}],"curies":[{"name":"wp","href":"https:\/\/api.w.org\/{rel}","templated":true}]}}