{"id":1959,"date":"2025-05-12T17:34:50","date_gmt":"2025-05-12T20:34:50","guid":{"rendered":"https:\/\/www.ufsm.br\/cursos\/pos-graduacao\/santa-maria\/ppgpc\/?page_id=1959"},"modified":"2025-05-13T11:22:31","modified_gmt":"2025-05-13T14:22:31","slug":"caryl-eduardo-jovanovich-lopes","status":"publish","type":"page","link":"https:\/\/www.ufsm.br\/cursos\/pos-graduacao\/santa-maria\/ppgpc\/caryl-eduardo-jovanovich-lopes","title":{"rendered":"Caryl Eduardo Jovanovich Lopes\u00a0"},"content":{"rendered":"\n\n\n<div style=\"width: 100%;max-width: 1200px;margin: 40px auto;padding: 30px;background: #f0f8ff;border-left: 6px solid #0073aa;border-radius: 12px;font-family: 'Arial', sans-serif;color: #333\">\n<div style=\"flex-wrap: wrap;align-items: flex-start;gap: 30px\"><!-- Foto --><img fetchpriority=\"high\" decoding=\"async\" class=\"size-full wp-image-1961 alignleft\" src=\"https:\/\/www.ufsm.br\/app\/uploads\/sites\/561\/2025\/05\/asfafa.jpg\" alt=\"\" width=\"232\" height=\"230\" srcset=\"https:\/\/www.ufsm.br\/app\/uploads\/sites\/561\/2025\/05\/asfafa.jpg 232w, https:\/\/www.ufsm.br\/app\/uploads\/sites\/561\/2025\/05\/asfafa-150x150.jpg 150w\" sizes=\"(max-width: 232px) 100vw, 232px\" \/><br \/><!-- Informa\u00e7\u00f5es -->\n<div style=\"flex: 3 1 700px\">\n<h2 style=\"margin-top: 0;color: #0073aa\">Prof. Dr. Caryl Eduardo Jovanovich Lopes<\/h2>\n<div style=\"margin-bottom: 20px\">\n<h5 style=\"color: #005f87;border-bottom: 2px solid #cceeff;padding-bottom: 5px\">Forma\u00e7\u00e3o Acad\u00eamica<\/h5>\n<p style=\"text-align: justify\">Doutor em Arquitetura, Universitat Polit\u00e8cnica de Catalunya (Espanha). Graduado em Arquitetura e Urbanismo, Faculdades Integradas do Instituto Ritter dos Reis.<\/p>\n<\/div>\n<div>\n<h5 style=\"color: #005f87;border-bottom: 2px solid #cceeff;padding-bottom: 5px\">Atua\u00e7\u00e3o Profissional<\/h5>\n<p style=\"text-align: justify\">Professor titular do Departamento de Arquitetura e Urbanismo, Universidade Federal de Santa Maria (UFSM). Docente Permanente do Programa de P\u00f3s-Gradua\u00e7\u00e3o em Patrim\u00f4nio Cultural &#8211; Mestrado Profissional (PPGPC-UFSM). Professor do Mestrado em Arquitetura, Urbanismo e Paisagismo, Universidade Federal de Santa Maria (UFSM). <a href=\"https:\/\/ufsmpublica.ufsm.br\/docente\/11561\">UFSMPublica<\/a><\/p>\n<h5 style=\"color: #005f87;border-bottom: 2px solid #cceeff;padding-bottom: 5px\">Linha de Pesquisa<\/h5>\n<p><strong>Preserva\u00e7\u00e3o e Patrim\u00f4nio Material<\/strong><\/p>\n<\/div>\n<\/div>\n<\/div>\n<\/div>\n","protected":false},"excerpt":{"rendered":"<p>Prof. Dr. Caryl Eduardo Jovanovich Lopes Forma\u00e7\u00e3o Acad\u00eamica Doutor em Arquitetura, Universitat Polit\u00e8cnica de Catalunya (Espanha). Graduado em Arquitetura e Urbanismo, Faculdades Integradas do Instituto Ritter dos Reis. Atua\u00e7\u00e3o Profissional Professor titular do Departamento de Arquitetura e Urbanismo, Universidade Federal de Santa Maria (UFSM). Docente Permanente do Programa de P\u00f3s-Gradua\u00e7\u00e3o em Patrim\u00f4nio Cultural &#8211; Mestrado [&hellip;]<\/p>\n","protected":false},"author":1706,"featured_media":0,"parent":0,"menu_order":0,"comment_status":"closed","ping_status":"closed","template":"","meta":{"footnotes":""},"categories":[],"tags":[],"class_list":["post-1959","page","type-page","status-publish","hentry"],"acf":[],"_links":{"self":[{"href":"https:\/\/www.ufsm.br\/cursos\/pos-graduacao\/santa-maria\/ppgpc\/wp-json\/wp\/v2\/pages\/1959","targetHints":{"allow":["GET"]}}],"collection":[{"href":"https:\/\/www.ufsm.br\/cursos\/pos-graduacao\/santa-maria\/ppgpc\/wp-json\/wp\/v2\/pages"}],"about":[{"href":"https:\/\/www.ufsm.br\/cursos\/pos-graduacao\/santa-maria\/ppgpc\/wp-json\/wp\/v2\/types\/page"}],"author":[{"embeddable":true,"href":"https:\/\/www.ufsm.br\/cursos\/pos-graduacao\/santa-maria\/ppgpc\/wp-json\/wp\/v2\/users\/1706"}],"replies":[{"embeddable":true,"href":"https:\/\/www.ufsm.br\/cursos\/pos-graduacao\/santa-maria\/ppgpc\/wp-json\/wp\/v2\/comments?post=1959"}],"version-history":[{"count":0,"href":"https:\/\/www.ufsm.br\/cursos\/pos-graduacao\/santa-maria\/ppgpc\/wp-json\/wp\/v2\/pages\/1959\/revisions"}],"wp:attachment":[{"href":"https:\/\/www.ufsm.br\/cursos\/pos-graduacao\/santa-maria\/ppgpc\/wp-json\/wp\/v2\/media?parent=1959"}],"wp:term":[{"taxonomy":"category","embeddable":true,"href":"https:\/\/www.ufsm.br\/cursos\/pos-graduacao\/santa-maria\/ppgpc\/wp-json\/wp\/v2\/categories?post=1959"},{"taxonomy":"post_tag","embeddable":true,"href":"https:\/\/www.ufsm.br\/cursos\/pos-graduacao\/santa-maria\/ppgpc\/wp-json\/wp\/v2\/tags?post=1959"}],"curies":[{"name":"wp","href":"https:\/\/api.w.org\/{rel}","templated":true}]}}