{"id":1962,"date":"2025-05-12T17:41:15","date_gmt":"2025-05-12T20:41:15","guid":{"rendered":"https:\/\/www.ufsm.br\/cursos\/pos-graduacao\/santa-maria\/ppgpc\/?page_id=1962"},"modified":"2025-05-13T11:55:49","modified_gmt":"2025-05-13T14:55:49","slug":"fernanda-kieling-pedrazzi","status":"publish","type":"page","link":"https:\/\/www.ufsm.br\/cursos\/pos-graduacao\/santa-maria\/ppgpc\/fernanda-kieling-pedrazzi","title":{"rendered":"Fernanda Kieling Pedrazzi\u00a0"},"content":{"rendered":"\n<div style=\"width: 100%;max-width: 1200px;margin: 40px auto;padding: 30px;background: #f0f8ff;border-left: 6px solid #0073aa;border-radius: 12px;font-family: 'Arial', sans-serif;color: #333\">\n<div style=\"flex-wrap: wrap;align-items: flex-start;gap: 30px\"><!-- Foto --><img fetchpriority=\"high\" decoding=\"async\" class=\"size-medium wp-image-1963 alignleft\" src=\"https:\/\/www.ufsm.br\/app\/uploads\/sites\/561\/2025\/05\/servletrecuperafoto-3-256x300.jpg\" alt=\"\" width=\"256\" height=\"300\" srcset=\"https:\/\/www.ufsm.br\/app\/uploads\/sites\/561\/2025\/05\/servletrecuperafoto-3-256x300.jpg 256w, https:\/\/www.ufsm.br\/app\/uploads\/sites\/561\/2025\/05\/servletrecuperafoto-3-872x1024.jpg 872w, https:\/\/www.ufsm.br\/app\/uploads\/sites\/561\/2025\/05\/servletrecuperafoto-3-768x902.jpg 768w, https:\/\/www.ufsm.br\/app\/uploads\/sites\/561\/2025\/05\/servletrecuperafoto-3-1308x1536.jpg 1308w, https:\/\/www.ufsm.br\/app\/uploads\/sites\/561\/2025\/05\/servletrecuperafoto-3-1745x2048.jpg 1745w, https:\/\/www.ufsm.br\/app\/uploads\/sites\/561\/2025\/05\/servletrecuperafoto-3.jpg 1920w\" sizes=\"(max-width: 256px) 100vw, 256px\" \/><br \/><!-- Informa\u00e7\u00f5es -->\n<div style=\"flex: 3 1 700px\">\n<h2 style=\"margin-top: 0;color: #0073aa\">Prof.\u00aa Dr.\u00aa Fernanda Kieling Pedrazzi<\/h2>\n<div style=\"margin-bottom: 20px\">\n<h5 style=\"color: #005f87;border-bottom: 2px solid #cceeff;padding-bottom: 5px\">Forma\u00e7\u00e3o Acad\u00eamica<\/h5>\n<p style=\"text-align: justify\">Doutora em Letras, Mestre em Engenharia de Produ\u00e7\u00e3o. Bacharela em Comunica\u00e7\u00e3o Social &#8211; Jornalismo. Bacharela em Arquivologia, Universidade Federal de Santa Maria (UFSM).<\/p>\n<\/div>\n<div style=\"margin-bottom: 20px\">\n<h5 style=\"color: #005f87;border-bottom: 2px solid #cceeff;padding-bottom: 5px\">Atua\u00e7\u00e3o Profissional<\/h5>\n<p style=\"text-align: justify\">Respons\u00e1vel pelo Laborat\u00f3rio de Paleografia Profa. Eneida Izabel Schirmer Richter, o LaPPEI, Departamento de Arquivologia.<\/p>\n<p style=\"text-align: justify\">Professora Associada 2 do Departamento de Arquivologia, Centro de Ci\u00eancias Sociais e Humanas, Universidade Federal de Santa Maria (UFSM). Docente Permanente do Programa de P\u00f3s-Gradua\u00e7\u00e3o em Patrim\u00f4nio Cultural &#8211; Mestrado Profissional (PPGPC-UFSM). <a href=\"https:\/\/ufsmpublica.ufsm.br\/docente\/13630\">UFSMPublica.<\/a><\/p>\n<h5 style=\"color: #005f87;border-bottom: 2px solid #cceeff;padding-bottom: 5px\">Linha de Pesquisa<\/h5>\n<p><strong>Patrim\u00f4nio Documental<\/strong><\/p>\n<\/div>\n<\/div>\n<\/div>\n<\/div>\n","protected":false},"excerpt":{"rendered":"<p>Prof.\u00aa Dr.\u00aa Fernanda Kieling Pedrazzi Forma\u00e7\u00e3o Acad\u00eamica Doutora em Letras, Mestre em Engenharia de Produ\u00e7\u00e3o. Bacharela em Comunica\u00e7\u00e3o Social &#8211; Jornalismo. Bacharela em Arquivologia, Universidade Federal de Santa Maria (UFSM). Atua\u00e7\u00e3o Profissional Respons\u00e1vel pelo Laborat\u00f3rio de Paleografia Profa. Eneida Izabel Schirmer Richter, o LaPPEI, Departamento de Arquivologia. Professora Associada 2 do Departamento de Arquivologia, Centro [&hellip;]<\/p>\n","protected":false},"author":1706,"featured_media":0,"parent":0,"menu_order":0,"comment_status":"closed","ping_status":"closed","template":"","meta":{"footnotes":""},"categories":[],"tags":[],"class_list":["post-1962","page","type-page","status-publish","hentry"],"acf":[],"_links":{"self":[{"href":"https:\/\/www.ufsm.br\/cursos\/pos-graduacao\/santa-maria\/ppgpc\/wp-json\/wp\/v2\/pages\/1962","targetHints":{"allow":["GET"]}}],"collection":[{"href":"https:\/\/www.ufsm.br\/cursos\/pos-graduacao\/santa-maria\/ppgpc\/wp-json\/wp\/v2\/pages"}],"about":[{"href":"https:\/\/www.ufsm.br\/cursos\/pos-graduacao\/santa-maria\/ppgpc\/wp-json\/wp\/v2\/types\/page"}],"author":[{"embeddable":true,"href":"https:\/\/www.ufsm.br\/cursos\/pos-graduacao\/santa-maria\/ppgpc\/wp-json\/wp\/v2\/users\/1706"}],"replies":[{"embeddable":true,"href":"https:\/\/www.ufsm.br\/cursos\/pos-graduacao\/santa-maria\/ppgpc\/wp-json\/wp\/v2\/comments?post=1962"}],"version-history":[{"count":0,"href":"https:\/\/www.ufsm.br\/cursos\/pos-graduacao\/santa-maria\/ppgpc\/wp-json\/wp\/v2\/pages\/1962\/revisions"}],"wp:attachment":[{"href":"https:\/\/www.ufsm.br\/cursos\/pos-graduacao\/santa-maria\/ppgpc\/wp-json\/wp\/v2\/media?parent=1962"}],"wp:term":[{"taxonomy":"category","embeddable":true,"href":"https:\/\/www.ufsm.br\/cursos\/pos-graduacao\/santa-maria\/ppgpc\/wp-json\/wp\/v2\/categories?post=1962"},{"taxonomy":"post_tag","embeddable":true,"href":"https:\/\/www.ufsm.br\/cursos\/pos-graduacao\/santa-maria\/ppgpc\/wp-json\/wp\/v2\/tags?post=1962"}],"curies":[{"name":"wp","href":"https:\/\/api.w.org\/{rel}","templated":true}]}}