{"id":1973,"date":"2025-05-13T11:53:19","date_gmt":"2025-05-13T14:53:19","guid":{"rendered":"https:\/\/www.ufsm.br\/cursos\/pos-graduacao\/santa-maria\/ppgpc\/?page_id=1973"},"modified":"2025-05-13T11:54:02","modified_gmt":"2025-05-13T14:54:02","slug":"heloisa-helena-fernandes-goncalves-da-costa","status":"publish","type":"page","link":"https:\/\/www.ufsm.br\/cursos\/pos-graduacao\/santa-maria\/ppgpc\/heloisa-helena-fernandes-goncalves-da-costa","title":{"rendered":"Heloisa Helena Fernandes Gon\u00e7alves da Costa"},"content":{"rendered":"\n<div style=\"width: 100%;max-width: 1200px;margin: 40px auto;padding: 30px;background: #f0f8ff;border-left: 6px solid #0073aa;border-radius: 12px;font-family: 'Arial', sans-serif;color: #333\">\n<div style=\"flex-wrap: wrap;align-items: flex-start;gap: 30px\"><!-- Foto --><img fetchpriority=\"high\" decoding=\"async\" class=\"size-medium wp-image-1974 alignleft\" src=\"https:\/\/www.ufsm.br\/app\/uploads\/sites\/561\/2025\/05\/heloisamuseu_aloalobahia-300x296.jpg\" alt=\"\" width=\"300\" height=\"296\" srcset=\"https:\/\/www.ufsm.br\/app\/uploads\/sites\/561\/2025\/05\/heloisamuseu_aloalobahia-300x296.jpg 300w, https:\/\/www.ufsm.br\/app\/uploads\/sites\/561\/2025\/05\/heloisamuseu_aloalobahia.jpg 750w\" sizes=\"(max-width: 300px) 100vw, 300px\" \/><br \/><!-- Informa\u00e7\u00f5es -->\n<div style=\"flex: 3 1 700px\">\n<h2 style=\"margin-top: 0;color: #0073aa\">Prof.\u00aa Dr.\u00aa Helo\u00edsa Helena F. G. da Costa<\/h2>\n<div style=\"margin-bottom: 20px\">\n<h5 style=\"color: #005f87;border-bottom: 2px solid #cceeff;padding-bottom: 5px\">Forma\u00e7\u00e3o Acad\u00eamica<\/h5>\n<p style=\"text-align: justify\">Doutora em Sociologia, Universit\u00e9 du Qu\u00e9bec \u00e0 Montr\u00e9al. Mestre em Ci\u00eancias Sociais, Universidade Federal da Bahia (UFBA). Graduada em Hist\u00f3ria, Universidade Federal Fluminense (UFF). Graduada em Museologia, Museu Hist\u00f3rico Nacional.<\/p>\n<\/div>\n<div>\n<h5 style=\"color: #005f87;border-bottom: 2px solid #cceeff;padding-bottom: 5px\">Atua\u00e7\u00e3o Profissional<\/h5>\n<p style=\"text-align: justify\">Professora Colaboradora Volunt\u00e1ria do Programa de P\u00f3s-Gradua\u00e7\u00e3o em Patrim\u00f4nio Cultural &#8211; Mestrado Profissional, Universidade Federal de Santa Maria (UFSM). Consultora e Respons\u00e1vel T\u00e9cnica de v\u00e1rios museus no Brasil e no exterior. Coordena projetos e a\u00e7\u00f5es comunit\u00e1rias onde o patrim\u00f4nio \u00e9 a pedagogia social da inclus\u00e3o, sendo o principal o projeto Expedi\u00e7\u00f5es Patrimoniais.<\/p>\n<p style=\"text-align: justify\">Mestre de Confer\u00eancias em universidades brasileiras e estrangeiras. Professora visitante em: Universit\u00e9 du Qu\u00e9bec \u00e0 Montr\u00e9al, Universit\u00e9 Laval (Quebec), Universidade Polit\u00e9cnica de Val\u00eancia (Espanha), Universidade de Buenos Aires\/FADU e Universidade Al Akhawain, Ifrane\/Marrocos.<\/p>\n<h5 style=\"color: #005f87;border-bottom: 2px solid #cceeff;padding-bottom: 5px\">Linha de Pesquisa<\/h5>\n<p><strong>Hist\u00f3ria e Patrim\u00f4nio Cultural<\/strong><\/p>\n<\/div>\n<\/div>\n<\/div>\n<\/div>\n","protected":false},"excerpt":{"rendered":"<p>Prof.\u00aa Dr.\u00aa Helo\u00edsa Helena F. G. da Costa Forma\u00e7\u00e3o Acad\u00eamica Doutora em Sociologia, Universit\u00e9 du Qu\u00e9bec \u00e0 Montr\u00e9al. Mestre em Ci\u00eancias Sociais, Universidade Federal da Bahia (UFBA). Graduada em Hist\u00f3ria, Universidade Federal Fluminense (UFF). Graduada em Museologia, Museu Hist\u00f3rico Nacional. Atua\u00e7\u00e3o Profissional Professora Colaboradora Volunt\u00e1ria do Programa de P\u00f3s-Gradua\u00e7\u00e3o em Patrim\u00f4nio Cultural &#8211; Mestrado Profissional, [&hellip;]<\/p>\n","protected":false},"author":1706,"featured_media":0,"parent":0,"menu_order":0,"comment_status":"closed","ping_status":"closed","template":"","meta":{"footnotes":""},"categories":[],"tags":[],"class_list":["post-1973","page","type-page","status-publish","hentry"],"acf":[],"_links":{"self":[{"href":"https:\/\/www.ufsm.br\/cursos\/pos-graduacao\/santa-maria\/ppgpc\/wp-json\/wp\/v2\/pages\/1973","targetHints":{"allow":["GET"]}}],"collection":[{"href":"https:\/\/www.ufsm.br\/cursos\/pos-graduacao\/santa-maria\/ppgpc\/wp-json\/wp\/v2\/pages"}],"about":[{"href":"https:\/\/www.ufsm.br\/cursos\/pos-graduacao\/santa-maria\/ppgpc\/wp-json\/wp\/v2\/types\/page"}],"author":[{"embeddable":true,"href":"https:\/\/www.ufsm.br\/cursos\/pos-graduacao\/santa-maria\/ppgpc\/wp-json\/wp\/v2\/users\/1706"}],"replies":[{"embeddable":true,"href":"https:\/\/www.ufsm.br\/cursos\/pos-graduacao\/santa-maria\/ppgpc\/wp-json\/wp\/v2\/comments?post=1973"}],"version-history":[{"count":0,"href":"https:\/\/www.ufsm.br\/cursos\/pos-graduacao\/santa-maria\/ppgpc\/wp-json\/wp\/v2\/pages\/1973\/revisions"}],"wp:attachment":[{"href":"https:\/\/www.ufsm.br\/cursos\/pos-graduacao\/santa-maria\/ppgpc\/wp-json\/wp\/v2\/media?parent=1973"}],"wp:term":[{"taxonomy":"category","embeddable":true,"href":"https:\/\/www.ufsm.br\/cursos\/pos-graduacao\/santa-maria\/ppgpc\/wp-json\/wp\/v2\/categories?post=1973"},{"taxonomy":"post_tag","embeddable":true,"href":"https:\/\/www.ufsm.br\/cursos\/pos-graduacao\/santa-maria\/ppgpc\/wp-json\/wp\/v2\/tags?post=1973"}],"curies":[{"name":"wp","href":"https:\/\/api.w.org\/{rel}","templated":true}]}}