{"id":1976,"date":"2025-05-13T12:00:05","date_gmt":"2025-05-13T15:00:05","guid":{"rendered":"https:\/\/www.ufsm.br\/cursos\/pos-graduacao\/santa-maria\/ppgpc\/?page_id=1976"},"modified":"2025-05-13T14:17:29","modified_gmt":"2025-05-13T17:17:29","slug":"jorge-alberto-soares-cruz","status":"publish","type":"page","link":"https:\/\/www.ufsm.br\/cursos\/pos-graduacao\/santa-maria\/ppgpc\/jorge-alberto-soares-cruz","title":{"rendered":"Jorge Alberto Soares Cruz"},"content":{"rendered":"\n<div style=\"width: 100%;max-width: 1200px;margin: 40px auto;padding: 30px;background: #f0f8ff;border-left: 6px solid #0073aa;border-radius: 12px;font-family: 'Arial', sans-serif;color: #333\">\n<div style=\"flex-wrap: wrap;align-items: flex-start;gap: 30px\"><!-- Foto --><img fetchpriority=\"high\" decoding=\"async\" class=\"size-medium wp-image-1977 alignleft\" src=\"https:\/\/www.ufsm.br\/app\/uploads\/sites\/561\/2025\/05\/servletrecuperafoto-8-1-300x225.jpg\" alt=\"\" width=\"300\" height=\"225\" srcset=\"https:\/\/www.ufsm.br\/app\/uploads\/sites\/561\/2025\/05\/servletrecuperafoto-8-1-300x225.jpg 300w, https:\/\/www.ufsm.br\/app\/uploads\/sites\/561\/2025\/05\/servletrecuperafoto-8-1.jpg 640w\" sizes=\"(max-width: 300px) 100vw, 300px\" \/><br \/><!-- Informa\u00e7\u00f5es -->\n<div style=\"flex: 3 1 700px\">\n<h2 style=\"margin-top: 0;color: #0073aa\">Prof. Dr. Jorge Alberto Soares Cruz<\/h2>\n<div style=\"margin-bottom: 20px\">\n<h5 style=\"color: #005f87;border-bottom: 2px solid #cceeff;padding-bottom: 5px\">Forma\u00e7\u00e3o Acad\u00eamica<\/h5>\n<p style=\"text-align: justify\">Doutor em Hist\u00f3ria, Centro de Ci\u00eancias Sociais e Humanas, Universidade Federal de Santa Maria (PPGH\/UFSM, 2020). Mestre em Patrim\u00f4nio Cultural, Universidade Federal de Santa Maria (PPGPC\/UFSM, 2012). Especializa\u00e7\u00e3o em Pensamento Pol\u00edtico Brasileiro, Universidade Federal de Santa Maria (UFSM). Graduado em Arquivologia, Universidade Federal de Santa Maria (UFSM) e Licenciado em Hist\u00f3ria, Faculdade de Filosofia, Ci\u00eancia e Letras Imaculada Concei\u00e7\u00e3o (FIC). <a href=\"https:\/\/ufsmpublica.ufsm.br\/docente\/16307\">USFMPublica<\/a>.<\/p>\n<\/div>\n<div>\n<h5 style=\"color: #005f87;border-bottom: 2px solid #cceeff;padding-bottom: 5px\">Atua\u00e7\u00e3o Profissional<\/h5>\n<p style=\"text-align: justify\">Professor Associado I no Departamento de Arquivologia, Centro de Ci\u00eancias Sociais e Humanas, Universidade Federal de Santa Maria (UFSM). Docente Permanente do Programa de P\u00f3s-Gradua\u00e7\u00e3o em Patrim\u00f4nio Cultural &#8211; Mestrado Profissional (PPGPC\/CCSH\/UFSM).<\/p>\n<p style=\"text-align: justify\">Colaborador do Curso de Especializa\u00e7\u00e3o em Arquivos Permanentes, Universidade Federal do Rio Grande (FURG). Membro do Comit\u00ea Educa\u00e7\u00e3o, Cultura e Comunica\u00e7\u00e3o da gest\u00e3o do Geoparque Quarta Col\u00f4nia, representando a UFSM.<\/p>\n<h5 style=\"color: #005f87;border-bottom: 2px solid #cceeff;padding-bottom: 5px\">Linha de Pesquisa<\/h5>\n<p><strong>Hist\u00f3ria e Patrim\u00f4nio Cultural;<\/strong><\/p>\n<p><strong>Patrim\u00f4nio Documental.<\/strong><\/p>\n<\/div>\n<\/div>\n<\/div>\n<\/div>\n\n\n","protected":false},"excerpt":{"rendered":"<p>Prof. Dr. Jorge Alberto Soares Cruz Forma\u00e7\u00e3o Acad\u00eamica Doutor em Hist\u00f3ria, Centro de Ci\u00eancias Sociais e Humanas, Universidade Federal de Santa Maria (PPGH\/UFSM, 2020). Mestre em Patrim\u00f4nio Cultural, Universidade Federal de Santa Maria (PPGPC\/UFSM, 2012). Especializa\u00e7\u00e3o em Pensamento Pol\u00edtico Brasileiro, Universidade Federal de Santa Maria (UFSM). Graduado em Arquivologia, Universidade Federal de Santa Maria (UFSM) [&hellip;]<\/p>\n","protected":false},"author":1706,"featured_media":0,"parent":0,"menu_order":0,"comment_status":"closed","ping_status":"closed","template":"","meta":{"footnotes":""},"categories":[],"tags":[],"class_list":["post-1976","page","type-page","status-publish","hentry"],"acf":[],"_links":{"self":[{"href":"https:\/\/www.ufsm.br\/cursos\/pos-graduacao\/santa-maria\/ppgpc\/wp-json\/wp\/v2\/pages\/1976","targetHints":{"allow":["GET"]}}],"collection":[{"href":"https:\/\/www.ufsm.br\/cursos\/pos-graduacao\/santa-maria\/ppgpc\/wp-json\/wp\/v2\/pages"}],"about":[{"href":"https:\/\/www.ufsm.br\/cursos\/pos-graduacao\/santa-maria\/ppgpc\/wp-json\/wp\/v2\/types\/page"}],"author":[{"embeddable":true,"href":"https:\/\/www.ufsm.br\/cursos\/pos-graduacao\/santa-maria\/ppgpc\/wp-json\/wp\/v2\/users\/1706"}],"replies":[{"embeddable":true,"href":"https:\/\/www.ufsm.br\/cursos\/pos-graduacao\/santa-maria\/ppgpc\/wp-json\/wp\/v2\/comments?post=1976"}],"version-history":[{"count":0,"href":"https:\/\/www.ufsm.br\/cursos\/pos-graduacao\/santa-maria\/ppgpc\/wp-json\/wp\/v2\/pages\/1976\/revisions"}],"wp:attachment":[{"href":"https:\/\/www.ufsm.br\/cursos\/pos-graduacao\/santa-maria\/ppgpc\/wp-json\/wp\/v2\/media?parent=1976"}],"wp:term":[{"taxonomy":"category","embeddable":true,"href":"https:\/\/www.ufsm.br\/cursos\/pos-graduacao\/santa-maria\/ppgpc\/wp-json\/wp\/v2\/categories?post=1976"},{"taxonomy":"post_tag","embeddable":true,"href":"https:\/\/www.ufsm.br\/cursos\/pos-graduacao\/santa-maria\/ppgpc\/wp-json\/wp\/v2\/tags?post=1976"}],"curies":[{"name":"wp","href":"https:\/\/api.w.org\/{rel}","templated":true}]}}