{"id":1980,"date":"2025-05-13T15:26:48","date_gmt":"2025-05-13T18:26:48","guid":{"rendered":"https:\/\/www.ufsm.br\/cursos\/pos-graduacao\/santa-maria\/ppgpc\/?page_id=1980"},"modified":"2025-05-13T15:28:48","modified_gmt":"2025-05-13T18:28:48","slug":"julio-ricardo-quevedo-dos-santos","status":"publish","type":"page","link":"https:\/\/www.ufsm.br\/cursos\/pos-graduacao\/santa-maria\/ppgpc\/julio-ricardo-quevedo-dos-santos","title":{"rendered":"Julio Ricardo Quevedo dos Santos"},"content":{"rendered":"\n\n\n<div style=\"width: 100%;max-width: 1200px;margin: 40px auto;padding: 30px;background: #f0f8ff;border-left: 6px solid #0073aa;border-radius: 12px;font-family: 'Arial', sans-serif;color: #333\">\n<div style=\"flex-wrap: wrap;align-items: flex-start;gap: 30px\"><!-- Foto --><img fetchpriority=\"high\" decoding=\"async\" class=\"size-medium wp-image-1981 alignleft\" src=\"https:\/\/www.ufsm.br\/app\/uploads\/sites\/561\/2025\/05\/servletrecuperafoto-9-300x271.jpg\" alt=\"\" width=\"300\" height=\"271\" srcset=\"https:\/\/www.ufsm.br\/app\/uploads\/sites\/561\/2025\/05\/servletrecuperafoto-9-300x271.jpg 300w, https:\/\/www.ufsm.br\/app\/uploads\/sites\/561\/2025\/05\/servletrecuperafoto-9-1024x925.jpg 1024w, https:\/\/www.ufsm.br\/app\/uploads\/sites\/561\/2025\/05\/servletrecuperafoto-9-768x694.jpg 768w, https:\/\/www.ufsm.br\/app\/uploads\/sites\/561\/2025\/05\/servletrecuperafoto-9-1536x1388.jpg 1536w, https:\/\/www.ufsm.br\/app\/uploads\/sites\/561\/2025\/05\/servletrecuperafoto-9.jpg 1920w\" sizes=\"(max-width: 300px) 100vw, 300px\" \/><br \/><!-- Informa\u00e7\u00f5es -->\n<div style=\"flex: 3 1 700px\">\n<h2 style=\"margin-top: 0;color: #0073aa\">Prof. Dr. J\u00falio Ricardo Quevedo dos Santos<\/h2>\n<div style=\"margin-bottom: 20px\">\n<h5 style=\"color: #005f87;border-bottom: 2px solid #cceeff;padding-bottom: 5px\">Forma\u00e7\u00e3o Acad\u00eamica<\/h5>\n<p style=\"text-align: justify\">Doutor em Hist\u00f3ria Social, Universidade de S\u00e3o Paulo (USP). Mestre em Hist\u00f3ria, Pontif\u00edcia Universidade Cat\u00f3lica do Rio Grande do Sul (PUCRS). Graduado em Hist\u00f3ria, Pontif\u00edcia Universidade Cat\u00f3lica do Rio Grande do Sul (PUCRS).<\/p>\n<\/div>\n<div>\n<h5 style=\"color: #005f87;border-bottom: 2px solid #cceeff;padding-bottom: 5px\">Atua\u00e7\u00e3o Profissional<\/h5>\n<p style=\"text-align: justify\">Professor titular do Departamento de Hist\u00f3ria, Centro de Ci\u00eancias Sociais e Humanas, Universidade Federal de Santa Maria (UFSM). Docente Permanente do Programa de P\u00f3s-Gradua\u00e7\u00e3o em Patrim\u00f4nio Cultural &#8211; Mestrado Profissional, Universidade Federal de Santa Maria (CCSH-UFSM).<\/p>\n<p style=\"text-align: justify\">Professor no Programa de P\u00f3s-Gradua\u00e7\u00e3o em Ensino de Hist\u00f3ria, Mestrado Profissional, Centro de Educa\u00e7\u00e3o, Universidade Federal de Santa Maria (CE-UFSM). <a href=\"https:\/\/ufsmpublica.ufsm.br\/docente\/4148\">UFSMPublica.<\/a><\/p>\n<h5 style=\"color: #005f87;border-bottom: 2px solid #cceeff;padding-bottom: 5px\">Linha de Pesquisa\u00a0<\/h5>\n<p><strong>Hist\u00f3ria e Patrim\u00f4nio Cultural<\/strong><\/p>\n<\/div>\n<\/div>\n<\/div>\n<\/div>\n","protected":false},"excerpt":{"rendered":"<p>Prof. Dr. J\u00falio Ricardo Quevedo dos Santos Forma\u00e7\u00e3o Acad\u00eamica Doutor em Hist\u00f3ria Social, Universidade de S\u00e3o Paulo (USP). Mestre em Hist\u00f3ria, Pontif\u00edcia Universidade Cat\u00f3lica do Rio Grande do Sul (PUCRS). Graduado em Hist\u00f3ria, Pontif\u00edcia Universidade Cat\u00f3lica do Rio Grande do Sul (PUCRS). Atua\u00e7\u00e3o Profissional Professor titular do Departamento de Hist\u00f3ria, Centro de Ci\u00eancias Sociais e [&hellip;]<\/p>\n","protected":false},"author":1706,"featured_media":0,"parent":0,"menu_order":0,"comment_status":"closed","ping_status":"closed","template":"","meta":{"footnotes":""},"categories":[],"tags":[],"class_list":["post-1980","page","type-page","status-publish","hentry"],"acf":[],"_links":{"self":[{"href":"https:\/\/www.ufsm.br\/cursos\/pos-graduacao\/santa-maria\/ppgpc\/wp-json\/wp\/v2\/pages\/1980","targetHints":{"allow":["GET"]}}],"collection":[{"href":"https:\/\/www.ufsm.br\/cursos\/pos-graduacao\/santa-maria\/ppgpc\/wp-json\/wp\/v2\/pages"}],"about":[{"href":"https:\/\/www.ufsm.br\/cursos\/pos-graduacao\/santa-maria\/ppgpc\/wp-json\/wp\/v2\/types\/page"}],"author":[{"embeddable":true,"href":"https:\/\/www.ufsm.br\/cursos\/pos-graduacao\/santa-maria\/ppgpc\/wp-json\/wp\/v2\/users\/1706"}],"replies":[{"embeddable":true,"href":"https:\/\/www.ufsm.br\/cursos\/pos-graduacao\/santa-maria\/ppgpc\/wp-json\/wp\/v2\/comments?post=1980"}],"version-history":[{"count":0,"href":"https:\/\/www.ufsm.br\/cursos\/pos-graduacao\/santa-maria\/ppgpc\/wp-json\/wp\/v2\/pages\/1980\/revisions"}],"wp:attachment":[{"href":"https:\/\/www.ufsm.br\/cursos\/pos-graduacao\/santa-maria\/ppgpc\/wp-json\/wp\/v2\/media?parent=1980"}],"wp:term":[{"taxonomy":"category","embeddable":true,"href":"https:\/\/www.ufsm.br\/cursos\/pos-graduacao\/santa-maria\/ppgpc\/wp-json\/wp\/v2\/categories?post=1980"},{"taxonomy":"post_tag","embeddable":true,"href":"https:\/\/www.ufsm.br\/cursos\/pos-graduacao\/santa-maria\/ppgpc\/wp-json\/wp\/v2\/tags?post=1980"}],"curies":[{"name":"wp","href":"https:\/\/api.w.org\/{rel}","templated":true}]}}