{"id":1982,"date":"2025-05-13T15:33:50","date_gmt":"2025-05-13T18:33:50","guid":{"rendered":"https:\/\/www.ufsm.br\/cursos\/pos-graduacao\/santa-maria\/ppgpc\/?page_id=1982"},"modified":"2025-05-13T15:33:52","modified_gmt":"2025-05-13T18:33:52","slug":"luiz-miguel-oosterbeek","status":"publish","type":"page","link":"https:\/\/www.ufsm.br\/cursos\/pos-graduacao\/santa-maria\/ppgpc\/luiz-miguel-oosterbeek","title":{"rendered":"Luiz Miguel Oosterbeek"},"content":{"rendered":"\n<div style=\"width: 100%;max-width: 1200px;margin: 40px auto;padding: 30px;background: #f0f8ff;border-left: 6px solid #0073aa;border-radius: 12px;font-family: 'Arial', sans-serif;color: #333\">\n<div style=\"flex-wrap: wrap;align-items: flex-start;gap: 30px\"><!-- Foto --><img decoding=\"async\" class=\"size-full wp-image-1983 alignleft\" src=\"https:\/\/www.ufsm.br\/app\/uploads\/sites\/561\/2025\/05\/servletrecuperafoto-10.jpg\" alt=\"\" width=\"184\" height=\"138\" \/><br \/><!-- Informa\u00e7\u00f5es -->\n<div style=\"flex: 3 1 700px\">\n<h2 style=\"margin-top: 0;color: #0073aa\">Prof. Dr. Luiz Miguel Oosterbeek<\/h2>\n<div style=\"margin-bottom: 20px\">\n<h5 style=\"color: #005f87;border-bottom: 2px solid #cceeff;padding-bottom: 5px\">Forma\u00e7\u00e3o Acad\u00eamica<\/h5>\n<p style=\"text-align: justify\">Doutor em Pr\u00e9-Hist\u00f3ria e Arqueologia, Universidade do Porto (U.PORTO), Portugal. Doutor em Filosofia, Institute of Archaeology, University College of London (UCL), Inglaterra. Licenciado em Hist\u00f3ria, Universidade de Lisboa.<\/p>\n<\/div>\n<div>\n<h5 style=\"color: #005f87;border-bottom: 2px solid #cceeff;padding-bottom: 5px\">Atua\u00e7\u00e3o Profissional<\/h5>\n<p style=\"text-align: justify\">Docente Permanente no Programa de P\u00f3s-gradua\u00e7\u00e3o em Patrim\u00f4nio Cultural &#8211; Mestrado Profissional, Universidade Federal de Santa Maria (CCSH-UFSM). Professor do ensino superior polit\u00e9cnico. Diretor do Museu de Arte Pr\u00e9-Hist\u00f3rica de Ma\u00e7\u00e3o. Professor no Instituto Polit\u00e9cnico de Tomar.<\/p>\n<p style=\"text-align: justify\">Membro do Conselho Cient\u00edfico do Museu Nacional de Hist\u00f3ria Natural em Paris (Fran\u00e7a), nomeado pelo governo franc\u00eas. Titular da C\u00e1tedra UNESCO-IPT em Humanidades e Gest\u00e3o Cultural Integrada do Territ\u00f3rio, que se estrutura em torno da sua metodologia de gest\u00e3o territorial ancorada nas ci\u00eancias humanas.<\/p>\n<p style=\"text-align: justify\">Presidente do Programa UNESCO de Humanidades (BRIDGES). Membro correspondente da Academia Portuguesa da Hist\u00f3ria, da Academia das Ci\u00eancias de Lisboa e da Academia Europaea. Presidente do Instituto Terra e Mem\u00f3ria. Vice-Diretor do Centro de Geoci\u00eancias da Universidade de Coimbra.<\/p>\n<h5 style=\"color: #005f87;border-bottom: 2px solid #cceeff;padding-bottom: 5px\">Linha de Pesquisa<\/h5>\n<p><strong>Arqueologia e Paleontologia<\/strong><\/p>\n<\/div>\n<\/div>\n<\/div>\n<\/div>\n","protected":false},"excerpt":{"rendered":"<p>Prof. Dr. Luiz Miguel Oosterbeek Forma\u00e7\u00e3o Acad\u00eamica Doutor em Pr\u00e9-Hist\u00f3ria e Arqueologia, Universidade do Porto (U.PORTO), Portugal. Doutor em Filosofia, Institute of Archaeology, University College of London (UCL), Inglaterra. Licenciado em Hist\u00f3ria, Universidade de Lisboa. Atua\u00e7\u00e3o Profissional Docente Permanente no Programa de P\u00f3s-gradua\u00e7\u00e3o em Patrim\u00f4nio Cultural &#8211; Mestrado Profissional, Universidade Federal de Santa Maria (CCSH-UFSM). [&hellip;]<\/p>\n","protected":false},"author":1706,"featured_media":0,"parent":0,"menu_order":0,"comment_status":"closed","ping_status":"closed","template":"","meta":{"footnotes":""},"categories":[],"tags":[],"class_list":["post-1982","page","type-page","status-publish","hentry"],"acf":[],"_links":{"self":[{"href":"https:\/\/www.ufsm.br\/cursos\/pos-graduacao\/santa-maria\/ppgpc\/wp-json\/wp\/v2\/pages\/1982","targetHints":{"allow":["GET"]}}],"collection":[{"href":"https:\/\/www.ufsm.br\/cursos\/pos-graduacao\/santa-maria\/ppgpc\/wp-json\/wp\/v2\/pages"}],"about":[{"href":"https:\/\/www.ufsm.br\/cursos\/pos-graduacao\/santa-maria\/ppgpc\/wp-json\/wp\/v2\/types\/page"}],"author":[{"embeddable":true,"href":"https:\/\/www.ufsm.br\/cursos\/pos-graduacao\/santa-maria\/ppgpc\/wp-json\/wp\/v2\/users\/1706"}],"replies":[{"embeddable":true,"href":"https:\/\/www.ufsm.br\/cursos\/pos-graduacao\/santa-maria\/ppgpc\/wp-json\/wp\/v2\/comments?post=1982"}],"version-history":[{"count":0,"href":"https:\/\/www.ufsm.br\/cursos\/pos-graduacao\/santa-maria\/ppgpc\/wp-json\/wp\/v2\/pages\/1982\/revisions"}],"wp:attachment":[{"href":"https:\/\/www.ufsm.br\/cursos\/pos-graduacao\/santa-maria\/ppgpc\/wp-json\/wp\/v2\/media?parent=1982"}],"wp:term":[{"taxonomy":"category","embeddable":true,"href":"https:\/\/www.ufsm.br\/cursos\/pos-graduacao\/santa-maria\/ppgpc\/wp-json\/wp\/v2\/categories?post=1982"},{"taxonomy":"post_tag","embeddable":true,"href":"https:\/\/www.ufsm.br\/cursos\/pos-graduacao\/santa-maria\/ppgpc\/wp-json\/wp\/v2\/tags?post=1982"}],"curies":[{"name":"wp","href":"https:\/\/api.w.org\/{rel}","templated":true}]}}