{"id":1987,"date":"2025-05-13T15:55:06","date_gmt":"2025-05-13T18:55:06","guid":{"rendered":"https:\/\/www.ufsm.br\/cursos\/pos-graduacao\/santa-maria\/ppgpc\/?page_id=1987"},"modified":"2025-05-13T15:57:46","modified_gmt":"2025-05-13T18:57:46","slug":"marta-rosa-borin","status":"publish","type":"page","link":"https:\/\/www.ufsm.br\/cursos\/pos-graduacao\/santa-maria\/ppgpc\/marta-rosa-borin","title":{"rendered":"Marta Rosa Borin"},"content":{"rendered":"\n<div style=\"width: 100%;max-width: 1200px;margin: 40px auto;padding: 30px;background: #f0f8ff;border-left: 6px solid #0073aa;border-radius: 12px;font-family: 'Arial', sans-serif;color: #333\">\n<div style=\"flex-wrap: wrap;align-items: flex-start;gap: 30px\"><!-- Foto --><img fetchpriority=\"high\" decoding=\"async\" class=\"size-medium wp-image-1988 alignleft\" src=\"https:\/\/www.ufsm.br\/app\/uploads\/sites\/561\/2025\/05\/servletrecuperafoto-12-212x300.jpg\" alt=\"\" width=\"212\" height=\"300\" srcset=\"https:\/\/www.ufsm.br\/app\/uploads\/sites\/561\/2025\/05\/servletrecuperafoto-12-212x300.jpg 212w, https:\/\/www.ufsm.br\/app\/uploads\/sites\/561\/2025\/05\/servletrecuperafoto-12.jpg 448w\" sizes=\"(max-width: 212px) 100vw, 212px\" \/><br \/><!-- Informa\u00e7\u00f5es -->\n<div style=\"flex: 3 1 700px\">\n<h2 style=\"margin-top: 0;color: #0073aa\">Prof.\u00aa Dr.\u00aa Marta Rosa Borin<\/h2>\n<div style=\"margin-bottom: 20px\">\n<h5 style=\"color: #005f87;border-bottom: 2px solid #cceeff;padding-bottom: 5px\">Forma\u00e7\u00e3o Acad\u00eamica<\/h5>\n<p style=\"text-align: justify\">P\u00f3s-Doutora pela Universidade Federal do Piau\u00ed (PNPD\/CAPES\/UFPI). Doutora em Estudos Hist\u00f3ricos Latino-Americanos, Universidade do Vale do Rio dos Sinos (UNISINOS\/RS). Mestre em Hist\u00f3ria Ibero-Americana, Pontif\u00edcia Universidade Cat\u00f3lica do Rio Grande do Sul (PUC\/RS). Licenciada em Hist\u00f3ria pela Faculdade de Filosofia, Ci\u00eancias e Letras \u201cImaculada Concei\u00e7\u00e3o\u201d (FIC).<\/p>\n<\/div>\n<div>\n<h5 style=\"color: #005f87;border-bottom: 2px solid #cceeff;padding-bottom: 5px\">Atua\u00e7\u00e3o Profissional<\/h5>\n<p style=\"text-align: justify\">Professora Associada do Departamento de Metodologia de Ensino, Centro de Educa\u00e7\u00e3o, Universidade Federal de Santa Maria (UFSM). Professora do Programa de P\u00f3s-Gradua\u00e7\u00e3o em Hist\u00f3ria \u2013 Mestrado e Doutorado (PPGH\/UFSM).\u00a0<\/p>\n<p style=\"text-align: justify\">Professora do Programa de P\u00f3s-Gradua\u00e7\u00e3o em Ensino de Hist\u00f3ria \u2013 Mestrado Profissional (PROFHIST\u00d3RIA\/UFSM), Centro de Educa\u00e7\u00e3o. Docente Permanente do Programa de P\u00f3s-Gradua\u00e7\u00e3o em Patrim\u00f4nio Cultural \u2013 Mestrado Profissional (PPGPPC\/UFSM), Centro de Ci\u00eancias Sociais e Humanas. <a href=\"https:\/\/ufsmpublica.ufsm.br\/docente\/16584\">UFSMPublica.<\/a><\/p>\n<h5 style=\"color: #005f87;border-bottom: 2px solid #cceeff;padding-bottom: 5px\">Linha de Pesquisa<\/h5>\n<p><strong>Hist\u00f3ria e Patrim\u00f4nio Cultural<\/strong><\/p>\n<\/div>\n<\/div>\n<\/div>\n<\/div>\n\n\n","protected":false},"excerpt":{"rendered":"<p>Prof.\u00aa Dr.\u00aa Marta Rosa Borin Forma\u00e7\u00e3o Acad\u00eamica P\u00f3s-Doutora pela Universidade Federal do Piau\u00ed (PNPD\/CAPES\/UFPI). Doutora em Estudos Hist\u00f3ricos Latino-Americanos, Universidade do Vale do Rio dos Sinos (UNISINOS\/RS). Mestre em Hist\u00f3ria Ibero-Americana, Pontif\u00edcia Universidade Cat\u00f3lica do Rio Grande do Sul (PUC\/RS). Licenciada em Hist\u00f3ria pela Faculdade de Filosofia, Ci\u00eancias e Letras \u201cImaculada Concei\u00e7\u00e3o\u201d (FIC). Atua\u00e7\u00e3o Profissional [&hellip;]<\/p>\n","protected":false},"author":1706,"featured_media":0,"parent":0,"menu_order":0,"comment_status":"closed","ping_status":"closed","template":"","meta":{"footnotes":""},"categories":[],"tags":[],"class_list":["post-1987","page","type-page","status-publish","hentry"],"acf":[],"_links":{"self":[{"href":"https:\/\/www.ufsm.br\/cursos\/pos-graduacao\/santa-maria\/ppgpc\/wp-json\/wp\/v2\/pages\/1987","targetHints":{"allow":["GET"]}}],"collection":[{"href":"https:\/\/www.ufsm.br\/cursos\/pos-graduacao\/santa-maria\/ppgpc\/wp-json\/wp\/v2\/pages"}],"about":[{"href":"https:\/\/www.ufsm.br\/cursos\/pos-graduacao\/santa-maria\/ppgpc\/wp-json\/wp\/v2\/types\/page"}],"author":[{"embeddable":true,"href":"https:\/\/www.ufsm.br\/cursos\/pos-graduacao\/santa-maria\/ppgpc\/wp-json\/wp\/v2\/users\/1706"}],"replies":[{"embeddable":true,"href":"https:\/\/www.ufsm.br\/cursos\/pos-graduacao\/santa-maria\/ppgpc\/wp-json\/wp\/v2\/comments?post=1987"}],"version-history":[{"count":0,"href":"https:\/\/www.ufsm.br\/cursos\/pos-graduacao\/santa-maria\/ppgpc\/wp-json\/wp\/v2\/pages\/1987\/revisions"}],"wp:attachment":[{"href":"https:\/\/www.ufsm.br\/cursos\/pos-graduacao\/santa-maria\/ppgpc\/wp-json\/wp\/v2\/media?parent=1987"}],"wp:term":[{"taxonomy":"category","embeddable":true,"href":"https:\/\/www.ufsm.br\/cursos\/pos-graduacao\/santa-maria\/ppgpc\/wp-json\/wp\/v2\/categories?post=1987"},{"taxonomy":"post_tag","embeddable":true,"href":"https:\/\/www.ufsm.br\/cursos\/pos-graduacao\/santa-maria\/ppgpc\/wp-json\/wp\/v2\/tags?post=1987"}],"curies":[{"name":"wp","href":"https:\/\/api.w.org\/{rel}","templated":true}]}}