{"id":1995,"date":"2025-05-13T16:29:48","date_gmt":"2025-05-13T19:29:48","guid":{"rendered":"https:\/\/www.ufsm.br\/cursos\/pos-graduacao\/santa-maria\/ppgpc\/?page_id=1995"},"modified":"2025-05-13T16:29:49","modified_gmt":"2025-05-13T19:29:49","slug":"tiago-costa-martins","status":"publish","type":"page","link":"https:\/\/www.ufsm.br\/cursos\/pos-graduacao\/santa-maria\/ppgpc\/tiago-costa-martins","title":{"rendered":"Tiago Costa Martins\u00a0"},"content":{"rendered":"\n\n\n<div style=\"width: 100%;max-width: 1200px;margin: 40px auto;padding: 30px;background: #f0f8ff;border-left: 6px solid #0073aa;border-radius: 12px;font-family: 'Arial', sans-serif;color: #333\">\n<div style=\"flex-wrap: wrap;align-items: flex-start;gap: 30px\"><!-- Foto --><img fetchpriority=\"high\" decoding=\"async\" class=\"size-medium wp-image-1996 alignleft\" src=\"https:\/\/www.ufsm.br\/app\/uploads\/sites\/561\/2025\/05\/servletrecuperafoto-17-300x298.jpg\" alt=\"\" width=\"300\" height=\"298\" srcset=\"https:\/\/www.ufsm.br\/app\/uploads\/sites\/561\/2025\/05\/servletrecuperafoto-17-300x298.jpg 300w, https:\/\/www.ufsm.br\/app\/uploads\/sites\/561\/2025\/05\/servletrecuperafoto-17-150x150.jpg 150w, https:\/\/www.ufsm.br\/app\/uploads\/sites\/561\/2025\/05\/servletrecuperafoto-17.jpg 576w\" sizes=\"(max-width: 300px) 100vw, 300px\" \/><br \/><!-- Informa\u00e7\u00f5es -->\n<div style=\"flex: 3 1 700px\">\n<h2 style=\"margin-top: 0;color: #0073aa\">Prof. Dr. Tiago Costa Martins<\/h2>\n<div style=\"margin-bottom: 20px\">\n<h5 style=\"color: #005f87;border-bottom: 2px solid #cceeff;padding-bottom: 5px\">Forma\u00e7\u00e3o Acad\u00eamica<\/h5>\n<p style=\"text-align: justify\">P\u00f3s-doutor no CIC.DIGITAL Porto. Mestre em Comunica\u00e7\u00e3o e Gest\u00e3o das Ind\u00fastrias Criativas, Universidade do Porto, Portugal. Mestre e Doutor em Desenvolvimento Regional, com doutorado sandu\u00edche no Exterior &#8211; PDSE (CAPES n\u00b018017126), Universidade da Beira Interior (UBI), Portugal. Bacharel em Rela\u00e7\u00f5es P\u00fablicas e Tecn\u00f3logo em Gest\u00e3o de Turismo. Pesquisador CNPq.<\/p>\n<\/div>\n<div>\n<h5 style=\"color: #005f87;border-bottom: 2px solid #cceeff;padding-bottom: 5px\">Atua\u00e7\u00e3o Profissional<\/h5>\n<p style=\"text-align: justify\">Docente Permanente no Programa de P\u00f3s-gradua\u00e7\u00e3o em Pol\u00edticas P\u00fablicas e do Curso de Rela\u00e7\u00f5es P\u00fablicas da Universidade Federal do Pampa (UNIPAMPA). Docente Permanente no Programa de P\u00f3s-gradua\u00e7\u00e3o em Patrim\u00f4nio Cultural &#8211; Mestrado Profissional da Universidade Federal de Santa Maria (UFSM). Avaliador ad-hoc para ag\u00eancias de fomento (CNPq, Fapesq). Investigador colaborador no Centro de Investiga\u00e7\u00e3o Transdisciplinar Cultura, Espa\u00e7o e Mem\u00f3ria (CITCEM), Universidade do Porto, Portugal. Investigador do Grupo de Pesquisa \u201cProcessos e Pr\u00e1ticas em Atividades Criativas e Culturais\u201d (UNIPAMPA\/CNPq) e do Observat\u00f3rio Regional do Sul e Sudeste do Par\u00e1 (Orssepa \u2013 UNIFESSPA\/CNPq). Chefe da Divis\u00e3o de Atividades Culturais e Criativas da Pr\u00f3-Reitoria de Extens\u00e3o e Cultura da Universidade Federal do Pampa (UNIPAMPA).<\/p>\n<h5 style=\"color: #005f87;border-bottom: 2px solid #cceeff;padding-bottom: 5px\">Linha de Pesquisa<\/h5>\n<p><strong>Preserva\u00e7\u00e3o e Patrim\u00f4nio Material<\/strong><\/p>\n<\/div>\n<\/div>\n<\/div>\n<\/div>\n","protected":false},"excerpt":{"rendered":"<p>Prof. Dr. Tiago Costa Martins Forma\u00e7\u00e3o Acad\u00eamica P\u00f3s-doutor no CIC.DIGITAL Porto. Mestre em Comunica\u00e7\u00e3o e Gest\u00e3o das Ind\u00fastrias Criativas, Universidade do Porto, Portugal. Mestre e Doutor em Desenvolvimento Regional, com doutorado sandu\u00edche no Exterior &#8211; PDSE (CAPES n\u00b018017126), Universidade da Beira Interior (UBI), Portugal. Bacharel em Rela\u00e7\u00f5es P\u00fablicas e Tecn\u00f3logo em Gest\u00e3o de Turismo. Pesquisador [&hellip;]<\/p>\n","protected":false},"author":1706,"featured_media":0,"parent":0,"menu_order":0,"comment_status":"closed","ping_status":"closed","template":"","meta":{"footnotes":""},"categories":[],"tags":[],"class_list":["post-1995","page","type-page","status-publish","hentry"],"acf":[],"_links":{"self":[{"href":"https:\/\/www.ufsm.br\/cursos\/pos-graduacao\/santa-maria\/ppgpc\/wp-json\/wp\/v2\/pages\/1995","targetHints":{"allow":["GET"]}}],"collection":[{"href":"https:\/\/www.ufsm.br\/cursos\/pos-graduacao\/santa-maria\/ppgpc\/wp-json\/wp\/v2\/pages"}],"about":[{"href":"https:\/\/www.ufsm.br\/cursos\/pos-graduacao\/santa-maria\/ppgpc\/wp-json\/wp\/v2\/types\/page"}],"author":[{"embeddable":true,"href":"https:\/\/www.ufsm.br\/cursos\/pos-graduacao\/santa-maria\/ppgpc\/wp-json\/wp\/v2\/users\/1706"}],"replies":[{"embeddable":true,"href":"https:\/\/www.ufsm.br\/cursos\/pos-graduacao\/santa-maria\/ppgpc\/wp-json\/wp\/v2\/comments?post=1995"}],"version-history":[{"count":0,"href":"https:\/\/www.ufsm.br\/cursos\/pos-graduacao\/santa-maria\/ppgpc\/wp-json\/wp\/v2\/pages\/1995\/revisions"}],"wp:attachment":[{"href":"https:\/\/www.ufsm.br\/cursos\/pos-graduacao\/santa-maria\/ppgpc\/wp-json\/wp\/v2\/media?parent=1995"}],"wp:term":[{"taxonomy":"category","embeddable":true,"href":"https:\/\/www.ufsm.br\/cursos\/pos-graduacao\/santa-maria\/ppgpc\/wp-json\/wp\/v2\/categories?post=1995"},{"taxonomy":"post_tag","embeddable":true,"href":"https:\/\/www.ufsm.br\/cursos\/pos-graduacao\/santa-maria\/ppgpc\/wp-json\/wp\/v2\/tags?post=1995"}],"curies":[{"name":"wp","href":"https:\/\/api.w.org\/{rel}","templated":true}]}}