{"id":1999,"date":"2025-05-13T16:36:46","date_gmt":"2025-05-13T19:36:46","guid":{"rendered":"https:\/\/www.ufsm.br\/cursos\/pos-graduacao\/santa-maria\/ppgpc\/?page_id=1999"},"modified":"2025-05-13T16:38:56","modified_gmt":"2025-05-13T19:38:56","slug":"doris-rosangela-freitas-do-couto","status":"publish","type":"page","link":"https:\/\/www.ufsm.br\/cursos\/pos-graduacao\/santa-maria\/ppgpc\/doris-rosangela-freitas-do-couto","title":{"rendered":"Doris Rosangela Freitas do Couto"},"content":{"rendered":"\n<div style=\"width: 100%;max-width: 1200px;margin: 40px auto;padding: 30px;background: #f0f8ff;border-left: 6px solid #0073aa;border-radius: 12px;font-family: 'Arial', sans-serif;color: #333\">\n<div style=\"flex-wrap: wrap;align-items: flex-start;gap: 30px\"><!-- Foto --><img fetchpriority=\"high\" decoding=\"async\" class=\"size-medium wp-image-2000 alignleft\" src=\"https:\/\/www.ufsm.br\/app\/uploads\/sites\/561\/2025\/05\/servletrecuperafoto-19-225x300.jpg\" alt=\"\" width=\"225\" height=\"300\" srcset=\"https:\/\/www.ufsm.br\/app\/uploads\/sites\/561\/2025\/05\/servletrecuperafoto-19-225x300.jpg 225w, https:\/\/www.ufsm.br\/app\/uploads\/sites\/561\/2025\/05\/servletrecuperafoto-19.jpg 443w\" sizes=\"(max-width: 225px) 100vw, 225px\" \/><br \/><!-- Informa\u00e7\u00f5es -->\n<div style=\"flex: 3 1 700px\">\n<h2 style=\"margin-top: 0;color: #0073aa\">Prof\u00aa Me. Doris Rosangela Freitas do Couto<\/h2>\n<div style=\"margin-bottom: 20px\">\n<h5 style=\"color: #005f87;border-bottom: 2px solid #cceeff;padding-bottom: 5px\">Forma\u00e7\u00e3o Acad\u00eamica<\/h5>\n<p style=\"text-align: justify\">Doutoranda em Hist\u00f3ria, Teoria e Cr\u00edtica de Arte pela Universidade Federal do Rio Grande do Sul (UFRGS). Mestre em Museologia e Patrim\u00f4nio e Graduada em Museologia pela mesma institui\u00e7\u00e3o.<\/p>\n<\/div>\n<div>\n<h5 style=\"color: #005f87;border-bottom: 2px solid #cceeff;padding-bottom: 5px\">Atua\u00e7\u00e3o Profissional<\/h5>\n<p style=\"text-align: justify\">Docente no Programa de P\u00f3s-gradua\u00e7\u00e3o em Patrim\u00f4nio Cultural &#8211; Mestrado Profissional (UFSM). Diretora do Museu de Hist\u00f3ria J\u00falio de Castilhos, em Porto Alegre, RS. Coordenadora do Sistema Estadual de Museus do Rio Grande do Sul.<\/p>\n<p style=\"text-align: justify\">Membro da Comiss\u00e3o de Gest\u00e3o de Acervo do Pal\u00e1cio Piratini e do Colegiado Setorial de Mem\u00f3ria e Patrim\u00f4nio em Porto Alegre, RS. Professora no Curso de Especializa\u00e7\u00e3o em Hist\u00f3ria e Gest\u00e3o de Acervos no Instituto de Humanidades, Ci\u00eancias, Educa\u00e7\u00e3o e Criatividade (IHCEC), da Universidade de Passo Fundo (UPF).<\/p>\n<h5 style=\"color: #005f87;border-bottom: 2px solid #cceeff;padding-bottom: 5px\">Linha de Pesquisa<\/h5>\n<p><strong>Hist\u00f3ria e Patrim\u00f4nio Cultural<\/strong><\/p>\n<\/div>\n<\/div>\n<\/div>\n<\/div>\n","protected":false},"excerpt":{"rendered":"<p>Prof\u00aa Me. Doris Rosangela Freitas do Couto Forma\u00e7\u00e3o Acad\u00eamica Doutoranda em Hist\u00f3ria, Teoria e Cr\u00edtica de Arte pela Universidade Federal do Rio Grande do Sul (UFRGS). Mestre em Museologia e Patrim\u00f4nio e Graduada em Museologia pela mesma institui\u00e7\u00e3o. Atua\u00e7\u00e3o Profissional Docente no Programa de P\u00f3s-gradua\u00e7\u00e3o em Patrim\u00f4nio Cultural &#8211; Mestrado Profissional (UFSM). Diretora do Museu [&hellip;]<\/p>\n","protected":false},"author":1706,"featured_media":0,"parent":0,"menu_order":0,"comment_status":"closed","ping_status":"closed","template":"","meta":{"footnotes":""},"categories":[],"tags":[],"class_list":["post-1999","page","type-page","status-publish","hentry"],"acf":[],"_links":{"self":[{"href":"https:\/\/www.ufsm.br\/cursos\/pos-graduacao\/santa-maria\/ppgpc\/wp-json\/wp\/v2\/pages\/1999","targetHints":{"allow":["GET"]}}],"collection":[{"href":"https:\/\/www.ufsm.br\/cursos\/pos-graduacao\/santa-maria\/ppgpc\/wp-json\/wp\/v2\/pages"}],"about":[{"href":"https:\/\/www.ufsm.br\/cursos\/pos-graduacao\/santa-maria\/ppgpc\/wp-json\/wp\/v2\/types\/page"}],"author":[{"embeddable":true,"href":"https:\/\/www.ufsm.br\/cursos\/pos-graduacao\/santa-maria\/ppgpc\/wp-json\/wp\/v2\/users\/1706"}],"replies":[{"embeddable":true,"href":"https:\/\/www.ufsm.br\/cursos\/pos-graduacao\/santa-maria\/ppgpc\/wp-json\/wp\/v2\/comments?post=1999"}],"version-history":[{"count":0,"href":"https:\/\/www.ufsm.br\/cursos\/pos-graduacao\/santa-maria\/ppgpc\/wp-json\/wp\/v2\/pages\/1999\/revisions"}],"wp:attachment":[{"href":"https:\/\/www.ufsm.br\/cursos\/pos-graduacao\/santa-maria\/ppgpc\/wp-json\/wp\/v2\/media?parent=1999"}],"wp:term":[{"taxonomy":"category","embeddable":true,"href":"https:\/\/www.ufsm.br\/cursos\/pos-graduacao\/santa-maria\/ppgpc\/wp-json\/wp\/v2\/categories?post=1999"},{"taxonomy":"post_tag","embeddable":true,"href":"https:\/\/www.ufsm.br\/cursos\/pos-graduacao\/santa-maria\/ppgpc\/wp-json\/wp\/v2\/tags?post=1999"}],"curies":[{"name":"wp","href":"https:\/\/api.w.org\/{rel}","templated":true}]}}