{"id":2003,"date":"2025-05-13T16:44:43","date_gmt":"2025-05-13T19:44:43","guid":{"rendered":"https:\/\/www.ufsm.br\/cursos\/pos-graduacao\/santa-maria\/ppgpc\/?page_id=2003"},"modified":"2025-05-13T16:44:45","modified_gmt":"2025-05-13T19:44:45","slug":"elisa-lubeck","status":"publish","type":"page","link":"https:\/\/www.ufsm.br\/cursos\/pos-graduacao\/santa-maria\/ppgpc\/elisa-lubeck","title":{"rendered":"Elisa Lubeck"},"content":{"rendered":"\n<div style=\"width: 100%;max-width: 1200px;margin: 40px auto;padding: 30px;background: #f0f8ff;border-left: 6px solid #0073aa;border-radius: 12px;font-family: 'Arial', sans-serif;color: #333\">\n<div style=\"flex-wrap: wrap;align-items: flex-start;gap: 30px\"><!-- Foto --><img fetchpriority=\"high\" decoding=\"async\" class=\" wp-image-2004 alignleft\" src=\"https:\/\/www.ufsm.br\/app\/uploads\/sites\/561\/2025\/05\/servletrecuperafoto-21-170x300.jpg\" alt=\"\" width=\"179\" height=\"316\" srcset=\"https:\/\/www.ufsm.br\/app\/uploads\/sites\/561\/2025\/05\/servletrecuperafoto-21-170x300.jpg 170w, https:\/\/www.ufsm.br\/app\/uploads\/sites\/561\/2025\/05\/servletrecuperafoto-21.jpg 259w\" sizes=\"(max-width: 179px) 100vw, 179px\" \/><br \/><!-- Informa\u00e7\u00f5es -->\n<div style=\"flex: 3 1 700px\">\n<h2 style=\"margin-top: 0;color: #0073aa\">Prof.\u00aa Dr.\u00aa Elisa Lubeck<\/h2>\n<div style=\"margin-bottom: 20px\">\n<h5 style=\"color: #005f87;border-bottom: 2px solid #cceeff;padding-bottom: 5px\">Forma\u00e7\u00e3o Acad\u00eamica<\/h5>\n<p style=\"text-align: justify\">P\u00f3s-Doutora em Comunica\u00e7\u00e3o pela Universidade Federal de Santa Maria (UFSM). Doutora em Educa\u00e7\u00e3o nas Ci\u00eancias pela Universidade Regional do Noroeste do Estado do Rio Grande do Sul (UNIJU\u00cd). Mestre em Extens\u00e3o Rural pela UFSM. Graduada em Comunica\u00e7\u00e3o Social \u2013 Habilita\u00e7\u00e3o em Rela\u00e7\u00f5es P\u00fablicas pela UFSM e em Sistemas de Informa\u00e7\u00e3o pela Universidade Franciscana (UFN).<\/p>\n<\/div>\n<div>\n<h5 style=\"color: #005f87;border-bottom: 2px solid #cceeff;padding-bottom: 5px\">Atua\u00e7\u00e3o Profissional<\/h5>\n<p style=\"text-align: justify\">Professora Associada do Curso de Rela\u00e7\u00f5es P\u00fablicas da Universidade Federal do Pampa (UNIPAMPA). Docente no Programa de P\u00f3s-gradua\u00e7\u00e3o em Patrim\u00f4nio Cultural \u2013 Mestrado Profissional (UFSM).<\/p>\n<h5 style=\"color: #005f87;border-bottom: 2px solid #cceeff;padding-bottom: 5px\">Linha de Pesquisa<\/h5>\n<p><strong>Hist\u00f3ria e Patrim\u00f4nio Cultural<\/strong><\/p>\n<\/div>\n<\/div>\n<\/div>\n<\/div>\n","protected":false},"excerpt":{"rendered":"<p>Prof.\u00aa Dr.\u00aa Elisa Lubeck Forma\u00e7\u00e3o Acad\u00eamica P\u00f3s-Doutora em Comunica\u00e7\u00e3o pela Universidade Federal de Santa Maria (UFSM). Doutora em Educa\u00e7\u00e3o nas Ci\u00eancias pela Universidade Regional do Noroeste do Estado do Rio Grande do Sul (UNIJU\u00cd). Mestre em Extens\u00e3o Rural pela UFSM. Graduada em Comunica\u00e7\u00e3o Social \u2013 Habilita\u00e7\u00e3o em Rela\u00e7\u00f5es P\u00fablicas pela UFSM e em Sistemas de [&hellip;]<\/p>\n","protected":false},"author":1706,"featured_media":0,"parent":0,"menu_order":0,"comment_status":"closed","ping_status":"closed","template":"","meta":{"footnotes":""},"categories":[],"tags":[],"class_list":["post-2003","page","type-page","status-publish","hentry"],"acf":[],"_links":{"self":[{"href":"https:\/\/www.ufsm.br\/cursos\/pos-graduacao\/santa-maria\/ppgpc\/wp-json\/wp\/v2\/pages\/2003","targetHints":{"allow":["GET"]}}],"collection":[{"href":"https:\/\/www.ufsm.br\/cursos\/pos-graduacao\/santa-maria\/ppgpc\/wp-json\/wp\/v2\/pages"}],"about":[{"href":"https:\/\/www.ufsm.br\/cursos\/pos-graduacao\/santa-maria\/ppgpc\/wp-json\/wp\/v2\/types\/page"}],"author":[{"embeddable":true,"href":"https:\/\/www.ufsm.br\/cursos\/pos-graduacao\/santa-maria\/ppgpc\/wp-json\/wp\/v2\/users\/1706"}],"replies":[{"embeddable":true,"href":"https:\/\/www.ufsm.br\/cursos\/pos-graduacao\/santa-maria\/ppgpc\/wp-json\/wp\/v2\/comments?post=2003"}],"version-history":[{"count":0,"href":"https:\/\/www.ufsm.br\/cursos\/pos-graduacao\/santa-maria\/ppgpc\/wp-json\/wp\/v2\/pages\/2003\/revisions"}],"wp:attachment":[{"href":"https:\/\/www.ufsm.br\/cursos\/pos-graduacao\/santa-maria\/ppgpc\/wp-json\/wp\/v2\/media?parent=2003"}],"wp:term":[{"taxonomy":"category","embeddable":true,"href":"https:\/\/www.ufsm.br\/cursos\/pos-graduacao\/santa-maria\/ppgpc\/wp-json\/wp\/v2\/categories?post=2003"},{"taxonomy":"post_tag","embeddable":true,"href":"https:\/\/www.ufsm.br\/cursos\/pos-graduacao\/santa-maria\/ppgpc\/wp-json\/wp\/v2\/tags?post=2003"}],"curies":[{"name":"wp","href":"https:\/\/api.w.org\/{rel}","templated":true}]}}