{"id":2013,"date":"2025-05-13T17:00:24","date_gmt":"2025-05-13T20:00:24","guid":{"rendered":"https:\/\/www.ufsm.br\/cursos\/pos-graduacao\/santa-maria\/ppgpc\/?page_id=2013"},"modified":"2025-05-13T17:01:07","modified_gmt":"2025-05-13T20:01:07","slug":"eduardo-ramon-palermo-lopez","status":"publish","type":"page","link":"https:\/\/www.ufsm.br\/cursos\/pos-graduacao\/santa-maria\/ppgpc\/eduardo-ramon-palermo-lopez","title":{"rendered":"Eduardo Ram\u00f3n Palermo L\u00f3pez"},"content":{"rendered":"\n<div style=\"width: 100%;max-width: 1200px;margin: 40px auto;padding: 30px;background: #f0f8ff;border-left: 6px solid #0073aa;border-radius: 12px;font-family: 'Arial', sans-serif;color: #333\">\n<div style=\"flex-wrap: wrap;align-items: flex-start;gap: 30px\"><!-- Foto --><img fetchpriority=\"high\" decoding=\"async\" class=\"size-medium wp-image-2014 alignleft\" src=\"https:\/\/www.ufsm.br\/app\/uploads\/sites\/561\/2025\/05\/servletrecuperafoto-25-250x300.jpg\" alt=\"\" width=\"250\" height=\"300\" srcset=\"https:\/\/www.ufsm.br\/app\/uploads\/sites\/561\/2025\/05\/servletrecuperafoto-25-250x300.jpg 250w, https:\/\/www.ufsm.br\/app\/uploads\/sites\/561\/2025\/05\/servletrecuperafoto-25-768x920.jpg 768w, https:\/\/www.ufsm.br\/app\/uploads\/sites\/561\/2025\/05\/servletrecuperafoto-25.jpg 801w\" sizes=\"(max-width: 250px) 100vw, 250px\" \/><br \/><!-- Informa\u00e7\u00f5es -->\n<div style=\"flex: 3 1 700px\">\n<h2 style=\"margin-top: 0;color: #0073aa\">Prof. Dr. Eduardo Ram\u00f3n Palermo L\u00f3pez<\/h2>\n<div style=\"margin-bottom: 20px\">\n<h5 style=\"color: #005f87;border-bottom: 2px solid #cceeff;padding-bottom: 5px\">Forma\u00e7\u00e3o Acad\u00eamica<\/h5>\n<p style=\"text-align: justify\">Doutor e Mestre em Hist\u00f3ria pela Universidade de Passo Fundo (UPF). Graduado em Hist\u00f3ria pelo Instituto de Professores de Artigas, Montevideo, Uruguai.<\/p>\n<\/div>\n<div>\n<h5 style=\"color: #005f87;border-bottom: 2px solid #cceeff;padding-bottom: 5px\">Atua\u00e7\u00e3o Profissional<\/h5>\n<p style=\"text-align: justify\">Diretor do Museu do Patrim\u00f4nio Regional da Prefeitura de Rivera, Uruguai. Diretor e coordenador do Centro de Documenta\u00e7\u00e3o Hist\u00f3rica do Rio da Prata e Brasil, em Rivera. Professor titular no Centro Regional de Professores do Norte, Rivera, Uruguai. Diretor da revista acad\u00eamica digital <a style=\"color: #0073aa;text-decoration: underline\" href=\"http:\/\/www.estudioshistoricos.org\" target=\"_blank\" rel=\"noopener\">Estudios Hist\u00f3ricos<\/a>.<\/p>\n<h5 style=\"color: #005f87;border-bottom: 2px solid #cceeff;padding-bottom: 5px\">Linha de Pesquisa<\/h5>\n<p><strong>Hist\u00f3ria e Patrim\u00f4nio Cultural<\/strong><\/p>\n<\/div>\n<\/div>\n<\/div>\n<\/div>\n","protected":false},"excerpt":{"rendered":"<p>Prof. Dr. Eduardo Ram\u00f3n Palermo L\u00f3pez Forma\u00e7\u00e3o Acad\u00eamica Doutor e Mestre em Hist\u00f3ria pela Universidade de Passo Fundo (UPF). Graduado em Hist\u00f3ria pelo Instituto de Professores de Artigas, Montevideo, Uruguai. Atua\u00e7\u00e3o Profissional Diretor do Museu do Patrim\u00f4nio Regional da Prefeitura de Rivera, Uruguai. Diretor e coordenador do Centro de Documenta\u00e7\u00e3o Hist\u00f3rica do Rio da Prata [&hellip;]<\/p>\n","protected":false},"author":1706,"featured_media":0,"parent":0,"menu_order":0,"comment_status":"closed","ping_status":"closed","template":"","meta":{"footnotes":""},"categories":[],"tags":[],"class_list":["post-2013","page","type-page","status-publish","hentry"],"acf":[],"_links":{"self":[{"href":"https:\/\/www.ufsm.br\/cursos\/pos-graduacao\/santa-maria\/ppgpc\/wp-json\/wp\/v2\/pages\/2013","targetHints":{"allow":["GET"]}}],"collection":[{"href":"https:\/\/www.ufsm.br\/cursos\/pos-graduacao\/santa-maria\/ppgpc\/wp-json\/wp\/v2\/pages"}],"about":[{"href":"https:\/\/www.ufsm.br\/cursos\/pos-graduacao\/santa-maria\/ppgpc\/wp-json\/wp\/v2\/types\/page"}],"author":[{"embeddable":true,"href":"https:\/\/www.ufsm.br\/cursos\/pos-graduacao\/santa-maria\/ppgpc\/wp-json\/wp\/v2\/users\/1706"}],"replies":[{"embeddable":true,"href":"https:\/\/www.ufsm.br\/cursos\/pos-graduacao\/santa-maria\/ppgpc\/wp-json\/wp\/v2\/comments?post=2013"}],"version-history":[{"count":0,"href":"https:\/\/www.ufsm.br\/cursos\/pos-graduacao\/santa-maria\/ppgpc\/wp-json\/wp\/v2\/pages\/2013\/revisions"}],"wp:attachment":[{"href":"https:\/\/www.ufsm.br\/cursos\/pos-graduacao\/santa-maria\/ppgpc\/wp-json\/wp\/v2\/media?parent=2013"}],"wp:term":[{"taxonomy":"category","embeddable":true,"href":"https:\/\/www.ufsm.br\/cursos\/pos-graduacao\/santa-maria\/ppgpc\/wp-json\/wp\/v2\/categories?post=2013"},{"taxonomy":"post_tag","embeddable":true,"href":"https:\/\/www.ufsm.br\/cursos\/pos-graduacao\/santa-maria\/ppgpc\/wp-json\/wp\/v2\/tags?post=2013"}],"curies":[{"name":"wp","href":"https:\/\/api.w.org\/{rel}","templated":true}]}}