{"id":469,"date":"2020-09-15T17:51:31","date_gmt":"2020-09-15T20:51:31","guid":{"rendered":"https:\/\/www.ufsm.br\/cursos\/pos-graduacao\/santa-maria\/ppgpc\/?page_id=469"},"modified":"2020-09-15T17:59:37","modified_gmt":"2020-09-15T20:59:37","slug":"planejamento-estrategico","status":"publish","type":"page","link":"https:\/\/www.ufsm.br\/cursos\/pos-graduacao\/santa-maria\/ppgpc\/planejamento-estrategico","title":{"rendered":"Planejamento estrat\u00e9gico"},"content":{"rendered":"\n<p>O planejamento estrat\u00e9gico para o Programa de P\u00f3s-Gradua\u00e7\u00e3o em Patrim\u00f4nio Cultural da UFSM foi elaborado no primeiro semestre de 2020 em conjunto com a empresa j\u00fanior <strong>Objetiva Jr<\/strong>. que \u00e9 vinculada ao curso de Administra\u00e7\u00e3o da UFSM. O planejamento estrat\u00e9gico \u00e9 indispens\u00e1vel nos setores da administra\u00e7\u00e3o p\u00fablica nos dias atuais, e nele s\u00e3o especificados os nossos objetivos bem como as atitudes a serem tomadas para alcan\u00e7\u00e1-los no decorrer dos pr\u00f3ximos anos.<\/p>\n<p>Fica disponibilizado aqui o relat\u00f3rio final da consultoria prestada pela empresa Objetiva Jr. no formato E-Book.<\/p>\n<p><a href=\"https:\/\/www.ufsm.br\/app\/uploads\/sites\/561\/2020\/09\/E-Book-Planejamento-Estrategico-PPGPC.pdf\">E-Book Planejamento Estrat\u00e9gico PPGPC<\/a>\u00a0<\/p>\n","protected":false},"excerpt":{"rendered":"<p>O planejamento estrat\u00e9gico para o Programa de P\u00f3s-Gradua\u00e7\u00e3o em Patrim\u00f4nio Cultural da UFSM foi elaborado no primeiro semestre de 2020 em conjunto com a empresa j\u00fanior Objetiva Jr. que \u00e9 vinculada ao curso de Administra\u00e7\u00e3o da UFSM. O planejamento estrat\u00e9gico \u00e9 indispens\u00e1vel nos setores da administra\u00e7\u00e3o p\u00fablica nos dias atuais, e nele s\u00e3o especificados os [&hellip;]<\/p>\n","protected":false},"author":827,"featured_media":0,"parent":0,"menu_order":0,"comment_status":"closed","ping_status":"closed","template":"","meta":{"footnotes":""},"categories":[1],"tags":[],"class_list":["post-469","page","type-page","status-publish","hentry","category-sem-categoria"],"acf":[],"_links":{"self":[{"href":"https:\/\/www.ufsm.br\/cursos\/pos-graduacao\/santa-maria\/ppgpc\/wp-json\/wp\/v2\/pages\/469","targetHints":{"allow":["GET"]}}],"collection":[{"href":"https:\/\/www.ufsm.br\/cursos\/pos-graduacao\/santa-maria\/ppgpc\/wp-json\/wp\/v2\/pages"}],"about":[{"href":"https:\/\/www.ufsm.br\/cursos\/pos-graduacao\/santa-maria\/ppgpc\/wp-json\/wp\/v2\/types\/page"}],"author":[{"embeddable":true,"href":"https:\/\/www.ufsm.br\/cursos\/pos-graduacao\/santa-maria\/ppgpc\/wp-json\/wp\/v2\/users\/827"}],"replies":[{"embeddable":true,"href":"https:\/\/www.ufsm.br\/cursos\/pos-graduacao\/santa-maria\/ppgpc\/wp-json\/wp\/v2\/comments?post=469"}],"version-history":[{"count":0,"href":"https:\/\/www.ufsm.br\/cursos\/pos-graduacao\/santa-maria\/ppgpc\/wp-json\/wp\/v2\/pages\/469\/revisions"}],"wp:attachment":[{"href":"https:\/\/www.ufsm.br\/cursos\/pos-graduacao\/santa-maria\/ppgpc\/wp-json\/wp\/v2\/media?parent=469"}],"wp:term":[{"taxonomy":"category","embeddable":true,"href":"https:\/\/www.ufsm.br\/cursos\/pos-graduacao\/santa-maria\/ppgpc\/wp-json\/wp\/v2\/categories?post=469"},{"taxonomy":"post_tag","embeddable":true,"href":"https:\/\/www.ufsm.br\/cursos\/pos-graduacao\/santa-maria\/ppgpc\/wp-json\/wp\/v2\/tags?post=469"}],"curies":[{"name":"wp","href":"https:\/\/api.w.org\/{rel}","templated":true}]}}